{"id":6725,"date":"2025-08-22T13:49:17","date_gmt":"2025-08-22T18:49:17","guid":{"rendered":"https:\/\/compuimpresion.com.co\/portal\/?post_type=product&#038;p=6725"},"modified":"2026-02-24T18:40:56","modified_gmt":"2026-02-24T23:40:56","slug":"escaner-portatil-brother-ds-740-usb-duplex","status":"publish","type":"product","link":"https:\/\/compuimpresion.com.co\/portal\/productos\/escaner-portatil-brother-ds-740-usb-duplex\/","title":{"rendered":"Esc\u00e1ner Port\u00e1til Brother DS-740 usb Duplex"},"content":{"rendered":"<p>Esc\u00e1ner Port\u00e1til Brother <strong>DS-740<\/strong> usb <strong>Duplex<\/strong><\/p>\n<p>&nbsp;<\/p>\n<p data-start=\"372\" data-end=\"817\">El <strong data-start=\"375\" data-end=\"394\">Brother DS-740D<\/strong> es un esc\u00e1ner port\u00e1til d\u00faplex de alta velocidad dise\u00f1ado para usuarios que necesitan una soluci\u00f3n de digitalizaci\u00f3n compacta, eficiente y f\u00e1cil de usar en cualquier entorno: oficina, hogar o incluso en movimiento. Gracias a su alimentaci\u00f3n por <strong data-start=\"639\" data-end=\"650\">USB 3.0<\/strong> (sin necesidad de adaptador de corriente), este esc\u00e1ner ofrece una experiencia plug-and-play real, ideal para profesionales m\u00f3viles, aut\u00f3nomos y trabajadores remotos.<\/p>\n<p data-start=\"819\" data-end=\"1299\">Con capacidad de escaneo a doble cara autom\u00e1tica (duplex), el DS-740D alcanza velocidades de hasta <strong data-start=\"918\" data-end=\"968\">15 p\u00e1ginas por minuto o 30 im\u00e1genes por minuto<\/strong> (ipm) tanto en blanco y negro como en color, con una calidad de hasta <strong data-start=\"1039\" data-end=\"1056\">600 x 600 dpi<\/strong>. Su innovador dise\u00f1o con sistema de alimentaci\u00f3n en \u201cU\u201d (<strong data-start=\"1114\" data-end=\"1124\">U-path<\/strong>) permite escanear sin ocupar espacio adicional detr\u00e1s del dispositivo, lo que lo convierte en una excelente opci\u00f3n para escritorios reducidos o estaciones de trabajo m\u00f3viles<\/p>\n<p>&nbsp;<\/p>\n<p>Manejo de papel:<\/p>\n<p>-Velocidad de escaneado en color y monocromo: hasta 15 ppm. con resoluci\u00f3n de 300 dpi<\/p>\n<p>&#8211; Escaneado duplex (hasta 30 ipm) con resoluci\u00f3n \u00a0de 300 dpi<\/p>\n<p>&#8211; Sistema de alimentaci\u00f3n de papel \u201cU-path\u201d 52 &#8211; 80 g\/m2. \/\/ Ancho 74 \u2013 215,9mm ; Largo 105 &#8211; 297mm<\/p>\n<p>&#8211; Tarjeta de pl\u00e1stico (horizontal) Ancho \u2013 85,60mm \/\/ Largo \u2013 53,98mm \/\/ Grosor hasta 1,00mm, relieve (cara arriba) hasta 1,24mm.<\/p>\n<p>&#8211; 35 &#8211; 270 g\/m\u00b2 (1 hoja)<\/p>\n<p>&#8211; Tama\u00f1o de papel (individual) Ancho 50,8 \u2013 215,9mm \/\/ Largo 86,4 \u2013 1828,8mm \/\/ Ancho recibos 74 \u2013 79,38mm<\/p>\n<p>&#8211; Ciclo de trabajo &#8211; M\u00e1ximo diario: Hasta 100 hojas. M\u00e1ximo mensual: Hasta 2.000 hojas<\/p>\n<p>-Conectividad: Super Speed micro <strong>USB 3.0 Tipo B<\/strong><\/p>\n<p>&#8211; Resoluci\u00f3n del esc\u00e1ner: hasta 600 x 600ppp (equipo), hasta 1.200 x 1.200ppp (controlador)<\/p>\n<p>&#8211; Interfaz de usuario: LED, Teclado<\/p>\n<p>&#8211; Opciones de Escaneado a: Escaneado a Email, Escaneado OCR, Escaneado a Archivo, Escaneado a Imagen.<\/p>\n<p>&#8211; Formatos de archivo soportados: JPEG (Escala de grises\/Color), PDF, PDF seguro, PDF<\/p>\n<p>firmado, PDF\/A-1b, PDF con capacidad de b\u00fasqueda, TIFF (solo blanco y negro)<\/p>\n<p>&#8211; Medidas de Escaneado: Una Cara &#8211; Largo: Desde 8,64cm hasta 182,2cm Ancho: Desde 5,08cm hasta 21,59cm; D\u00faplex &#8211; Largo: Desde 8,64cm hasta 40,6cm Ancho: Desde 5,08cm hasta 21,59cm.<\/p>\n<p>&#8211; Calidad de im\u00e1gen: Ajuste de niveles de escala de grises, Ajuste de niveles de blanco y<\/p>\n<p>negro, Ajuste del tono de color, Eliminaci\u00f3n de un color, Relleno de borde,<\/p>\n<p>Eliminaci\u00f3n de perforaciones en el documento, Definici\u00f3n de caracteres<\/p>\n<p>&#8211; Correcciones del documento: Autoalineaci\u00f3n autom\u00e1tica, Detecci\u00f3n autom\u00e1tica del<\/p>\n<p>tama\u00f1o de papel, Rotaci\u00f3n autom\u00e1tica de imagen, Configuraci\u00f3n de fondo, Relleno<\/p>\n<p>de borde, Detecci\u00f3n autom\u00e1tica de color, Eliminaci\u00f3n p\u00e1gina en blanco, Ajuste de<\/p>\n<p>margen, Escaneado cont\u00ednuo, Escaneado 2 en 1.<\/p>\n<p>-Dimensiones: 30,1x 4,53 x 6,3 cm<\/p>\n<p>-Peso: \u00a0de 646 gr<\/p>\n<p>&nbsp;<\/p>\n<p>Sku: 2433<\/p>\n<p>Ean: 4977766800594<\/p>\n","protected":false},"excerpt":{"rendered":"<p>Esc\u00e1ner a color d\u00faplex para profesionales que necesiten escanear, guardar y compartir sus documentos en espacios limitados o cuando est\u00e9n fuera de la oficina. Escanea de forma sencilla tarjetas de visita, tarjetas pl\u00e1sticas, fotos, tickets o documentos.<\/p>\n","protected":false},"featured_media":6726,"comment_status":"closed","ping_status":"closed","template":"","meta":{"inline_featured_image":false},"pwb-brand":[129],"product_brand":[],"product_cat":[895],"product_tag":[398,1459,376,1457,721,374,1269,226,1458],"class_list":{"0":"post-6725","1":"product","2":"type-product","3":"status-publish","4":"has-post-thumbnail","6":"pwb-brand-brother","7":"product_cat-escaner","8":"product_tag-brother","9":"product_tag-doble-cara","10":"product_tag-ds","11":"product_tag-ds-740d","12":"product_tag-duplex","13":"product_tag-escaner","14":"product_tag-portable","15":"product_tag-portatil","16":"product_tag-scaner","18":"first","19":"outofstock","20":"sale","21":"taxable","22":"shipping-taxable","23":"purchasable","24":"product-type-simple"},"brands":[{"id":129,"name":"Brother","slug":"brother"}],"_links":{"self":[{"href":"https:\/\/compuimpresion.com.co\/portal\/wp-json\/wp\/v2\/product\/6725","targetHints":{"allow":["GET"]}}],"collection":[{"href":"https:\/\/compuimpresion.com.co\/portal\/wp-json\/wp\/v2\/product"}],"about":[{"href":"https:\/\/compuimpresion.com.co\/portal\/wp-json\/wp\/v2\/types\/product"}],"replies":[{"embeddable":true,"href":"https:\/\/compuimpresion.com.co\/portal\/wp-json\/wp\/v2\/comments?post=6725"}],"wp:featuredmedia":[{"embeddable":true,"href":"https:\/\/compuimpresion.com.co\/portal\/wp-json\/wp\/v2\/media\/6726"}],"wp:attachment":[{"href":"https:\/\/compuimpresion.com.co\/portal\/wp-json\/wp\/v2\/media?parent=6725"}],"wp:term":[{"taxonomy":"pwb-brand","embeddable":true,"href":"https:\/\/compuimpresion.com.co\/portal\/wp-json\/wp\/v2\/pwb-brand?post=6725"},{"taxonomy":"product_brand","embeddable":true,"href":"https:\/\/compuimpresion.com.co\/portal\/wp-json\/wp\/v2\/product_brand?post=6725"},{"taxonomy":"product_cat","embeddable":true,"href":"https:\/\/compuimpresion.com.co\/portal\/wp-json\/wp\/v2\/product_cat?post=6725"},{"taxonomy":"product_tag","embeddable":true,"href":"https:\/\/compuimpresion.com.co\/portal\/wp-json\/wp\/v2\/product_tag?post=6725"}],"curies":[{"name":"wp","href":"https:\/\/api.w.org\/{rel}","templated":true}]}}