{"id":6586,"date":"2025-08-08T13:23:59","date_gmt":"2025-08-08T18:23:59","guid":{"rendered":"https:\/\/compuimpresion.com.co\/portal\/?post_type=product&#038;p=6586"},"modified":"2025-08-21T15:19:07","modified_gmt":"2025-08-21T20:19:07","slug":"impresora-canon-g3170-multifuncional-a-color-usb-wifi","status":"publish","type":"product","link":"https:\/\/compuimpresion.com.co\/portal\/productos\/impresora-canon-g3170-multifuncional-a-color-usb-wifi\/","title":{"rendered":"IMPRESORA CANON G3170 MULTIFUNCIONAL A COLOR USB WIFI"},"content":{"rendered":"<p>IMPRESORA <strong>CANON G3170<\/strong> MULTIFUNCIONAL A COLOR<strong> USB WIFI<\/strong><\/p>\n<p>Dise\u00f1ada para el hogar o la oficina en casa, la impresora <strong>MegaTank PIXMA<\/strong> G3170 multifuncional de Canon ofrece una impresi\u00f3n de alta calidad y bajo costo en un tama\u00f1o compacto. Obtenga una gran productividad de impresi\u00f3n con un alto rendimiento de p\u00e1ginas de hasta 6,000 p\u00e1ginas en negro\/7,700 p\u00e1ginas en color por cada juego completo de botellas de tinta y un bajo costo por impresi\u00f3n. MegaTank representa grandes ahorros.<\/p>\n<p>&nbsp;<\/p>\n<p>&#8211; Caracter\u00edsticas de Impresi\u00f3n: Impresi\u00f3n de documentos, Impresi\u00f3n de fotograf\u00edas, Impresi\u00f3n inal\u00e1mbrica, impresi\u00f3n de tarjetas de presentaci\u00f3n, Impresi\u00f3n de tarjetas de felicitaci\u00f3n, Impresi\u00f3n de etiquetas, Compatibilidad con impresiones sobre papel cuadrado, Compatibilidad con papel mate de doble cara (manual).<\/p>\n<p>-Capacidad de Impresi\u00f3n: Impresi\u00f3n de una cara (Simplex), Impresi\u00f3n sin bordes\u00b3 (3.5\u201d x 3.5\u201d hasta 8.5\u201d x 11\u201d, (8.9 x 8.9 x 27.9 cm))<\/p>\n<p>&#8211; Velocidad de Impresi\u00f3n (ESAT): Documento en Blanco y Negro (Carta) Simplex: Aprox. 11.0 ipm; Documento en color (Carta) Simplex: Aprox. 6.0 ipm<\/p>\n<p>&#8211; Resoluci\u00f3n de Impresi\u00f3n: \u00a0Hasta 4800 x 1200 dpi<\/p>\n<p>&#8211; N\u00famero de Boquillas: Color (C\/M\/Y): 384&#215;3 \/ Pigmento negro: 640 \/ Total: 1,792<\/p>\n<p>&#8211; Ciclo de Trabajo: \u00a0Hasta 3,000 P\u00e1ginas \/ Mes<\/p>\n<p>&#8211; Manejo del Papel: Bandeja Trasera<\/p>\n<p>&#8211; Capacidad de Papel Bandeja posterior: 100 hojas de Papel com\u00fan o 20 hojas de 4\u201d x 6\u201d, (10.2 x 15.2 cm)<\/p>\n<p>&#8211; Compatibilidad del Papel Grosor \/ Peso Bandeja posterior: Papel com\u00fan: 64-105 gsm\u00b2 O Papel Canon: Max. aprox. 265 gsm (Canon PP-301 Media)<\/p>\n<p>&#8211; Compatibilidad del Papel \/ Tama\u00f1os: 3.5\u201d x 3.5\u201d (8.9 x 8.9 cm) (Cuadrado), 4\u201d x 6\u201d (10.2 x 15.2 cm), 5\u201d x 5\u201d (12.7 x 12.7 cm) (Cuadrado), 5\u201d x 7\u201d (12.7 x 17.8 cm), 7\u201d x 10\u201d (17.8 x 25.4 cm), 8\u201d x 10\u201d (20.3 x 25.4 cm), Carta 8.5\u201d x 11\u201d (21.6 x 27.9 cm), A4, A5, A6, B5, Legal 8.5\u201d x 14\u201d (21.6 x 35.6 cm), U.S. #10 Sobres, tama\u00f1o de tarjeta (91 mm x 55 mm), Personalizado (ancho 2.1\u20138.5\u201d, largo 3.5\u201347.2\u201d (8.9 x 119.9 cm))<\/p>\n<p>&#8211; Compatibilidad del Papel Canon \/ Tipos: Com\u00fan: Papel com\u00fan, Papel de alta resoluci\u00f3n de Canon; Brillante: Papel Fotogr\u00e1fico Plus Brillante II, Papel Fotogr\u00e1fico Brillante; Semibrillante: Papel fotogr\u00e1fico semi-brillante plus, Papel fotogr\u00e1fico Pro Lustre; Mate: Papel fotogr\u00e1fico mate, Papel fotogr\u00e1fico mate a doble cara; Otros (Canon): Papel fotogr\u00e1fico magn\u00e9tico, Papel fotogr\u00e1fico adhesivo reutilizable, Transferencias t\u00e9rmica; Otros (que no sean de Canon): Se puede utilizar cartulina, Tarjetas de felicitaci\u00f3n, Sobres n. 10 de EE.UU., Papel reciclado y Papel libre de cloro<\/p>\n<p>&#8211; Caracter\u00edsticas de Copiado: Copiado 4 en 1\/2 en 1, Copiado sin Bordes\u2078, Copiado de Documentos, Ajustar a P\u00e1gina, Copiado con Borrado de Marco (solo esc\u00e1ner plano), Copiado de Tarjeta de Identificaci\u00f3n, Copiado de Exposici\u00f3n Autom\u00e1tica, Copiado M\u00faltiple (hasta 99 p\u00e1ginas), Copiado de Fotograf\u00edas, Porcentajes Predeterminados de Copiado, Reducci\u00f3n\/Ampliaci\u00f3n de Copias (de 25% a 400%), Copiado Est\u00e1ndar.<\/p>\n<p>&#8211; Tama\u00f1o m\u00e1ximo del Documento: 8.5\u201d x 11.7\u201d (A4 \/ Carta) 21.6 x 27.9 cm<\/p>\n<p>&#8211; Caracter\u00edsticas de Escaneo: Escaneo de documentos, Escaneo de fotograf\u00edas.<\/p>\n<p>&#8211; Capacidad de Escaneo: \u00a0Escaneo de una sola cara (simplex)<\/p>\n<p>&#8211; Tipo de Esc\u00e1ner: Plano<\/p>\n<p>&#8211; M\u00e9todo de Escaneo: \u00a0Sensor de imagen por contacto (CIS)<\/p>\n<p>&#8211; Resoluci\u00f3n de Escaneo: 600 x 1200 dpi (\u00f3ptico)<\/p>\n<p>&#8211; Tama\u00f1o M\u00e1ximo del Documento: Cama plana: 8.5\u201d x 11.7\u201d (A4 \/ Carta) 21.6 x 27.9 cm<\/p>\n<p>&#8211; Tipo de tinta: \u00a0GI-11 Botella de Tinta Negra de 170 ml a base de Pigmentos; GI-11 Botellas de Tinta de Color a base de Tintes (Cian, Magenta, Amarillo) de 70 ml cada una<\/p>\n<p>&#8211; Rendimiento de impresi\u00f3n Modo Predeterminado: Hasta 6,000 (Blanco y Negro) \/ 7,700 (Color) P\u00e1ginas (con un solo juego de tintas, texto al 5% de la pag, calidad borrador)<\/p>\n<p>Hasta 6,000 (Blanco y Negro) \/ 7,700 (Color) P\u00e1ginas<\/p>\n<p>(con un solo juego de botellas de tinta)<\/p>\n<p>&#8211; Conectividad:\u00a0 USB, Wi-Fi de Alta Velocidad (LAN inal\u00e1mbrico, 2,4\/5 GHz, IIEEE 802.11b\/g\/n\/a\/ac)<\/p>\n<p>&#8211; Pantalla: \u00a0LCD Cuadrada de 3.4 cm con Iluminaci\u00f3n<\/p>\n<p>&#8211; Compatibilidad de Sistemas operativos: Windows: Windows 11, Windows 10, Windows 8.1, Windows 7 SP1; Windows Server 2008 R2 SP1, Server 2012 R2, Windows Server 2016, Windows Server 2019, Windows Server 2022 Mac:13 macOS v10.14.6 &#8211; 12 Sistema Operativo:14 Compatible con Chromebook<\/p>\n<p>-Dimensiones de la Impresora (cerrada): 41.6 x 33.7 x 17.8 cm (An x Pr x Al)<\/p>\n<p>&#8211; Peso de la impresora 7.2 Kg.<\/p>\n<p>-Dimensiones de la caja: \u00a049.9 (Pr) x 49.4 (An) x 27.7 (Al) cm<\/p>\n<p>-Peso de la caja 10.4 Kg<\/p>\n<p>&nbsp;<\/p>\n<p>&nbsp;<\/p>\n<p>Sku: 4424<\/p>\n<p>Ean: 4549292205350<\/p>\n<p>N\/p: 5805C004<\/p>\n","protected":false},"excerpt":{"rendered":"<p>Dise\u00f1ada para el hogar o la oficina en casa, la impresora MegaTank PIXMA G3170 multifuncional de Canon ofrece una impresi\u00f3n de alta calidad y bajo costo en un tama\u00f1o compacto.<\/p>\n","protected":false},"featured_media":6587,"comment_status":"closed","ping_status":"closed","template":"","meta":{"inline_featured_image":false},"pwb-brand":[128],"product_brand":[],"product_cat":[891,1259],"product_tag":[1450,1000,305,1448,146,874,1449,143,357],"class_list":{"0":"post-6586","1":"product","2":"type-product","3":"status-publish","4":"has-post-thumbnail","6":"pwb-brand-canon","7":"product_cat-impresion","8":"product_cat-inyeccion-de-tinta","9":"product_tag-1450","10":"product_tag-a-color","11":"product_tag-canon","12":"product_tag-g3170","13":"product_tag-impresora","14":"product_tag-inyeccion","15":"product_tag-megatank","16":"product_tag-multifuncional","17":"product_tag-wifi","19":"first","20":"instock","21":"sale","22":"taxable","23":"shipping-taxable","24":"purchasable","25":"product-type-simple"},"brands":[{"id":128,"name":"Canon","slug":"canon"}],"_links":{"self":[{"href":"https:\/\/compuimpresion.com.co\/portal\/wp-json\/wp\/v2\/product\/6586","targetHints":{"allow":["GET"]}}],"collection":[{"href":"https:\/\/compuimpresion.com.co\/portal\/wp-json\/wp\/v2\/product"}],"about":[{"href":"https:\/\/compuimpresion.com.co\/portal\/wp-json\/wp\/v2\/types\/product"}],"replies":[{"embeddable":true,"href":"https:\/\/compuimpresion.com.co\/portal\/wp-json\/wp\/v2\/comments?post=6586"}],"wp:featuredmedia":[{"embeddable":true,"href":"https:\/\/compuimpresion.com.co\/portal\/wp-json\/wp\/v2\/media\/6587"}],"wp:attachment":[{"href":"https:\/\/compuimpresion.com.co\/portal\/wp-json\/wp\/v2\/media?parent=6586"}],"wp:term":[{"taxonomy":"pwb-brand","embeddable":true,"href":"https:\/\/compuimpresion.com.co\/portal\/wp-json\/wp\/v2\/pwb-brand?post=6586"},{"taxonomy":"product_brand","embeddable":true,"href":"https:\/\/compuimpresion.com.co\/portal\/wp-json\/wp\/v2\/product_brand?post=6586"},{"taxonomy":"product_cat","embeddable":true,"href":"https:\/\/compuimpresion.com.co\/portal\/wp-json\/wp\/v2\/product_cat?post=6586"},{"taxonomy":"product_tag","embeddable":true,"href":"https:\/\/compuimpresion.com.co\/portal\/wp-json\/wp\/v2\/product_tag?post=6586"}],"curies":[{"name":"wp","href":"https:\/\/api.w.org\/{rel}","templated":true}]}}