{"id":6415,"date":"2025-07-22T17:03:44","date_gmt":"2025-07-22T22:03:44","guid":{"rendered":"https:\/\/compuimpresion.com.co\/portal\/?post_type=product&#038;p=6415"},"modified":"2026-04-14T16:59:10","modified_gmt":"2026-04-14T21:59:10","slug":"portatil-lenovo-v15-g4-amn-amd-ryzen-5-7520u-16gb-lpddr5-512gb-ssd-15-6","status":"publish","type":"product","link":"https:\/\/compuimpresion.com.co\/portal\/productos\/portatil-lenovo-v15-g4-amn-amd-ryzen-5-7520u-16gb-lpddr5-512gb-ssd-15-6\/","title":{"rendered":"PORT\u00c1TIL LENOVO V15 G4 AMN AMD RYZEN 5 7520U 16GB LPDDR5 512GB SSD 15.6&#8243;"},"content":{"rendered":"<p data-start=\"259\" data-end=\"331\"><strong data-start=\"259\" data-end=\"331\">Port\u00e1til Lenovo V15 G4 AMN Ryzen 5 7520U 512GB SSD 8GB RAM 15.6&#8243; FHD<\/strong><\/p>\n<p data-start=\"333\" data-end=\"647\">El <strong data-start=\"336\" data-end=\"399\">port\u00e1til Lenovo V15 G4 AMN con procesador AMD Ryzen 5 7520U<\/strong> est\u00e1 dise\u00f1ado para ofrecer un rendimiento confiable y eficiente en cada jornada. Ideal para el trabajo diario, el estudio o el entretenimiento, este <strong data-start=\"549\" data-end=\"583\">laptop Lenovo de 15.6 pulgadas<\/strong> combina potencia, dise\u00f1o y funcionalidad a un precio accesible.<\/p>\n<p data-start=\"649\" data-end=\"996\">Gracias a su <strong data-start=\"662\" data-end=\"693\">almacenamiento SSD de 512GB<\/strong> y <strong data-start=\"696\" data-end=\"718\">memoria RAM de 8GB<\/strong>, obtendr\u00e1s una experiencia fluida al ejecutar m\u00faltiples tareas y acceder r\u00e1pidamente a tus archivos. La <strong data-start=\"823\" data-end=\"851\">pantalla FHD (1920&#215;1080)<\/strong> con bordes delgados proporciona una visualizaci\u00f3n n\u00edtida y envolvente, ideal para trabajar c\u00f3modamente o disfrutar de tus contenidos multimedia.<\/p>\n<p data-start=\"998\" data-end=\"1251\">El sonido envolvente de <strong data-start=\"1022\" data-end=\"1037\">Dolby Audio<\/strong> te garantiza una calidad ac\u00fastica superior para videollamadas, m\u00fasica o pel\u00edculas. Adem\u00e1s, su dise\u00f1o delgado y profesional se adapta perfectamente a cualquier entorno: oficina, hogar o espacios de trabajo m\u00f3viles.<\/p>\n<p data-start=\"1253\" data-end=\"1447\">La <strong data-start=\"1256\" data-end=\"1273\">Lenovo V15 G4<\/strong> ha sido sometida a rigurosas pruebas de durabilidad, incluyendo resistencia a golpes, vibraciones y temperaturas extremas, lo que asegura una mayor fiabilidad a largo plazo.<\/p>\n<p data-start=\"1449\" data-end=\"1480\"><strong data-start=\"1449\" data-end=\"1480\">Caracter\u00edsticas destacadas:<\/strong><\/p>\n<ul>\n<li><strong>Port\u00e1til Lenovo Ryzen 5 V15 G4 AMN<\/strong><\/li>\n<li>Procesador: Amd Ryzen 5 7520U 2.4 GHz 4 N\u00facleos<\/li>\n<li>Gr\u00e1ficos Integrados AMD Radeon Graphics<\/li>\n<li>Memoria RAM: 16GB LPDDR5 4800MHz<\/li>\n<li>Almacenamiento: SSD PCIe NVMe M.2 de 512GB<\/li>\n<li>Pantalla: 15.6\u2033 Full HD (1920\u00d71080) Relaci\u00f3n 16.9<\/li>\n<li>Unidad Cd:No Tiene Unidad de DVD<\/li>\n<li>Sistema operativo: FreeDOS<\/li>\n<li>C\u00e1mara Integrada 720p con obtulador de privacidad<\/li>\n<li>Bateria: 2 Celdas<\/li>\n<li>Conectividad: WiFi 11ac, 2\u00d72 -Bluetooth 5.0<\/li>\n<li>Puertos:<br \/>\n1 USB-C 3.2 Gen 1<br \/>\n2 USB 3.1 Gen 1<br \/>\n1 HDMI 1.4b<br \/>\nToma combinada para auriculares y micr\u00f3fono<br \/>\nEthernet (RJ-45)<\/li>\n<li>Dimensiones: 324.2 x 215.7 x 19.9 mm<\/li>\n<li>Peso 1.43 Kg<\/li>\n<li>N\/P:\u00a0<strong>82YU00XYLM<br \/>\n<\/strong><\/li>\n<\/ul>\n<p data-start=\"1755\" data-end=\"1891\">Elige el <strong data-start=\"1764\" data-end=\"1795\">port\u00e1til Lenovo V15 Ryzen 5<\/strong> si buscas una herramienta confiable, potente y moderna para acompa\u00f1arte en todos tus proyectos.<\/p>\n<p data-start=\"1755\" data-end=\"1891\">\n","protected":false},"excerpt":{"rendered":"<p data-start=\"259\" data-end=\"331\"><strong data-start=\"259\" data-end=\"331\">Port\u00e1til Lenovo V15 G4 AMN Ryzen 5 7520U 512GB SSD 8GB RAM 15.6&#8243; FHD<\/strong><\/p>\n<p data-start=\"333\" data-end=\"647\">El <strong data-start=\"336\" data-end=\"399\">port\u00e1til Lenovo V15 G4 AMN con procesador AMD Ryzen 5 7520U<\/strong> est\u00e1 dise\u00f1ado para ofrecer un rendimiento confiable y eficiente en cada jornada. Ideal para el trabajo diario, el estudio o el entretenimiento, este <strong data-start=\"549\" data-end=\"583\">laptop Lenovo de 15.6 pulgadas<\/strong> combina potencia, dise\u00f1o y funcionalidad a un precio accesible.<\/p>\n<p data-start=\"1755\" data-end=\"1891\">\n","protected":false},"featured_media":6436,"comment_status":"closed","ping_status":"closed","template":"","meta":{"inline_featured_image":false},"pwb-brand":[420],"product_brand":[],"product_cat":[894],"product_tag":[1037,483,1068,226],"class_list":{"0":"post-6415","1":"product","2":"type-product","3":"status-publish","4":"has-post-thumbnail","6":"pwb-brand-lenovo","7":"product_cat-portatiles-computo","8":"product_tag-fhd-1920-x-1080","9":"product_tag-freedos","10":"product_tag-pantalla-15-6","11":"product_tag-portatil","12":"product_shipping_class-ciudades-principales","14":"first","15":"instock","16":"sale","17":"taxable","18":"shipping-taxable","19":"purchasable","20":"product-type-simple"},"brands":[{"id":420,"name":"Lenovo","slug":"lenovo"}],"_links":{"self":[{"href":"https:\/\/compuimpresion.com.co\/portal\/wp-json\/wp\/v2\/product\/6415","targetHints":{"allow":["GET"]}}],"collection":[{"href":"https:\/\/compuimpresion.com.co\/portal\/wp-json\/wp\/v2\/product"}],"about":[{"href":"https:\/\/compuimpresion.com.co\/portal\/wp-json\/wp\/v2\/types\/product"}],"replies":[{"embeddable":true,"href":"https:\/\/compuimpresion.com.co\/portal\/wp-json\/wp\/v2\/comments?post=6415"}],"wp:featuredmedia":[{"embeddable":true,"href":"https:\/\/compuimpresion.com.co\/portal\/wp-json\/wp\/v2\/media\/6436"}],"wp:attachment":[{"href":"https:\/\/compuimpresion.com.co\/portal\/wp-json\/wp\/v2\/media?parent=6415"}],"wp:term":[{"taxonomy":"pwb-brand","embeddable":true,"href":"https:\/\/compuimpresion.com.co\/portal\/wp-json\/wp\/v2\/pwb-brand?post=6415"},{"taxonomy":"product_brand","embeddable":true,"href":"https:\/\/compuimpresion.com.co\/portal\/wp-json\/wp\/v2\/product_brand?post=6415"},{"taxonomy":"product_cat","embeddable":true,"href":"https:\/\/compuimpresion.com.co\/portal\/wp-json\/wp\/v2\/product_cat?post=6415"},{"taxonomy":"product_tag","embeddable":true,"href":"https:\/\/compuimpresion.com.co\/portal\/wp-json\/wp\/v2\/product_tag?post=6415"}],"curies":[{"name":"wp","href":"https:\/\/api.w.org\/{rel}","templated":true}]}}