{"id":6250,"date":"2025-06-20T17:02:33","date_gmt":"2025-06-20T22:02:33","guid":{"rendered":"https:\/\/compuimpresion.com.co\/portal\/?post_type=product&#038;p=6250"},"modified":"2025-08-15T17:32:17","modified_gmt":"2025-08-15T22:32:17","slug":"impresora-t730dw-brother-multifuncional-wifi-usb-a-color","status":"publish","type":"product","link":"https:\/\/compuimpresion.com.co\/portal\/productos\/impresora-t730dw-brother-multifuncional-wifi-usb-a-color\/","title":{"rendered":"IMPRESORA T730DW BROTHER MULTIFUNCIONAL WIFI USB A COLOR"},"content":{"rendered":"<p>IMPRESORA <strong>T730DW<\/strong> BROTHER MULTIFUNCIONAL WIFI USB A COLOR<\/p>\n<p>&nbsp;<\/p>\n<p>&nbsp;<\/p>\n<p>Multifuncional de inyecci\u00f3n de tinta a color <strong>DCP-T730W<\/strong> con nuevo dise\u00f1o de llenado de tinta autom\u00e1tico que ayuda a reducir derrames. Impresi\u00f3n econ\u00f3mica y de alta calidad para documentos comerciales, informes, fotos y m\u00e1s. Velocidades de impresi\u00f3n r\u00e1pidas de hasta 27 ppm en negro y 11 ppm a color (ECO MODE) y de hasta 16 ipm en negro y 9 ipm a color (ISO\/IEC 24734).<\/p>\n<p>Bandeja de papel de hasta 150 hojas que ayuda a ahorrar espacio y a proteger el papel de arrugas.<\/p>\n<p>&nbsp;<\/p>\n<p>Caracter\u00edsticas:<\/p>\n<p>&nbsp;<\/p>\n<p>&#8211; Tecnolog\u00eda de impresi\u00f3n: \u00a0Inyecci\u00f3n de tinta a color<\/p>\n<p>&#8211; Velocidades de impresi\u00f3n (m\u00e1x.) Negro (Modo Eco):<strong> hasta 27 ppm<\/strong> Color (Modo Eco): hasta 23 ppm; Negro (ISO\/IEC 24734): hasta 16 ipm, Color (ISO\/IEC 24734): hasta 15 ipm<\/p>\n<p>&#8211; Tiempo de impresi\u00f3n de la primera p\u00e1gina 6,2\/6,5 segundos<\/p>\n<p>&#8211; Resoluci\u00f3n de impresi\u00f3n (m\u00e1x.): Hasta 6.000 x 1.200 dpi<\/p>\n<p>&#8211; Velocidad de copiado (m\u00e1x.): \u00a0Hasta 11,0\/8,0 ipm<\/p>\n<p>&#8211; Resoluci\u00f3n de copiado (m\u00e1x.): \u00a0Impresi\u00f3n: 2.400 x 1.200 dpi (negro\/color); Escaneado: 1.200 x 1.200 dpi (negro) \/ 600 x 1.200 dpi (color)<\/p>\n<p>&#8211; Ampliaci\u00f3n\/reducci\u00f3n de copia: \u00a025% a 400% en incrementos de 1%<\/p>\n<p>&#8211; Opciones de copiado: \u00a0Multicopiado (hasta 99), apilado, ordenaci\u00f3n, N en 1, p\u00f3ster, ajustar a<\/p>\n<p>la p\u00e1gina, eliminaci\u00f3n del color de fondo, copiado de ID<\/p>\n<p>&#8211; Tipo de esc\u00e1ner: Cama plana a color (CIS)<\/p>\n<p>&#8211; Tama\u00f1o del cristal del esc\u00e1ner: \u00a08,5 x 11,7 pulg. (A4\/carta)<\/p>\n<p>&#8211; Resoluci\u00f3n de escaneado (m\u00e1x.): \u00a0\u00d3ptica: hasta 2.400 x 1.200 dpi (cama plana)<\/p>\n<p>Interpolada: hasta 19.200 x 19.200 dpi<\/p>\n<p>&#8211; Velocidad de escaneado (m\u00e1x.): \u00a0Hasta 17 ipm (negro) \/ 7 ipm (color)<\/p>\n<p>&#8211; Escaneado hacia otros destinos: \u00a0Imagen, correo electr\u00f3nico, archivo, OCR<\/p>\n<p>&#8211; Funciones de escaneado avanzadas: \u00a0Alineaci\u00f3n autom\u00e1tica, p\u00e1gina m\u00faltiple a p\u00e1gina sencilla, eliminaci\u00f3n del color de fondo.<\/p>\n<p>&#8211; Interfaces est\u00e1ndares Inal\u00e1mbrica 802.11b\/g\/n (2.4 GHz) \/ 802.11a\/n (5 GHz), USB 2.0<\/p>\n<p>de alta velocidad<\/p>\n<p>&#8211; Compatibilidad con Sistemas operativos6: Windows: 10 Home, 10 Pro, 10 Education, 10 Enterprise, 11 Home, 11 Pro, 11 Education, 11 Enterprise; Windows Server 2016, 2019, 2022<\/p>\n<p>macOS v12, v13, v14 Chrome<\/p>\n<p>&#8211; Compatibilidad con dispositivos m\u00f3viles:\u00a0 AirPrint, Mopria, Brother Mobile Connect, Wi-Fi Direct<\/p>\n<p>&#8211; Aplicaciones en la nube de Brother: \u00a0Impresi\u00f3n a correo electr\u00f3nico<\/p>\n<p>&#8211; Capacidad de entrada del papel (m\u00e1x.): \u00a0Bandeja de papel de 150 hojas y ranura de alimentaci\u00f3n manual de 1 hoja.<\/p>\n<p>&#8211; Capacidad de salida (m\u00e1x.): 50 hojas (hasta A4\/carta)<\/p>\n<p>&#8211; Soportes\/medios de impresi\u00f3n: Papel normal, papel para inyecci\u00f3n de tinta, papel reciclado,<\/p>\n<p>papel satinado<\/p>\n<p>&#8211; Pesos de los soportes: Bandeja est\u00e1ndar: 64 a 220 g\/m2 (17 a 58 lb); Ranura de alimentaci\u00f3n manual: 64 a 300 g\/m2 (17 a 79 lb), ADF: 64 a 90 g\/m2 (17 a 24 lb)<\/p>\n<p>&#8211; Capacidad del ADF: \u00a0Hasta 20 p\u00e1ginas<\/p>\n<p>&#8211; Tama\u00f1o del papel: Bandeja est\u00e1ndar y ranura de alimentaci\u00f3n manual de una hoja: A4,<\/p>\n<p>carta, legal, legal de M\u00e9xico, Folio, ejecutivo, A5, A6, Foto (4&#215;6&#8243;), ficha (5&#215;8&#8243;), Foto-2L (5&#215;7&#8243;), sobre C5, Com-10, sobre DL, monarca ADF (ancho\/largo): 139,7\/210 mm a 215,9\/355,6 mm<\/p>\n<p>(5,5\/8,3&#8243; a 8,5\/14,0&#8243;).<\/p>\n<p>&#8211; Capacidad d\u00faplex autom\u00e1tica: \u00a0Impresi\u00f3n solamente En tama\u00f1o carta<\/p>\n<p>&#8211; Pantalla LCD de 1 l\u00ednea: \u00a0(16 caracteres)<\/p>\n<p>&#8211; Velocidad de la CPU: 576 MHz<\/p>\n<p>&#8211; Memoria (est\u00e1ndar\/m\u00e1xima): 128 MB<\/p>\n<p>&#8211; Software incluido Brother iPrint&amp;Scan (escritorio) para Windows y Mac , Brother Mobile<\/p>\n<p>Connect para iOS y Android<\/p>\n<p>&#8211; Ciclo de trabajo mensual m\u00e1ximo: Hasta 2.500 pag<\/p>\n<p>&#8211; Volumen mensual recomendado: 50 a 1.000 p\u00e1ginas<\/p>\n<p>-Consumibles de repuesto: BTD100BK-C-M-Y<\/p>\n<p>&#8211; Dimensiones\/peso de la unidad: 39,0 cm (ancho) x 34,3 cm (prof.) x<\/p>\n<p>18,3 cm (alto) \/ 7,9 kg<\/p>\n<p>&#8211; Dimensiones\/peso de la caja:\u00a0 46,3 cm (ancho) x 26,0 cm (prof.) x 45,6 cm (alto) \/ 9,3 kg<\/p>\n<p>&nbsp;<\/p>\n<p>SKU: 1383<\/p>\n<p>Ean: 0012502676867<\/p>\n<p>N\/p: 8CHA4700146<\/p>\n","protected":false},"excerpt":{"rendered":"<p>Multifuncional de inyecci\u00f3n de tinta a color DCP-T730W con nuevo dise\u00f1o de llenado de tinta autom\u00e1tico que ayuda a reducir derrames.<\/p>\n","protected":false},"featured_media":6251,"comment_status":"closed","ping_status":"closed","template":"","meta":{"inline_featured_image":false},"pwb-brand":[129],"product_brand":[],"product_cat":[1259],"product_tag":[1000,721,146,874,143,1443,247],"class_list":{"0":"post-6250","1":"product","2":"type-product","3":"status-publish","4":"has-post-thumbnail","6":"pwb-brand-brother","7":"product_cat-inyeccion-de-tinta","8":"product_tag-a-color","9":"product_tag-duplex","10":"product_tag-impresora","11":"product_tag-inyeccion","12":"product_tag-multifuncional","13":"product_tag-t730dw","14":"product_tag-tanque","16":"first","17":"instock","18":"sale","19":"taxable","20":"shipping-taxable","21":"purchasable","22":"product-type-simple"},"brands":[{"id":129,"name":"Brother","slug":"brother"}],"_links":{"self":[{"href":"https:\/\/compuimpresion.com.co\/portal\/wp-json\/wp\/v2\/product\/6250","targetHints":{"allow":["GET"]}}],"collection":[{"href":"https:\/\/compuimpresion.com.co\/portal\/wp-json\/wp\/v2\/product"}],"about":[{"href":"https:\/\/compuimpresion.com.co\/portal\/wp-json\/wp\/v2\/types\/product"}],"replies":[{"embeddable":true,"href":"https:\/\/compuimpresion.com.co\/portal\/wp-json\/wp\/v2\/comments?post=6250"}],"wp:featuredmedia":[{"embeddable":true,"href":"https:\/\/compuimpresion.com.co\/portal\/wp-json\/wp\/v2\/media\/6251"}],"wp:attachment":[{"href":"https:\/\/compuimpresion.com.co\/portal\/wp-json\/wp\/v2\/media?parent=6250"}],"wp:term":[{"taxonomy":"pwb-brand","embeddable":true,"href":"https:\/\/compuimpresion.com.co\/portal\/wp-json\/wp\/v2\/pwb-brand?post=6250"},{"taxonomy":"product_brand","embeddable":true,"href":"https:\/\/compuimpresion.com.co\/portal\/wp-json\/wp\/v2\/product_brand?post=6250"},{"taxonomy":"product_cat","embeddable":true,"href":"https:\/\/compuimpresion.com.co\/portal\/wp-json\/wp\/v2\/product_cat?post=6250"},{"taxonomy":"product_tag","embeddable":true,"href":"https:\/\/compuimpresion.com.co\/portal\/wp-json\/wp\/v2\/product_tag?post=6250"}],"curies":[{"name":"wp","href":"https:\/\/api.w.org\/{rel}","templated":true}]}}