{"id":6245,"date":"2025-06-11T14:23:08","date_gmt":"2025-06-11T19:23:08","guid":{"rendered":"https:\/\/compuimpresion.com.co\/portal\/?post_type=product&#038;p=6245"},"modified":"2025-08-25T10:25:55","modified_gmt":"2025-08-25T15:25:55","slug":"impresora-multifuncional-t230-brother-usb-a-color","status":"publish","type":"product","link":"https:\/\/compuimpresion.com.co\/portal\/productos\/impresora-multifuncional-t230-brother-usb-a-color\/","title":{"rendered":"IMPRESORA MULTIFUNCIONAL T230 BROTHER USB A COLOR"},"content":{"rendered":"<p>IMPRESORA MULTIFUNCIONAL <em><strong>T230 BROTHER<\/strong><\/em> USB A COLOR<\/p>\n<p>&nbsp;<\/p>\n<p>-Tecnolog\u00eda de impresi\u00f3n: \u00a0Inyecci\u00f3n de tinta a color<\/p>\n<p>&#8211; Velocidades de impresi\u00f3n (m\u00e1x.): Negro (Modo Eco): hasta 27 ppm, Color (Modo Eco): hasta 11 ppm; Negro (ISO\/IEC 24734): hasta 16 ipm, Color (ISO\/IEC 24734): hasta 9 ipm<\/p>\n<p>&#8211; Tiempo de impresi\u00f3n de la primera p\u00e1gina 6,2\/9,6 segundos<\/p>\n<p>&#8211; Resoluci\u00f3n de impresi\u00f3n (m\u00e1x.): \u00a0Hasta 6.000 x 1.200 dpi<\/p>\n<p>&#8211; Velocidad de copiado (m\u00e1x.): \u00a0Hasta 11,0\/3,5 ipm<\/p>\n<p>&#8211; Resoluci\u00f3n de copiado (m\u00e1x.): \u00a0Impresi\u00f3n: 1.800 x 1.200 dpi (negro\/color)<\/p>\n<p>Escaneado: 1.200 x 1.200 dpi (negro) \/ 600 x 1.200 dpi (color)<\/p>\n<p>&#8211; Ampliaci\u00f3n\/reducci\u00f3n de copia: \u00a025% a 400% en incrementos de 1%\u00a0 desde el pc<\/p>\n<p>&#8211; Opciones de copiado Multicopiado (hasta 99), N en 1, p\u00f3ster5, eliminaci\u00f3n del color de fondo5<\/p>\n<p>ajustar a la p\u00e1gina, copiado de ID.<\/p>\n<p>&#8211; Tipo de esc\u00e1ner: Cama plana a color (CIS)<\/p>\n<p>&#8211; Tama\u00f1o del cristal del esc\u00e1ner: \u00a08,5&#8243; x 11,7&#8243; (A4\/carta)<\/p>\n<p>&#8211; Resoluci\u00f3n de escaneado (m\u00e1x.): \u00a0\u00d3ptica: Hasta 2.400 x 1.200 dpi (cama plana)<\/p>\n<p>Interpolada: Hasta 19.200 x 19.200 dpi<\/p>\n<p>&#8211; Escaneado hacia otros destinos: \u00a0Imagen, correo electr\u00f3nico, archivo, OCR<\/p>\n<p>&#8211; Funciones de escaneado avanzadas: \u00a0P\u00e1gina m\u00faltiple a p\u00e1gina sencilla, eliminaci\u00f3n del color de fondo<\/p>\n<p>&#8211; Interfaces est\u00e1ndares: USB 2.0 de alta velocidad<\/p>\n<p>&#8211; Compatibilidad con sistemas operativos:\u00a0 Windows: 10 Home, 10 Pro, 10 Education, 10 Enterprise, 11 Home,11 Pro, 11 Education, 11 Enterprise; Windows Server 2016, 2019, 2022<\/p>\n<p>-No funciona en Mac<\/p>\n<p>&#8211; Capacidad de entrada del papel (m\u00e1x.): Bandeja de papel de 150 hojas y ranura de alimentaci\u00f3n manual de 1 hoja<\/p>\n<p>&#8211; Capacidad de salida (m\u00e1x.): 50 hojas (hasta A4\/carta)<\/p>\n<p>&#8211; Soportes\/medios de impresi\u00f3n: \u00a0Papel normal, papel para inyecci\u00f3n de tinta, papel reciclado,<\/p>\n<p>papel satinado<\/p>\n<p>&#8211; Peso de los soportes<\/p>\n<p>Bandeja est\u00e1ndar: 64 a 220 g\/m2 (17 a 58 lb)<\/p>\n<p>Ranura de alimentaci\u00f3n manual: 64 a 300g\/m2 (17 a 79 lb)<\/p>\n<p>&#8211; Tama\u00f1o del papel: Bandeja est\u00e1ndar y ranura de alimentaci\u00f3n manual de una hoja: A4,<\/p>\n<p>carta, legal, legal de M\u00e9xico, Folio, ejecutivo, A5, A6, Foto (4&#215;6&#8243;), ficha (5&#215;8&#8243;), Foto-2L (5&#215;7&#8243;), sobre C5, Com-10, sobre DL, monarca<\/p>\n<p>&#8211; Pantalla: \u00a0LED<\/p>\n<p>&#8211; Velocidad de la CPU: \u00a0576 MHz<\/p>\n<p>&#8211; Memoria (est\u00e1ndar\/m\u00e1xima): 64 MB<\/p>\n<p>&#8211; Software incluido: \u00a0Brother iPrint&amp;Scan (escritorio) para Windows<\/p>\n<p>&#8211; Ciclo de trabajo mensual m\u00e1ximo: Hasta 2.500 p\u00e1ginas<\/p>\n<p>&#8211; Volumen mensual recomendado: 50 a 1.000 p\u00e1ginas<\/p>\n<p>&#8211; Consumibles reemplazo: BTD100BK &#8211; BTD100C &#8211; BTD100M &#8211; BTD100Y<\/p>\n<p>&#8211; Dimensiones\/peso de la unidad 39,0 Cm (ancho) x 34,3 Cm (prof.) x<\/p>\n<p>14,9 Cm (alto) \/ 6,3 kg<\/p>\n<p>&#8211; Dimensiones\/peso de la caja: 46,1 Cm (ancho) x 20,8 Cm (prof.) x<\/p>\n<p>46,1 Cm (alto) \/ 7,3 kg<\/p>\n<p>&nbsp;<\/p>\n<p>SKU 2366<\/p>\n<p>EAN: 0012502676836<\/p>\n<p>Np: 8443.31.0000<\/p>\n","protected":false},"excerpt":{"rendered":"<p>La impresora 3 en 1 de inyecci\u00f3n de tinta a color <strong>DCP-T230<\/strong> de la serie InkBenefit Tank de Brother hace que imprimir en el hogar sea f\u00e1cil y simple. Velocidades de impresi\u00f3n de hasta 27 p\u00e1ginas por minuto en negro y 11 p\u00e1ginas por minuto en color cuando imprimes en modo Eco, y velocidades de 16 ipm en negro y 9 ipm en color (ISO\/IEC 24734). El panel de control es f\u00e1cil de usar y te permite acceder a las funciones de la impresora r\u00e1pidamente. Maximiza tu productividad con la bandeja de papel de 150 hojas y la ranura de alimentaci\u00f3n manual de una hoja que te permite manejar una variedad de tama\u00f1os de papel, incluidos sobres y fotograf\u00edas. Conecta la DCP-T230 a tu computadora mediante el <em><strong>cable USB 2.0 incluido<\/strong><\/em> y disfruta de una f\u00e1cil interconexi\u00f3n entre los dispositivos y la impresora. La InkBenefit Tank DCP-T230 de Brother ahora cuenta con botellas de tinta redise\u00f1adas con una boquilla antiderrames para llenar el tanque f\u00e1cilmente y en segundos, ayud\u00e1ndote adem\u00e1s a que insertes las botellas correctas para cada color. Esta impresora viene con botellas de tinta de ultra alto rendimiento de aproximadamente 7.500 p\u00e1ginas en negro y hasta 5.000 p\u00e1ginas en color<\/p>\n","protected":false},"featured_media":6246,"comment_status":"closed","ping_status":"closed","template":"","meta":{"inline_featured_image":false},"pwb-brand":[129],"product_brand":[],"product_cat":[1259],"product_tag":[398,874,143,1442,247],"class_list":{"0":"post-6245","1":"product","2":"type-product","3":"status-publish","4":"has-post-thumbnail","6":"pwb-brand-brother","7":"product_cat-inyeccion-de-tinta","8":"product_tag-brother","9":"product_tag-inyeccion","10":"product_tag-multifuncional","11":"product_tag-t230","12":"product_tag-tanque","14":"first","15":"instock","16":"sale","17":"taxable","18":"shipping-taxable","19":"purchasable","20":"product-type-simple"},"brands":[{"id":129,"name":"Brother","slug":"brother"}],"_links":{"self":[{"href":"https:\/\/compuimpresion.com.co\/portal\/wp-json\/wp\/v2\/product\/6245","targetHints":{"allow":["GET"]}}],"collection":[{"href":"https:\/\/compuimpresion.com.co\/portal\/wp-json\/wp\/v2\/product"}],"about":[{"href":"https:\/\/compuimpresion.com.co\/portal\/wp-json\/wp\/v2\/types\/product"}],"replies":[{"embeddable":true,"href":"https:\/\/compuimpresion.com.co\/portal\/wp-json\/wp\/v2\/comments?post=6245"}],"wp:featuredmedia":[{"embeddable":true,"href":"https:\/\/compuimpresion.com.co\/portal\/wp-json\/wp\/v2\/media\/6246"}],"wp:attachment":[{"href":"https:\/\/compuimpresion.com.co\/portal\/wp-json\/wp\/v2\/media?parent=6245"}],"wp:term":[{"taxonomy":"pwb-brand","embeddable":true,"href":"https:\/\/compuimpresion.com.co\/portal\/wp-json\/wp\/v2\/pwb-brand?post=6245"},{"taxonomy":"product_brand","embeddable":true,"href":"https:\/\/compuimpresion.com.co\/portal\/wp-json\/wp\/v2\/product_brand?post=6245"},{"taxonomy":"product_cat","embeddable":true,"href":"https:\/\/compuimpresion.com.co\/portal\/wp-json\/wp\/v2\/product_cat?post=6245"},{"taxonomy":"product_tag","embeddable":true,"href":"https:\/\/compuimpresion.com.co\/portal\/wp-json\/wp\/v2\/product_tag?post=6245"}],"curies":[{"name":"wp","href":"https:\/\/api.w.org\/{rel}","templated":true}]}}