{"id":6214,"date":"2025-05-03T12:50:59","date_gmt":"2025-05-03T17:50:59","guid":{"rendered":"https:\/\/compuimpresion.com.co\/portal\/?post_type=product&#038;p=6214"},"modified":"2026-04-09T19:14:15","modified_gmt":"2026-04-10T00:14:15","slug":"impresora-laser-brother-hl-l2405w-monocromatica-wifi-usb","status":"publish","type":"product","link":"https:\/\/compuimpresion.com.co\/portal\/productos\/impresora-laser-brother-hl-l2405w-monocromatica-wifi-usb\/","title":{"rendered":"IMPRESORA LASER BROTHER HL-L2405W MONOCROM\u00c1TICA WIFI USB"},"content":{"rendered":"<p>IMPRESORA LASER BROTHER <strong>HL-L2405W<\/strong> MONOCROM\u00c1TICA WIFI USB<\/p>\n<p>&nbsp;<\/p>\n<p>La impresora HL-L2405W de Brother es una opci\u00f3n simple y econ\u00f3mica para imprimir documentos n\u00edtidos por una cara con la comodidad de una conectividad inal\u00e1mbrica, todo ello en un tama\u00f1o compacto.<\/p>\n<p>&nbsp;<\/p>\n<p>&#8211; Tecnolog\u00eda de impresi\u00f3n: \u00a0L\u00e1ser electrofotogr\u00e1fico<\/p>\n<p>-Funciones:<strong> Solo impresi\u00f3n<\/strong><\/p>\n<p>-Velocidad de impresi\u00f3n de una p\u00e1gina (m\u00e1x.):<strong> Hasta 30 ppm<\/strong><\/p>\n<p>-Tiempo de impresi\u00f3n de la primera p\u00e1gina2 Menos de 8,5 segundos<\/p>\n<p>&#8211; Resoluci\u00f3n de impresi\u00f3n (m\u00e1x.) Hasta 1.200 x 1.200 dpi<\/p>\n<p>&#8211; Emulaciones de impresi\u00f3n: GDI<\/p>\n<p>&#8211; Interfaces est\u00e1ndares: \u00a0Inal\u00e1mbrica 802.11b\/g\/n (2,4 GHz)\/802.11a\/n (5 GHz), USB 2.0 de alta velocidad<\/p>\n<p>&#8211; Compatibilidad con dispositivos m\u00f3viles: AirPrint, Mopria, Brother Mobile Connect, Wi-Fi Direct.<\/p>\n<p>-Funciones de seguridad Enterprise Security (802.1x), TLS\/SSL, filtro IP, SNMP v3, bloqueo de la configuraci\u00f3n.<\/p>\n<p>&nbsp;<\/p>\n<p>-Capacidad de entrada (m\u00e1x.): Bandeja est\u00e1ndar de 250 hojas, ranura de alimentaci\u00f3n manual para hojas sueltas<\/p>\n<p>-Capacidad de salida (m\u00e1x.): \u00a0100 hojas<\/p>\n<p>&#8211; Tama\u00f1o del papel: Bandeja est\u00e1ndar: Carta, legal, ejecutivo, A4, A5, A6, B5, B6, Folio<\/p>\n<p>Ranura de alimentaci\u00f3n manual: 7,62 cm a 21,59 cm de ancho, 1,7 cm a 35,56 cm<\/p>\n<p>de largo<\/p>\n<p>&#8211; Soportes\/medios de impresi\u00f3n: Bandeja est\u00e1ndar: Papel normal, papel delgado, papel grueso, papel reciclado; Ranura de alimentaci\u00f3n manual: Papel normal, papel delgado, papel grueso, papel<\/p>\n<p>reciclado, tipo bond, etiqueta, sobre (simple).<\/p>\n<p>&#8211; Pesos de los soportes\/medios de impresi\u00f3n: \u00a0Bandeja est\u00e1ndar: 7,26 kg a 19,5 kg6<\/p>\n<p>Ranura de alimentaci\u00f3n manual: 7,26 kg a 27,67 kg<\/p>\n<p>&#8211; Capacidad d\u00faplex autom\u00e1tica: No<\/p>\n<p>&#8211; Pantalla LCD de una l\u00ednea<\/p>\n<p>-Procesador: \u00a0600 MHz<\/p>\n<p>&#8211; Memoria (est\u00e1ndar) 64 MB<\/p>\n<p>&#8211; Software incluidos: Brother Mobile Connect para iOS y Android; Brother iPrint&amp;Scan (escritorio) para Windows y Mac; BRAdmin Light, BRAdmin Pro, Monitor de estado<\/p>\n<p>&#8211; Ciclo de trabajo mensual m\u00e1ximo: \u00a0Hasta 35.000 p\u00e1ginas<\/p>\n<p>&#8211; Volumen mensual recomendado: \u00a0Hasta 2.500 p\u00e1ginas<\/p>\n<p>&#8211; T\u00f3ner inicial TN830: \u00a0para aprox 500 Pag texto al 5 % de la pag calidad borrador<\/p>\n<p>&#8211; T\u00f3ner Reemplazo TN830XL: \u00a0para aprox 3.000 Pag texto al 5 % de la pag calidad borrador<\/p>\n<p>&#8211; Dimensiones\/peso de la unidad: 35,56 cm (ancho) x 36,07 cm (prof.) x 18,29 cm<\/p>\n<p>(alto)\/6,85 kg.<\/p>\n<p>&#8211; Dimensiones\/peso de la caja: 43,69 cm (ancho) x 28,19 cm (prof.) x 51,82 cm<\/p>\n<p>(alto)\/7,94 kg<\/p>\n<p>&nbsp;<\/p>\n<p>SKU: 2012<\/p>\n<p>EAN: 0012502672715<\/p>\n<p>N\/P:\u00a0 84UM0d02101<\/p>\n","protected":false},"excerpt":{"rendered":"<p>La impresora HL-L2405W de Brother es una opci\u00f3n simple y econ\u00f3mica para imprimir documentos n\u00edtidos por una cara con la comodidad de una conectividad inal\u00e1mbrica, todo ello en un tama\u00f1o compacto.<\/p>\n","protected":false},"featured_media":6215,"comment_status":"closed","ping_status":"closed","template":"","meta":{"inline_featured_image":false},"pwb-brand":[129],"product_brand":[],"product_cat":[893],"product_tag":[1438,1439,965,398,1436,1440,155,150,1437,357],"class_list":{"0":"post-6214","1":"product","2":"type-product","3":"status-publish","4":"has-post-thumbnail","6":"pwb-brand-brother","7":"product_cat-laser","8":"product_tag-1438","9":"product_tag-84um0d02101","10":"product_tag-a-negro","11":"product_tag-brother","12":"product_tag-hl-l2405w","13":"product_tag-l2405w","14":"product_tag-laser","15":"product_tag-monocromatica","16":"product_tag-tn830xl","17":"product_tag-wifi","19":"first","20":"instock","21":"sale","22":"taxable","23":"shipping-taxable","24":"purchasable","25":"product-type-simple"},"brands":[{"id":129,"name":"Brother","slug":"brother"}],"_links":{"self":[{"href":"https:\/\/compuimpresion.com.co\/portal\/wp-json\/wp\/v2\/product\/6214","targetHints":{"allow":["GET"]}}],"collection":[{"href":"https:\/\/compuimpresion.com.co\/portal\/wp-json\/wp\/v2\/product"}],"about":[{"href":"https:\/\/compuimpresion.com.co\/portal\/wp-json\/wp\/v2\/types\/product"}],"replies":[{"embeddable":true,"href":"https:\/\/compuimpresion.com.co\/portal\/wp-json\/wp\/v2\/comments?post=6214"}],"wp:featuredmedia":[{"embeddable":true,"href":"https:\/\/compuimpresion.com.co\/portal\/wp-json\/wp\/v2\/media\/6215"}],"wp:attachment":[{"href":"https:\/\/compuimpresion.com.co\/portal\/wp-json\/wp\/v2\/media?parent=6214"}],"wp:term":[{"taxonomy":"pwb-brand","embeddable":true,"href":"https:\/\/compuimpresion.com.co\/portal\/wp-json\/wp\/v2\/pwb-brand?post=6214"},{"taxonomy":"product_brand","embeddable":true,"href":"https:\/\/compuimpresion.com.co\/portal\/wp-json\/wp\/v2\/product_brand?post=6214"},{"taxonomy":"product_cat","embeddable":true,"href":"https:\/\/compuimpresion.com.co\/portal\/wp-json\/wp\/v2\/product_cat?post=6214"},{"taxonomy":"product_tag","embeddable":true,"href":"https:\/\/compuimpresion.com.co\/portal\/wp-json\/wp\/v2\/product_tag?post=6214"}],"curies":[{"name":"wp","href":"https:\/\/api.w.org\/{rel}","templated":true}]}}