{"id":6195,"date":"2025-04-22T17:44:14","date_gmt":"2025-04-22T22:44:14","guid":{"rendered":"https:\/\/compuimpresion.com.co\/portal\/?post_type=product&#038;p=6195"},"modified":"2026-02-09T17:15:18","modified_gmt":"2026-02-09T22:15:18","slug":"impresora-laser-brother-hl-l6400dw-monocromatica-wifi-usb","status":"publish","type":"product","link":"https:\/\/compuimpresion.com.co\/portal\/productos\/impresora-laser-brother-hl-l6400dw-monocromatica-wifi-usb\/","title":{"rendered":"IMPRESORA LASER BROTHER HL-L6400DW MONOCROM\u00c1TICA WIFI USB"},"content":{"rendered":"<p>IMPRESORA LASER<strong> BROTHER HL-L6400DW<\/strong> MONOCROM\u00c1TICA WIFI USB<\/p>\n<p>&nbsp;<\/p>\n<p>La impresora l\u00e1ser monocrom\u00e1tica Brother HL-L6400DW de alta durabilidad, es ideal para grupos<\/p>\n<p>de trabajo que imprimen en alto volumen. Reduzca gastos con el cartucho de t\u00f3ner de s\u00faper alto<\/p>\n<p>rendimiento incluido o con el cartucho de t\u00f3ner de reemplazo de ultra alto rendimiento. Aumente<\/p>\n<p>la productividad en la oficina gracias a una velocidad de impresi\u00f3n de 52 ppm.<\/p>\n<p>Las funciones de seguridad avanzadas<\/p>\n<p>permiten la autenticaci\u00f3n de usuarios para mantener seguros tanto sus documentos como el<\/p>\n<p>equipo.<\/p>\n<p>&nbsp;<\/p>\n<p>Caracter\u00edsticas:<\/p>\n<p>-Tecnolog\u00eda de impresi\u00f3n: \u00a0L\u00e1ser a negro<\/p>\n<p>-Funciones: Solo impresion<\/p>\n<p>&#8211; Pantalla LCD (tipo\/tama\u00f1o): \u00a0Pantalla t\u00e1ctil a color de 1,8\u201d<\/p>\n<p>&#8211; Tama\u00f1o del papel (m\u00e1ximo) Bandeja de papel: Hasta 8,5\u201d x 14\u201d (legal)<\/p>\n<p>Bandeja multiprop\u00f3sito: 3,0\u201d &#8211; 8,5\u201d (prof.) \/ 5,0\u201d &#8211; 14\u201d (larg.)<\/p>\n<p>-Velocidad de impresi\u00f3n (m\u00e1xima): \u00a0Hasta 52 ppm<\/p>\n<p>&#8211; Tiempo de la primera p\u00e1gina: \u00a0Menos de 7,5 seg. (1a p\u00e1gina)<\/p>\n<p>-Resoluci\u00f3n de impresi\u00f3n (m\u00e1xima): Hasta 1.200 x 1.200 dpi<\/p>\n<p>-Procesador: \u00a0Cortex-A9 800MHz<\/p>\n<p>&#8211; Emulaciones PCL6, BR-Script3, IBM Proprinter, Epson FX, PDF<\/p>\n<p>versi\u00f3n 1.7, XPS versi\u00f3n 1.0<\/p>\n<p>&#8211; <strong>D\u00faplex autom\u00e1tico: \u00a0Si<\/strong><\/p>\n<p>&#8211; Capacidad de entrada del papel (estadard): \u00a0Bandeja de 520 hojas y bandeja multiprop\u00f3sito de 50 hojas<\/p>\n<p>&#8211; Capacidad de salida del papel (m\u00e1xima*): \u00a0250 hojas<\/p>\n<p>&#8211; Soportes de impresi\u00f3n Papel convencional, membretado, de colores, reciclado,<\/p>\n<p>bond, etiquetas, sobres (hasta 10).<\/p>\n<p>&#8211; Peso de los soportes: Bandeja est\u00e1ndar: 16 a 32 lb \/60-120 g\/m\u00b2 ; \u00a0Bandeja multiprop\u00f3sito: 16 a 53 lb\/ 60-200 g\/m\u00b2<\/p>\n<p>&#8211; Memoria (est\u00e1ndar \/ m\u00e1xima): \u00a0512MB \/ 512MB<\/p>\n<p>-Interfaces est\u00e1ndares 802.11b\/g\/n inal\u00e1mbrica, Gigabit Ethernet, USB 2.0 de alta<\/p>\n<p>Velocidad<\/p>\n<p>&#8211; Compatibilidad con sistemas operativos Windows: XP Home \/ XP Professional \/ XP Professional<\/p>\n<p>x64 Edition \/ Windows Vista\u00ae \/ Windows 7, 8, 8.1, 10 \/ Windows Server\u00ae 2003 \/ 2003 R2 (32\/64 bit) \/ 2008 \/2008 R2 \/ 2012 \/ 2012 R2; Mac OS X v10.8.5, 10.9.x, 10.10.x; Linux<\/p>\n<p>&#8211; Compatibilidad con dispositivos m\u00f3viles AirPrint, Google Cloud Print 2.0, Brother iPrint&amp;Scan,<\/p>\n<p>Cortado, Workplace, Mopria, Wi-Fi Direct, NFC<\/p>\n<p>&#8211; Tipos de papel Com\u00fan, bond, sobres (hasta 10), etiquetas, papel<\/p>\n<p>reciclado, papel de colores, membrete<\/p>\n<p>-Ciclo de trabajo mensual m\u00e1ximo: 150.000 p\u00e1ginas<\/p>\n<p>-Volumen de impresi\u00f3n mensual recomendado: Hasta 10.000 p\u00e1ginas<\/p>\n<p>-Cartucho Inicial : BROTHER TN 880G alto rendimiento de 12.000 p\u00e1ginas Aprox texto al 5% calidad borrador (incluido)<\/p>\n<p>&#8211; Cartucho T\u00f3ner Reemplazo: BROTHER TN890 20.000 PAGINAS APROX AL 5% BROTHER MFC-L6900DW; HL-L6400<\/p>\n<p>&#8211; No incluye cable usb<\/p>\n<p>&#8211; Dimensiones producto: 40 x 39 x 28 cm<\/p>\n<p>&#8211; Peso producto: 13.29 kg<\/p>\n<p>&nbsp;<\/p>\n<p>SKU: 2014<\/p>\n<p>EAN: 012502651192<\/p>\n<p>N\/P: 8C5J9805401<\/p>\n","protected":false},"excerpt":{"rendered":"<p>La impresora l\u00e1ser monocrom\u00e1tica Brother HL-L6400DW de alta durabilidad, es ideal para grupos<\/p>\n<p>de trabajo que imprimen en alto volumen. Reduzca gastos con el cartucho de t\u00f3ner de s\u00faper alto<\/p>\n<p>rendimiento incluido o con el cartucho de t\u00f3ner de reemplazo de ultra alto rendimiento<\/p>\n","protected":false},"featured_media":6196,"comment_status":"closed","ping_status":"closed","template":"","meta":{"inline_featured_image":false},"pwb-brand":[129],"product_brand":[],"product_cat":[893,16],"product_tag":[1435,146,155,150],"class_list":{"0":"post-6195","1":"product","2":"type-product","3":"status-publish","4":"has-post-thumbnail","6":"pwb-brand-brother","7":"product_cat-laser","8":"product_cat-sin-categoria","9":"product_tag-hl-l6400","10":"product_tag-impresora","11":"product_tag-laser","12":"product_tag-monocromatica","14":"first","15":"outofstock","16":"taxable","17":"shipping-taxable","18":"purchasable","19":"product-type-simple"},"brands":[{"id":129,"name":"Brother","slug":"brother"}],"_links":{"self":[{"href":"https:\/\/compuimpresion.com.co\/portal\/wp-json\/wp\/v2\/product\/6195","targetHints":{"allow":["GET"]}}],"collection":[{"href":"https:\/\/compuimpresion.com.co\/portal\/wp-json\/wp\/v2\/product"}],"about":[{"href":"https:\/\/compuimpresion.com.co\/portal\/wp-json\/wp\/v2\/types\/product"}],"replies":[{"embeddable":true,"href":"https:\/\/compuimpresion.com.co\/portal\/wp-json\/wp\/v2\/comments?post=6195"}],"wp:featuredmedia":[{"embeddable":true,"href":"https:\/\/compuimpresion.com.co\/portal\/wp-json\/wp\/v2\/media\/6196"}],"wp:attachment":[{"href":"https:\/\/compuimpresion.com.co\/portal\/wp-json\/wp\/v2\/media?parent=6195"}],"wp:term":[{"taxonomy":"pwb-brand","embeddable":true,"href":"https:\/\/compuimpresion.com.co\/portal\/wp-json\/wp\/v2\/pwb-brand?post=6195"},{"taxonomy":"product_brand","embeddable":true,"href":"https:\/\/compuimpresion.com.co\/portal\/wp-json\/wp\/v2\/product_brand?post=6195"},{"taxonomy":"product_cat","embeddable":true,"href":"https:\/\/compuimpresion.com.co\/portal\/wp-json\/wp\/v2\/product_cat?post=6195"},{"taxonomy":"product_tag","embeddable":true,"href":"https:\/\/compuimpresion.com.co\/portal\/wp-json\/wp\/v2\/product_tag?post=6195"}],"curies":[{"name":"wp","href":"https:\/\/api.w.org\/{rel}","templated":true}]}}