{"id":6185,"date":"2025-04-11T17:40:18","date_gmt":"2025-04-11T22:40:18","guid":{"rendered":"https:\/\/compuimpresion.com.co\/portal\/?post_type=product&#038;p=6185"},"modified":"2025-07-29T15:47:53","modified_gmt":"2025-07-29T20:47:53","slug":"epson-tm-l90","status":"publish","type":"product","link":"https:\/\/compuimpresion.com.co\/portal\/productos\/epson-tm-l90\/","title":{"rendered":"Epson TM-L90"},"content":{"rendered":"<ul>\n<li><strong><u>Tecnolog\u00eda de impresi\u00f3n:<\/u><\/strong><\/li>\n<\/ul>\n<p>&nbsp;<\/p>\n<p>M\u00e9todo de impresi\u00f3n: Impresi\u00f3n t\u00e9rmica directa<\/p>\n<p>Velocidad de impresi\u00f3n:<\/p>\n<p>Recibos: Hasta 150 mm\/segundo (aproximadamente 38 l\u00edneas por segundo)<\/p>\n<p>Etiquetas: Hasta 90 mm\/segundo<\/p>\n<p>Resoluci\u00f3n de Impresi\u00f3n: 203 x 203 ppp (8 puntos\/mm)<\/p>\n<p>Caracter\u00edsticas del papel:<\/p>\n<p>&nbsp;<\/p>\n<ul>\n<li><strong><u>Tipo de papel:<\/u><\/strong><\/li>\n<\/ul>\n<p>&nbsp;<\/p>\n<p>Recibos: Papel t\u00e9rmico en rollo<\/p>\n<p>Etiquetas: Etiquetas t\u00e9rmicas en rollo o plegadas<\/p>\n<p>&nbsp;<\/p>\n<p><strong>Ancho del Papel<\/strong>:<\/p>\n<p>&nbsp;<\/p>\n<p>Recibos: 57,5 \u200b\u200b\u00b1 0,5 mm o 80 \u00b1 0,5 mm (seleccionable mediante un espaciador)<\/p>\n<p>Etiquetas: 25 &#8211; 80 mm<\/p>\n<p><strong>Di\u00e1metro M\u00e1ximo del Rollo<\/strong>: Hasta 83 mm<\/p>\n<p><strong>Grosor del papel<\/strong>: 0,06 a 0,15 mm<\/p>\n<p>&nbsp;<\/p>\n<p><strong><u>Interfaces:<\/u><\/strong><\/p>\n<p>&nbsp;<\/p>\n<p><strong>Conectividad Est\u00e1ndar:<\/strong>RS-232, Bidireccional paralelo, opciones: RS-485, USB, l\u00ednea Connect<\/p>\n<p>Funciones:<\/p>\n<p>&nbsp;<\/p>\n<p><strong>Corte de Papel:<\/strong><\/p>\n<p><strong>\u00a0<\/strong><\/p>\n<p>Cortador autom\u00e1tico (completo o parcial) con una vida \u00fatil de al menos 1,5 millones de cortes.<\/p>\n<p>Sensores:<\/p>\n<p>Fin de papel<\/p>\n<p>Tapa abierta<\/p>\n<p>Marca negra (para impresi\u00f3n de etiquetas)<\/p>\n<p>Fuentes:<\/p>\n<p>Fuentes Alfanum\u00e9ricas: 9 x 17 \/ 12 x 24 puntos\/car\u00e1cter<\/p>\n<p>Fuentes Kanji: 24 x 24 puntos\/car\u00e1cter<\/p>\n<p>C\u00f3digos de barras:<\/p>\n<p>1D: UPC-A, UPC-E, JAN13(EAN13), JAN8(EAN8), CODE39, ITF, CODABAR(NW-7), CODE93, CODE128, GS1-128(UCC\/EAN128), GS1 DataBar<\/p>\n<p>2D: PDF417, C\u00f3digo QR, Matriz de datos, MaxiCode, GS1 DataBar apilado, GS1 DataBar compuesto<\/p>\n<p>Gr\u00e1ficos: Soporte para impresi\u00f3n de logotipos y gr\u00e1ficos definidos por el usuario.<\/p>\n<p>Buffer de Datos: 45 bytes o 4KB (dependiendo del modelo)<\/p>\n<p>Mapa de bits NV: 256 KB (para almacenamiento de logotipos)<\/p>\n<p>Fiabilidad:<\/p>\n<p>&nbsp;<\/p>\n<p>MTBF (Tiempo medio entre fallos): 360.000 horas<\/p>\n<p>Vida \u00fatil del cabezal de impresi\u00f3n: 150 km<\/p>\n<p>Vida \u00fatil del cortador autom\u00e1tico: 1,5 millones de cortes<\/p>\n<p>Alimentaci\u00f3n:<\/p>\n<p>&nbsp;<\/p>\n<p>Adaptador de CA: Interno o externo (dependiendo del modelo)<\/p>\n<p>Voltaje de entrada: CA 100 V &#8211; 240 V<\/p>\n<p>Frecuencia: 50 &#8211; 60 Hz<\/p>\n<p>Caracter\u00edsticas F\u00edsicas:<\/p>\n<p>&nbsp;<\/p>\n<p><strong>Dimensiones Producto<\/strong><\/p>\n<ul>\n<li>Ancho:14 cm<\/li>\n<li>Profundidad:14.5cm<\/li>\n<li>Alto:19.5 cm<\/li>\n<\/ul>\n<p><strong>Dimensiones Empaque <\/strong><\/p>\n<ul>\n<li>Ancho:25 cm<\/li>\n<li>Profundidad:19 cm<\/li>\n<li>Alto:23 cm<\/li>\n<\/ul>\n<p>&nbsp;<\/p>\n<p>Peso: Aproximadamente 1,7 kg<\/p>\n<p><strong>CONTENIDO DEL EMPAQUE:<\/strong> Impresora Epson TM-L90\/Fuente de alimentaci\u00f3n (Adaptador de CA\/Cable de alimentaci\u00f3n:\/Rollo de papel de inicio\/Gu\u00eda de inicio r\u00e1pido \/ Manual de instalaci\u00f3n\/\/CD-ROM<\/p>\n<p>&nbsp;<\/p>\n<p>SKU: 1722 \/ SERIAL: TPLF048462<\/p>\n","protected":false},"excerpt":{"rendered":"<p>Epson TM-L90 es la compacta impresora t\u00e9rmica de etiquetas de Epson que tambi\u00e9n resulta perfecta para la impresi\u00f3n de c\u00f3digos de barras. Este modelo mejora sin esfuerzo la productividad de las oficinas de correos, farmacias, supermercados y otros negocios. Puedes imprimir f\u00e1cilmente en distintos tipos de papel de etiquetas y de recibos, y en una gama de tama\u00f1os, gracias al cortador ajustable<\/p>\n","protected":false},"featured_media":6189,"comment_status":"closed","ping_status":"closed","template":"","meta":{"inline_featured_image":false},"pwb-brand":[125],"product_brand":[],"product_cat":[1253],"product_tag":[1434,146,1225,1231],"class_list":{"0":"post-6185","1":"product","2":"type-product","3":"status-publish","4":"has-post-thumbnail","6":"pwb-brand-epson","7":"product_cat-solucion-pos","8":"product_tag-impres","9":"product_tag-impresora","10":"product_tag-impresora-termica","11":"product_tag-impresora-termica-digitalpos","13":"first","14":"outofstock","15":"sale","16":"taxable","17":"shipping-taxable","18":"purchasable","19":"product-type-simple"},"brands":[{"id":125,"name":"Epson","slug":"epson"}],"_links":{"self":[{"href":"https:\/\/compuimpresion.com.co\/portal\/wp-json\/wp\/v2\/product\/6185","targetHints":{"allow":["GET"]}}],"collection":[{"href":"https:\/\/compuimpresion.com.co\/portal\/wp-json\/wp\/v2\/product"}],"about":[{"href":"https:\/\/compuimpresion.com.co\/portal\/wp-json\/wp\/v2\/types\/product"}],"replies":[{"embeddable":true,"href":"https:\/\/compuimpresion.com.co\/portal\/wp-json\/wp\/v2\/comments?post=6185"}],"wp:featuredmedia":[{"embeddable":true,"href":"https:\/\/compuimpresion.com.co\/portal\/wp-json\/wp\/v2\/media\/6189"}],"wp:attachment":[{"href":"https:\/\/compuimpresion.com.co\/portal\/wp-json\/wp\/v2\/media?parent=6185"}],"wp:term":[{"taxonomy":"pwb-brand","embeddable":true,"href":"https:\/\/compuimpresion.com.co\/portal\/wp-json\/wp\/v2\/pwb-brand?post=6185"},{"taxonomy":"product_brand","embeddable":true,"href":"https:\/\/compuimpresion.com.co\/portal\/wp-json\/wp\/v2\/product_brand?post=6185"},{"taxonomy":"product_cat","embeddable":true,"href":"https:\/\/compuimpresion.com.co\/portal\/wp-json\/wp\/v2\/product_cat?post=6185"},{"taxonomy":"product_tag","embeddable":true,"href":"https:\/\/compuimpresion.com.co\/portal\/wp-json\/wp\/v2\/product_tag?post=6185"}],"curies":[{"name":"wp","href":"https:\/\/api.w.org\/{rel}","templated":true}]}}