{"id":6174,"date":"2025-04-10T14:27:11","date_gmt":"2025-04-10T19:27:11","guid":{"rendered":"https:\/\/compuimpresion.com.co\/portal\/?post_type=product&#038;p=6174"},"modified":"2025-04-10T15:19:13","modified_gmt":"2025-04-10T20:19:13","slug":"mercusys-mr50g-router-inalambrico-dual-band-ac1900-gigabit","status":"publish","type":"product","link":"https:\/\/compuimpresion.com.co\/portal\/productos\/mercusys-mr50g-router-inalambrico-dual-band-ac1900-gigabit\/","title":{"rendered":"MERCUSYS MR50G ROUTER INAL\u00c1MBRICO DUAL BAND AC1900 GIGABIT"},"content":{"rendered":"<p><strong><u>ESPECIFICACIONES<\/u><\/strong><\/p>\n<p><strong><u>\u00a0<\/u><\/strong><\/p>\n<p>Condici\u00f3n Producto Nuevo<\/p>\n<p>Marca Mercusys<\/p>\n<p>Modelo MR50G<\/p>\n<p>Tipo Router Wifi<\/p>\n<p>Color Negro<\/p>\n<p>&nbsp;<\/p>\n<p><strong><u>CARACTER\u00cdSTICAS<\/u><\/strong><\/p>\n<p><strong><u>\u00a0<\/u><\/strong><\/p>\n<p>Velocidades de banda dual AC1900<\/p>\n<p>Cobertura de gran alcance : 6 antenas de alta ganancia con Beamforming<\/p>\n<p>Puertos Gigabit aproveche al m\u00e1ximo y transfiera datos a alta velocidad<\/p>\n<p>MU-MIMO permite que MR50G se comunique con m\u00faltiples dispositivos al mismo tiempo,<\/p>\n<p>Smart Connect : elige de forma inteligente la mejor banda disponible para cada dispositivo<\/p>\n<p>&nbsp;<\/p>\n<p><strong><u>PUERTOS<\/u><\/strong><\/p>\n<p><strong><u>\u00a0<\/u><\/strong><\/p>\n<p>1 puerto WAN Gigabit<\/p>\n<p>2 puertos LAN Gigabit<\/p>\n<p>&nbsp;<\/p>\n<p><strong><u>DETALLES<\/u><\/strong><\/p>\n<p><strong><u>\u00a0<\/u><\/strong><\/p>\n<p>Frecuencia 2,4 \u2013 2,5 GHz, 5,15 \u2013 5,35 GHz<\/p>\n<p>Antenas 6 Antenas omni-direccionales de 5dBi<\/p>\n<p>Botones WPS\/RESET<\/p>\n<p>Est\u00e1ndares inal\u00e1mbricos: IEEE 802.11a \/ n \/ ac 5 GHz, IEEE 802.11b \/ g \/ n 2,4 GHz<\/p>\n<p>Tasa de se\u00f1al 600 Mbps a 2,4 GHz, 1300 Mbps a 5 GHz<\/p>\n<p>Funciones inal\u00e1mbricas Activar \/ desactivar radio inal\u00e1mbrica, estad\u00edsticas inal\u00e1mbricas<\/p>\n<p>Seguridad inal\u00e1mbrica WPA-PSK \/ WPA2-PSK<\/p>\n<p>Tipo de WAN IP din\u00e1mica \/ IP est\u00e1tica \/ PPPoE\/ PPTP \/ L2TP<\/p>\n<p>DHCP Servidor<\/p>\n<p>Reenv\u00edo de puertos Servidor virtual, UPnP, DMZ<\/p>\n<p>Seguridad del cortafuegos Enlace de direcciones IP y MAC<\/p>\n<p>Protocolos IPv4, IPv6<\/p>\n<ul>\n<li>Poder de transmisi\u00f3n<\/li>\n<\/ul>\n<p>CE: &lt;20dBm (2.4GHz), &lt;23dBm (5.15 \u2013 5.25GHz)<\/p>\n<p>FCC: &lt;30dBm (2.4 GHz y 5GHz)<\/p>\n<ul>\n<li>Red de invitados<\/li>\n<\/ul>\n<p>Red de invitados de 2,4 GHz,<\/p>\n<p>Red de invitados de 5 GHz<\/p>\n<p>&nbsp;<\/p>\n<p><strong><u>SENSIBILIDAD DE RECEPCION<\/u><\/strong><\/p>\n<p><strong><u>\u00a0<\/u><\/strong><\/p>\n<ul>\n<li>5 GHz:<\/li>\n<\/ul>\n<p>11a 6Mbps: -98dBm, 11a 54M: -78dBm<\/p>\n<p>11ac VHT20_MCS0: -98dBm, 11ac VHT20_MCS8: -72dBm<\/p>\n<p>11ac VHT40_MCS0: -92dBm, 11ac VHT40_MCS9: -68dBm<\/p>\n<p>11ac VHT80_MCS0: -89dBm, 11ac VHT80_MCS9: -64dBm<\/p>\n<ul>\n<li>2,4 GHz:<\/li>\n<\/ul>\n<p>11g 6Mbps: -97dBm, 11a 54M: -77dBm<\/p>\n<p>11n VHT20_MCS0: -97dBm, 11n VHT20_MCS8: -72dBm<\/p>\n<p>11n VHT40_MCS0: -92dBm, 11n VHT40_MCS9: -67dBm<\/p>\n<p>&nbsp;<\/p>\n<p><strong>ADMINISTRACION<\/strong><\/p>\n<p><strong>\u00a0<\/strong><\/p>\n<p>Control de acceso<\/p>\n<p>Gesti\u00f3n local<\/p>\n<p>Gesti\u00f3n remota<\/p>\n<p>&nbsp;<\/p>\n<p><strong>TEMPERATURA<\/strong><\/p>\n<p>&nbsp;<\/p>\n<p>Temperatura Operaci\u00f3n 0 grados C ~40C (32 grados F~104 grados F)<\/p>\n<p>Temperatura Almacenamiento: -40 grados C ~70 grados C (-40 grados F~158 grados F)<\/p>\n<p>Humedad Operaci\u00f3n: 10% ~ 90% sin condensaci\u00f3n<\/p>\n<p>Humedad Almacenamiento: 5%~90% sin condensaci\u00f3n<\/p>\n<p>&nbsp;<\/p>\n<p><strong>CERTIFICACIONES CE, ROHS<\/strong><\/p>\n<p>&nbsp;<\/p>\n<p>DIMENSIONES(WXDXH)<\/p>\n<p>175,6 x 157,2 x 45 mm<\/p>\n<p>&nbsp;<\/p>\n<p><strong>CONTENIDO DE lA CAJA<\/strong><\/p>\n<p>Router<\/p>\n<p>Adaptador de corriente<\/p>\n<p>Gu\u00eda de Instalaci\u00f3n R\u00e1pida<\/p>\n<p>Cable de ethernet<\/p>\n<p>&nbsp;<\/p>\n<p>___________DESCRIPCION ADICIONAL ______________<\/p>\n<p>&nbsp;<\/p>\n<p>Velocidades ultrarr\u00e1pidas para todos los dispositivos<\/p>\n<p>Velocidades WiFi simult\u00e1neas de hasta 1900 Mbps<\/p>\n<p>A medida que los servicios de banda ancha contin\u00faan desarroll\u00e1ndose, su enrutador WiFi tambi\u00e9n debe actualizarse. El enrutador convencional m\u00e1s nuevo est\u00e1 listo para usted. Cumpliendo con el poderoso est\u00e1ndar 802.11ac, MR50G ofrece velocidades de hasta 1900 Mbps (600 Mbps en 2.4 GHz, 1300 Mbps en 5 GHz) para que todas sus PC, tel\u00e9fonos inteligentes y cajas de TV funcionen lo m\u00e1s r\u00e1pido posible. Disfrute de entretenimiento ininterrumpido y transmisi\u00f3n 4K fluida sin retrasos.<\/p>\n<p>&nbsp;<\/p>\n<p>Mantente conectado en todas partes<\/p>\n<p>Potentes antenas de alta ganancia con formaci\u00f3n de haces<\/p>\n<p>6 \u00d7 antenas externas potentes de alta ganancia armadas con tecnolog\u00eda de vanguardia brindan se\u00f1ales potentes en toda su casa. Beamforming detecta sus dispositivos conectados y concentra la fuerza de la se\u00f1al inal\u00e1mbrica hacia ellos, haciendo que sus conexiones sean m\u00e1s estables. Disfruta de una conexi\u00f3n WiFi r\u00e1pida y estable donde quieras.<\/p>\n<p>&nbsp;<\/p>\n<p>M\u00e1s dispositivos conectados simult\u00e1neamente<\/p>\n<p>Aumenta el rendimiento de la red sin reemplazar sus PC, tel\u00e9fonos inteligentes<\/p>\n<p>Un enrutador tradicional tiene que poner en cola sus dispositivos cuando hay varias conexiones en una red al mismo tiempo, lo que provoca una congesti\u00f3n generalizada en la red. Sin embargo, con la tecnolog\u00eda MU-MIMO, MR50G se comunica con varios dispositivos al mismo tiempo para reducir el tiempo de espera y hacer que su red sea m\u00e1s eficiente.<\/p>\n<p>&nbsp;<\/p>\n<p>Conexi\u00f3n inteligente Combina dos bandas en unaSmart Connect<\/p>\n<p>Combina las bandas de 2,4 GHz y 5 GHz en un solo SSID WiFi y ayuda a sus dispositivos a elegir de forma inteligente la mejor banda disponible que tenga la se\u00f1al m\u00e1s fuerte y la velocidad m\u00e1s r\u00e1pida. Esto mantiene sus dispositivos siempre funcionando de manera \u00f3ptima cuando camina por su casa.<\/p>\n<p>&nbsp;<\/p>\n<p>Juego Escritorio HDTV 4K Computadora En<\/p>\n<p>Conexiones por cable s\u00faper r\u00e1pidas<\/p>\n<p>Hace un uso completo de su acceso a Internet<\/p>\n<p>Equipado con puertos gigabit completos que son 10 veces m\u00e1s r\u00e1pidos que los puertos Ethernet, MR50G transfiere datos a velocidades vertiginosas para un rendimiento m\u00e1ximo. Conecte sus PC, IPTV y consolas de juegos a MR50G para una estabilidad s\u00f3lida.<\/p>\n<p>&nbsp;<\/p>\n<p>EAN: 0840030702457<\/p>\n<p>SKU: 2727<\/p>\n","protected":false},"excerpt":{"rendered":"<p>A medida que los servicios de banda ancha contin\u00faan desarroll\u00e1ndose, su enrutador WiFi tambi\u00e9n debe actualizarse. El enrutador convencional m\u00e1s nuevo est\u00e1 listo para usted. Cumpliendo con el poderoso est\u00e1ndar 802.11ac, MR50G ofrece velocidades de hasta 1900 Mbps (600 Mbps en 2.4 GHz, 1300 Mbps en 5 GHz) para que todas sus PC, tel\u00e9fonos inteligentes y cajas de TV funcionen lo m\u00e1s r\u00e1pido posible. Disfrute de entretenimiento ininterrumpido y transmisi\u00f3n 4K fluida sin retrasos.<\/p>\n<p>Un enrutador tradicional tiene que poner en cola sus dispositivos cuando hay varias conexiones en una red al mismo tiempo, lo que provoca una congesti\u00f3n generalizada en la red. Sin embargo, con la tecnolog\u00eda MU-MIMO, MR50G se comunica con varios dispositivos al mismo tiempo para reducir el tiempo de espera y hacer que su red sea m\u00e1s eficiente.<\/p>\n","protected":false},"featured_media":6182,"comment_status":"closed","ping_status":"closed","template":"","meta":{"inline_featured_image":false},"pwb-brand":[1422],"product_brand":[],"product_cat":[1279],"product_tag":[1431,1428,1424,1429,1427,1423,1426,1433,1328,1432,1425,357,1430],"class_list":{"0":"post-6174","1":"product","2":"type-product","3":"status-publish","4":"has-post-thumbnail","6":"pwb-brand-mercusys","7":"product_cat-router-y-extensores","8":"product_tag-amazon-eero","9":"product_tag-d-link","10":"product_tag-enrutador","11":"product_tag-google-nest-wifi","12":"product_tag-linksys","13":"product_tag-mercusys","14":"product_tag-netgear","15":"product_tag-repetidor-dual-band","16":"product_tag-tp-link","17":"product_tag-ubiquiti-networks-unifi","18":"product_tag-wi-fi-de-banda-dual","19":"product_tag-wifi","20":"product_tag-xiaomi-mi","22":"first","23":"instock","24":"sale","25":"taxable","26":"shipping-taxable","27":"purchasable","28":"product-type-simple"},"brands":[{"id":1422,"name":"MERCUSYS","slug":"mercusys"}],"_links":{"self":[{"href":"https:\/\/compuimpresion.com.co\/portal\/wp-json\/wp\/v2\/product\/6174","targetHints":{"allow":["GET"]}}],"collection":[{"href":"https:\/\/compuimpresion.com.co\/portal\/wp-json\/wp\/v2\/product"}],"about":[{"href":"https:\/\/compuimpresion.com.co\/portal\/wp-json\/wp\/v2\/types\/product"}],"replies":[{"embeddable":true,"href":"https:\/\/compuimpresion.com.co\/portal\/wp-json\/wp\/v2\/comments?post=6174"}],"wp:featuredmedia":[{"embeddable":true,"href":"https:\/\/compuimpresion.com.co\/portal\/wp-json\/wp\/v2\/media\/6182"}],"wp:attachment":[{"href":"https:\/\/compuimpresion.com.co\/portal\/wp-json\/wp\/v2\/media?parent=6174"}],"wp:term":[{"taxonomy":"pwb-brand","embeddable":true,"href":"https:\/\/compuimpresion.com.co\/portal\/wp-json\/wp\/v2\/pwb-brand?post=6174"},{"taxonomy":"product_brand","embeddable":true,"href":"https:\/\/compuimpresion.com.co\/portal\/wp-json\/wp\/v2\/product_brand?post=6174"},{"taxonomy":"product_cat","embeddable":true,"href":"https:\/\/compuimpresion.com.co\/portal\/wp-json\/wp\/v2\/product_cat?post=6174"},{"taxonomy":"product_tag","embeddable":true,"href":"https:\/\/compuimpresion.com.co\/portal\/wp-json\/wp\/v2\/product_tag?post=6174"}],"curies":[{"name":"wp","href":"https:\/\/api.w.org\/{rel}","templated":true}]}}