{"id":6163,"date":"2025-04-03T17:09:02","date_gmt":"2025-04-03T22:09:02","guid":{"rendered":"https:\/\/compuimpresion.com.co\/portal\/?post_type=product&#038;p=6163"},"modified":"2026-02-24T18:44:44","modified_gmt":"2026-02-24T23:44:44","slug":"samsung-galaxy-tab-a9-87-wi-fi-graphite-grafito-8-ram-128-gb","status":"publish","type":"product","link":"https:\/\/compuimpresion.com.co\/portal\/productos\/samsung-galaxy-tab-a9-87-wi-fi-graphite-grafito-8-ram-128-gb\/","title":{"rendered":"SAMSUNG Galaxy Tab A9 (8,7&#8243; Wi-Fi) (GRAPHITE) Grafito 8 RAM -128 GB"},"content":{"rendered":"<p><strong>ESPECIFICACIONES<\/strong><\/p>\n<p><strong>PANTALLA<\/strong><\/p>\n<ul>\n<li><strong>Tama\u00f1o:<\/strong> 8,7&#8243; (220,5 mm)<\/li>\n<li><strong>Resoluci\u00f3n: <\/strong>1340 x 800 (WXGA+)<\/li>\n<li><strong>Tecnolog\u00eda: <\/strong>TFT<\/li>\n<li><strong>Profundidad de color: <\/strong>16 millones<\/li>\n<\/ul>\n<p><strong>PROCESADOR<\/strong><\/p>\n<ul>\n<li><strong>Tipo: <\/strong>Octa-Core<\/li>\n<li><strong>Velocidad:<\/strong> 2,2 GHz, 2 GHz<\/li>\n<\/ul>\n<p><strong>MEMORIA Y ALMACENAMIENTO<\/strong><\/p>\n<ul>\n<li><strong>RAM: <\/strong>8 GB<\/li>\n<li><strong>Almacenamiento: <\/strong>128GB<\/li>\n<li><strong>Almacenamiento externo: <\/strong>MicroSD (hasta 1 TB)<\/li>\n<\/ul>\n<p><strong>C\u00c1MARA<\/strong><\/p>\n<ul>\n<li><strong>C\u00e1mara trasera:<\/strong> 8.0 MP, enfoque autom\u00e1tico, sin flash<\/li>\n<li><strong>C\u00e1mara frontal:<\/strong> 2.0 MP<\/li>\n<li><strong>Resoluci\u00f3n de grabaci\u00f3n de v\u00eddeo: <\/strong>FHD (1920 x 1080) a 30 fps<\/li>\n<\/ul>\n<p>&nbsp;<\/p>\n<p>&nbsp;<\/p>\n<p><strong>AUDIO Y V\u00cdDEO<\/strong><\/p>\n<ul>\n<li><strong>Formatos de reproducci\u00f3n de v\u00eddeo:<\/strong> MP4, M4V, 3GP, 3G2, AVI, FLV, MKV, WEBM<\/li>\n<li><strong>Resoluci\u00f3n de reproducci\u00f3n de v\u00eddeo:<\/strong> FHD (1920 x 1080) a 60 fps<\/li>\n<li><strong>Formatos de reproducci\u00f3n de audio:<\/strong> MP3, M4A, 3GA, AAC, OGG, OGA, WAV, AMR, AWB, FLAC, MID, MIDI, XMF, MXMF, IMY, RTTTL, RTX, OTA<sup>1<\/sup><\/li>\n<li><strong>Earjack:<\/strong> Est\u00e9reo de 3,5 mm<\/li>\n<\/ul>\n<p><strong>CONECTIVIDAD<\/strong><\/p>\n<ul>\n<li><strong>Wi-Fi:<\/strong> 802.11 a\/b\/g\/n\/ac 2,4 G+5 GHz, VHT80<\/li>\n<li><strong>Wi-Fi Direct:<\/strong> S\u00ed<\/li>\n<li><strong>Bluetooth:<\/strong> Versi\u00f3n 5.3, perfiles A2DP, AVRCP, DI, HID, HOGP, OPP, PAN<\/li>\n<li><strong>USB:<\/strong> Versi\u00f3n 2.0<\/li>\n<li><strong>Tecnolog\u00eda de ubicaci\u00f3n:<\/strong> GPS, Glonass, Beidou, Galileo, QZSS<\/li>\n<li><strong>NFC:<\/strong> No<\/li>\n<li><strong>MHL:<\/strong> No<\/li>\n<li><strong>Sincronizaci\u00f3n de PC:<\/strong> Smart Switch (versi\u00f3n para PC)<\/li>\n<\/ul>\n<p><strong>SENSORES<\/strong><\/p>\n<ul>\n<li>Aceler\u00f3metro<\/li>\n<li>Sensor geomagn\u00e9tico<\/li>\n<li>Sensor de luz<\/li>\n<li>Sensor de proximidad<\/li>\n<\/ul>\n<p><strong>BATER\u00cdA<\/strong><\/p>\n<ul>\n<li><strong>Capacidad:<\/strong> 5100 mAh (t\u00edpica)<\/li>\n<li><strong>Desmontable:<\/strong> No<\/li>\n<\/ul>\n<p><strong>SISTEMA OPERATIVO<\/strong><\/p>\n<ul>\n<li>Androide<\/li>\n<\/ul>\n<p><strong>SERVICIOS Y APLICACIONES<\/strong><\/p>\n<ul>\n<li>Compatibilidad con dispositivos Galaxy Buds (2 Pro, Pro, Live, +, 2)<\/li>\n<li>Televisi\u00f3n m\u00f3vil: No<\/li>\n<\/ul>\n<p><strong>ESPECIFICACIONES F\u00cdSICAS<\/strong><\/p>\n<ul>\n<li><strong>Dimensiones (alto x ancho x profundidad):<\/strong> 211,0 x 124,7 x 8,0 mm<\/li>\n<li>Dimensiones producto empaque (alto x ancho x profundidad): 21.7 cm x 13cm x 3 cm<\/li>\n<li><strong>Peso:<\/strong> 332 g<\/li>\n<\/ul>\n<p>EAN:8806095429977<\/p>\n<p>SKU:1498<\/p>\n","protected":false},"excerpt":{"rendered":"<p>La Galaxy Tab A9 de 8.7&#8243; en elegante grafito y con 128 GB de almacenamiento es la compa\u00f1era perfecta para quienes buscan portabilidad y rendimiento en un solo dispositivo. Su pantalla vibrante te sumerge en tus contenidos favoritos, mientras que su procesador Octa-Core garantiza una experiencia fluida, ya sea para trabajar, jugar o disfrutar de multimedia. Con 8GB de RAM, la multitarea es \u00e1gil y sin interrupciones, y el almacenamiento expandible te permite llevar contigo todo lo que necesitas. Su dise\u00f1o ligero y compacto la hace ideal para llevarla a donde quieras, y su bater\u00eda de larga duraci\u00f3n te acompa\u00f1a durante todo el d\u00eda. Disfruta de un sonido envolvente con sus altavoces duales y captura tus momentos especiales con su c\u00e1mara de 8MP. La Galaxy Tab A9 no es solo una tableta, es tu centro de entretenimiento personal y una herramienta poderosa en un dise\u00f1o que cabe en tu mano.<\/p>\n","protected":false},"featured_media":6170,"comment_status":"closed","ping_status":"closed","template":"","meta":{"inline_featured_image":false},"pwb-brand":[127],"product_brand":[],"product_cat":[1411,1421],"product_tag":[],"class_list":{"0":"post-6163","1":"product","2":"type-product","3":"status-publish","4":"has-post-thumbnail","6":"pwb-brand-samsung","7":"product_cat-dispositivo-movil","8":"product_cat-tab-a9-8-ram-128-gb-graphite","10":"first","11":"outofstock","12":"sale","13":"taxable","14":"shipping-taxable","15":"purchasable","16":"product-type-simple"},"brands":[{"id":127,"name":"Samsung","slug":"samsung"}],"_links":{"self":[{"href":"https:\/\/compuimpresion.com.co\/portal\/wp-json\/wp\/v2\/product\/6163","targetHints":{"allow":["GET"]}}],"collection":[{"href":"https:\/\/compuimpresion.com.co\/portal\/wp-json\/wp\/v2\/product"}],"about":[{"href":"https:\/\/compuimpresion.com.co\/portal\/wp-json\/wp\/v2\/types\/product"}],"replies":[{"embeddable":true,"href":"https:\/\/compuimpresion.com.co\/portal\/wp-json\/wp\/v2\/comments?post=6163"}],"wp:featuredmedia":[{"embeddable":true,"href":"https:\/\/compuimpresion.com.co\/portal\/wp-json\/wp\/v2\/media\/6170"}],"wp:attachment":[{"href":"https:\/\/compuimpresion.com.co\/portal\/wp-json\/wp\/v2\/media?parent=6163"}],"wp:term":[{"taxonomy":"pwb-brand","embeddable":true,"href":"https:\/\/compuimpresion.com.co\/portal\/wp-json\/wp\/v2\/pwb-brand?post=6163"},{"taxonomy":"product_brand","embeddable":true,"href":"https:\/\/compuimpresion.com.co\/portal\/wp-json\/wp\/v2\/product_brand?post=6163"},{"taxonomy":"product_cat","embeddable":true,"href":"https:\/\/compuimpresion.com.co\/portal\/wp-json\/wp\/v2\/product_cat?post=6163"},{"taxonomy":"product_tag","embeddable":true,"href":"https:\/\/compuimpresion.com.co\/portal\/wp-json\/wp\/v2\/product_tag?post=6163"}],"curies":[{"name":"wp","href":"https:\/\/api.w.org\/{rel}","templated":true}]}}