{"id":6149,"date":"2025-04-02T18:03:32","date_gmt":"2025-04-02T23:03:32","guid":{"rendered":"https:\/\/compuimpresion.com.co\/portal\/?post_type=product&#038;p=6149"},"modified":"2025-07-29T15:49:29","modified_gmt":"2025-07-29T20:49:29","slug":"samsung-galaxy-tab-a9-87-wi-fi-silver-64-gb","status":"publish","type":"product","link":"https:\/\/compuimpresion.com.co\/portal\/productos\/samsung-galaxy-tab-a9-87-wi-fi-silver-64-gb\/","title":{"rendered":"SAMSUNG GALAXY TAB A9 (8,7&#8243; WI-FI) SILVER  64 GB"},"content":{"rendered":"<p>Especificaciones<\/p>\n<p><strong>\u00a0<\/strong><\/p>\n<ul>\n<li><strong>Tama\u00f1o: <\/strong>8,7 pulgadas<\/li>\n<li><strong>Resoluci\u00f3n: <\/strong>1340 x 800 (WXGA+)<\/li>\n<li><strong>Tipo: <\/strong>TFT LCD<\/li>\n<li><strong>Frecuencia de actualizaci\u00f3n: <\/strong>60 Hz.<\/li>\n<li><strong>Procesador:<\/strong><\/li>\n<\/ul>\n<p>MediaTek MT8781 de ocho n\u00facleos<\/p>\n<ul>\n<li><strong>Memoria:<\/strong><\/li>\n<\/ul>\n<p><strong>RAM<\/strong>: 4 GB<strong>\u00a0\u00a0 <\/strong><\/p>\n<ul>\n<li><strong>Almacenamiento: <\/strong>64 GB<\/li>\n<li><strong>Almacenamiento expandible: <\/strong>microSD (hasta 1TB)<\/li>\n<li><strong>C\u00e1mara:<\/strong><\/li>\n<\/ul>\n<p>Trasera: 8MP<\/p>\n<p>Frontal: 2MP<\/p>\n<ul>\n<li><strong>Grabaci\u00f3n de video: <\/strong>FHD (1920 x 1080) a 30 fps.<\/li>\n<li><strong>Bater\u00eda:<\/strong><\/li>\n<\/ul>\n<p>Capacidad: 5100 mAh<\/p>\n<p>Carga r\u00e1pida: 15 W<\/p>\n<ul>\n<li><strong>Conectividad:<\/strong><\/li>\n<\/ul>\n<p>Wi-Fi 5<\/p>\n<p>Bluetooth 5.3<\/p>\n<p><strong>USB-C\u00a0\u00a0 <\/strong><\/p>\n<p>conector para auriculares de 3,5 mm<\/p>\n<p>Conectividad celular LTE disponible en algunos modelos.<\/p>\n<ul>\n<li><strong>Sistema operativo:<\/strong><\/li>\n<\/ul>\n<p>Androide 13<\/p>\n<ul>\n<li><strong>Audio:<\/strong><\/li>\n<li>Altavoces duales<\/li>\n<\/ul>\n<p>Compatibilidad con Dolby Atmos.<\/p>\n<ul>\n<li><strong>Dimensiones y peso:<\/strong><\/li>\n<\/ul>\n<p>Dimensiones: 211 x 124,7 x 8 mm<\/p>\n<p>Dimensiones producto: 211 x 124,7 x 8 mm<\/p>\n<p>Dimensiones producto empaque (alto x ancho x profundidad): 21.7 cm x 13cm x 3 cm<\/p>\n<p><strong>Peso: 332 g<\/strong><\/p>\n<p><strong>EAN:8806095429984<\/strong><\/p>\n<p><strong>SKU:<\/strong> 1496<strong>\u00a0\u00a0 <\/strong><\/p>\n","protected":false},"excerpt":{"rendered":"<p>\u00abImagina un mundo donde la portabilidad y el entretenimiento se fusionan en un dise\u00f1o elegante y compacto. La Galaxy Tab A9 te ofrece precisamente eso: una pantalla vibrante de 8.7 pulgadas que da vida a tus pel\u00edculas, series y juegos favoritos, mientras que su ligereza te permite llevarla contigo a donde quieras. Con 64GB de almacenamiento, ampliables hasta 1TB, tendr\u00e1s espacio de sobra para tus recuerdos y aplicaciones. Y, gracias a su bater\u00eda de larga duraci\u00f3n, podr\u00e1s disfrutar de horas de sin interrupciones. La Galaxy Tab A9 no es solo una tableta, es tu ventana a un mundo de posibilidades.\u00bb<\/p>\n<p>&nbsp;<\/p>\n<p>\u00bfBuscas un dispositivo que se adapta a tu ritmo de vida? La Galaxy Tab A9 es la respuesta. Su procesador Octa-Core garantiza un rendimiento fluido y eficiente, ideal para la multitarea y el consumo de contenido multimedia. Captura tus momentos especiales con su c\u00e1mara trasera de 8MP y realiza videollamadas n\u00edtidas con la c\u00e1mara frontal de 2MP. Y, con el sonido envolvente de Dolby Atmos, cada nota y cada di\u00e1logo cobrar\u00e1n combinaci\u00f3n. No esperes m\u00e1s para experimentar la perfecta de estilo, rendimiento y vida. portabilidad. La Galaxy Tab A9 te est\u00e1 esperando.\u00bb<\/p>\n","protected":false},"featured_media":6150,"comment_status":"closed","ping_status":"closed","template":"","meta":{"inline_featured_image":false},"pwb-brand":[127],"product_brand":[],"product_cat":[1411,1412],"product_tag":[531,1414,1415,1419,1416,1417,1418,1413],"class_list":{"0":"post-6149","1":"product","2":"type-product","3":"status-publish","4":"has-post-thumbnail","6":"pwb-brand-samsung","7":"product_cat-dispositivo-movil","8":"product_cat-tablet-64-gb","9":"product_tag-tablet","10":"product_tag-tablet-8-pulgadas","11":"product_tag-tablet-android","12":"product_tag-tablet-barata","13":"product_tag-tablet-en-oferta","14":"product_tag-tablet-para-estudiar","15":"product_tag-tablet-para-trabajar","16":"product_tag-tablet-samsung","18":"first","19":"outofstock","20":"sale","21":"taxable","22":"shipping-taxable","23":"purchasable","24":"product-type-simple"},"brands":[{"id":127,"name":"Samsung","slug":"samsung"}],"_links":{"self":[{"href":"https:\/\/compuimpresion.com.co\/portal\/wp-json\/wp\/v2\/product\/6149","targetHints":{"allow":["GET"]}}],"collection":[{"href":"https:\/\/compuimpresion.com.co\/portal\/wp-json\/wp\/v2\/product"}],"about":[{"href":"https:\/\/compuimpresion.com.co\/portal\/wp-json\/wp\/v2\/types\/product"}],"replies":[{"embeddable":true,"href":"https:\/\/compuimpresion.com.co\/portal\/wp-json\/wp\/v2\/comments?post=6149"}],"wp:featuredmedia":[{"embeddable":true,"href":"https:\/\/compuimpresion.com.co\/portal\/wp-json\/wp\/v2\/media\/6150"}],"wp:attachment":[{"href":"https:\/\/compuimpresion.com.co\/portal\/wp-json\/wp\/v2\/media?parent=6149"}],"wp:term":[{"taxonomy":"pwb-brand","embeddable":true,"href":"https:\/\/compuimpresion.com.co\/portal\/wp-json\/wp\/v2\/pwb-brand?post=6149"},{"taxonomy":"product_brand","embeddable":true,"href":"https:\/\/compuimpresion.com.co\/portal\/wp-json\/wp\/v2\/product_brand?post=6149"},{"taxonomy":"product_cat","embeddable":true,"href":"https:\/\/compuimpresion.com.co\/portal\/wp-json\/wp\/v2\/product_cat?post=6149"},{"taxonomy":"product_tag","embeddable":true,"href":"https:\/\/compuimpresion.com.co\/portal\/wp-json\/wp\/v2\/product_tag?post=6149"}],"curies":[{"name":"wp","href":"https:\/\/api.w.org\/{rel}","templated":true}]}}