{"id":6123,"date":"2025-03-28T15:38:33","date_gmt":"2025-03-28T20:38:33","guid":{"rendered":"https:\/\/compuimpresion.com.co\/portal\/?post_type=product&#038;p=6123"},"modified":"2025-07-29T15:50:06","modified_gmt":"2025-07-29T20:50:06","slug":"asus-e1504fa-nj1382-amd-ryzen-5-7520u-ssd-512gb-ddr5-16gb-no-dvd-pantalla-15-6-fhd-mixed-black","status":"publish","type":"product","link":"https:\/\/compuimpresion.com.co\/portal\/productos\/asus-e1504fa-nj1382-amd-ryzen-5-7520u-ssd-512gb-ddr5-16gb-no-dvd-pantalla-15-6-fhd-mixed-black\/","title":{"rendered":"ASUS E1504FA-NJ1382, AMD RYZEN 5 7520U, SSD 512GB, DDR5 16GB, NO DVD, PANTALLA 15.6&#8243; FHD, MIXED BLACK"},"content":{"rendered":"<ul>\n<li><strong>CAPACIDAD DE ALMACENAMIENTO<\/strong> :512 GB<\/li>\n<li><strong>TAMA\u00d1O DE LA PANTALLA<\/strong>: 15.6<\/li>\n<li><strong>DIMENSIONES: <\/strong>32,4 cm x 22,5 cm x 1,79 cm<\/li>\n<li><strong>CARACTER\u00cdSTICAS: <\/strong>Ajuste del brillo, Cuenta con bluetooth<\/li>\n<li><strong>CARACTER\u00cdSTICAS DE LA PANTALLA<\/strong>:LED,FHD<\/li>\n<li><strong>MODELO:<\/strong> E1504FA-NJ1382<\/li>\n<li><strong>CANTIDAD DE PUERTOS<\/strong> <strong>HDMI<\/strong>:1<\/li>\n<li><strong>GARANT\u00cdA<\/strong>:1 a\u00f1o <u>(DIRECTAMENTE CON FABRICANTE)<\/u><\/li>\n<li><strong>RESOLUCI\u00d3N DE PANTALLA:<\/strong> 1920&#215;1080<\/li>\n<li><strong>CANTIDAD DE PUERTOS USB: <\/strong>3<\/li>\n<li><strong>CONDICI\u00d3N DEL PRODUCTO:<\/strong> Nuevo<\/li>\n<li><strong>MEMORIA RAM:<\/strong> 16GB<\/li>\n<li><strong>N\u00daCLEOS DEL PROCESADOR:<\/strong> Quad core<\/li>\n<li><strong>PROCESADOR:<\/strong> AMD Ryzen<\/li>\n<li><strong>TIPO DE COMPUTADOR<\/strong> :Notebook<\/li>\n<li><strong>TARJETA GR\u00c1FICA ESPEC\u00cdFICA<\/strong>: Radeon Graphics<\/li>\n<li><strong>PROCESADOR ESPEC\u00cdFICO TXT:<\/strong> Ryzen 5 7520U<\/li>\n<li><strong>MARCA TARJETA GR\u00c1FICA<\/strong>: AMD<\/li>\n<li><strong>PROCESADOR: <\/strong>AMD\u00ae Ryzen\u00ae 7520U (frecuencia de r\u00e1faga de hasta 4.3 GHz, 4 MB de cach\u00e9 L3)<\/li>\n<li><strong>MEMORIA:\u00a0<\/strong>16 GB de RAM DDR5-4800 MHz\u00a0(ON BOARD)<\/li>\n<li><strong>DISCO DURO:\u00a0<\/strong>Ssd m.2 nvme 512GB (EXPANDIBLE 1TB)<\/li>\n<li><strong>PANTALLA: <\/strong>Pantalla 15.6&#8243; con resoluci\u00f3n FHD, antirreflectante, de bisel angosto, 39,6 cm (15.6&#8243;) en diagonal (1920 x 1080)<\/li>\n<li><strong>DIMENSIONES:<\/strong>36 x 23,5 x 1,99 cm1,6 Kg<\/li>\n<li><strong>BATERIA: <\/strong>Iones de litio de 3 celdas y 50Wh de larga duraci\u00f3n Asus<\/li>\n<li><strong>INALAMBRICO: <\/strong>Combinaci\u00f3n de Realtek Wi-Fi\u00ae 6E 802.11ax (2&#215;2) y tarjeta inal\u00e1mbrica con Bluetooth\u00ae 5.3<\/li>\n<li><strong>AUDIO Y ALTAVOCES: <\/strong>Altavoces est\u00e9reo doble, micr\u00f3fono incorporado compatible con Cortana.<\/li>\n<li><strong>PUERTOS:<\/strong><\/li>\n<li>&#8211; 1 USB 2.0 Tipo A<\/li>\n<li>&#8211; 1 USB 3.2 Tipo C<\/li>\n<li>&#8211; 1 USB 3.2 Tipo A<\/li>\n<li>&#8211; 1 combinaci\u00f3n de auriculares y micr\u00f3fono<\/li>\n<li>&#8211; 1 HDMI 1.4b<\/li>\n<li>&#8211; 1 alimentaci\u00f3n de CC<\/li>\n<\/ul>\n","protected":false},"excerpt":{"rendered":"<p>El port\u00e1til ASUS con procesador AMD Ryzen 5 7520U combina potencia y eficiencia, ofreciendo un rendimiento fluido para diversas aplicaciones. Con 16GB de memoria RAM LPDDR5, podr\u00e1s multitasking sin problemas, haciendo que trabajar o jugar sea m\u00e1s sencillo y r\u00e1pido. Su almacenamiento de 512GB M2 NVMe PCIe 3.0 SSD proporciona espacio generoso para tus archivos y acceso casi instant\u00e1neo a tus datos, lo que resulta en tiempos de carga reducidos. La pantalla de 15.6 pulgadas en resoluci\u00f3n Full HD (1920 x 1080) te brinda im\u00e1genes claras y n\u00edtidas, ideal para ver pel\u00edculas o realizar presentaciones. Adem\u00e1s, con una relaci\u00f3n de aspecto de 16:9, disfrutar\u00e1s de una experiencia visual optimizada. Este port\u00e1til es perfecto para quienes buscan una herramienta de trabajo eficiente que tambi\u00e9n se adapte a su tiempo de ocio.<\/p>\n","protected":false},"featured_media":6129,"comment_status":"closed","ping_status":"closed","template":"","meta":{"inline_featured_image":false},"pwb-brand":[177],"product_brand":[],"product_cat":[894],"product_tag":[226,1395,1409,1410,1408,1406,1397,1396,1407],"class_list":{"0":"post-6123","1":"product","2":"type-product","3":"status-publish","4":"has-post-thumbnail","6":"pwb-brand-asus","7":"product_cat-portatiles-computo","8":"product_tag-portatil","9":"product_tag-portatil-asus","10":"product_tag-portatil-barato","11":"product_tag-portatil-con-bateria-de-larga-duracion","12":"product_tag-portatil-en-oferta","13":"product_tag-portatil-para-diseno-grafico","14":"product_tag-portatil-para-estudiantes","15":"product_tag-portatil-para-trabajo","16":"product_tag-portatil-ultraligero","18":"first","19":"outofstock","20":"sale","21":"taxable","22":"shipping-taxable","23":"purchasable","24":"product-type-simple"},"brands":[{"id":177,"name":"ASUS","slug":"asus"}],"_links":{"self":[{"href":"https:\/\/compuimpresion.com.co\/portal\/wp-json\/wp\/v2\/product\/6123","targetHints":{"allow":["GET"]}}],"collection":[{"href":"https:\/\/compuimpresion.com.co\/portal\/wp-json\/wp\/v2\/product"}],"about":[{"href":"https:\/\/compuimpresion.com.co\/portal\/wp-json\/wp\/v2\/types\/product"}],"replies":[{"embeddable":true,"href":"https:\/\/compuimpresion.com.co\/portal\/wp-json\/wp\/v2\/comments?post=6123"}],"wp:featuredmedia":[{"embeddable":true,"href":"https:\/\/compuimpresion.com.co\/portal\/wp-json\/wp\/v2\/media\/6129"}],"wp:attachment":[{"href":"https:\/\/compuimpresion.com.co\/portal\/wp-json\/wp\/v2\/media?parent=6123"}],"wp:term":[{"taxonomy":"pwb-brand","embeddable":true,"href":"https:\/\/compuimpresion.com.co\/portal\/wp-json\/wp\/v2\/pwb-brand?post=6123"},{"taxonomy":"product_brand","embeddable":true,"href":"https:\/\/compuimpresion.com.co\/portal\/wp-json\/wp\/v2\/product_brand?post=6123"},{"taxonomy":"product_cat","embeddable":true,"href":"https:\/\/compuimpresion.com.co\/portal\/wp-json\/wp\/v2\/product_cat?post=6123"},{"taxonomy":"product_tag","embeddable":true,"href":"https:\/\/compuimpresion.com.co\/portal\/wp-json\/wp\/v2\/product_tag?post=6123"}],"curies":[{"name":"wp","href":"https:\/\/api.w.org\/{rel}","templated":true}]}}