{"id":6104,"date":"2025-03-26T15:10:10","date_gmt":"2025-03-26T20:10:10","guid":{"rendered":"https:\/\/compuimpresion.com.co\/portal\/?post_type=product&#038;p=6104"},"modified":"2026-04-14T17:02:34","modified_gmt":"2026-04-14T22:02:34","slug":"asus-x1605za-mb912-intel-core-i5-12500h-ssd-512gb-ddr4-16gb-pantalla-16-wuxga-without-os-indie-black","status":"publish","type":"product","link":"https:\/\/compuimpresion.com.co\/portal\/productos\/asus-x1605za-mb912-intel-core-i5-12500h-ssd-512gb-ddr4-16gb-pantalla-16-wuxga-without-os-indie-black\/","title":{"rendered":"ASUS X1605ZA-MB912, INTEL CORE I5 12500H, SSD 512GB, DDR4 16GB, PANTALLA 16&#8243; WUXGA, WITHOUT OS, INDIE BLACK"},"content":{"rendered":"<p>El port\u00e1til ASUS con procesador Intel Core i5-12500H es una herramienta potente y eficiente, dise\u00f1ada para satisfacer las necesidades de usuarios exigentes. Con 16GB de memoria DDR4, podr\u00e1s realizar m\u00faltiples tareas sin esfuerzo, lo que permite un flujo de trabajo fluido. Su unidad de estado s\u00f3lido (SSD) de 512GB M.2 NVMe PCIe 4.0 proporciona un almacenamiento r\u00e1pido y confiable, asegurando que tu sistema arranque en segundos y que tus aplicaciones funcionen de manera \u00f3ptima. La pantalla de 16 pulgadas con resoluci\u00f3n WUXGA (1920 x 1200) proporciona im\u00e1genes n\u00edtidas y vibrantes, ideal para trabajar en documentos, ver pel\u00edculas o jugar. Este port\u00e1til es la combinaci\u00f3n perfecta de rendimiento y dise\u00f1o compacto, apto para llevar a cualquier lugar.<\/p>\n<p>Todo es m\u00e1s fluido con el potente ASUS Vivobook 16, el port\u00e1til repleto de funciones f\u00e1ciles de usar, que incluye una bisagra plana de 180\u00b0, un protector de c\u00e1mara web f\u00edsico y teclas de funci\u00f3n dedicadas para encender o apagar el micr\u00f3fono. Tu salud est\u00e1 en buenas manos con ASUS Antimicrobial Guard Plus que protege las superficies que se tocan con frecuencia y el touchpad m\u00e1s grande es ahora m\u00e1s f\u00e1cil de usar con los dedos. \u00a1Disfruta de la potencia fluida de Vivobook 16!<\/p>\n<p>&nbsp;<\/p>\n<p>&nbsp;<\/p>\n","protected":false},"excerpt":{"rendered":"<p><strong>CARACTER\u00cdSTICAS:<\/strong><\/p>\n<ul>\n<li>Procesador: Intel Core i5-12500H Processor 2.5 GHz (18M Cache, up to 4.5 GHz, 4P+8E cores).<\/li>\n<li>Intel Iris X Graphics.<\/li>\n<li>Disco: 512GB M.2 NVMe PCIe 4.0 SSD.<\/li>\n<li>RAM: DDR4 16GB (8+8GB)<\/li>\n<li>Pantalla: 16.0-inch WUXGA (1920 x 1200) IPS 300nits 60Hz refresh rate Energy star 8.0.<\/li>\n<li>Wi-Fi 6(802.11ax) (Dual band) 2*2 + Bluetooth 5.3 Wireless Card.<\/li>\n<li>1x USB 2.0 Type-A<\/li>\n<li>1x USB 3.2 Gen 1<\/li>\n<li>Type-C 2x USB<\/li>\n<li>\u00a03.2 Gen 1<\/li>\n<li>Type-A 1x HDMI 1.4 1x 3.5mm Combo Audio Jack.<\/li>\n<li>\u00a0US MIL-STD 810H military-grade standard.<\/li>\n<li>NO OS. <strong>(NO TIENE SISTEMA OPERATIVO)<\/strong><\/li>\n<\/ul>\n","protected":false},"featured_media":6139,"comment_status":"closed","ping_status":"closed","template":"","meta":{"inline_featured_image":false},"pwb-brand":[177],"product_brand":[],"product_cat":[888,894],"product_tag":[1399,226,1395,1398,1397,1396],"class_list":{"0":"post-6104","1":"product","2":"type-product","3":"status-publish","4":"has-post-thumbnail","6":"pwb-brand-asus","7":"product_cat-computo","8":"product_cat-portatiles-computo","9":"product_tag-grafico-portatil-ultraligero-portatil-en-oferta-portatil-barato-portatil-con-bateria-de-larga-duracion","10":"product_tag-portatil","11":"product_tag-portatil-asus","12":"product_tag-portatil-para-diseno","13":"product_tag-portatil-para-estudiantes","14":"product_tag-portatil-para-trabajo","16":"first","17":"outofstock","18":"taxable","19":"shipping-taxable","20":"purchasable","21":"product-type-simple"},"brands":[{"id":177,"name":"ASUS","slug":"asus"}],"_links":{"self":[{"href":"https:\/\/compuimpresion.com.co\/portal\/wp-json\/wp\/v2\/product\/6104","targetHints":{"allow":["GET"]}}],"collection":[{"href":"https:\/\/compuimpresion.com.co\/portal\/wp-json\/wp\/v2\/product"}],"about":[{"href":"https:\/\/compuimpresion.com.co\/portal\/wp-json\/wp\/v2\/types\/product"}],"replies":[{"embeddable":true,"href":"https:\/\/compuimpresion.com.co\/portal\/wp-json\/wp\/v2\/comments?post=6104"}],"wp:featuredmedia":[{"embeddable":true,"href":"https:\/\/compuimpresion.com.co\/portal\/wp-json\/wp\/v2\/media\/6139"}],"wp:attachment":[{"href":"https:\/\/compuimpresion.com.co\/portal\/wp-json\/wp\/v2\/media?parent=6104"}],"wp:term":[{"taxonomy":"pwb-brand","embeddable":true,"href":"https:\/\/compuimpresion.com.co\/portal\/wp-json\/wp\/v2\/pwb-brand?post=6104"},{"taxonomy":"product_brand","embeddable":true,"href":"https:\/\/compuimpresion.com.co\/portal\/wp-json\/wp\/v2\/product_brand?post=6104"},{"taxonomy":"product_cat","embeddable":true,"href":"https:\/\/compuimpresion.com.co\/portal\/wp-json\/wp\/v2\/product_cat?post=6104"},{"taxonomy":"product_tag","embeddable":true,"href":"https:\/\/compuimpresion.com.co\/portal\/wp-json\/wp\/v2\/product_tag?post=6104"}],"curies":[{"name":"wp","href":"https:\/\/api.w.org\/{rel}","templated":true}]}}