{"id":6077,"date":"2025-03-18T14:38:14","date_gmt":"2025-03-18T19:38:14","guid":{"rendered":"https:\/\/compuimpresion.com.co\/portal\/?post_type=product&#038;p=6077"},"modified":"2025-06-25T12:43:54","modified_gmt":"2025-06-25T17:43:54","slug":"impresora-canon-pixma-g2170-multifuncional-usb","status":"publish","type":"product","link":"https:\/\/compuimpresion.com.co\/portal\/productos\/impresora-canon-pixma-g2170-multifuncional-usb\/","title":{"rendered":"IMPRESORA CANON PIXMA G2170 MULTIFUNCIONAL USB"},"content":{"rendered":"<p><strong>IMPRESORA CANON PIXMA G2170 MULTIFUNCIONAL\u00a0 USB<\/strong><\/p>\n<p>Dise\u00f1ada para el hogar o la oficina en casa, la impresora MegaTank PIXMA G2170 multifuncional de Canon ofrece una impresi\u00f3n de alta calidad y bajo costo en un tama\u00f1o compacto. Obtenga una gran productividad de impresi\u00f3n con un alto rendimiento de p\u00e1ginas de hasta 6,000 p\u00e1ginas en negro\/7,700 p\u00e1ginas en color por cada juego completo de botellas de tinta y un bajo costo por impresi\u00f3n. MegaTank representa grandes ahorros.<\/p>\n<p>La PIXMA G2170 es f\u00e1cil de configurar de mantener y ofrece una gran versatilidad de materiales para imprimir en una variedad de tipos y tama\u00f1os de materiales, incluidos papel fotogr\u00e1fico, sobres, pancartas, entre otros. Utilice Poster Artist Online para crear carteles profesionales, pancartas y letreros. Imprima documentos y fotograf\u00edas en una variedad de tipos de papel utilizando un sistema de tinta h\u00edbrido con pigmento negro para obtener un texto negro n\u00edtido y colores a base de tintes a fin de lograr fotograf\u00edas v\u00edvidas sin bordes de hasta 8.5\u201d x 11\u201d. Siga imprimiendo con una capacidad de papel com\u00fan de hasta 100 hojas o 20 hojas de fotograf\u00edas de tama\u00f1o 4\u201d x 6\u201d. Conecte e imprima f\u00e1cilmente a trav\u00e9s de USB de alta velocidad. Este modelo es compatible con Windows, Mac y Chromebook.<\/p>\n<p><strong>F\u00c1CIL USO Y MANTENIMIENTO:<\/strong><\/p>\n<p><strong>F\u00c1CIL DE LLENAR<\/strong><\/p>\n<p>Las botellas de tinta poseen un dise\u00f1o de \u201cboquilla tipo llave\u201d que encaja y permite llenar solo el tanque de tinta del color correspondiente.<\/p>\n<p><strong>PANTALLA LCD DE SEGMENTOS DE 3.0 CM<\/strong><\/p>\n<p>Realice su trabajo con una pantalla de segmentos de 3.0 cm LCD intuitiva y de f\u00e1cil uso.<\/p>\n<p><strong>TAMA\u00d1O COMPACTO<\/strong><\/p>\n<p>Tama\u00f1o compacto dise\u00f1ado para adaptarse a su hogar o su lugar de trabajo.<\/p>\n<p><strong>PRODUCTIVIDAD:<\/strong><\/p>\n<p><strong>ALTO RENDIMIENTO DE IMPRESI\u00d3N<\/strong><\/p>\n<p>Imprima hasta 6.000 p\u00e1ginas aproximadamente en blanco y negro y 7.700 aproximadamente en color. Hasta 7,600 aproximadamente (Blanco y Negro) \/ 8,100 aproximadamente (Color) P\u00e1ginas en modo econom\u00eda, con solo un juego de tintas.<\/p>\n<p><strong>BAJO COSTO POR IMPRESI\u00d3N<\/strong><\/p>\n<p><strong>BANDEJA POSTERIOR PARA 100 HOJAS<\/strong><\/p>\n<p>Cargue f\u00e1cilmente sobres, etiquetas, papel de alta resoluci\u00f3n y m\u00e1s en la bandeja trasera.<\/p>\n<p><strong>VERSATILIDAD PARA UTILIZAR VARIOS FORMATOS<\/strong><\/p>\n<p>Imprima en sobres, fotos, papel fotogr\u00e1fico, \u00a1y m\u00e1s!<\/p>\n<p><strong>\u00a0<\/strong><\/p>\n<p><strong>POSTER ARTIST<\/strong><\/p>\n<p>PosterArtist es un programa de software para crear carteles dise\u00f1ado para ser utilizado por usuarios de todos los niveles que los ayuda a crear carteles, pancartas y letreros profesionales.<\/p>\n<p><strong>RENDIMIENTO Y CONFIABILIDAD:<\/strong><\/p>\n<p><strong>TANQUES DE TINTA INTEGRADOS<\/strong><\/p>\n<p>Observe y rellene c\u00f3modamente la tinta utilizando BOTELLAS DE TINTA.<\/p>\n<p><strong>IMPRESI\u00d3N DE FOTOGRAF\u00cdAS SIN BORDES<\/strong><\/p>\n<p>Imprima hermosas FOTOGRAF\u00cdAS SIN BORDES de hasta 8.5\u201d x 11\u201d (Tama\u00f1o carta).<\/p>\n<p><strong>PIEZAS F\u00c1CILES DE REEMPLAZAR POR EL USUARIO<\/strong><\/p>\n<p>Dise\u00f1o con operaciones b\u00e1sicas directamente desde la parte frontal y posterior de la impresora.<\/p>\n<p><strong>ESTE AL TANTO DE LOS RESIDUOS<\/strong><\/p>\n<p>Gracias a las botellas de tinta de alto rendimiento, se reduce al m\u00ednimo los residuos y el tiempo de rellenado de tinta.<\/p>\n<p><strong>ESPECIFICACIONES T\u00c9CNICAS: <\/strong><\/p>\n<p><strong>IMPRESI\u00d3N<\/strong><\/p>\n<p>Caracter\u00edsticas de Impresi\u00f3n: Impresi\u00f3n de documentos, Impresi\u00f3n de fotograf\u00edas, Impresi\u00f3n inal\u00e1mbrica, impresi\u00f3n de tarjetas de presentaci\u00f3n, Impresi\u00f3n de tarjetas de felicitaci\u00f3n, Impresi\u00f3n de etiquetas, Compatibilidad con impresiones sobre papel cuadrado, Compatibilidad con papel mate de doble cara.<\/p>\n<p><strong>Capacidad de Impresi\u00f3n:<\/strong> Impresi\u00f3n de una cara (Simplex), Impresi\u00f3n sin bordes (3.5\u201d x 3.5\u201d hasta 8.5\u201d x 11\u201d, (8.9 x 8.9 x 27.9 cm))<\/p>\n<p><strong>Velocidad de Impresi\u00f3n (ESAT):<\/strong> Documento en Blanco y Negro (Carta) Simplex: Aprox. 11.0 ipm, Documento en color (Carta) Simplex: Aprox. 6.0 ipm<\/p>\n<p><strong>Resoluci\u00f3n de Impresi\u00f3n:<\/strong> Hasta 4800 x 1200 dpi<\/p>\n<p><strong>N\u00famero de Boquillas:<\/strong> Color (C\/M\/Y): 384&#215;3 \/ Pigmento negro: 640 \/ Total: 1,792<\/p>\n<p>Ciclo de Trabajo: Hasta 3,000 P\u00e1ginas aprox. \/ Mes<\/p>\n<p><strong>Manejo del Papel:<\/strong> Bandeja Trasera<\/p>\n<p><strong>Compatibilidad del Papel \/ Tama\u00f1os<\/strong><\/p>\n<p>3.5\u201d x 3.5\u201d (8.9 x 8.9 cm) (Cuadrado), 4\u201d x 6\u201d (10.2 x 15.2 cm), 5\u201d x 5\u201d (12.7 x 12.7 cm) (Cuadrado), 5\u201d x 7\u201d (12.7 x 17.8 cm), 7\u201d x 10\u201d (17.8 x 25.4 cm), 8\u201d x 10\u201d (20.3 x 25.4 cm), Carta 8.5\u201d x 11\u201d (21.6 x 27.9 cm), A4, A5, A6, B5, Legal 8.5\u201d x 14\u201d (21.6 x 35.6 cm), U.S. #10 Sobres, tama\u00f1o de tarjeta (91 mm x 55 mm), Personalizado (ancho 2.1\u20138.5\u201d, largo 3.5\u201347.2\u201d (8.9 x 119.9 cm))<\/p>\n<p><strong>Tama\u00f1os de Impresi\u00f3n sin bordes:<\/strong><\/p>\n<p>3.5\u201d x 3.5\u201d (8.9 x 8.9 cm) (Cuadrado), 4\u201d x 6\u201d (10.2 x 15.2 cm), 5\u201d x 5\u201d (12.7 x 12.7 cm) (Cuadrado), 5\u201d x 7\u201d (12.7 x 17.8 cm), 7\u201d x 10\u201d (17.8 x 25.4 cm), 8\u201d x 10\u201d (20.3 x 25.4 cm), Carta 8.5\u201d x 11\u201d (21.6 x 27.9 cm), A4, B5, Tama\u00f1o de tarjeta (91 mm x 55 mm)<\/p>\n<p><strong>Compatibilidad del Papel Canon \/ Tipos: <\/strong><\/p>\n<p>Com\u00fan: Papel com\u00fan, Papel de alta resoluci\u00f3n de Canon; Brillante: Papel Fotogr\u00e1fico Plus Brillante II, Papel Fotogr\u00e1fico Brillante; Semibrillante: Papel fotogr\u00e1fico semi-brillante plus, Papel fotogr\u00e1fico Pro Lustre; Mate: Papel fotogr\u00e1fico mate, Papel fotogr\u00e1fico mate a doble cara; Otros (Canon): Papel fotogr\u00e1fico magn\u00e9tico, Papel fotogr\u00e1fico adhesivo reutilizable, Transferencias t\u00e9rmica; Otros (que no sean de Canon): Se puede utilizar cartulina, Tarjetas de felicitaci\u00f3n, Sobres n.\u00ba 10 de EE.UU., Papel reciclado y Papel libre de cloro.<\/p>\n<p>Capacidad de Papel: Bandeja posterior 100 hojas de Papel com\u00fan o 20 hojas de 4\u201d x 6\u201d, (10.2 x 15.2 cm)<\/p>\n<p><strong>Compatibilidad del Papel Grosor \/ Peso:<\/strong> Bandeja posterior: Papel com\u00fan: 64-105 gsm\u00b2 O Papel Canon: Max. aprox. 265 gsm (Canon PP-301 Media)<\/p>\n<p><strong>COPIA<\/strong><\/p>\n<p><strong>Caracter\u00edsticas de Copiado:<\/strong> Copia est\u00e1ndar, copia sin bordes\u00b3, Copia de documento, Ajuste de p\u00e1gina, Copia m\u00faltiple (hasta 99 p\u00e1ginas), Fotocopia<\/p>\n<p><strong>Tama\u00f1o M\u00e1ximo del Documento:<\/strong> 8.5\u201d x 11.7\u201d (A4 \/ Carta) 21.6 x 27.9 cm<\/p>\n<p><strong>ESC\u00c1NER<\/strong><\/p>\n<p>Caracter\u00edsticas de Escaneo: Escaneo de documentos, Escaneo de fotograf\u00edas.<\/p>\n<p>Capacidad de Escaneo: Escaneo de una sola cara (simplex)<\/p>\n<p>Tipo de Esc\u00e1ner: Plano<\/p>\n<p>M\u00e9todo de Escaneo: Sensor de imagen por contacto (CIS)<\/p>\n<p>Resoluci\u00f3n de Escaneo: 600 x 1200 dpi (\u00f3ptico)<\/p>\n<p>Profundidad M\u00e1xima del Color de Escaneo: (Escala de grises: 16-bit \/ 8-bit) \u2013 (Color: 16-bit \/ 8-bit Por Color)<\/p>\n<p>Tama\u00f1o M\u00e1ximo del Documento: Cama plana: 8.5\u201d x 11.7\u201d (A4 \/ Carta) 21.6 x 27.9 cm<\/p>\n<p><strong>INFORMACI\u00d3N SOBRE TINTA:<\/strong><\/p>\n<p>Sistema de suministro continuo de tinta (CISS) de 4 colores, Cabezales de impresi\u00f3n tipo FINE, Sistema h\u00edbrido de tinta, Tanques de tinta integrados, Botellas de tinta \u201cSqueeze-Free\u201d (que no se exprime) para un llenado de tinta f\u00e1cil y sin complicaciones, Punta de botella de color \u00fanico para facilitar un llenado correcto en todo momento.<\/p>\n<p>&nbsp;<\/p>\n<p><strong>TIPO DE TINTA<\/strong><\/p>\n<p>GI-11 Botella de Tinta Negra a base de Pigmentos, GI-11 Botellas de Tinta de Color a base de Tintes (Cian, Magenta, Amarillo)<\/p>\n<p><strong>ALTO RENDIMIENTO DE IMPRESI\u00d3N<\/strong><\/p>\n<p>Modo Predeterminado: Hasta 6,000 aprox. (Blanco y Negro) \/ 7,700 aprox. (Color) P\u00e1ginas (con un solo juego de botellas de tinta)<\/p>\n<p>Modo Econom\u00eda: Hasta 7,600 aprox. (Blanco y Negro) \/ 8,100 aprox. (Color) P\u00e1ginas (con un solo juego de botellas de tinta)<\/p>\n<p><strong>GENERAL: <\/strong><\/p>\n<p>CONNECTIVIDAD: USB de Alta Velocidad<\/p>\n<p>PANTALLA: 3.0 cm LCD segmentada (monocrom\u00e1tica)<\/p>\n<p><strong>COMPATIBILIDAD CON EL SISTEMA OPERATIVO: <\/strong><\/p>\n<p>Windows: Windows 11, Windows 10, Windows 8.1,<\/p>\n<p>Windows 7 SP1; Windows Server 2008 R2 SP1, Server 2012 R2, Windows Server 2016, Windows Server 2019, Windows Server 2022<\/p>\n<p>Mac: macOS v10.14.6 &#8211; 12<\/p>\n<p>Sistema Operativo: Compatible con Chromebook<\/p>\n<p><strong>SOFTWARE (WINDOWS7 \/ MAC8)<\/strong><\/p>\n<p>PIXMA G2170 Driver, Easy-PhotoPrint Editor Software,PosterArtist Web Version Software<\/p>\n<p><strong>CARACTER\u00cdSTICAS GENERALES<\/strong><\/p>\n<p>Encendido\/Apagado Autom\u00e1tico, Impresi\u00f3n\/Escaneo\/Copiado, Modo Silencioso, AirPrint (s\u00f3lo para PC).<\/p>\n<p><strong>CONTENIDO DE LA CAJA<\/strong><\/p>\n<p>Impresora Multifuncional de Inyecci\u00f3n de Tinta MegaTank PIXMA G2170<\/p>\n<p>Cabezales de Impresi\u00f3n; BH-10 &amp; CH-10<\/p>\n<p>Documentaci\u00f3n<\/p>\n<p>Cable de Poder<\/p>\n<p>Carta de Garant\u00eda<\/p>\n<p><strong>DIMENSIONES:<\/strong><\/p>\n<p>Dimensiones del producto (An x Pr x Al): 41.6 cm x 33.7 cm x 17.8 cm<\/p>\n<p>Peso del producto: 6 kg<\/p>\n<p>Dimensiones del paquete (An x Pr x Al): 49.9 cm x 49.4 cm x 27.7 cm<\/p>\n<p>Peso del paquete: 10.4 kg<\/p>\n<p>&nbsp;<\/p>\n<p>SKU: 4423<\/p>\n<p>EAN: 4549292205121<\/p>\n<p>N\/P: 5804C004<\/p>\n","protected":false},"excerpt":{"rendered":"<p>Dise\u00f1ada para el hogar o la oficina en casa, la impresora MegaTank PIXMA G2170 multifuncional de Canon ofrece una impresi\u00f3n de alta calidad y bajo costo en un tama\u00f1o compacto. Obtenga una gran productividad de impresi\u00f3n con un alto rendimiento de p\u00e1ginas de hasta 6,000 p\u00e1ginas en negro\/7,700 p\u00e1ginas en color por cada juego completo de botellas de tinta y un bajo costo por impresi\u00f3n. MegaTank representa grandes ahorros.<\/p>\n","protected":false},"featured_media":6078,"comment_status":"closed","ping_status":"closed","template":"","meta":{"inline_featured_image":false},"pwb-brand":[128],"product_brand":[],"product_cat":[1259],"product_tag":[1389,305,132,1388,146,143,247,185],"class_list":{"0":"post-6077","1":"product","2":"type-product","3":"status-publish","4":"has-post-thumbnail","6":"pwb-brand-canon","7":"product_cat-inyeccion-de-tinta","8":"product_tag-1389","9":"product_tag-canon","10":"product_tag-color","11":"product_tag-g2170","12":"product_tag-impresora","13":"product_tag-multifuncional","14":"product_tag-tanque","15":"product_tag-usb","17":"first","18":"instock","19":"sale","20":"taxable","21":"shipping-taxable","22":"purchasable","23":"product-type-simple"},"brands":[{"id":128,"name":"Canon","slug":"canon"}],"_links":{"self":[{"href":"https:\/\/compuimpresion.com.co\/portal\/wp-json\/wp\/v2\/product\/6077","targetHints":{"allow":["GET"]}}],"collection":[{"href":"https:\/\/compuimpresion.com.co\/portal\/wp-json\/wp\/v2\/product"}],"about":[{"href":"https:\/\/compuimpresion.com.co\/portal\/wp-json\/wp\/v2\/types\/product"}],"replies":[{"embeddable":true,"href":"https:\/\/compuimpresion.com.co\/portal\/wp-json\/wp\/v2\/comments?post=6077"}],"wp:featuredmedia":[{"embeddable":true,"href":"https:\/\/compuimpresion.com.co\/portal\/wp-json\/wp\/v2\/media\/6078"}],"wp:attachment":[{"href":"https:\/\/compuimpresion.com.co\/portal\/wp-json\/wp\/v2\/media?parent=6077"}],"wp:term":[{"taxonomy":"pwb-brand","embeddable":true,"href":"https:\/\/compuimpresion.com.co\/portal\/wp-json\/wp\/v2\/pwb-brand?post=6077"},{"taxonomy":"product_brand","embeddable":true,"href":"https:\/\/compuimpresion.com.co\/portal\/wp-json\/wp\/v2\/product_brand?post=6077"},{"taxonomy":"product_cat","embeddable":true,"href":"https:\/\/compuimpresion.com.co\/portal\/wp-json\/wp\/v2\/product_cat?post=6077"},{"taxonomy":"product_tag","embeddable":true,"href":"https:\/\/compuimpresion.com.co\/portal\/wp-json\/wp\/v2\/product_tag?post=6077"}],"curies":[{"name":"wp","href":"https:\/\/api.w.org\/{rel}","templated":true}]}}