{"id":6026,"date":"2025-02-28T09:54:16","date_gmt":"2025-02-28T14:54:16","guid":{"rendered":"https:\/\/compuimpresion.com.co\/portal\/?post_type=product&#038;p=6026"},"modified":"2026-04-14T17:05:19","modified_gmt":"2026-04-14T22:05:19","slug":"aio-lenovo-3-27iap7-intel-core-i5-12450h-ssd-512-ddr4-16gb-no-dvd-pantalla-27-led-fhd-linux-black","status":"publish","type":"product","link":"https:\/\/compuimpresion.com.co\/portal\/productos\/aio-lenovo-3-27iap7-intel-core-i5-12450h-ssd-512-ddr4-16gb-no-dvd-pantalla-27-led-fhd-linux-black\/","title":{"rendered":"AIO LENOVO 3 27IAP7, INTEL CORE I5 12450H, SSD 512, DDR4 16GB, NO DVD, PANTALLA 27&#8243; LED FHD, LINUX, BLACK"},"content":{"rendered":"<p>El computador de escritorio todo en uno LENOVO AIO 3 te brinda un excelente rendimiento y velocidad para tus tareas de estudio, trabajo y multimedia, gracias a un potente procesador en balance justo de RAM y almacenamiento estado s\u00f3lido. Su pantalla de 27&#8243; FHD con bordes minimalistas permiten una fluidez y detalle que vas a disfrutas. Cuenta con Wifi 6 lo cual mejora la velocidad y trasferencia de datos. Su sonido HD y su c\u00e1mara 5 mpx permite hacer videollamadas de claridad y calidad.<\/p>\n<p>ESPECIFICACIONES<\/p>\n<p>Informaci\u00f3n B\u00e1sica<\/p>\n<p>Marca del Procesador INTEL<\/p>\n<p>Tipos de Discos que Incluye Disco Estado Solido (SSD)<\/p>\n<p>Procesador Intel Core I5<\/p>\n<p>Capacidad de Disco Estado Solido SSD 512 GB<\/p>\n<p>Modelo del Procesador 12450H<\/p>\n<p>N\u00famero de N\u00facleos (m\u00e1s n\u00facleos m\u00e1s multitareas) 8\u00a0 Nucleos<\/p>\n<p>Velocidad del Procesador (4P + 4E) \/ 12T, P-core 2.0 \/ 4.4GHz, E-core 1.5 \/ 3.3GHz, 12MB<\/p>\n<p>Memoria RAM 16 GB<\/p>\n<p>Sistema Operativo LINUX<\/p>\n<p>Tama\u00f1o Pantalla 27\u00a0 Pulgadas<\/p>\n<p>Resolucion Pantalla Full HD<\/p>\n<p>Marca Tarjeta de Video\/Grafica No Tiene Tarjeta Video\/Grafica Independiente<\/p>\n<p>Tonalidad de Color Negro<\/p>\n<p>Peso 8.82\u00a0 Kilogramos<\/p>\n<p>Unidad CD\/DVD Integrada No tiene Unidad de CD\/DVD Integrada<\/p>\n<p>Caracteristicas del Teclado Inal\u00e1mbrico<\/p>\n<p>Resolucion Camara WEB 5.0MP + IR<\/p>\n<p>Fuentes de Alimentacion de Energia Energ\u00eda El\u00e9ctrica<\/p>\n<p>Tipos de Puertos Entradas y Salidas Puerto HDMI \u00a0Puerto LAN\/Ethernet \u00a0Puerto USB 2.0 \u00a0Puerto USB 3.2<\/p>\n<p>Opciones de Conectividad Bluetooth<\/p>\n<p>Conexi\u00f3n Con Cable \u00a0WiFi<\/p>\n<p>Otras Tecnologias de Conectividad Wi-Fi 6<\/p>\n<p>No. Puertos HDMI 1\u00a0 Puertos<\/p>\n<p>No. Puertos LAN Ethernet 1\u00a0 Puertos<\/p>\n<p>No. Puertos USB 4\u00a0 Puertos<\/p>\n<p>No. Salidas de Audio 1\u00a0 Puertos<\/p>\n<p>Informaci\u00f3n Adicional Relevante<\/p>\n<p>Linea Modelo Referencia F0GJ00L9LD<\/p>\n<p>Nivel de Tareas a Realizar Avanzado<\/p>\n<p>Caracteristicas Especiales C\u00e1mara WEB Integrada \u00a0Reconocimiento Facial<\/p>\n<p>Tipo de Computador All in One<\/p>\n<p>SKU 2435<\/p>\n","protected":false},"excerpt":{"rendered":"<p>El computador de escritorio todo en uno LENOVO AIO 3 te brinda un excelente rendimiento y velocidad para tus tareas de estudio, trabajo y multimedia, gracias a un potente procesador en balance justo de RAM y almacenamiento estado s\u00f3lido. Su pantalla de 27&#8243; FHD con bordes minimalistas permiten una fluidez y detalle que vas a disfrutas. Cuenta con Wifi 6 lo cual mejora la velocidad y trasferencia de datos. Su sonido HD y su c\u00e1mara 5 mpx permite hacer videollamadas de claridad y calidad.<\/p>\n","protected":false},"featured_media":6027,"comment_status":"closed","ping_status":"closed","template":"","meta":{"inline_featured_image":false},"pwb-brand":[420],"product_brand":[],"product_cat":[889,888],"product_tag":[1465,1048,499],"class_list":{"0":"post-6026","1":"product","2":"type-product","3":"status-publish","4":"has-post-thumbnail","6":"pwb-brand-lenovo","7":"product_cat-todo-en-uno-computo","8":"product_cat-computo","9":"product_tag-27iap7","10":"product_tag-aio","11":"product_tag-lenovo","13":"first","14":"instock","15":"sale","16":"taxable","17":"shipping-taxable","18":"purchasable","19":"product-type-simple"},"brands":[{"id":420,"name":"Lenovo","slug":"lenovo"}],"_links":{"self":[{"href":"https:\/\/compuimpresion.com.co\/portal\/wp-json\/wp\/v2\/product\/6026","targetHints":{"allow":["GET"]}}],"collection":[{"href":"https:\/\/compuimpresion.com.co\/portal\/wp-json\/wp\/v2\/product"}],"about":[{"href":"https:\/\/compuimpresion.com.co\/portal\/wp-json\/wp\/v2\/types\/product"}],"replies":[{"embeddable":true,"href":"https:\/\/compuimpresion.com.co\/portal\/wp-json\/wp\/v2\/comments?post=6026"}],"wp:featuredmedia":[{"embeddable":true,"href":"https:\/\/compuimpresion.com.co\/portal\/wp-json\/wp\/v2\/media\/6027"}],"wp:attachment":[{"href":"https:\/\/compuimpresion.com.co\/portal\/wp-json\/wp\/v2\/media?parent=6026"}],"wp:term":[{"taxonomy":"pwb-brand","embeddable":true,"href":"https:\/\/compuimpresion.com.co\/portal\/wp-json\/wp\/v2\/pwb-brand?post=6026"},{"taxonomy":"product_brand","embeddable":true,"href":"https:\/\/compuimpresion.com.co\/portal\/wp-json\/wp\/v2\/product_brand?post=6026"},{"taxonomy":"product_cat","embeddable":true,"href":"https:\/\/compuimpresion.com.co\/portal\/wp-json\/wp\/v2\/product_cat?post=6026"},{"taxonomy":"product_tag","embeddable":true,"href":"https:\/\/compuimpresion.com.co\/portal\/wp-json\/wp\/v2\/product_tag?post=6026"}],"curies":[{"name":"wp","href":"https:\/\/api.w.org\/{rel}","templated":true}]}}