{"id":6020,"date":"2025-02-20T12:19:39","date_gmt":"2025-02-20T17:19:39","guid":{"rendered":"https:\/\/compuimpresion.com.co\/portal\/?post_type=product&#038;p=6020"},"modified":"2025-10-07T13:01:20","modified_gmt":"2025-10-07T18:01:20","slug":"impresora-hp-m528dn-multifuncional-laserjet-enterprise","status":"publish","type":"product","link":"https:\/\/compuimpresion.com.co\/portal\/productos\/impresora-hp-m528dn-multifuncional-laserjet-enterprise\/","title":{"rendered":"IMPRESORA HP M528DN MULTIFUNCIONAL LASERJET ENTERPRISE"},"content":{"rendered":"<p><strong>IMPRESORA HP M528DN MULTIFUNCIONAL LASERJET ENTERPRISE <\/strong><\/p>\n<p>Elige una impresora multifunci\u00f3n HP LaserJet Enterprise dise\u00f1ada para gestionar soluciones empresariales de forma eficiente y segura. Adem\u00e1s, permite ahorrar energ\u00eda gracias al t\u00f3ner HP EcoSmart negro. Afronta las exigencias de un negocio en crecimiento con una impresora en la que puedes confiar.<\/p>\n<p>Las impresoras HP ofrecen la mejor seguridad del sector, ya que siempre est\u00e1n en guardia y continuamente detectando y deteniendo amenazas mientras se adaptan a otras nuevas que aparecen. Y solo las impresoras HP se recuperan autom\u00e1ticamente de ataques por s\u00ed solas, por lo que no es necesaria la intervenci\u00f3n del Departamento de TI.<\/p>\n<p>Una buena gesti\u00f3n de los recursos siempre es un buen negocio. Reduzca los costes y el consumo de energ\u00eda gracias a una impresora HP LaserJet que se ha dise\u00f1ado para ser m\u00e1s eficiente que sus predecesoras, al utilizar los cartuchos de t\u00f3ner HP JetIntelligence. HP, al igual que usted, se compromete con mantener la actividad del negocio.<\/p>\n<p>Las empresas siempre valoran los solucionadores de problemas. Obtenga un mayor control gracias a un s\u00f3lido sistema de gesti\u00f3n y a soluciones que se adaptan a las empresas de hoy en d\u00eda.<\/p>\n<p>Las empresas siempre valoran los solucionadores de problemas. Obtenga un mayor control gracias a un s\u00f3lido sistema de gesti\u00f3n y a soluciones que se adaptan a las empresas de hoy en d\u00eda.<\/p>\n<p>Utilice cartuchos de t\u00f3ner original HP para evitar reimpresiones frustrantes, el desperdicio de suministros y llamadas de servicio.<\/p>\n<p><strong>DESCRIPCI\u00d3N DEL PRODUCTO<\/strong><\/p>\n<ol>\n<li>AAD de 100hojascon escaneo a doble cara de una sola pasada y HPEveryPage1<\/li>\n<li>Acoplamiento de integraci\u00f3n de hardware de 2.\u00aa generaci\u00f3n<\/li>\n<li>Puerto USB de f\u00e1cil acceso<\/li>\n<li>Bandeja salida de 250 hojas<\/li>\n<li>Cubierta superior (acceso al cartucho de t\u00f3ner JetIntelligence Original HP)<\/li>\n<li>La bandeja multiuso 1 para 100 hojas admite tama\u00f1os de soporte de hasta 216 x 356mm<\/li>\n<li>La bandeja 2 de entrada de 550 hojas admite soportes de hasta 216 x 356mm<\/li>\n<li>Pantalla t\u00e1ctil color pivotante de 20,3 cm (8,0 pulgadas)<\/li>\n<li>Teclado extensible1<\/li>\n<li>Pr\u00e1ctica grapadora4<\/li>\n<li>Impresi\u00f3n autom\u00e1tica a doble cara<\/li>\n<li>Wi-Fi de banda dual con Bluetooth de bajo consumo<\/li>\n<li>Ranura para candado de seguridad con cable<\/li>\n<li>Gigabit Ethernet<\/li>\n<li>Puerto de impresi\u00f3n USB 2.0 de alta velocidad<\/li>\n<li>Puerto USB para conectar dispositivos USB externos<\/li>\n<\/ol>\n<p><strong>CARACTERISTICAS:<\/strong><\/p>\n<p><strong>Modelo: <\/strong>Impresora multifunci\u00f3n HP LaserJet Enterprise M528dn<\/p>\n<p><strong>Tipo de producto:<\/strong> Impresoras L\u00e1ser<\/p>\n<p><strong>Familia:<\/strong> LaserJet<\/p>\n<p><strong>Funciones de AIO:<\/strong> Imprima, copie, escanee y env\u00ede fax opcionales<\/p>\n<p><strong>Velocidad de impresi\u00f3n:<\/strong> A4: Hasta 43 ppm (predeterminado); Hasta 50 ppm (HP de alta velocidad) Negro; Carta: Hasta 45 ppm (predeterminado); Hasta 52 ppm (HP de alta velocidad) Negro; 14; A5: Hasta 65 ppm13; Primera p\u00e1gina impresa, tama\u00f1o A4: 6 segundos Negro Primera p\u00e1gina impresa, tama\u00f1o carta: 6 segundos Negro Color12; Dos caras A4: Hasta 34 ipm Negro; Carta: Hasta 36 ipm Negro<\/p>\n<p><strong>Resoluci\u00f3n de impresi\u00f3n:<\/strong> Negro (\u00f3ptima): Hasta 1200 x 1200 ppp; Negro (normal): Hasta 600 x 600 ppp; Negro (l\u00edneas finas): Hasta 1200 x 1200 ppp<\/p>\n<p><strong>Tecnolog\u00eda de impresi\u00f3n<\/strong>: L\u00e1ser; Tecnolog\u00edas de resoluci\u00f3n de impresi\u00f3n: 300 dpi, 600 dpi, HP FastRes 1200, HP ProRes 1200<\/p>\n<p><strong>Cantidad de cartuchos de impresi\u00f3n:<\/strong> 1 (negro)<\/p>\n<p><strong>Idiomas est\u00e1ndar de impresora:<\/strong> HP PCL 6, Emulaci\u00f3n HP Postscript nivel 3, impresi\u00f3n PDF nativa (v 1.7), Apple AirPrint<\/p>\n<p><strong>Funciones del software inteligente de la impresora:<\/strong> Vista previa de impresi\u00f3n, impresi\u00f3n a doble cara, imprimir varias p\u00e1ginas por hoja (2, 4, 6, 9, 16), compaginado, marcas de agua, almacenar trabajos de impresi\u00f3n, USB de f\u00e1cil acceso<\/p>\n<p><strong>Administraci\u00f3n de impresoras:<\/strong> Asistente de impresora HP; HP Device Toolbox; Software HP Web Jetadmin; HP JetAdvantage Security Manager; Agente proxy SNMP de HP; Agente proxy WS Pro de HP; Kit de recursos de administrador de impresoras para el controlador de impresi\u00f3n universal de HP (utilidad de configuraci\u00f3n de controlador, utilidad de implementaci\u00f3n de controlador y administrador de impresi\u00f3n gestionada)<\/p>\n<p><strong>Tipo de escaneo\/tecnolog\u00eda Tipo:<\/strong> Cama plana, alimentador autom\u00e1tico de documentos (ADF); Tecnolog\u00eda: (CIS) Sensor de imagen de contacto<\/p>\n<p><strong>resoluci\u00f3n de escaneado Hardware:<\/strong> Hasta 600 x 600 ppp; \u00d3ptica: Hasta 600 ppp<\/p>\n<p><strong>Formato de archivos escaneados:<\/strong> PDF, JPEG, TIFF, MTIFF, XPS, PDF\/A<\/p>\n<p><strong>Modos de entrada de datos para escaneado<\/strong>: Aplicaciones en el panel frontal: Copia, correo electr\u00f3nico, guardar en carpeta de red, guardar en USB, guardar en memoria de dispositivo y aplicaciones Open Extensibility Platform (OXP)<\/p>\n<p><strong>Tama\u00f1o de escaneado:<\/strong> ADF: 216 x 864 mm; 8,5 x 34,0 pulg. M\u00e1ximo; 101,6 x 148 mm; 4 x 5.8 in M\u00ednimos; Cama plana: 216 x 356 mm; Hasta 43 ppm\/43 ipm (blanco y negro), hasta 38 ppm\/38 ipm (color)<\/p>\n<p><strong>Velocidad de escaneado:<\/strong> A4: Hasta 43 ppm\/43 ipm (blanco y negro), hasta 38 ppm\/38 ipm (color); Carta: Hasta 45 ppm\/45 ipm (blanco y negro), hasta 40 ppm\/40 ipm (color)12; Dos caras: A4: Hasta 43 ipm (blanco y negro), hasta 38 ipm (color); Carta: Up to 45 ipm (b&amp;w), up to 40 ipm (color)<\/p>\n<p><strong>Funciones avanzadas del esc\u00e1ner:<\/strong> Optimizaci\u00f3n de texto\/imagen; Ajustes de imagen; Elaboraci\u00f3n de trabajos; Configuraci\u00f3n de calidad de salida; Resoluci\u00f3n de escaneo seleccionable de 75 a 600 dpi; Detecci\u00f3n autom\u00e1tica de color; Borrado de bordes; Aviso de trabajo; Supresi\u00f3n de p\u00e1gina en blanco; HP Quick Sets<\/p>\n<p>Funciones est\u00e1ndar de env\u00edo digital:<\/p>\n<p>Escanear a correo electr\u00f3nico; Guardar en carpeta de red; Guardar en unidad USB; Enviar a FTP; Enviar a fax de Internet; Libreta de direcciones local; SMTP por SSL; Eliminaci\u00f3n de p\u00e1ginas en blanco; Borrado de bordes; Detecci\u00f3n autom\u00e1tica del color; Recorte autom\u00e1tico a contenido; PDF compacto<\/p>\n<p><strong>Velocidad de copia:<\/strong> Negro (A4): Hasta 43 cpm (predeterminado); Hasta 50 cpm (HP de alta velocidad); Negro (carta): Hasta 45 cpm; 15; Dos caras Negro (A4): Hasta 34 cpm; Dos caras Negro (carta): Hasta 36 cpm;<\/p>\n<p><strong>Resoluci\u00f3n de copia:<\/strong> Negro (texto y gr\u00e1ficos): Hasta 600 x 600 ppp; Color (texto y gr\u00e1ficos): Hasta 600 x 600 ppp<\/p>\n<p><strong>N\u00famero m\u00e1ximo de copias:<\/strong> Hasta 9999 copias aproximadamente<\/p>\n<p><strong>Redimensionado de copia:<\/strong> 25 a 400%<\/p>\n<p><strong>Configuraciones de copia:<\/strong> Copia a doble cara; escalabilidad; ajustes de imagen (oscuridad, contraste, limpieza de fondo, nitidez); N-up; Disposici\u00f3n en N o Z; orientaci\u00f3n del contenido; compaginado; folleto; trabajos combinados; almacenamiento de trabajos borde a borde; Copia de identificaci\u00f3n; Copia de libro; Copia de A a B (diferentes tama\u00f1os de soporte)<\/p>\n<p><strong>Conectividad est\u00e1ndar:<\/strong> 1 dispositivo USB 2.0 de alta velocidad; 2 host USB 2.0 de alta velocidad; 1 Ethernet Gigabit; 1 compartimento de integraci\u00f3n de hardware<\/p>\n<p><strong>Capacidad de integraci\u00f3n en red:<\/strong> S\u00ed, a trav\u00e9s del servidor de impresi\u00f3n integrado de Ethernet HP Jetdirect (est\u00e1ndar) que admite: 10Base-T, 100Base-Tx, 1000Base-T; 802.3az (EEE) admitido en enlaces Gig y Fast Ethernet; IPsec (est\u00e1ndar); Red inal\u00e1mbrica 802.11a\/b\/g\/n (opcional); segundo puerto Ethernet (opcional).<\/p>\n<p><strong>Capacidad inal\u00e1mbrica:<\/strong> Opcional, activado con la compra de un accesorio de hardware inal\u00e1mbrico. La estaci\u00f3n de conexi\u00f3n inal\u00e1mbrica de banda \u00fanica y funcionalidad Wi-Fi Direct est\u00e1n disponibles con el accesorio NFC\/inal\u00e1mbrico HP Jetdirect 3000w J8030A, la estaci\u00f3n de conexi\u00f3n inal\u00e1mbrica de banda dual y funcionalidad Wi-Fi Direct est\u00e1n disponibles con el accesorio BLE\/NFC\/inal\u00e1mbrico HP Jetdirect 3100w 3JN69A, funcionalidad de la estaci\u00f3n de conexi\u00f3n inal\u00e1mbrica de banda dual con servidor de impresi\u00f3n HP Jetdirect 2900nw J8031A<\/p>\n<p><strong>Capacidad de impresi\u00f3n m\u00f3vil:<\/strong> Apple AirPrint; Google Cloud Print; HP ePrint; Certificado por Mopria; Roam activado para imprimir con facilidad<\/p>\n<p><strong>Memoria Est\u00e1ndar:<\/strong> 1,25 GB (impresora); 512 MB (esc\u00e1ner); M\u00e1ximo: Memoria m\u00e1x. de 3,75 GB, cuando hay instalado un DIMM adicional<\/p>\n<p><strong>Velocidad del procesador:<\/strong> 1,2 GHz<\/p>\n<p><strong>Ciclo de trabajo:<\/strong> Mensual, A4: Hasta 150.000 p\u00e1ginas aproximadamente; Mensual, carta: Hasta 150.000 p\u00e1ginas aproximadamente Volumen de p\u00e1ginas mensuales recomendado: 2000 a 7500 aproximadamente<\/p>\n<p><strong>Manejo de papel:<\/strong> Capacidades de entrada: Bandeja 1 multiprop\u00f3sito para 100 hojas, Bandeja 2 de entrada para 550 hojas, accesorio para impresi\u00f3n autom\u00e1tica a doble cara; Hasta 650 hojas Est\u00e1ndar; Hasta 10 sobres etiquetas oficio; Capacidades de salida: Bandeja salida de 250 hojas; Hasta 250 hojas Est\u00e1ndar etiquetas oficio; Opciones de d\u00faplex: Autom\u00e1tica (est\u00e1ndar); Capacidad del alimentador autom\u00e1tico de documentos: Est\u00e1ndar, 100 hojas; Alimentador de sobres: No; Bandejas de papel est\u00e1ndar: 2; Tipos de soportes admitidos: Papel (bond, color, membretado, com\u00fan, preimpreso, pre-perforado, reciclado, r\u00edgido); sobres; etiquetas; cartulina; transparencias; definido por el usuario; Gramaje de soportes admitido: Bandeja 1: 60 a 200 g\/m\u00b2; bandeja 2 y +: 60 a 120 g\/m\u00b2; Tama\u00f1os de soportes de impresi\u00f3n admitidos: Bandeja 1: A4, A5, A6, RA4, B5 (JIS), B6 (JIS), 10 x 15 cm, oficio (216 x 340), 16K, tarjetas postales (JIS individual y doble), sobres (B5, C5, C6, DL); Bandeja 2: A4, A5, A6, RA4, B5 (JIS), B6 (JIS), oficio (216 x 340), 16K, tarjetas postales (JIS doble); Bandeja para 550 hojas opcional: A4, A5, A6, RA4, B5 (JIS), B6 (JIS), oficio (216 x 340), 16K, tarjetas postales (JIS doble); D\u00faplex autom\u00e1tico para impresi\u00f3n a dos caras opcional: A4, RA4, oficio (216 x 340); Tama\u00f1os de soportes personalizados: Bandeja 1: 76,2 x 127 to 215,9 x 355,6 mm; Bandeja 2: 105 x 148 to 215,9 x 355,6 mm; bandeja opcional para 550 hojas: 105 x 148 to 215,9 x 355,6 mm<\/p>\n<p><strong>Contenido de la caja:<\/strong> HP LaserJet Enterprise M528dn MFP; Cartucho de t\u00f3ner inicial original HP LaserJet (aproximadamente 7500 p\u00e1ginas); Volante regulatorio (sustituci\u00f3n de CD); Volante regulatorio de Chile (AC8); Volante sobre c\u00f3mo desembalar; Gu\u00eda de instalaci\u00f3n; Cable de alimentaci\u00f3n; Tarjetas de garant\u00eda; Folletos de asistencia\/lista de n\u00fameros de tel\u00e9fono<\/p>\n<p><strong>Cable incluido:<\/strong> No, por favor compre el cable USB aparte<\/p>\n<p><strong>Cartuchos de reemplazo:<\/strong> Cartucho de t\u00f3ner original HP LaserJet 89A negro (aproximadamente 5000 p\u00e1ginas) CF289A; Cartucho de t\u00f3ner original HP89X LaserJet de alto rendimiento, negro (aproximadamente 10000 p\u00e1ginas) CF289X; Cartucho de t\u00f3ner original HP89Y LaserJet de extraalto rendimiento, negro (aproximadamente 20000 p\u00e1ginas) CF289Y16<\/p>\n<p><strong>Panel de control:<\/strong> LCD color de 8,0 pulgadas (20,3 cm) con pantalla t\u00e1ctil; pantalla con rotaci\u00f3n (\u00e1ngulo ajustable); bot\u00f3n de Inicio iluminado (para volver r\u00e1pido al men\u00fa Inicio)<\/p>\n<p><strong>Descripci\u00f3n de pantalla<\/strong>: Pantalla t\u00e1ctil de 8,0&#8243; (20,3 cm); (1024&#215;768) LCD (gr\u00e1ficos color); pantalla t\u00e1ctil suave para gestos<\/p>\n<p><strong>Software Incluido:<\/strong> No se incluyen soluciones de software en la caja, solo en la p\u00e1gina de hp<\/p>\n<p><strong>Sistemas operativos compatibles:<\/strong> SO Windows Client (32\/64 bits), Windows 10, Windows 8.1, Windows 8 Basic, Windows 8 Pro, Windows 8 Enterprise, Windows 8 Enterprise N, Windows 7 Starter SP1, UPD Windows 7 Ultimate, SO para m\u00f3viles, iOS, Android, Mac, Apple\u00a0 macOS Sierra v10.12, Apple macOS High Sierra v10.13, Apple macOS Mojave v10.14, controlador de impresora PCL6 independiente, para obtener m\u00e1s informaci\u00f3n sobre los sistemas operativos compatibles, visite la p\u00e1gina de hp introduzca el nombre de producto y realice una b\u00fasqueda, haga clic en las gu\u00edas de usuario, introduzca el nombre de producto y busque la gu\u00eda de usuario, busque la gu\u00eda de usuario (nombre de producto), busque la secci\u00f3n de sistemas operativos compatibles, controladores de impresora UPD PCL6\/PS, sistemas operativos compatibles, para obtener m\u00e1s informaci\u00f3n sobre los sistemas operativos compatibles, consulte la p\u00e1gina de hp<\/p>\n<p><strong>Sistemas operativos de red compatibles: <\/strong>Windows Server 2008 R2 de 64 bits, Windows Server 2008 R2 de 64 bits (SP1), Windows Server 2012 de 64 bits, Windows Server 2012 R2 de 64 bits, Windows Server 2016 de 64 bits, Failover Cluster 2008 R2, Failover Cluster 2012 R2, Terminal server 2008 R2, Remote Desktop server 2012 R2, Citrix Server 6.5, Citrix XenApp y XenDesktop 7.6, Novell iPrint server, certificaci\u00f3n de kit listo para Citrix &#8211; Hasta Citrix Server 7.18.<\/p>\n<p><strong>Requisitos m\u00ednimos del sistema:<\/strong> PC: 2 GB de espacio disponible en el disco duro, conexi\u00f3n a Internet, puerto USB, navegador de Internet. Para conocer los requisitos adicionales de hardware del sistema operativo, consulte microsoft.com; Mac: 2 GB de espacio disponible en el disco duro, conexi\u00f3n a Internet o puerto USB, requisitos de hardware del sistema operativo.<\/p>\n<p>DIMENSIONES:<\/p>\n<p>Dimensiones del producto (An x Pr x Al): 48.2 cm x 49.6 cm x 49.7 cm<\/p>\n<p>Peso del producto: 21.41 kg<\/p>\n<p>Dimensiones del paquete (An x Pr x Al): 73.5 cm x 59.2 cm x 61.3 cm<\/p>\n<p>Peso del paquete: 28.6 kg<\/p>\n<p>&nbsp;<\/p>\n<p>SKU: 2900<\/p>\n<p>EAN: 01192545079488<\/p>\n<p>N\/P: 1PV64A<\/p>\n","protected":false},"excerpt":{"rendered":"<p>Elige una impresora multifunci\u00f3n HP LaserJet Enterprise dise\u00f1ada para gestionar soluciones empresariales de forma eficiente y segura.<\/p>\n","protected":false},"featured_media":6021,"comment_status":"closed","ping_status":"closed","template":"","meta":{"inline_featured_image":false},"pwb-brand":[124],"product_brand":[],"product_cat":[891,893],"product_tag":[1367,1366,1369,721,297,146,155,1368,143,389,703,990],"class_list":{"0":"post-6020","1":"product","2":"type-product","3":"status-publish","4":"has-post-thumbnail","6":"pwb-brand-hp","7":"product_cat-impresion","8":"product_cat-laser","9":"product_tag-1367","10":"product_tag-1pv64a","11":"product_tag-89a","12":"product_tag-duplex","13":"product_tag-hp","14":"product_tag-impresora","15":"product_tag-laser","16":"product_tag-m528dn","17":"product_tag-multifuncional","18":"product_tag-negro","19":"product_tag-toner","20":"product_tag-windows","22":"first","23":"outofstock","24":"sale","25":"taxable","26":"shipping-taxable","27":"purchasable","28":"product-type-simple"},"brands":[{"id":124,"name":"HP","slug":"hp"}],"_links":{"self":[{"href":"https:\/\/compuimpresion.com.co\/portal\/wp-json\/wp\/v2\/product\/6020","targetHints":{"allow":["GET"]}}],"collection":[{"href":"https:\/\/compuimpresion.com.co\/portal\/wp-json\/wp\/v2\/product"}],"about":[{"href":"https:\/\/compuimpresion.com.co\/portal\/wp-json\/wp\/v2\/types\/product"}],"replies":[{"embeddable":true,"href":"https:\/\/compuimpresion.com.co\/portal\/wp-json\/wp\/v2\/comments?post=6020"}],"wp:featuredmedia":[{"embeddable":true,"href":"https:\/\/compuimpresion.com.co\/portal\/wp-json\/wp\/v2\/media\/6021"}],"wp:attachment":[{"href":"https:\/\/compuimpresion.com.co\/portal\/wp-json\/wp\/v2\/media?parent=6020"}],"wp:term":[{"taxonomy":"pwb-brand","embeddable":true,"href":"https:\/\/compuimpresion.com.co\/portal\/wp-json\/wp\/v2\/pwb-brand?post=6020"},{"taxonomy":"product_brand","embeddable":true,"href":"https:\/\/compuimpresion.com.co\/portal\/wp-json\/wp\/v2\/product_brand?post=6020"},{"taxonomy":"product_cat","embeddable":true,"href":"https:\/\/compuimpresion.com.co\/portal\/wp-json\/wp\/v2\/product_cat?post=6020"},{"taxonomy":"product_tag","embeddable":true,"href":"https:\/\/compuimpresion.com.co\/portal\/wp-json\/wp\/v2\/product_tag?post=6020"}],"curies":[{"name":"wp","href":"https:\/\/api.w.org\/{rel}","templated":true}]}}