{"id":5758,"date":"2024-11-08T17:54:14","date_gmt":"2024-11-08T22:54:14","guid":{"rendered":"https:\/\/compuimpresion.com.co\/portal\/?post_type=product&#038;p=5758"},"modified":"2025-11-20T10:34:20","modified_gmt":"2025-11-20T15:34:20","slug":"mouse-logitech-g309-lightspeed-gamer-inalambrico-negro","status":"publish","type":"product","link":"https:\/\/compuimpresion.com.co\/portal\/productos\/mouse-logitech-g309-lightspeed-gamer-inalambrico-negro\/","title":{"rendered":"Mouse Logitech G309 Lightspeed Gamer Inalambrico Negro"},"content":{"rendered":"<p>Un mouse avanzado para juegos con conectividad inal\u00e1mbrica dual LIGHTSPEED y Bluetooth, interruptores h\u00edbridos LIGHTFORCE, seguimiento de precisi\u00f3n HERO 25K y estructura confiable, al alcance de todos. G309 LIGHTSPEED ofrece tecnolog\u00eda inal\u00e1mbrica avanzada, dise\u00f1ada para que todos los jugadores jueguen a su m\u00e1ximo potencial. Optimiza tu rendimiento, minimiza las barreras y sum\u00e9rgete en el juego al m\u00e1ximo. Conectividad inal\u00e1mbrica dual flexible mediante LIGHTSPEED y Bluetooth. Cada milisegundo cuenta, y la tecnolog\u00eda inal\u00e1mbrica LIGHTSPEED proporciona a tu juego una conexi\u00f3n fluida y confiable, para que juegues con la m\u00e1xima confianza. Juega con tecnolog\u00eda inal\u00e1mbrica de baja latencia para juegos o cambia al Bluetooth universal para disfrutar una flexibilidad inal\u00e1mbrica total. G309 LIGHTSPEED est\u00e1 dise\u00f1ado para sesiones de juego marat\u00f3nicas, con un dise\u00f1o ligero de 86 g (cuando funciona con una sola bater\u00eda AA) que reduce la tensi\u00f3n, ofrece m\u00e1s comodidad y un juego m\u00e1s agradable. Reduce a\u00fan m\u00e1s el peso y optimiza tu juego si eliminas la bater\u00eda AA y lo emparejas con el sistema de carga inal\u00e1mbrica POWERPLAY para disfrutar un peso a\u00fan m\u00e1s ligero de 68 g. Los interruptores h\u00edbridos LIGHTFORCE combinan lo mejor del dise\u00f1o de los interruptores \u00f3pticos y mec\u00e1nicos, para ofrecer la combinaci\u00f3n definitiva de velocidad y tacto. Los interruptores LIGHTFORCE del G309 LIGHTSPEED detectan el clic \u00f3ptico a la velocidad de la luz, para ofrecer un tiempo de reacci\u00f3n pr\u00e1cticamente instant\u00e1neo, junto con el tacto mec\u00e1nico y la respuesta de accionamiento que te dar\u00e1n confianza en cada clic.<\/p>\n<p>ESPECIFICACIONES<\/p>\n<p>Dimensiones<\/p>\n<p>Especificaciones f\u00edsicas<\/p>\n<p>Longitud: 120 mm<\/p>\n<p>Anchura: 64 mm<\/p>\n<p>Altura: 39 mm<\/p>\n<p>Peso con POWERPLAY: 68 g<\/p>\n<p>Peso con la bater\u00eda AA: 86 g<\/p>\n<p>Especificaciones t\u00e9cnicas<\/p>\n<p>INTERRUPTORES LIGHTFORCE interruptores h\u00edbridos \u00f3ptico-mec\u00e1nicos<\/p>\n<p>Tecnolog\u00eda inal\u00e1mbrica LIGHTSPEED<\/p>\n<p>Hasta 5 perfiles de memoria integrada<\/p>\n<p>Pies de PTFE<\/p>\n<p>Duraci\u00f3n de las bater\u00edas: La duraci\u00f3n de las bater\u00edas depende del uso y del estado de los dispositivos<\/p>\n<p>M\u00e1s de 300 horas de movimiento constante con tecnolog\u00eda inal\u00e1mbrica LIGHTSPEED, m\u00e1s de 600 con Bluetooth<\/p>\n<p>SEGUIMIENTO<\/p>\n<p>Sensor: HERO 25K<\/p>\n<p>Resoluci\u00f3n: 100 \u2013 25.600 DPI<\/p>\n<p>Aceleraci\u00f3n m\u00e1x.: &gt;40G 1Pruebas realizadas en Logitech G240 Gaming Mouse Pad<\/p>\n<p>Velocidad m\u00e1x.: &gt;400 IPS 2Pruebas realizadas en Logitech G240 Gaming Mouse Pad<\/p>\n<p>Cero suavizado\/aceleraci\u00f3n\/filtros<\/p>\n<p>N\u00famero de referencia<\/p>\n<p>Negro: 910-007197<\/p>\n<p>EAN 097855192295<\/p>\n<p>SKU 0716<\/p>\n","protected":false},"excerpt":{"rendered":"<p>Un mouse avanzado para juegos con conectividad inal\u00e1mbrica dual LIGHTSPEED y Bluetooth, interruptores h\u00edbridos LIGHTFORCE, seguimiento de precisi\u00f3n HERO 25K y estructura confiable, al alcance de todos.<\/p>\n","protected":false},"featured_media":5759,"comment_status":"closed","ping_status":"closed","template":"","meta":{"inline_featured_image":false},"pwb-brand":[559],"product_brand":[],"product_cat":[338,317,1254,16],"product_tag":[1365,726,239,561,201],"class_list":{"0":"post-5758","1":"product","2":"type-product","3":"status-publish","4":"has-post-thumbnail","6":"pwb-brand-logitech","7":"product_cat-accesorios","8":"product_cat-gaming","9":"product_cat-perifericos-de-computo","10":"product_cat-sin-categoria","11":"product_tag-g309","12":"product_tag-gamer","13":"product_tag-inalambrico","14":"product_tag-logitech","15":"product_tag-mouse","17":"first","18":"outofstock","19":"taxable","20":"shipping-taxable","21":"purchasable","22":"product-type-simple"},"brands":[{"id":559,"name":"Logitech","slug":"logitech"}],"_links":{"self":[{"href":"https:\/\/compuimpresion.com.co\/portal\/wp-json\/wp\/v2\/product\/5758","targetHints":{"allow":["GET"]}}],"collection":[{"href":"https:\/\/compuimpresion.com.co\/portal\/wp-json\/wp\/v2\/product"}],"about":[{"href":"https:\/\/compuimpresion.com.co\/portal\/wp-json\/wp\/v2\/types\/product"}],"replies":[{"embeddable":true,"href":"https:\/\/compuimpresion.com.co\/portal\/wp-json\/wp\/v2\/comments?post=5758"}],"wp:featuredmedia":[{"embeddable":true,"href":"https:\/\/compuimpresion.com.co\/portal\/wp-json\/wp\/v2\/media\/5759"}],"wp:attachment":[{"href":"https:\/\/compuimpresion.com.co\/portal\/wp-json\/wp\/v2\/media?parent=5758"}],"wp:term":[{"taxonomy":"pwb-brand","embeddable":true,"href":"https:\/\/compuimpresion.com.co\/portal\/wp-json\/wp\/v2\/pwb-brand?post=5758"},{"taxonomy":"product_brand","embeddable":true,"href":"https:\/\/compuimpresion.com.co\/portal\/wp-json\/wp\/v2\/product_brand?post=5758"},{"taxonomy":"product_cat","embeddable":true,"href":"https:\/\/compuimpresion.com.co\/portal\/wp-json\/wp\/v2\/product_cat?post=5758"},{"taxonomy":"product_tag","embeddable":true,"href":"https:\/\/compuimpresion.com.co\/portal\/wp-json\/wp\/v2\/product_tag?post=5758"}],"curies":[{"name":"wp","href":"https:\/\/api.w.org\/{rel}","templated":true}]}}