{"id":5749,"date":"2024-11-08T11:50:40","date_gmt":"2024-11-08T16:50:40","guid":{"rendered":"https:\/\/compuimpresion.com.co\/portal\/?post_type=product&#038;p=5749"},"modified":"2024-12-18T15:34:17","modified_gmt":"2024-12-18T20:34:17","slug":"mouse-logitech-lift-vertical-inalambrico-ergonomico","status":"publish","type":"product","link":"https:\/\/compuimpresion.com.co\/portal\/productos\/mouse-logitech-lift-vertical-inalambrico-ergonomico\/","title":{"rendered":"Mouse Logitech Lift Vertical Inal\u00e1mbrico Ergon\u00f3mico"},"content":{"rendered":"<p>Levanta la mano, ender\u00e9zala en una postura m\u00e1s natural y descubre la verdadera comodidad. Rel\u00e1jate y aumenta la productividad con el mouse ergon\u00f3mico vertical Lift, un dispositivo dise\u00f1ado para manos peque\u00f1as y medianas. Fuimos los primeros en decirlo. Porque un mouse intuitivo con la forma de Lift puede hacer que las largas horas de trabajo sean un placer. Apoya la mano en una superficie de textura suave, con botones de f\u00e1cil acceso que te ayudan a trabajar todo el d\u00eda sin levantar un dedo. Incluso tiene un \u00e1rea para el pulgar. El \u00e1ngulo \u00f3ptimo de 57\u00b0 de Lift posibilita lo que llamamos \u00abposici\u00f3n de sujeci\u00f3n natural\u00bb, que ejerce menos presi\u00f3n sobre la mu\u00f1eca a lo largo del d\u00eda y fomenta una postura m\u00e1s natural del brazo y la parte superior del cuerpo. Con la parte superior del cuerpo m\u00e1s relajada, la mente puede concentrarse en las cosas realmente importantes. Trabaja apaciblemente ma\u00f1ana y tarde con clicks silenciosos y un bot\u00f3n rueda que se desliza suavemente y responde a toques liger\u00edsimos. La silueta org\u00e1nica de Lift se adapta como un guante a manos peque\u00f1as y medianas, especialmente dise\u00f1ada y esculpida por el equipo de expertos en ergonom\u00eda y dise\u00f1o de Logitech.<\/p>\n<p>ESPECIFICACIONES<\/p>\n<p>Dimensiones<\/p>\n<p>Altura: 108 mm<\/p>\n<p>Anchura: 70 mm<\/p>\n<p>Profundidad: 71 mm<\/p>\n<p>Peso: 125 g<\/p>\n<p>Especificaciones t\u00e9cnicas<\/p>\n<p>Tecnolog\u00eda de sensor<\/p>\n<p>Tipo de sensor: Seguimiento \u00f3ptico avanzado de Logitech<\/p>\n<p>Rango de dpi: 400-4000 dpi (totalmente ajustable con incrementos de 100 dpi)<\/p>\n<p>Valor nominal: 1000 DPI<\/p>\n<p>Botones<\/p>\n<p>N\u00famero de botones: 6 (click izquierdo\/derecho, retroceso\/avance, bot\u00f3n central, bot\u00f3n rueda con click de bot\u00f3n central)<\/p>\n<p>Aplicaci\u00f3n que permite personalizarlo<\/p>\n<p>Compatibilidad con Logi Options+ para Windows y macOS 1Disponible para Windows y macOS en logitech.com\/optionsplus<\/p>\n<p>Bater\u00eda<\/p>\n<p>Tipo de bater\u00edas: 1 bater\u00eda AA (incluida)<\/p>\n<p>Duraci\u00f3n de bater\u00edas: hasta 24 meses 2La duraci\u00f3n de las bater\u00edas depende del uso y de los dispositivos.<\/p>\n<p>Compatibilidad con tipo de conexi\u00f3n<\/p>\n<p>Receptor USB Logi Bolt (incluido)<\/p>\n<p>Tecnolog\u00eda Bluetooth\u00ae de bajo consumo<\/p>\n<p>Radio de acci\u00f3n inal\u00e1mbrico<\/p>\n<p>Radio de acci\u00f3n inal\u00e1mbrico de 10 m 3El radio de acci\u00f3n inal\u00e1mbrico depende del entorno operativo y de la configuraci\u00f3n del ordenador.<\/p>\n<p>Sostenibilidad<\/p>\n<p>Pl\u00e1stico en grafito: 70% de material reciclado posconsumo 4Excluye pl\u00e1stico en el receptor, la pila, el conjunto de cableado impreso (PWA) el cable FFC.<\/p>\n<p>Pl\u00e1stico en blanco crudo y rosado: 54% de material reciclado posconsumo 5Excluye pl\u00e1stico en el receptor, la pila, el conjunto de cableado impreso (PWA) el cable FFC.<\/p>\n<p>Empacado de papel: Con certificaci\u00f3n FSC\u2122<\/p>\n<p>Informaci\u00f3n de garant\u00eda<\/p>\n<p>Un a\u00f1o de garant\u00eda de hardware limitada<\/p>\n<p>N\u00famero de referencia Grafito Lift : 910-006466<\/p>\n<p>EAN 097855170927<\/p>\n<p>SKU 0717<\/p>\n","protected":false},"excerpt":{"rendered":"<p>Levanta la mano, ender\u00e9zala en una postura m\u00e1s natural y descubre la verdadera comodidad. Rel\u00e1jate y aumenta la productividad con el mouse ergon\u00f3mico vertical Lift, un dispositivo dise\u00f1ado para manos peque\u00f1as y medianas.<\/p>\n","protected":false},"featured_media":5750,"comment_status":"closed","ping_status":"closed","template":"","meta":{"inline_featured_image":false},"pwb-brand":[559],"product_brand":[],"product_cat":[338,1254],"product_tag":[1362,1363,561,201,715],"class_list":{"0":"post-5749","1":"product","2":"type-product","3":"status-publish","4":"has-post-thumbnail","6":"pwb-brand-logitech","7":"product_cat-accesorios","8":"product_cat-perifericos-de-computo","9":"product_tag-ergomonico","10":"product_tag-lift","11":"product_tag-logitech","12":"product_tag-mouse","13":"product_tag-vertical","15":"first","16":"outofstock","17":"taxable","18":"shipping-taxable","19":"purchasable","20":"product-type-simple"},"brands":[{"id":559,"name":"Logitech","slug":"logitech"}],"_links":{"self":[{"href":"https:\/\/compuimpresion.com.co\/portal\/wp-json\/wp\/v2\/product\/5749","targetHints":{"allow":["GET"]}}],"collection":[{"href":"https:\/\/compuimpresion.com.co\/portal\/wp-json\/wp\/v2\/product"}],"about":[{"href":"https:\/\/compuimpresion.com.co\/portal\/wp-json\/wp\/v2\/types\/product"}],"replies":[{"embeddable":true,"href":"https:\/\/compuimpresion.com.co\/portal\/wp-json\/wp\/v2\/comments?post=5749"}],"wp:featuredmedia":[{"embeddable":true,"href":"https:\/\/compuimpresion.com.co\/portal\/wp-json\/wp\/v2\/media\/5750"}],"wp:attachment":[{"href":"https:\/\/compuimpresion.com.co\/portal\/wp-json\/wp\/v2\/media?parent=5749"}],"wp:term":[{"taxonomy":"pwb-brand","embeddable":true,"href":"https:\/\/compuimpresion.com.co\/portal\/wp-json\/wp\/v2\/pwb-brand?post=5749"},{"taxonomy":"product_brand","embeddable":true,"href":"https:\/\/compuimpresion.com.co\/portal\/wp-json\/wp\/v2\/product_brand?post=5749"},{"taxonomy":"product_cat","embeddable":true,"href":"https:\/\/compuimpresion.com.co\/portal\/wp-json\/wp\/v2\/product_cat?post=5749"},{"taxonomy":"product_tag","embeddable":true,"href":"https:\/\/compuimpresion.com.co\/portal\/wp-json\/wp\/v2\/product_tag?post=5749"}],"curies":[{"name":"wp","href":"https:\/\/api.w.org\/{rel}","templated":true}]}}