{"id":5714,"date":"2024-10-16T12:31:50","date_gmt":"2024-10-16T17:31:50","guid":{"rendered":"https:\/\/compuimpresion.com.co\/portal\/?post_type=product&#038;p=5714"},"modified":"2026-04-14T17:07:46","modified_gmt":"2026-04-14T22:07:46","slug":"impresora-ricoh-p311-laser-monocromatica-duplex","status":"publish","type":"product","link":"https:\/\/compuimpresion.com.co\/portal\/productos\/impresora-ricoh-p311-laser-monocromatica-duplex\/","title":{"rendered":"Impresora Ricoh P311 l\u00e1ser Monocrom\u00e1tica DUPLEX"},"content":{"rendered":"<p>Ideal para peque\u00f1os grupos de trabajo y la oficina en casa, la P 311 produce un flujo constante de salida a velocidades de hasta 34 p\u00e1ginas por minuto (PPM). Un cartucho de impresi\u00f3n de alto rendimiento ayuda a maximizar el tiempo de funcionamiento y minimiza los retrasos, las molestias y los costos. Gestiona varios proyectos al mismo tiempo con el impresionante controlador de 350 MHz. Pasar de una tarea a otra es sencillo con su intuitivo teclado en la pantalla del panel LCD de 4 l\u00edneas. Imprime y copia hasta 7.000 p\u00e1ginas antes de tener que sustituir el cartucho de impresi\u00f3n todo en uno. Cuando sea necesario sustituirlo, incluso los usuarios principiantes podr\u00e1n hacerlo en un momento. El dise\u00f1o de acceso frontal completo le permite recargar el papel, comprobar los ajustes y mucho m\u00e1s con facilidad. T\u00fa y tu equipo podr\u00e1n comunicar informaci\u00f3n y datos de forma segura all\u00ed donde est\u00e9n trabajando. Para imprimir a distancia, descarga la aplicaci\u00f3n RICOH Smart Device Connector en tu dispositivo m\u00f3vil Android y vinc\u00falalo con la P 311 a trav\u00e9s de la etiqueta Near Field Communication (NFC), o imprime utilizando Mopria o AirPrint\u00ae. La impresi\u00f3n bloqueada mantiene la informaci\u00f3n sensible protegida hasta que te autentiques en el dispositivo y recojas tus documentos. No necesitas mucho espacio para configurar y conectar la P 311. Con la conectividad inal\u00e1mbrica USB WiFi\u00ae de 2,4 GHz, puede colocar la impresora en escritorios, mostradores o incluso en armarios. La herramienta de controladores de impresi\u00f3n autom\u00e1tica simplifica la configuraci\u00f3n y la descarga de controladores para los sistemas operativos Windows\u00ae, Mac\u00ae o Linux. Con la certificaci\u00f3n ENERGY STAR\u00ae, la P 311 cumple los criterios EPEAT\u00ae Silver*, ofreciendo un bajo valor de consumo el\u00e9ctrico t\u00edpico (TEC) de 0,410 kWH\/semana. La impresi\u00f3n a doble cara por defecto ayuda a reducir a\u00fan m\u00e1s los costes de funcionamiento, mientras que el modo de reposo apaga autom\u00e1ticamente el dispositivo cuando est\u00e1 inactivo.<\/p>\n<p>ESPECIFICACIONES<\/p>\n<p>Utilidades del software de gesti\u00f3n de dispositivos Web Image Monitor, Device Manager NX Lite, @Remote (soporte limitado)<\/p>\n<p>Soporte de fuentes PCL: 55 fuentes|PS3 35 fuentes<\/p>\n<p>Velocidad del procesador 350MHz<\/p>\n<p>Soporte de impresi\u00f3n m\u00f3vil RICOH SmartDeviceConnector, AirPrint\u00ae, Mopria\u00ae<\/p>\n<p>El consumo de energ\u00eda En funcionamiento 960W|Modo de reposo: 0,66W<\/p>\n<p>Requerimientos de energ\u00edaM120-127V, 60Hz, 7.7A<\/p>\n<p>Tama\u00f1o m\u00e1ximo de papel 8.5&#215;14 (Legal)<\/p>\n<p>Nombre del modelo de suministros P 311<\/p>\n<p>Subcategor\u00eda de suministros En blanco y negro<\/p>\n<p>Lema de introducci\u00f3n Mantener la productividad y el presupuesto<\/p>\n<p>Peso 28,7 lbs. (13kg)<\/p>\n<p>Tipo de t\u00f3ner Seco, de un solo componente<\/p>\n<p>Tecnolog\u00eda L\u00e1ser<\/p>\n<p>Peso de papel soportado Bandeja est\u00e1ndar: 14 &#8211; 43lb Bond\/ 90lb Index (52 &#8211; 162g\/m2) |Bandeja bypass: 14 &#8211; 43lb Bond\/ 90lb Index (52 &#8211; 162g\/m2) |D\u00faplex: 16 &#8211; 28lb Bond\/ 58lb Index (60 &#8211; 105g\/m2)<\/p>\n<p>Tipos de papel compatibles Fino, normal, grueso, reciclado, de color, especial, con membrete, preimpreso, bond*, cartulina*, etiqueta*, sobre**|*S\u00f3lo bandeja 1 y bypass|**S\u00f3lo desde la bandeja de entrada manual<\/p>\n<p>Tama\u00f1os de papel compatibles Bandeja de papel est\u00e1ndar: De 5,5&#8243; x 8,5&#8243; a 8,5&#8243; x 14&#8243;; A6 &#8211; B5 |Tama\u00f1os personalizados: 3,94&#8243; x 5,83&#8243; a 8,5&#8243; x 14&#8243; (100 x 148mm a 216 x 356mm) |Bandeja bypass: 5,5&#8243; x 8,5&#8243; a 8,5&#8243; x 14&#8243;; A6 &#8211; B5, sobres |Tama\u00f1os personalizados: De 3,54&#8243; x 5,51&#8243; a 8,5&#8243; x 14&#8243; (de 90 x 140mm a 216 x 356mm)|D\u00faplex: de 8,5&#8243; x 11&#8243; a 8,5&#8243; x 14&#8243;; A4 &#8211; B5<\/p>\n<p>Capacidad de papel est\u00e1ndar Bandeja de 250 hojas x 1 + Bypass de 50 hojas<\/p>\n<p>Resoluci\u00f3n de impresi\u00f3n 1200 x 1200, 1200 x 600 ppp, 600 x 600 ppp<\/p>\n<p>Capacidad de papel m\u00e1xima 550 hojas<\/p>\n<p>Volumen mensual m\u00e1ximo Hasta 5.800 impresiones<\/p>\n<p>Ciclo m\u00e1ximo de trabajo 35.000 impresiones<\/p>\n<p>Primera velocidad de impresi\u00f3n 7,1 segundos<\/p>\n<p>Duplexado Autom\u00e1tico (est\u00e1ndar)<\/p>\n<p>Dimensiones A x P x H 14,6&#8243; x 15,4&#8243; x 10,3&#8243; (370 x 392 x 262mm)<\/p>\n<p>Configuraci\u00f3n Desktop<\/p>\n<p>Consumo t\u00edpico de electricidad TEC .410 kWh\/semana<\/p>\n<p>Alimentador no<\/p>\n<p>Sistemas operativos compatibles Windows 8.1, 10, Windows Server 2012\/2012R2, 2016, 2019|Mac OS: 10.10-15, v11|Linux: Ubuntu 16.04 LTS (x86\/x64), 18.04 (x64), 18.10 (x64), SUSE Leap 42.3 abierto, Red Hat Enterprise Linux 6.7, 6.8, 6.9, 6.10, 7.3, 7.4, 7.5, 7.6, Boss Linux v6<\/p>\n<p>Interfaces est\u00e1ndar Ethernet 100BASE-TX\/10BASE-T|USB2.0 Tipo B<\/p>\n<p>Caracter\u00edsticas de seguridad IPSec, impresi\u00f3n bloqueada, compatibilidad con TLS 1.3 y SNMPv3, WEP, WPA<\/p>\n<p>Controladores de idiomas de impresora PCL6, PCL5e, emulaci\u00f3n PS3 (s\u00f3lo compatible con Windows)<\/p>\n<p>Caracter\u00edsticas de la impresora Intercalar, Trama, D\u00faplex, No imprimir p\u00e1ginas en blanco, Portada, Dise\u00f1o (N-Up), Impresi\u00f3n bloqueada (s\u00f3lo PCL), Reducir\/Ampliar, Rotar impresi\u00f3n (s\u00f3lo PCL), Ahorro de t\u00f3ner, Marcas de agua<\/p>\n<p>Interfaces opcionales LAN inal\u00e1mbrica (IEEE 802.11a\/b\/g\/n)<\/p>\n<p>Protocolos de red TCP\/IP (IPv4, IPv6), IPP<\/p>\n<p>M\u00e1ximo est\u00e1ndar de memoria 128 MB DE RAM<\/p>\n<p>&nbsp;<\/p>\n","protected":false},"excerpt":{"rendered":"<p>Ideal para peque\u00f1os grupos de trabajo y la oficina en casa, la P 311 produce un flujo constante de salida a velocidades de hasta 34 p\u00e1ginas por minuto (PPM).<\/p>\n","protected":false},"featured_media":5715,"comment_status":"closed","ping_status":"closed","template":"","meta":{"inline_featured_image":false},"pwb-brand":[153],"product_brand":[],"product_cat":[891,893],"product_tag":[310,611,146,155,150,389,1466,722],"class_list":{"0":"post-5714","1":"product","2":"type-product","3":"status-publish","4":"has-post-thumbnail","6":"pwb-brand-ricoh","7":"product_cat-impresion","8":"product_cat-laser","9":"product_tag-310","10":"product_tag-ethernet","11":"product_tag-impresora","12":"product_tag-laser","13":"product_tag-monocromatica","14":"product_tag-negro","15":"product_tag-p311","16":"product_tag-red","18":"first","19":"instock","20":"taxable","21":"shipping-taxable","22":"purchasable","23":"product-type-simple"},"brands":[{"id":153,"name":"Ricoh","slug":"ricoh"}],"_links":{"self":[{"href":"https:\/\/compuimpresion.com.co\/portal\/wp-json\/wp\/v2\/product\/5714","targetHints":{"allow":["GET"]}}],"collection":[{"href":"https:\/\/compuimpresion.com.co\/portal\/wp-json\/wp\/v2\/product"}],"about":[{"href":"https:\/\/compuimpresion.com.co\/portal\/wp-json\/wp\/v2\/types\/product"}],"replies":[{"embeddable":true,"href":"https:\/\/compuimpresion.com.co\/portal\/wp-json\/wp\/v2\/comments?post=5714"}],"wp:featuredmedia":[{"embeddable":true,"href":"https:\/\/compuimpresion.com.co\/portal\/wp-json\/wp\/v2\/media\/5715"}],"wp:attachment":[{"href":"https:\/\/compuimpresion.com.co\/portal\/wp-json\/wp\/v2\/media?parent=5714"}],"wp:term":[{"taxonomy":"pwb-brand","embeddable":true,"href":"https:\/\/compuimpresion.com.co\/portal\/wp-json\/wp\/v2\/pwb-brand?post=5714"},{"taxonomy":"product_brand","embeddable":true,"href":"https:\/\/compuimpresion.com.co\/portal\/wp-json\/wp\/v2\/product_brand?post=5714"},{"taxonomy":"product_cat","embeddable":true,"href":"https:\/\/compuimpresion.com.co\/portal\/wp-json\/wp\/v2\/product_cat?post=5714"},{"taxonomy":"product_tag","embeddable":true,"href":"https:\/\/compuimpresion.com.co\/portal\/wp-json\/wp\/v2\/product_tag?post=5714"}],"curies":[{"name":"wp","href":"https:\/\/api.w.org\/{rel}","templated":true}]}}