{"id":5708,"date":"2024-10-10T10:53:08","date_gmt":"2024-10-10T15:53:08","guid":{"rendered":"https:\/\/compuimpresion.com.co\/portal\/?post_type=product&#038;p=5708"},"modified":"2025-07-28T12:52:32","modified_gmt":"2025-07-28T17:52:32","slug":"redmi-watch-5-active-silver","status":"publish","type":"product","link":"https:\/\/compuimpresion.com.co\/portal\/productos\/redmi-watch-5-active-silver\/","title":{"rendered":"Redmi Watch 5 Active SILVER"},"content":{"rendered":"<p>Un l\u00edder de tendencias para pantallas grandes con un dise\u00f1o elegante de pantalla cuadrada y una pantalla LCD de 2 pulgadas. Con una relaci\u00f3n de pantalla a cuerpo superior al 70 %, magnifica cada momento brillante. El marco tiene un acabado mate para ofrecer un aspecto de mayor calidad y una sensaci\u00f3n m\u00e1s suave. Disponible en Negro medianoche y Plata mate, su dise\u00f1o minimalista combina belleza y elegancia. Adapta la esfera del reloj a tu estado de \u00e1nimo y a tu conjunto y deja que tu personalidad brille. Con la funci\u00f3n de llamadas Bluetooth, cancelaci\u00f3n de ruido con dos micr\u00f3fonos y recogida direccional de audio de hasta 80 cm, admite un rango de llamada extendido con mayor cobertura para una comunicaci\u00f3n m\u00e1s clara y flexible. Cuenta con una bater\u00eda de 470 mAh con una duraci\u00f3n de 18 d\u00edas en modo de uso normal, por lo que no es necesario cargarla con frecuencia cuando se est\u00e1 fuera de casa o de viaje.<\/p>\n<p>ESPECIFICACIONES<\/p>\n<p>Dimensiones 49,1 mm x 40,4 mm x 11,4 mm<\/p>\n<p>Marco Pl\u00e1stico (con revestimiento met\u00e1lico por spray)<\/p>\n<p>Correa Tama\u00f1o: 135-205 mm<\/p>\n<p>Sensores de frecuencia cardiaca (con sensor de ox\u00edgeno en sangre) | Aceler\u00f3metro<\/p>\n<p>Bater\u00eda Tiempo de uso normal: 18 d\u00edas Capacidad: 470 mAh<\/p>\n<p>Pantalla LCD cuadrada de 2\u00bb<\/p>\n<p>Resoluci\u00f3n: 320 x 385\uff5c250 PPP<\/p>\n<p>Especificaciones<\/p>\n<p>Llamadas Bluetooth: compatible<\/p>\n<p>Altavoz: compatible<\/p>\n<p>Resistencia al agua de 5 ATM<\/p>\n<p>Conectividad inal\u00e1mbrica: Bluetooth 5.3<\/p>\n<p>Sistema operativo: Xiaomi HyperOS<\/p>\n<p>Compatibilidad: solo compatible con smartphones con Android 8.0 o iOS 12.0 y superiores<\/p>\n<p>Contenido del paquete<\/p>\n<p>Redmi Watch 5 Active \/ Cable de carga magn\u00e9tica \/ Manual de usuario (incluido aviso de garant\u00eda)<\/p>\n<p>EAN NEGRO 6941812791585<\/p>\n<p>EAN PLATA 6941812791547<\/p>\n<p>SKU NEGRO 8002<\/p>\n<p>SKU PLATA 8003<\/p>\n","protected":false},"excerpt":{"rendered":"<p>Un l\u00edder de tendencias para pantallas grandes con un dise\u00f1o elegante de pantalla cuadrada y una pantalla LCD de 2 pulgadas.<\/p>\n","protected":false},"featured_media":5709,"comment_status":"closed","ping_status":"closed","template":"","meta":{"inline_featured_image":false},"pwb-brand":[1265],"product_brand":[],"product_cat":[338,1361],"product_tag":[],"class_list":{"0":"post-5708","1":"product","2":"type-product","3":"status-publish","4":"has-post-thumbnail","6":"pwb-brand-xiaomi","7":"product_cat-accesorios","8":"product_cat-smartwatch","10":"first","11":"outofstock","12":"taxable","13":"shipping-taxable","14":"purchasable","15":"product-type-simple"},"brands":[{"id":1265,"name":"Xiaomi","slug":"xiaomi"}],"_links":{"self":[{"href":"https:\/\/compuimpresion.com.co\/portal\/wp-json\/wp\/v2\/product\/5708","targetHints":{"allow":["GET"]}}],"collection":[{"href":"https:\/\/compuimpresion.com.co\/portal\/wp-json\/wp\/v2\/product"}],"about":[{"href":"https:\/\/compuimpresion.com.co\/portal\/wp-json\/wp\/v2\/types\/product"}],"replies":[{"embeddable":true,"href":"https:\/\/compuimpresion.com.co\/portal\/wp-json\/wp\/v2\/comments?post=5708"}],"wp:featuredmedia":[{"embeddable":true,"href":"https:\/\/compuimpresion.com.co\/portal\/wp-json\/wp\/v2\/media\/5709"}],"wp:attachment":[{"href":"https:\/\/compuimpresion.com.co\/portal\/wp-json\/wp\/v2\/media?parent=5708"}],"wp:term":[{"taxonomy":"pwb-brand","embeddable":true,"href":"https:\/\/compuimpresion.com.co\/portal\/wp-json\/wp\/v2\/pwb-brand?post=5708"},{"taxonomy":"product_brand","embeddable":true,"href":"https:\/\/compuimpresion.com.co\/portal\/wp-json\/wp\/v2\/product_brand?post=5708"},{"taxonomy":"product_cat","embeddable":true,"href":"https:\/\/compuimpresion.com.co\/portal\/wp-json\/wp\/v2\/product_cat?post=5708"},{"taxonomy":"product_tag","embeddable":true,"href":"https:\/\/compuimpresion.com.co\/portal\/wp-json\/wp\/v2\/product_tag?post=5708"}],"curies":[{"name":"wp","href":"https:\/\/api.w.org\/{rel}","templated":true}]}}