{"id":5689,"date":"2024-10-04T17:44:54","date_gmt":"2024-10-04T22:44:54","guid":{"rendered":"https:\/\/compuimpresion.com.co\/portal\/?post_type=product&#038;p=5689"},"modified":"2025-04-07T15:33:55","modified_gmt":"2025-04-07T20:33:55","slug":"mouse-logitech-g502-lightspeed","status":"publish","type":"product","link":"https:\/\/compuimpresion.com.co\/portal\/productos\/mouse-logitech-g502-lightspeed\/","title":{"rendered":"Mouse Logitech G502 Lightspeed"},"content":{"rendered":"<p>El dise\u00f1o ic\u00f3nico del G502 se combina con la tecnolog\u00eda inal\u00e1mbrica LIGHTSPEED de nivel profesional para lograr una conectividad ultrarr\u00e1pida y confiable. El sensor HERO 25K cuenta con seguimiento submicr\u00f3nico. Compatible con POWERPLAY para una carga continua tanto en reposo como en uso.<\/p>\n<p>ESPECIFICACIONES<\/p>\n<p>Altura : 11,42 pulgadas (290 mm)<\/p>\n<p>Ancho : 2,95 pulgadas (75 mm)<\/p>\n<p>Profundidad : 1,57 pulgadas (40 mm)<\/p>\n<p>Peso : (4,02 oz (114 g)) solo el rat\u00f3n<\/p>\n<p>Pesos adicionales opcionales: hasta : 0,56 oz (16 g)<\/p>\n<p>SEGUIMIENTO<\/p>\n<p>Sensor : HERO 25K<\/p>\n<p>Resoluci\u00f3n : 100 \u2013 25.600 ppp<\/p>\n<p>Suavizado\/aceleraci\u00f3n\/filtrado cero<\/p>\n<p>Aceleraci\u00f3n m\u00e1xima : &gt;40 G 1Probado en la alfombrilla para rat\u00f3n para juegos Logitech G240<\/p>\n<p>Velocidad m\u00e1xima : &gt;400 IPS 2Probado en la alfombrilla para rat\u00f3n para juegos Logitech G240<\/p>\n<p>SENSIBILIDAD<\/p>\n<p>Formato de datos USB : 16 bits\/eje<\/p>\n<p>Frecuencia de informe USB : 1 ms (1000 Hz)<\/p>\n<p>Frecuencia de respuesta inal\u00e1mbrica : 1 ms (1000 Hz)<\/p>\n<p>Tecnolog\u00eda inal\u00e1mbrica : LIGHTSPEED Wireless<\/p>\n<p>Microprocesador : ARM de 32 bits<\/p>\n<p>Durabilidad<\/p>\n<p>Pies de PTFE : alcance de 250 km 3Probado en la alfombrilla para rat\u00f3n para juegos Logitech G240<\/p>\n<p>DURACI\u00d3N DE LA BATER\u00cdA (USO CONTINUO)4<\/p>\n<p>Iluminaci\u00f3n predeterminada : hasta 48 horas<\/p>\n<p>Sin iluminaci\u00f3n : hasta 60 horas<\/p>\n<p>Otras caracter\u00edsticas<\/p>\n<p>Rueda de desplazamiento ultrarr\u00e1pida<\/p>\n<p>Compatible con POWERPLAY<\/p>\n<p>Memoria integrada<\/p>\n<p>LIGHTSYNC RGB : 2 zonas<\/p>\n<p>Sistema de tensi\u00f3n de botones mec\u00e1nicos<\/p>\n<p>Informaci\u00f3n de garant\u00eda<\/p>\n<p>Garant\u00eda limitada de hardware por 2 a\u00f1os<\/p>\n<p>N\u00famero de pieza<\/p>\n<p>910-005565<\/p>\n<p>COMPATIBLE Windows 8 o posterior : Windows macOS\u00ae X 10.11 o posterior Puerto USB<\/p>\n<p>Acceso a Internet para la descarga del software Logitech G HUB<\/p>\n<p>EAN 097855145246<\/p>\n<p>SKU 1429<\/p>\n","protected":false},"excerpt":{"rendered":"<p>El dise\u00f1o ic\u00f3nico del G502 se combina con la tecnolog\u00eda inal\u00e1mbrica LIGHTSPEED de nivel profesional para lograr una conectividad ultrarr\u00e1pida y confiable.<\/p>\n","protected":false},"featured_media":5691,"comment_status":"closed","ping_status":"closed","template":"","meta":{"inline_featured_image":false},"pwb-brand":[559],"product_brand":[],"product_cat":[338,317,1254],"product_tag":[1302,239,1360,561],"class_list":{"0":"post-5689","1":"product","2":"type-product","3":"status-publish","4":"has-post-thumbnail","6":"pwb-brand-logitech","7":"product_cat-accesorios","8":"product_cat-gaming","9":"product_cat-perifericos-de-computo","10":"product_tag-g502","11":"product_tag-inalambrico","12":"product_tag-lightspeed","13":"product_tag-logitech","15":"first","16":"outofstock","17":"taxable","18":"shipping-taxable","19":"purchasable","20":"product-type-simple"},"brands":[{"id":559,"name":"Logitech","slug":"logitech"}],"_links":{"self":[{"href":"https:\/\/compuimpresion.com.co\/portal\/wp-json\/wp\/v2\/product\/5689","targetHints":{"allow":["GET"]}}],"collection":[{"href":"https:\/\/compuimpresion.com.co\/portal\/wp-json\/wp\/v2\/product"}],"about":[{"href":"https:\/\/compuimpresion.com.co\/portal\/wp-json\/wp\/v2\/types\/product"}],"replies":[{"embeddable":true,"href":"https:\/\/compuimpresion.com.co\/portal\/wp-json\/wp\/v2\/comments?post=5689"}],"wp:featuredmedia":[{"embeddable":true,"href":"https:\/\/compuimpresion.com.co\/portal\/wp-json\/wp\/v2\/media\/5691"}],"wp:attachment":[{"href":"https:\/\/compuimpresion.com.co\/portal\/wp-json\/wp\/v2\/media?parent=5689"}],"wp:term":[{"taxonomy":"pwb-brand","embeddable":true,"href":"https:\/\/compuimpresion.com.co\/portal\/wp-json\/wp\/v2\/pwb-brand?post=5689"},{"taxonomy":"product_brand","embeddable":true,"href":"https:\/\/compuimpresion.com.co\/portal\/wp-json\/wp\/v2\/product_brand?post=5689"},{"taxonomy":"product_cat","embeddable":true,"href":"https:\/\/compuimpresion.com.co\/portal\/wp-json\/wp\/v2\/product_cat?post=5689"},{"taxonomy":"product_tag","embeddable":true,"href":"https:\/\/compuimpresion.com.co\/portal\/wp-json\/wp\/v2\/product_tag?post=5689"}],"curies":[{"name":"wp","href":"https:\/\/api.w.org\/{rel}","templated":true}]}}