{"id":5684,"date":"2024-10-03T12:51:22","date_gmt":"2024-10-03T17:51:22","guid":{"rendered":"https:\/\/compuimpresion.com.co\/portal\/?post_type=product&#038;p=5684"},"modified":"2025-01-31T08:18:55","modified_gmt":"2025-01-31T13:18:55","slug":"motorola-buds-065","status":"publish","type":"product","link":"https:\/\/compuimpresion.com.co\/portal\/productos\/motorola-buds-065\/","title":{"rendered":"Motorola BUDS 065"},"content":{"rendered":"<p>Este aud\u00edfono Motorola Buds 065 Bluetooth 5.3 es ideal para aquellos que buscan comodidad y calidad de sonido. Con su dise\u00f1o in-ear y resistencia al agua IPX4, podr\u00e1s disfrutar de tu m\u00fasica favorita en cualquier momento y lugar. Adem\u00e1s, cuenta con tecnolog\u00eda Bluetooth para una conexi\u00f3n inal\u00e1mbrica sin complicaciones. Gracias a sus asistentes de voz integrados, podr\u00e1s controlar tu m\u00fasica y responder llamadas de forma sencilla y pr\u00e1ctica. Adem\u00e1s, su micr\u00f3fono con cancelaci\u00f3n de ruido garantiza una comunicaci\u00f3n clara y n\u00edtida en todo momento. Con una duraci\u00f3n de hasta 17 horas de reproducci\u00f3n, este aud\u00edfono es perfecto para acompa\u00f1arte durante todo el d\u00eda. Ya sea para escuchar m\u00fasica, jugar o realizar llamadas, el aud\u00edfono Motorola Buds 065 Bluetooth 5.3 es la elecci\u00f3n perfecta. Su calidad de sonido, comodidad y durabilidad lo convierten en un accesorio imprescindible para tu d\u00eda a d\u00eda. No esperes m\u00e1s y disfruta de una experiencia auditiva excepcional con este aud\u00edfono de Motorola.<\/p>\n<p>ESPECIFICACIONES<\/p>\n<p>Caracter\u00edsticas\u00a0\u00a0 Aislador de sonido<\/p>\n<p>Conectividad\/conexi\u00f3n\u00a0 Bluetooth<\/p>\n<p>Pa\u00eds de origen\u00a0\u00a0\u00a0 China<\/p>\n<p>Requiere IMEI\u00a0\u00a0 No<\/p>\n<p>Condici\u00f3n del producto Nuevo<\/p>\n<p>Tipo\u00a0\u00a0\u00a0\u00a0\u00a0\u00a0 In-Ear<\/p>\n<p>Garant\u00eda\u00a0\u00a0\u00a0\u00a0\u00a0\u00a0\u00a0\u00a0\u00a0\u00a0\u00a0\u00a0\u00a0 3 meses<\/p>\n<p>Modelo BUDS065Space<\/p>\n<p>Color\u00a0\u00a0\u00a0\u00a0 Gris Oscuro<\/p>\n<p>Dimensiones\u00a0\u00a0\u00a0\u00a0\u00a0 20 cm x 10 cm x 20 cm<\/p>\n<p>Frecuencia de operaci\u00f3n\u00a0\u00a0\u00a0\u00a0\u00a0\u00a0\u00a0\u00a0\u00a0\u00a0\u00a0\u00a0\u00a0 1<\/p>\n<p>SKU 4168<\/p>\n<p>EAN 5055374716236<\/p>\n","protected":false},"excerpt":{"rendered":"<p>Este aud\u00edfono Motorola Buds 065 Bluetooth 5.3 es ideal para aquellos que buscan comodidad y calidad de sonido.<\/p>\n","protected":false},"featured_media":5685,"comment_status":"closed","ping_status":"closed","template":"","meta":{"inline_featured_image":false},"pwb-brand":[1359],"product_brand":[],"product_cat":[338,1266],"product_tag":[],"class_list":{"0":"post-5684","1":"product","2":"type-product","3":"status-publish","4":"has-post-thumbnail","6":"pwb-brand-motorola","7":"product_cat-accesorios","8":"product_cat-audifonos","10":"first","11":"outofstock","12":"taxable","13":"shipping-taxable","14":"purchasable","15":"product-type-simple"},"brands":[{"id":1359,"name":"Motorola","slug":"motorola"}],"_links":{"self":[{"href":"https:\/\/compuimpresion.com.co\/portal\/wp-json\/wp\/v2\/product\/5684","targetHints":{"allow":["GET"]}}],"collection":[{"href":"https:\/\/compuimpresion.com.co\/portal\/wp-json\/wp\/v2\/product"}],"about":[{"href":"https:\/\/compuimpresion.com.co\/portal\/wp-json\/wp\/v2\/types\/product"}],"replies":[{"embeddable":true,"href":"https:\/\/compuimpresion.com.co\/portal\/wp-json\/wp\/v2\/comments?post=5684"}],"wp:featuredmedia":[{"embeddable":true,"href":"https:\/\/compuimpresion.com.co\/portal\/wp-json\/wp\/v2\/media\/5685"}],"wp:attachment":[{"href":"https:\/\/compuimpresion.com.co\/portal\/wp-json\/wp\/v2\/media?parent=5684"}],"wp:term":[{"taxonomy":"pwb-brand","embeddable":true,"href":"https:\/\/compuimpresion.com.co\/portal\/wp-json\/wp\/v2\/pwb-brand?post=5684"},{"taxonomy":"product_brand","embeddable":true,"href":"https:\/\/compuimpresion.com.co\/portal\/wp-json\/wp\/v2\/product_brand?post=5684"},{"taxonomy":"product_cat","embeddable":true,"href":"https:\/\/compuimpresion.com.co\/portal\/wp-json\/wp\/v2\/product_cat?post=5684"},{"taxonomy":"product_tag","embeddable":true,"href":"https:\/\/compuimpresion.com.co\/portal\/wp-json\/wp\/v2\/product_tag?post=5684"}],"curies":[{"name":"wp","href":"https:\/\/api.w.org\/{rel}","templated":true}]}}