{"id":5673,"date":"2024-09-23T10:28:08","date_gmt":"2024-09-23T15:28:08","guid":{"rendered":"https:\/\/compuimpresion.com.co\/portal\/?post_type=product&#038;p=5673"},"modified":"2025-11-20T10:46:37","modified_gmt":"2025-11-20T15:46:37","slug":"ideapad-slim-3-15ian8-intel-core-i3-n305-8gb-soldered-lpddr5-512gb-ssd-m-2-2242-pcie","status":"publish","type":"product","link":"https:\/\/compuimpresion.com.co\/portal\/productos\/ideapad-slim-3-15ian8-intel-core-i3-n305-8gb-soldered-lpddr5-512gb-ssd-m-2-2242-pcie\/","title":{"rendered":"IdeaPad Slim 3 15IAN8 Intel\u00ae Core\u2122 i3-N305 8GB Soldered LPDDR5 512GB SSD M.2 2242 PCIe"},"content":{"rendered":"<p>Destaque en cualquier lugar con la computadora port\u00e1til Lenovo IdeaPad Slim 3, dise\u00f1ada para ser liviana y delgada, de construcci\u00f3n robusta con resistencia y durabilidad de grado militar para soportar ca\u00eddas y condiciones de viaje extremas. Trabaje de manera m\u00e1s inteligente y fluida todos los d\u00edas en m\u00faltiples aplicaciones simult\u00e1neamente y mientras viaja, con el s\u00f3lido rendimiento de los \u00faltimos procesadores Intel y abundante memoria, mejorada por el rendimiento adaptativo de la tecnolog\u00eda Smart Power. Almacene y acceda r\u00e1pidamente a su enorme biblioteca multimedia, tambi\u00e9n con almacenamiento SSD masivo.<\/p>\n<p>ESPECIFICACIONES<\/p>\n<p>Processor Intel\u00ae Core\u2122 i3-N305 (8C \/ 8T, 1.8 \/ 3.8GHz, 6MB)<\/p>\n<p>Graphics Integrated Intel\u00ae UHD Graphics<\/p>\n<p>Chipset Intel\u00ae SoC Platform<\/p>\n<p>Memory 8GB Soldered LPDDR5-4800<\/p>\n<p>Memory Slots Memory soldered to systemboard, no slots<\/p>\n<p>Max Memory 8GB soldered memory, not upgradable<\/p>\n<p>Storage 512GB SSD M.2 2242 PCIe\u00ae 4.0&#215;4 NVMe\u00ae<\/p>\n<p>Storage Support One drive, up to 512GB M.2 2242 SSD<\/p>\n<p>Storage Slot One M.2 PCIe\u00ae 3.0 x4 slot (M.2 SSD models)<\/p>\n<p>Card Reader SD Card Reader<\/p>\n<p>Optical None<\/p>\n<p>Audio Chip High Definition (HD) Audio<\/p>\n<p>Speakers User-facing stereo speakers, 1.5W x2, optimized with Dolby Audio\u2122<\/p>\n<p>Camera FHD 1080p with Privacy Shutter<\/p>\n<p>Microphone 2x, Array<\/p>\n<p>Battery Integrated 47Wh<\/p>\n<p>Power Adapter 65W Round Tip (3-pin)<\/p>\n<p>DESIGN<\/p>\n<p>Display 15.6&#8243; FHD (1920&#215;1080) TN 250nits Anti-glare<\/p>\n<p>Touchscreen None<\/p>\n<p>Keyboard Non-backlit, Spanish (LA)<\/p>\n<p>Touchpad Buttonless Mylar\u00ae surface multi-touch touchpad, supports Precision TouchPad (PTP), 69 x 104 mm (2.72 x 4.09 inches)<\/p>\n<p>Case Color Frost Blue<\/p>\n<p>Surface Treatment IMR (In-Mold Decoration by Roller)<\/p>\n<p>Case Material PC-ABS (Top), PC-ABS (Bottom)<\/p>\n<p>Dimensions (WxDxH)[2] 359.3 x 235 x 17.9 mm (14.15 x 9.25 x 0.70 inches)<\/p>\n<p>Weight[3] Starting at 1.55 kg (3.42 lbs)<\/p>\n<p>SOFTWARE<\/p>\n<p>Operating System None<\/p>\n<p>Bundled Software None<\/p>\n<p>CONNECTIVITY<\/p>\n<p>Ethernet No Onboard Ethernet<\/p>\n<p>WLAN + Bluetooth\u00ae[4] Wi-Fi\u00ae 6, 802.11ax 2&#215;2 + BT5.2<\/p>\n<p>Standard Ports \u2022 2x USB 3.2 Gen 1 1x USB-C\u00ae 3.2 Gen 1 (support data transfer, Power Delivery and DisplayPort\u2122 1.2) \u2022 1x HDMI\u00ae 1.4 \u2022 1x Headphone \/ microphone combo jack (3.5mm) \u2022 1x Card reader \u2022 1x Power connector<\/p>\n<p>SECURITY &amp; PRIVACY<\/p>\n<p>Security Chip Firmware TPM 2.0 Enabled<\/p>\n<p>Fingerprint Reader None<\/p>\n<p>Other Security Camera privacy shutter<\/p>\n<p>Base Warranty 1-year, Courier or Carry-in<\/p>\n<p>Included Upgrade None<\/p>\n<p>ACCESSORIES<\/p>\n<p>Bundled Accessories None<\/p>\n<p>CERTIFICATIONS<\/p>\n<p>Green Certifications \u2022 ErP Lot 6 \u2022 ErP Lot 26 \u2022 RoHS compliant<\/p>\n<p>Other Certifications T\u00dcV Rheinland\u00ae Low Blue Light (Software Solution) Mil-Spec Test MIL-STD-810H military test passed (20 test items)<\/p>\n<p>EAN 0197532011397<\/p>\n<p>SKU 2471<\/p>\n","protected":false},"excerpt":{"rendered":"<p>Destaque en cualquier lugar con la computadora port\u00e1til Lenovo IdeaPad Slim 3, dise\u00f1ada para ser liviana y delgada, de construcci\u00f3n robusta con resistencia y durabilidad de grado militar para soportar ca\u00eddas y condiciones de viaje extremas.<\/p>\n","protected":false},"featured_media":5674,"comment_status":"closed","ping_status":"closed","template":"","meta":{"inline_featured_image":false},"pwb-brand":[420],"product_brand":[],"product_cat":[888,894],"product_tag":[1358,1357,491,634,499,226,1356],"class_list":{"0":"post-5673","1":"product","2":"type-product","3":"status-publish","4":"has-post-thumbnail","6":"pwb-brand-lenovo","7":"product_cat-computo","8":"product_cat-portatiles-computo","9":"product_tag-512-ssd","10":"product_tag-8gb-ram","11":"product_tag-core-i3","12":"product_tag-ideapad","13":"product_tag-lenovo","14":"product_tag-portatil","15":"product_tag-slim-3","17":"first","18":"outofstock","19":"sale","20":"taxable","21":"shipping-taxable","22":"purchasable","23":"product-type-simple"},"brands":[{"id":420,"name":"Lenovo","slug":"lenovo"}],"_links":{"self":[{"href":"https:\/\/compuimpresion.com.co\/portal\/wp-json\/wp\/v2\/product\/5673","targetHints":{"allow":["GET"]}}],"collection":[{"href":"https:\/\/compuimpresion.com.co\/portal\/wp-json\/wp\/v2\/product"}],"about":[{"href":"https:\/\/compuimpresion.com.co\/portal\/wp-json\/wp\/v2\/types\/product"}],"replies":[{"embeddable":true,"href":"https:\/\/compuimpresion.com.co\/portal\/wp-json\/wp\/v2\/comments?post=5673"}],"wp:featuredmedia":[{"embeddable":true,"href":"https:\/\/compuimpresion.com.co\/portal\/wp-json\/wp\/v2\/media\/5674"}],"wp:attachment":[{"href":"https:\/\/compuimpresion.com.co\/portal\/wp-json\/wp\/v2\/media?parent=5673"}],"wp:term":[{"taxonomy":"pwb-brand","embeddable":true,"href":"https:\/\/compuimpresion.com.co\/portal\/wp-json\/wp\/v2\/pwb-brand?post=5673"},{"taxonomy":"product_brand","embeddable":true,"href":"https:\/\/compuimpresion.com.co\/portal\/wp-json\/wp\/v2\/product_brand?post=5673"},{"taxonomy":"product_cat","embeddable":true,"href":"https:\/\/compuimpresion.com.co\/portal\/wp-json\/wp\/v2\/product_cat?post=5673"},{"taxonomy":"product_tag","embeddable":true,"href":"https:\/\/compuimpresion.com.co\/portal\/wp-json\/wp\/v2\/product_tag?post=5673"}],"curies":[{"name":"wp","href":"https:\/\/api.w.org\/{rel}","templated":true}]}}