{"id":5668,"date":"2024-09-20T16:01:06","date_gmt":"2024-09-20T21:01:06","guid":{"rendered":"https:\/\/compuimpresion.com.co\/portal\/?post_type=product&#038;p=5668"},"modified":"2025-07-10T12:52:12","modified_gmt":"2025-07-10T17:52:12","slug":"sandisk-extreme-microsd-256gb","status":"publish","type":"product","link":"https:\/\/compuimpresion.com.co\/portal\/productos\/sandisk-extreme-microsd-256gb\/","title":{"rendered":"SanDisk Extreme microSD 256GB"},"content":{"rendered":"<p>La tarjeta de memoria SanDisk Extreme microSDXC permite ahorrar tiempo en la transferencia de archivos multimedia con velocidades de lectura hasta 190 MB\/s9 gracias a la tecnolog\u00eda SanDisk QuickFlow\u00a0 (de 64 TB a 1 TB). Comb\u00ednala con las tarjetas SanDisk Professional PRO-READER SD y microSD para alcanzar las velocidades m\u00e1ximas (se venden por separado). Con velocidades de escritura que alcanzan hasta 130 MB\/s9, es ideal para tu tel\u00e9fono inteligente Android, tus c\u00e1maras de acci\u00f3n o tus drones. Esta tarjeta microSD de alto rendimiento captura grabaciones de videos 4K UHD, videos full HD2 y fotograf\u00edas en alta resoluci\u00f3n. Adem\u00e1s, cuenta con la clasificaci\u00f3n A2, por lo que obtendr\u00e1s un rendimiento r\u00e1pido de las aplicaciones para que disfrutes de una experiencia \u00fanica con tu tel\u00e9fono inteligente. Con la tecnolog\u00eda SanDisk QuickFlow\u00a0 (de 64 GB a 1 TB),\u00a0 esta tarjeta optimiza el rendimiento para acelerar la descarga de archivos multimedia con velocidades de lectura r\u00e1pida hasta 190 MB\/s.9 Comb\u00ednala con las tarjetas SanDisk Professional PRO-READER SD y microSD para alcanzar la m\u00e1xima velocidad (se venden por separado). Toma fotograf\u00edas de acci\u00f3n r\u00e1pida o graba videos 4K UHD2 con velocidades de escritura hasta 130 MB\/s. La tarjeta SanDisk Extreme microSDXC UHS-I te permite realizar m\u00e1s tomas a mayor velocidad. Ideal para grabar aventuras al aire libre, viajes de fin de semana o eventos deportivos sin omitir ni un solo fotograma. Con hasta 1 TB1 de capacidad, la tarjeta SanDisk Extreme microSD UHS-I te permite capturar videos 4K UHD y full HD sin interrupciones, gracias a sus clasificaciones de velocidad UHS clase 3 (U3) y velocidad de video clase 30 (V30). Obt\u00e9n un rendimiento de las aplicaciones m\u00e1s r\u00e1pido para disfrutar de una experiencia \u00fanica con tu tel\u00e9fono inteligente gracias a la especificaci\u00f3n A27 de la tarjeta SanDisk Extreme\u00ae microSD. Las tarjetas SanDisk Extreme microSDHC y microSDXC UHS-I est\u00e1n dise\u00f1adas a prueba de impactos, de temperatura, de agua y de rayos X4 para que puedas disfrutar tus aventuras sin tener que preocuparte por la durabilidad de la tarjeta de memoria.<\/p>\n<p>ESPECIFICACIONES<\/p>\n<p>Capacidad 256 GB<\/p>\n<p>Formato microSDXC<\/p>\n<p>Rendimiento de lectura secuencial Up to 190MB\/s<\/p>\n<p>Rendimiento de escritura secuencial Up to 130MB\/s<\/p>\n<p>Garant\u00eda limitada de por vida<\/p>\n<p>Dimensiones (largo, ancho y alto) 0.04&#8243; x 0.59&#8243; x 0.43&#8243;<\/p>\n<p>Peso 4.54gms<\/p>\n<p>N\u00famero de modelo SDSQXAV-256G-GN6MA<\/p>\n<p>Temp. Operativa -25\u00b0C to 85\u00b0C<\/p>\n<p>Non-Operating Temperature -25\u00b0C to 85\u00b0C<\/p>\n<p>Certificaciones CE, FCC, C-Tick\/RCM, UKCA, EAC, ICES<\/p>\n<p>Caracter\u00edsticas del producto<\/p>\n<p>Ahorra tiempo en la transferencia de contenido<\/p>\n<p>Velocidades de escritura hasta 130 MB\/s<\/p>\n<p>Perfecta para capturar videos 4K UHD<\/p>\n<p>Carga aplicaciones m\u00e1s r\u00e1pido con A2<\/p>\n<p>Dise\u00f1o duradero para utilizarla en entornos extremos<\/p>\n<p>Compatible con el lector MobileMate\u00ae USB 3.0<\/p>\n<p>Compatible con los dispositivos de alojamiento que admiten microSDHC, microSDXC, microSDHC UHS-I y microSDXC UHS-I<\/p>\n<p>EAN 619659188504<\/p>\n<p>SKU 0090<\/p>\n","protected":false},"excerpt":{"rendered":"<p>La tarjeta de memoria SanDisk Extreme microSDXC permite ahorrar tiempo en la transferencia de archivos multimedia con velocidades de lectura hasta 190 MB\/s9 gracias a la tecnolog\u00eda SanDisk QuickFlow\u00a0 (de 64 TB a 1 TB).<\/p>\n","protected":false},"featured_media":5669,"comment_status":"closed","ping_status":"closed","template":"","meta":{"inline_featured_image":false},"pwb-brand":[1350],"product_brand":[],"product_cat":[338,340],"product_tag":[472,1355,1352,1351],"class_list":{"0":"post-5668","1":"product","2":"type-product","3":"status-publish","4":"has-post-thumbnail","6":"pwb-brand-sandisk","7":"product_cat-accesorios","8":"product_cat-almacenamiento","9":"product_tag-256gb","10":"product_tag-extreme","11":"product_tag-micro-sd","12":"product_tag-sandisk","14":"first","15":"outofstock","16":"taxable","17":"shipping-taxable","18":"purchasable","19":"product-type-simple"},"brands":[{"id":1350,"name":"SanDisk","slug":"sandisk"}],"_links":{"self":[{"href":"https:\/\/compuimpresion.com.co\/portal\/wp-json\/wp\/v2\/product\/5668","targetHints":{"allow":["GET"]}}],"collection":[{"href":"https:\/\/compuimpresion.com.co\/portal\/wp-json\/wp\/v2\/product"}],"about":[{"href":"https:\/\/compuimpresion.com.co\/portal\/wp-json\/wp\/v2\/types\/product"}],"replies":[{"embeddable":true,"href":"https:\/\/compuimpresion.com.co\/portal\/wp-json\/wp\/v2\/comments?post=5668"}],"wp:featuredmedia":[{"embeddable":true,"href":"https:\/\/compuimpresion.com.co\/portal\/wp-json\/wp\/v2\/media\/5669"}],"wp:attachment":[{"href":"https:\/\/compuimpresion.com.co\/portal\/wp-json\/wp\/v2\/media?parent=5668"}],"wp:term":[{"taxonomy":"pwb-brand","embeddable":true,"href":"https:\/\/compuimpresion.com.co\/portal\/wp-json\/wp\/v2\/pwb-brand?post=5668"},{"taxonomy":"product_brand","embeddable":true,"href":"https:\/\/compuimpresion.com.co\/portal\/wp-json\/wp\/v2\/product_brand?post=5668"},{"taxonomy":"product_cat","embeddable":true,"href":"https:\/\/compuimpresion.com.co\/portal\/wp-json\/wp\/v2\/product_cat?post=5668"},{"taxonomy":"product_tag","embeddable":true,"href":"https:\/\/compuimpresion.com.co\/portal\/wp-json\/wp\/v2\/product_tag?post=5668"}],"curies":[{"name":"wp","href":"https:\/\/api.w.org\/{rel}","templated":true}]}}