{"id":5664,"date":"2024-09-20T15:23:11","date_gmt":"2024-09-20T20:23:11","guid":{"rendered":"https:\/\/compuimpresion.com.co\/portal\/?post_type=product&#038;p=5664"},"modified":"2025-05-14T17:43:55","modified_gmt":"2025-05-14T22:43:55","slug":"sandisk-extreme-pro-microsd-128gb","status":"publish","type":"product","link":"https:\/\/compuimpresion.com.co\/portal\/productos\/sandisk-extreme-pro-microsd-128gb\/","title":{"rendered":"SanDisk Extreme PRO microSD 128GB"},"content":{"rendered":"<p>Utiliza la tarjeta de memoria microSDXC y obt\u00e9n velocidades extremas para transferencias r\u00e1pidas, rendimiento de aplicaciones y videos 4K UHD.2 La tarjeta Extreme Pro microSD SDXC de alto rendimiento, ideal para tu tel\u00e9fono inteligente Android, tus c\u00e1maras de acci\u00f3n o tus drones, te permite grabar videos 4K UHD, videos full HD y sacar fotograf\u00edas en alta resoluci\u00f3n. La tarjeta de memoria super r\u00e1pida SanDisk Extreme PRO microSDXC alcanza velocidades de lectura hasta 200 MB\/s8 y de escritura hasta 140 MB\/s.8\u00a0 Adem\u00e1s, cuenta con clasificaci\u00f3n A2, por lo que obtendr\u00e1s un rendimiento r\u00e1pido de las aplicaciones para que disfrutes de una experiencia \u00fanica con tu tel\u00e9fono inteligente. Con la tecnolog\u00eda SanDisk\u00a0 QuickFlow, esta tarjeta optimiza el rendimiento para ahorrar tiempo en las descargas de archivos multimedia con velocidades de lectura r\u00e1pidas que alcanzan hasta 200 MB\/s8 (de 64 GB a 1 TB). Comb\u00ednala con las tarjetas SanDisk\u00a0 Professional PRO-READER SD y microSD para alcanzar las velocidades m\u00e1ximas (se venden por separado). Toma fotograf\u00edas de acci\u00f3n r\u00e1pida o graba videos 4K UHD2 con velocidades de escritura hasta 140 MB\/s.8 La tarjeta SanDisk Extreme\u00a0 PRO microSDXC\u00a0 UHS-I te permite realizar m\u00e1s tomas a mayor velocidad. Ideal para grabar aventuras al aire libre, viajes de fin de semana o eventos deportivos sin omitir ni un solo fotograma. La tarjeta SanDisk Extreme\u00a0 PRO microSD\u00a0 UHS-I, con capacidad hasta 1 TB1, permite capturar videos 4K UHD2 y full HD sin interrupciones, gracias a sus clasificaciones de velocidad UHS clase 3 (U3) y velocidad de video clase 30 (V30). Obt\u00e9n un rendimiento de las aplicaciones m\u00e1s r\u00e1pido para disfrutar de una experiencia \u00fanica con tu tel\u00e9fono inteligente gracias a la especificaci\u00f3n A25 de la tarjeta SanDisk Extreme\u00a0 PRO microSD. Las tarjetas SanDisk Extreme\u00a0 PRO microSDHC y microSDXC UHS-I est\u00e1n dise\u00f1adas para resistir los impactos, las temperaturas, el agua y los rayos X3, para que puedas disfrutar de tus aventuras sin tener que preocuparte por la durabilidad de la tarjeta de memoria.<\/p>\n<p>ESPECIFICACIONES<\/p>\n<p>Capacidad 128GB<\/p>\n<p>Factor de forma microSDXC<\/p>\n<p>Rendimiento de lectura secuencial Up to 200MB\/s<\/p>\n<p>Rendimiento de escritura secuencial Up to 90MB\/s<\/p>\n<p>Garant\u00eda limitada de por vida<\/p>\n<p>Dimensiones (largo, ancho y alto) 0.43&#8243; x 0.59&#8243; x 0.04&#8243;<\/p>\n<p>Peso 1.66gms<\/p>\n<p>N\u00famero de modelo SDSQXCD-128G-GN6MA<\/p>\n<p>Temp. Operativa -25\u00b0C to 85\u00b0C<\/p>\n<p>Non-Operating Temperature -40\u00b0C to 85\u00b0C<\/p>\n<p>Certifications CE, FCC, C-Tick\/RCM, UKCA, EAC, ICES<\/p>\n<p>Caracter\u00edsticas del producto<\/p>\n<p>Ahorra tiempo en la transferencia de contenido<\/p>\n<p>Velocidades de escritura hasta 140 MB\/s<\/p>\n<p>Perfecta para capturar videos 4K UHD<\/p>\n<p>Carga aplicaciones m\u00e1s r\u00e1pido con A2<\/p>\n<p>Dise\u00f1o duradero para utilizarla en entornos extremos<\/p>\n<p>Compatible con el lector MobileMate\u00ae USB 3.0<\/p>\n<p>Compatible con los dispositivos de alojamiento que admiten microSDHC, microSDXC, microSDHC UHS-I y microSDXC UHS-I<\/p>\n<p>EAN 619659188528<\/p>\n<p>SKU 0085<\/p>\n","protected":false},"excerpt":{"rendered":"<p>Utiliza la tarjeta de memoria microSDXC y obt\u00e9n velocidades extremas para transferencias r\u00e1pidas, rendimiento de aplicaciones y videos 4K UHD.<\/p>\n","protected":false},"featured_media":5665,"comment_status":"closed","ping_status":"closed","template":"","meta":{"inline_featured_image":false},"pwb-brand":[1350],"product_brand":[],"product_cat":[338,340],"product_tag":[510,1354,1352,1351],"class_list":{"0":"post-5664","1":"product","2":"type-product","3":"status-publish","4":"has-post-thumbnail","6":"pwb-brand-sandisk","7":"product_cat-accesorios","8":"product_cat-almacenamiento","9":"product_tag-128gb","10":"product_tag-extreme-pro","11":"product_tag-micro-sd","12":"product_tag-sandisk","14":"first","15":"outofstock","16":"taxable","17":"shipping-taxable","18":"purchasable","19":"product-type-simple"},"brands":[{"id":1350,"name":"SanDisk","slug":"sandisk"}],"_links":{"self":[{"href":"https:\/\/compuimpresion.com.co\/portal\/wp-json\/wp\/v2\/product\/5664","targetHints":{"allow":["GET"]}}],"collection":[{"href":"https:\/\/compuimpresion.com.co\/portal\/wp-json\/wp\/v2\/product"}],"about":[{"href":"https:\/\/compuimpresion.com.co\/portal\/wp-json\/wp\/v2\/types\/product"}],"replies":[{"embeddable":true,"href":"https:\/\/compuimpresion.com.co\/portal\/wp-json\/wp\/v2\/comments?post=5664"}],"wp:featuredmedia":[{"embeddable":true,"href":"https:\/\/compuimpresion.com.co\/portal\/wp-json\/wp\/v2\/media\/5665"}],"wp:attachment":[{"href":"https:\/\/compuimpresion.com.co\/portal\/wp-json\/wp\/v2\/media?parent=5664"}],"wp:term":[{"taxonomy":"pwb-brand","embeddable":true,"href":"https:\/\/compuimpresion.com.co\/portal\/wp-json\/wp\/v2\/pwb-brand?post=5664"},{"taxonomy":"product_brand","embeddable":true,"href":"https:\/\/compuimpresion.com.co\/portal\/wp-json\/wp\/v2\/product_brand?post=5664"},{"taxonomy":"product_cat","embeddable":true,"href":"https:\/\/compuimpresion.com.co\/portal\/wp-json\/wp\/v2\/product_cat?post=5664"},{"taxonomy":"product_tag","embeddable":true,"href":"https:\/\/compuimpresion.com.co\/portal\/wp-json\/wp\/v2\/product_tag?post=5664"}],"curies":[{"name":"wp","href":"https:\/\/api.w.org\/{rel}","templated":true}]}}