{"id":5660,"date":"2024-09-20T14:18:18","date_gmt":"2024-09-20T19:18:18","guid":{"rendered":"https:\/\/compuimpresion.com.co\/portal\/?post_type=product&#038;p=5660"},"modified":"2025-11-20T10:35:01","modified_gmt":"2025-11-20T15:35:01","slug":"sandisk-ultra-microsd-128gb","status":"publish","type":"product","link":"https:\/\/compuimpresion.com.co\/portal\/productos\/sandisk-ultra-microsd-128gb\/","title":{"rendered":"SanDisk Ultra microSD  128GB"},"content":{"rendered":"<p>La tarjeta SanDisk Ultra microSD UHS-I te brinda la libertad de capturar, guardar y compartir m\u00e1s que antes. Con capacidades hasta 512 GB1, nuestra tarjeta SanDisk Ultra microSD tiene espacio para m\u00e1s horas de videos Full HD3 y provee velocidades de transferencia hasta 100 MB\/s2 para ayudarte a mover tu contenido r\u00e1pidamente. Las tarjetas SanDisk son compatibles con tel\u00e9fonos inteligentes y tabletas Android. Con capacidades hasta 512 GB1, puedes almacenar a\u00fan m\u00e1s horas de videos Full HD3 en la tarjeta sin preocuparte por quedarte sin espacio para los videos, las fotos, la m\u00fasica, las pel\u00edculas y otros archivos que quieras capturar, guardar y compartir. Velocidades de transferencia ultrarr\u00e1pidas para evitar que pierdas tanto tiempo esperando que tu contenido se transfiera. La clasificaci\u00f3n de velocidad clase 10 te permite capturar videos Full HD3 y fotograf\u00edas de alta calidad. Aplicaci\u00f3n SanDisk Memory ZoneTM para una sencilla administraci\u00f3n de archivos disponible en la tienda Google Play\u2122, la aplicaci\u00f3n SanDisk Memory Zone te permite ver los archivos de tu tel\u00e9fono, acceder a ellos y crear copias de seguridad, todo desde un solo lugar. Puedes mover archivos autom\u00e1ticamente desde el dispositivo hacia la tarjeta de memoria para liberar espacio.<\/p>\n<p>ESPECIFICACIONES<\/p>\n<p>Capacidad 128GB<\/p>\n<p>Formato microSDHC\u2122 microSDXC\u2122<\/p>\n<p>Rendimiento de lectura secuencial Up to 100MB\/s<\/p>\n<p>Warranty 7-Year Limited Warranty<\/p>\n<p>Dimensiones (largo, ancho y alto) 0.04&#8243; x 0.59&#8243; x 0.43&#8243;<\/p>\n<p>Peso 4.54gms<\/p>\n<p>N\u00famero de modelo SDSQUNR-128G-GN3MA<\/p>\n<p>Temp. Operativa -25\u00b0C to 85\u00b0C<\/p>\n<p>Non-Operating Temperature -40\u00b0C to 85\u00b0C<\/p>\n<p>Certificaciones CE, FCC, C-Tick\/RCM, UKCA, EAC, ICES<\/p>\n<p>Caracter\u00edsticas del producto<\/p>\n<p>Funciona con tel\u00e9fonos inteligentes y tabletas Android\u2122<\/p>\n<p>Hasta 512 GB para almacenar a\u00fan m\u00e1s horas de videos Full HD<\/p>\n<p>Clase 10 para grabar y reproducir videos Full HD<\/p>\n<p>Aplicaci\u00f3n SanDisk\u00ae Memory ZoneTM para una administraci\u00f3n de archivos sencilla<\/p>\n<p>Compatible con todos los dispositivos que admiten microSDHC y microSDXC<\/p>\n<p>EAN 619659185510<\/p>\n<p>SKU 0085<\/p>\n","protected":false},"excerpt":{"rendered":"<p>La tarjeta SanDisk Ultra microSD UHS-I te brinda la libertad de capturar, guardar y compartir m\u00e1s que antes.<\/p>\n","protected":false},"featured_media":5661,"comment_status":"closed","ping_status":"closed","template":"","meta":{"inline_featured_image":false},"pwb-brand":[1350],"product_brand":[],"product_cat":[338,340],"product_tag":[510,1352,1351,1353],"class_list":{"0":"post-5660","1":"product","2":"type-product","3":"status-publish","4":"has-post-thumbnail","6":"pwb-brand-sandisk","7":"product_cat-accesorios","8":"product_cat-almacenamiento","9":"product_tag-128gb","10":"product_tag-micro-sd","11":"product_tag-sandisk","12":"product_tag-ultra","14":"first","15":"outofstock","16":"taxable","17":"shipping-taxable","18":"purchasable","19":"product-type-simple"},"brands":[{"id":1350,"name":"SanDisk","slug":"sandisk"}],"_links":{"self":[{"href":"https:\/\/compuimpresion.com.co\/portal\/wp-json\/wp\/v2\/product\/5660","targetHints":{"allow":["GET"]}}],"collection":[{"href":"https:\/\/compuimpresion.com.co\/portal\/wp-json\/wp\/v2\/product"}],"about":[{"href":"https:\/\/compuimpresion.com.co\/portal\/wp-json\/wp\/v2\/types\/product"}],"replies":[{"embeddable":true,"href":"https:\/\/compuimpresion.com.co\/portal\/wp-json\/wp\/v2\/comments?post=5660"}],"wp:featuredmedia":[{"embeddable":true,"href":"https:\/\/compuimpresion.com.co\/portal\/wp-json\/wp\/v2\/media\/5661"}],"wp:attachment":[{"href":"https:\/\/compuimpresion.com.co\/portal\/wp-json\/wp\/v2\/media?parent=5660"}],"wp:term":[{"taxonomy":"pwb-brand","embeddable":true,"href":"https:\/\/compuimpresion.com.co\/portal\/wp-json\/wp\/v2\/pwb-brand?post=5660"},{"taxonomy":"product_brand","embeddable":true,"href":"https:\/\/compuimpresion.com.co\/portal\/wp-json\/wp\/v2\/product_brand?post=5660"},{"taxonomy":"product_cat","embeddable":true,"href":"https:\/\/compuimpresion.com.co\/portal\/wp-json\/wp\/v2\/product_cat?post=5660"},{"taxonomy":"product_tag","embeddable":true,"href":"https:\/\/compuimpresion.com.co\/portal\/wp-json\/wp\/v2\/product_tag?post=5660"}],"curies":[{"name":"wp","href":"https:\/\/api.w.org\/{rel}","templated":true}]}}