{"id":5649,"date":"2024-09-04T13:09:52","date_gmt":"2024-09-04T18:09:52","guid":{"rendered":"https:\/\/compuimpresion.com.co\/portal\/?post_type=product&#038;p=5649"},"modified":"2026-04-14T17:09:03","modified_gmt":"2026-04-14T22:09:03","slug":"impresora-multifuncional-dcp-l2640dw-monocromatica-wifi-red","status":"publish","type":"product","link":"https:\/\/compuimpresion.com.co\/portal\/productos\/impresora-multifuncional-dcp-l2640dw-monocromatica-wifi-red\/","title":{"rendered":"IMPRESORA MULTIFUNCIONAL DCP-L2640DW MONOCROM\u00c1TICA WIFI RED"},"content":{"rendered":"<p>IMPRESORA MULTIFUNCIONAL <strong>DCP-L2640DW<\/strong> MONOCROM\u00c1TICA <strong>WIFI RED<\/strong><\/p>\n<p>&nbsp;<\/p>\n<p>&nbsp;<\/p>\n<p>La DCP-L2640DW de Brother combina impresi\u00f3n de alta calidad, copiado r\u00e1pida y escaneado din\u00e1mico en un tama\u00f1o compacto ideal para peque\u00f1as oficinas o empresas.<\/p>\n<p>&nbsp;<\/p>\n<p>-Impresi\u00f3n de hasta 36 ppm<\/p>\n<p>-Impresora multifunci\u00f3n 3 en 1 con capacidades de impresi\u00f3n, copia y escaneado<\/p>\n<p>-El alimentador autom\u00e1tico de documentos de 50 p\u00e1ginas8 te permite copiar y escanear documentos y enviar faxes de varias p\u00e1ginas<\/p>\n<p>-M\u00f3dulo inal\u00e1mbrico de doble banda integrado (2,4 GHz\/5 GHz), Ethernet e impresi\u00f3n desde dispositivos m\u00f3viles6<\/p>\n<p>-Lista para la suscripci\u00f3n de impresi\u00f3n Refresh EZ<\/p>\n<p>&nbsp;<\/p>\n<p>CARACTERISTICAS:<\/p>\n<p>-Tecnolog\u00eda de impresi\u00f3n: \u00a0L\u00e1ser electrofotogr\u00e1fico<\/p>\n<p>-Velocidad de impresi\u00f3n de una p\u00e1gina (m\u00e1x.): \u00a0Hasta 36 ppm<\/p>\n<p>-Tiempo de impresi\u00f3n de la primera p\u00e1gina: Menos de 8,5 segundos<\/p>\n<p>-Resoluci\u00f3n de impresi\u00f3n (m\u00e1x.): Hasta 1.200 x 1.200<\/p>\n<p>-Emulaciones de impresi\u00f3n: \u00a0PCL6, BR-Script, PDF versi\u00f3n 1.7<\/p>\n<p>-Velocidades de escaneado (m\u00e1ximas): Hasta 23,6 ppm en negro y 7,9 ppm en color<\/p>\n<p>-Resoluci\u00f3n de escaneado (m\u00e1x.): ADF (\u00f3ptico): Hasta 600 x 600 dpi; Cristal (\u00f3ptico): Hasta 1.200 x 1.200 dpi; Interpolada: Hasta 19.200 x 19.200 dpi5<\/p>\n<p>-Escaneado hacia otros destinos: PC (imagen, correo electr\u00f3nico, OCR, archivo), FTP, SharePoint5, dispositivos m\u00f3viles<\/p>\n<p>-Funciones de escaneado avanzadas: \u00a0Alineaci\u00f3n autom\u00e1tica, p\u00e1gina m\u00faltiple a p\u00e1gina sencilla, eliminaci\u00f3n del color base<\/p>\n<p>-Escaneado d\u00faplex: No<\/p>\n<p>-Velocidad de copiado\/resoluci\u00f3n de copiado (m\u00e1x.): Hasta 36 cpm\/Hasta 600 x 600 dpi<\/p>\n<p>-Opciones de copiado Ordenaci\u00f3n, N en 1, multicopiado (hasta 99), reducci\u00f3n\/ampliaci\u00f3n de 25% a 400% en<\/p>\n<p>incrementos de 1%<\/p>\n<p>-Copia d\u00faplex No<\/p>\n<p>-Interfaces est\u00e1ndares: Inal\u00e1mbrico 802.11b\/g\/n (2,4 GHz) \/ 802.11a\/n (5 GHz), Ethernet, USB 2.0 de alta velocidad<\/p>\n<p>-Compatibilidad con sistemas operativos: Windows, mac.<\/p>\n<p>-Compatibilidad con dispositivos m\u00f3viles: \u00a0AirPrint, Mopria, Brother Mobile Connect, Wi-Fi Direct<\/p>\n<p>-Alexa Print: Si<\/p>\n<p>-Funciones de seguridad: Enterprise Security (802.1x), TLS\/SSL, filtro IP, SNMP v3<\/p>\n<p>-Capacidad de entrada del papel: (m\u00e1xima) Bandeja de papel de 250 hojas, ranura de alimentaci\u00f3n manual de una sola hoja<\/p>\n<p>-Capacidad de salida (m\u00e1x.): \u00a0100 hojas<\/p>\n<p>-Tama\u00f1o del cristal del esc\u00e1ner: Hasta 22 cm x 28 cm (legal)<\/p>\n<p>-Capacidad del alimentador autom\u00e1tico de documentos: \u00a050 p\u00e1ginas<\/p>\n<p>&#8211; Tama\u00f1o del papel: Bandeja est\u00e1ndar: Carta, legal, ejecutivo, A4, A5, A6, B5, B6, Folio, Ranura de alimentaci\u00f3n manual: Ancho 7,6 cm a 22 cm, longitud 13 cm a 36 cm, D\u00faplex: Carta, legal, folio<\/p>\n<p>-Soportes\/medios de impresi\u00f3n: Bandeja est\u00e1ndar: Papel normal, papel delgado, papel grueso, papel reciclado, Ranura de alimentaci\u00f3n manual: Papel normal, papel delgado, papel grueso, papel, reciclado, tipo bond, etiqueta, sobre (simple).<\/p>\n<p>-Pesos de los soportes\/medios de impresi\u00f3n: Bandeja est\u00e1ndar: 7 a 20 kg , Ranura de alimentaci\u00f3n manual: 7 a 28 kg, ADF: 7 a 13 kg<\/p>\n<p>-Capacidad d\u00faplex autom\u00e1tica: \u00a0Impresi\u00f3n<\/p>\n<p>-Pantalla: Pantalla LCD de 2 l\u00edneas<\/p>\n<p>-Procesador: 600 MHz<\/p>\n<p>-Memoria (est\u00e1ndar): \u00a0256 MB<\/p>\n<p>-Software incluidos: Brother Mobile Connect para iOS y Android, Brother iPrint&amp;Scan (escritorio) para Windows y Mac,BRAdmin Light, BRAdmin Pro, Monitor de estado5, Kofax PaperPort SE 145<\/p>\n<p>-Se puede elegir la suscripci\u00f3n de impresi\u00f3n Refresh EZ: SI; Calificaci\u00f3n Energy Star: S\u00ed; Certificaci\u00f3n EPEAT S\u00ed (calificaci\u00f3n Plata).<\/p>\n<p>-Ciclo de trabajo mensual m\u00e1ximo: \u00a0Hasta 35.000 p\u00e1ginas<\/p>\n<p>-Volumen mensual recomendado: Hasta 2.500 p\u00e1ginas<\/p>\n<p>&#8211; Contenido caja: DCP-L2640DW de Brother, cartucho de t\u00f3ner negro inicial Aprox (700 p\u00e1ginas),<\/p>\n<p>unidad de tambor DR830 (soporta aprox 15.000 p\u00e1ginas), cable de electricidad de CA, gu\u00eda<\/p>\n<p>de seguridad del producto, gu\u00eda de referencia, tarjeta de garant\u00eda, gu\u00eda de configuraci\u00f3n r\u00e1pida<\/p>\n<p>-Dimensiones: 41 cm (ancho) x 40 cm (prof.) x 32 cm (alto)<\/p>\n<p>-Peso de la unidad: 11 kg<\/p>\n<p>&nbsp;<\/p>\n<p>SKU: 1787<\/p>\n<p>Ean: 0012502672685<\/p>\n<p>N\/P: DCP-L2640DW<\/p>\n<p>&nbsp;<\/p>\n","protected":false},"excerpt":{"rendered":"<p>Impresora multifunci\u00f3n 3 en 1 con capacidades de impresi\u00f3n, copia y escaneado<\/p>\n","protected":false},"featured_media":5650,"comment_status":"closed","ping_status":"closed","template":"","meta":{"inline_featured_image":false},"pwb-brand":[129],"product_brand":[],"product_cat":[1257],"product_tag":[1347,965,398,1344,611,1346,1345,155,150,143,722,357],"class_list":{"0":"post-5649","1":"product","2":"type-product","3":"status-publish","4":"has-post-thumbnail","6":"pwb-brand-brother","7":"product_cat-laser-multifuncional-monocromatica","8":"product_tag-1347","9":"product_tag-a-negro","10":"product_tag-brother","11":"product_tag-dcp-l2640dw","12":"product_tag-ethernet","13":"product_tag-hasta-36-ppm","14":"product_tag-l2640dw","15":"product_tag-laser","16":"product_tag-monocromatica","17":"product_tag-multifuncional","18":"product_tag-red","19":"product_tag-wifi","21":"first","22":"instock","23":"sale","24":"taxable","25":"shipping-taxable","26":"purchasable","27":"product-type-simple"},"brands":[{"id":129,"name":"Brother","slug":"brother"}],"_links":{"self":[{"href":"https:\/\/compuimpresion.com.co\/portal\/wp-json\/wp\/v2\/product\/5649","targetHints":{"allow":["GET"]}}],"collection":[{"href":"https:\/\/compuimpresion.com.co\/portal\/wp-json\/wp\/v2\/product"}],"about":[{"href":"https:\/\/compuimpresion.com.co\/portal\/wp-json\/wp\/v2\/types\/product"}],"replies":[{"embeddable":true,"href":"https:\/\/compuimpresion.com.co\/portal\/wp-json\/wp\/v2\/comments?post=5649"}],"wp:featuredmedia":[{"embeddable":true,"href":"https:\/\/compuimpresion.com.co\/portal\/wp-json\/wp\/v2\/media\/5650"}],"wp:attachment":[{"href":"https:\/\/compuimpresion.com.co\/portal\/wp-json\/wp\/v2\/media?parent=5649"}],"wp:term":[{"taxonomy":"pwb-brand","embeddable":true,"href":"https:\/\/compuimpresion.com.co\/portal\/wp-json\/wp\/v2\/pwb-brand?post=5649"},{"taxonomy":"product_brand","embeddable":true,"href":"https:\/\/compuimpresion.com.co\/portal\/wp-json\/wp\/v2\/product_brand?post=5649"},{"taxonomy":"product_cat","embeddable":true,"href":"https:\/\/compuimpresion.com.co\/portal\/wp-json\/wp\/v2\/product_cat?post=5649"},{"taxonomy":"product_tag","embeddable":true,"href":"https:\/\/compuimpresion.com.co\/portal\/wp-json\/wp\/v2\/product_tag?post=5649"}],"curies":[{"name":"wp","href":"https:\/\/api.w.org\/{rel}","templated":true}]}}