{"id":5641,"date":"2024-08-30T15:03:07","date_gmt":"2024-08-30T20:03:07","guid":{"rendered":"https:\/\/compuimpresion.com.co\/portal\/?post_type=product&#038;p=5641"},"modified":"2025-03-26T14:55:40","modified_gmt":"2025-03-26T19:55:40","slug":"hp-laptop-14-dq0533la-a6hx4la","status":"publish","type":"product","link":"https:\/\/compuimpresion.com.co\/portal\/productos\/hp-laptop-14-dq0533la-a6hx4la\/","title":{"rendered":"HP Laptop 14-dq0533la (A6HX4LA)"},"content":{"rendered":"<p>Dise\u00f1ada para mantenerte productivo y entretenido desde cualquier lugar, la liviana y delgada laptop HP de 14&#8243; combina una bater\u00eda de larga duraci\u00f3n con un dise\u00f1o de bisel con micro bordes. Con su dise\u00f1o delgado y liviano, una pantalla de bisel de micro borde de 6,5 mm, tu pantalla con relaci\u00f3n de cuerpo del 78 %, lleva esta laptop donde quiera que vayas para que veas y hagas m\u00e1s. Con la potencia suficiente para sus d\u00edas m\u00e1s ocupados, este equipo cuenta con un procesador Intel y almacenamiento basado en flash a un precio excelente. Con m\u00e1s duraci\u00f3n de la bater\u00eda y tecnolog\u00eda de carga r\u00e1pida, esta laptop le permite trabajar, ver y permanecer conectado todo el d\u00eda. El panel t\u00e1ctil de precisi\u00f3n integrado con soporte multit\u00e1ctil permite disfrutar de aceleraci\u00f3n de la navegaci\u00f3n y productividad.<\/p>\n<p>ESPECIFICACIONES<\/p>\n<p>Sistema operativo FreeDOS 3.0<\/p>\n<p>Familia del Procesador Intel\u00ae Celeron\u00ae<\/p>\n<p>Procesador Intel\u00ae Celeron\u00ae N4120 (frecuencia m\u00e1xima de hasta 2,6 GHz, 4 MB de cach\u00e9 L2, 4 n\u00facleos y 4 subprocesos) 1<\/p>\n<p>Chipset SoC integrado Intel\u00ae<\/p>\n<p>Gr\u00e1ficos Integradas, Gr\u00e1ficos Intel\u00ae UHD 600<\/p>\n<p>Memoria 8 GB de RAM DDR4-2400 MHz (1 x 8 GB) (Velocidades de transferencia de hasta 2400 MT\/s.)<\/p>\n<p>Almacenamiento interno Unidad de estado s\u00f3lido PCIe\u00ae NVMe\u2122 M.2 de 256 GB<\/p>\n<p>Pantalla 14&#8243; diagonal, HD (1366 x 768), micro-edge, anti-glare, 220 nits, 45% NTSC 2<\/p>\n<p>Pantalla HD de 14&#8243; (35,6 cm) en diagonal, bisel micro-edge, antirreflectante, 220 nits, 45 % NTSC (1366 x 768) 2<\/p>\n<p>Pantalla t\u00e1ctil No<\/p>\n<p>Relaci\u00f3n pantalla-cuerpo (sin los altavoces) 79.08% 3<\/p>\n<p>Gama de colores 45% NTSC<\/p>\n<p>Brillo 220 nits<\/p>\n<p>Dimensiones m\u00ednimas (anch. x prof. x alt.) 32,4 x 22,5 x 1,79 cm (Las dimensiones var\u00edan seg\u00fan la configuraci\u00f3n)<\/p>\n<p>Peso 1,46 kg 4 (El peso var\u00eda seg\u00fan la configuraci\u00f3n)<\/p>\n<p>Tipo de bater\u00eda Iones de litio de 3 celdas y 41 Wh ( 5)<\/p>\n<p>Tiempo de recarga de la bater\u00eda Admite carga r\u00e1pida de la bater\u00eda: aproximadamente un 50 % en 45 minutos 6<\/p>\n<p>Inal\u00e1mbrico Combinaci\u00f3n de Realtek Wi-Fi\u00ae RTL8821CE-M 802.11a\/b\/g\/n\/ac (1&#215;1) y tarjeta inal\u00e1mbrica Bluetooth\u00ae 4.2 7 (Compatible con MU-MIMO; Modo de espera moderno (conectado); Compatible con Miracast\u00ae)<\/p>\n<p>Color de producto Plateado natural<\/p>\n<p>Teclado de tama\u00f1o completo color plata natural<\/p>\n<p>C\u00e1mara Web C\u00e1mara HD HP TrueVision de 720p con micr\u00f3fonos digitales integrados de doble matriz<\/p>\n<p>Funciones de audio Dos altavoces<\/p>\n<p>Dispositivo apuntador HP Mousepad compatible con la funci\u00f3n multit\u00e1ctil<\/p>\n<p>Ranuras de expansi\u00f3n 1 lector de tarjetas SD multiformato<\/p>\n<p>Puertos 1 USB Type-C\u00ae con velocidad de se\u00f1alizaci\u00f3n de 5 Gb\/s; 2 USB Type-A con velocidad de se\u00f1alizaci\u00f3n de 5 Gb\/s; 1 HDMI 1.4b; 1 pin de CA inteligente; 1 combinaci\u00f3n de auriculares y micr\u00f3fono<\/p>\n<p>Tipo de fuente de alimentaci\u00f3n Adaptador de alimentaci\u00f3n de CA inteligente de 45 W<\/p>\n<p>Etiquetas ecol\u00f3gicas Certificaci\u00f3n ENERGY STAR\u00ae 8<\/p>\n<p>Garant\u00eda del fabricante 1 a\u00f1o de garant\u00eda limitada de hardware con soporte t\u00e9cnico telef\u00f3nico gratuito. 90 d\u00edas de soporte t\u00e9cnico limitado para software (a partir de la fecha de compra).<\/p>\n<p>EAN 198415602374<\/p>\n<p>SKU 1460<\/p>\n","protected":false},"excerpt":{"rendered":"<p>Dise\u00f1ada para mantenerte productivo y entretenido desde cualquier lugar, la liviana y delgada laptop HP de 14&#8243; combina una bater\u00eda de larga duraci\u00f3n con un dise\u00f1o de bisel con micro bordes.<\/p>\n","protected":false},"featured_media":5642,"comment_status":"closed","ping_status":"closed","template":"","meta":{"inline_featured_image":false},"pwb-brand":[124],"product_brand":[],"product_cat":[888,894],"product_tag":[1341,507,1340,297,226],"class_list":{"0":"post-5641","1":"product","2":"type-product","3":"status-publish","4":"has-post-thumbnail","6":"pwb-brand-hp","7":"product_cat-computo","8":"product_cat-portatiles-computo","9":"product_tag-a6hx4la","10":"product_tag-celeron","11":"product_tag-dq0533la","12":"product_tag-hp","13":"product_tag-portatil","15":"first","16":"outofstock","17":"sale","18":"taxable","19":"shipping-taxable","20":"purchasable","21":"product-type-simple"},"brands":[{"id":124,"name":"HP","slug":"hp"}],"_links":{"self":[{"href":"https:\/\/compuimpresion.com.co\/portal\/wp-json\/wp\/v2\/product\/5641","targetHints":{"allow":["GET"]}}],"collection":[{"href":"https:\/\/compuimpresion.com.co\/portal\/wp-json\/wp\/v2\/product"}],"about":[{"href":"https:\/\/compuimpresion.com.co\/portal\/wp-json\/wp\/v2\/types\/product"}],"replies":[{"embeddable":true,"href":"https:\/\/compuimpresion.com.co\/portal\/wp-json\/wp\/v2\/comments?post=5641"}],"wp:featuredmedia":[{"embeddable":true,"href":"https:\/\/compuimpresion.com.co\/portal\/wp-json\/wp\/v2\/media\/5642"}],"wp:attachment":[{"href":"https:\/\/compuimpresion.com.co\/portal\/wp-json\/wp\/v2\/media?parent=5641"}],"wp:term":[{"taxonomy":"pwb-brand","embeddable":true,"href":"https:\/\/compuimpresion.com.co\/portal\/wp-json\/wp\/v2\/pwb-brand?post=5641"},{"taxonomy":"product_brand","embeddable":true,"href":"https:\/\/compuimpresion.com.co\/portal\/wp-json\/wp\/v2\/product_brand?post=5641"},{"taxonomy":"product_cat","embeddable":true,"href":"https:\/\/compuimpresion.com.co\/portal\/wp-json\/wp\/v2\/product_cat?post=5641"},{"taxonomy":"product_tag","embeddable":true,"href":"https:\/\/compuimpresion.com.co\/portal\/wp-json\/wp\/v2\/product_tag?post=5641"}],"curies":[{"name":"wp","href":"https:\/\/api.w.org\/{rel}","templated":true}]}}