{"id":5636,"date":"2024-08-30T14:53:04","date_gmt":"2024-08-30T19:53:04","guid":{"rendered":"https:\/\/compuimpresion.com.co\/portal\/?post_type=product&#038;p=5636"},"modified":"2024-12-06T12:53:29","modified_gmt":"2024-12-06T17:53:29","slug":"lenovo-v14-gen-4-ryzen-7-7730u-ram-8-gb-ddr4-3200-dd-512gb-ssd-m-2","status":"publish","type":"product","link":"https:\/\/compuimpresion.com.co\/portal\/productos\/lenovo-v14-gen-4-ryzen-7-7730u-ram-8-gb-ddr4-3200-dd-512gb-ssd-m-2\/","title":{"rendered":"Lenovo V14 Gen 4 RYZEN 7 7730U RAM 8 GB DDR4-3200 DD 512GB SSD M.2"},"content":{"rendered":"<p>El port\u00e1til Lenovo V14 de 4.\u00aa generaci\u00f3n, equipado con procesadores m\u00f3viles AMD Ryzen\u2122 y la tarjeta gr\u00e1fica AMD Radeon\u2122, te brinda la potencia necesaria para afrontar tu jornada laboral, tanto en la oficina, en el campus como en casa. Gracias a su gran capacidad de memoria y almacenamiento, junto con la conectividad Wi-Fi 6, podr\u00e1s conectarte en cualquier lugar donde haya acceso. La tecnolog\u00eda Bluetooth\u00ae 5.0 y numerosos puertos facilitar\u00e1n la conexi\u00f3n a todos tus dispositivos. Este port\u00e1til ha superado pruebas de especificaciones militares seg\u00fan los requisitos 810H, lo que garantiza su fiabilidad. Y si alguna vez necesitas asistencia, la tecla de acceso directo de servicio te permitir\u00e1 obtener detalles del dispositivo, informaci\u00f3n de la garant\u00eda y opciones de autoservicio con un solo clic. Si lo que est\u00e1s buscando es un port\u00e1til para tus necesidades inform\u00e1ticas, deja de buscar. El port\u00e1til Lenovo V14 de 4.\u00aa generaci\u00f3n, caracterizado por una pantalla FHD de 35,56 cm (14) y una resoluci\u00f3n de 1920 x 1080, es tu soluci\u00f3n. Respira tranquilo sabiendo que este dispositivo te protege contra posibles infracciones de datos y privacidad con las \u00faltimas mejoras de seguridad integradas en Windows 11. Adem\u00e1s, el m\u00f3dulo de plataforma segura (TPM) cifra tus datos m\u00e1s importantes e incluso detecta malware. Por si esto fuera poco, el obturador de privacidad de la c\u00e1mara web te pone al mando con solo mover un dedo. No importa d\u00f3nde est\u00e9s, te sentir\u00e1s a gusto al hacer las cosas de manera segura.<\/p>\n<p>ESPECIFICACIONES<\/p>\n<p>PARTE 82YX003CLM<\/p>\n<p>Lenovo V14 Gen 4 ABP Procesador RYZEN 7 7730U ( 8 Cores + 16 Hilos) 2.0 GHz &#8211; 4.5 GHz,16 MB Cache, DASH NO<\/p>\n<p>RAM 8 GB DDR4-3200, Crece Hasta 16GB (8GB soldered + 8GB SO-DIMM)<\/p>\n<p>DD 512GB SSD M.2 2242<\/p>\n<p>Chipset AMD SoC<\/p>\n<p>Pantalla 14&#8243; FHD (1920&#215;1080) Anti Glare 250 Nits<\/p>\n<p>Teclado Antiderrame de l\u00edquidos<\/p>\n<p>Mouse Touchpad de una sola pieza<\/p>\n<p>Tarjeta de Video Graficos Integrados AMD Radeon Graphics<\/p>\n<p>Camara HD 720p con microfono, ThinkShutter SI<\/p>\n<p>Lector de Huella NO<\/p>\n<p>Conexi\u00f3n Wi-Fi 6, 802.11ax 2&#215;2 Wi-Fi + Bluetooth 5.2<\/p>\n<p>Puertos: 1x USB 2.0,1x USB 3.2 Gen 1,1x USB-C 3.2 Gen 1 (support data transfer, Power Delivery 3.0 and DisplayPort 1.2),1x HDMI 1.4b,1x Headphone \/ microphone combo jack (3.5mm), 1x Power Connector, Ethernet (RJ-45) SI<\/p>\n<p>Ranura Guaya SI<\/p>\n<p>Bater\u00eda 2 CELL 38WH INTERNAL<\/p>\n<p>Cargador 65W round tip (3-pin)<\/p>\n<p>Color Iron grey<\/p>\n<p>Material PC-ABS (top), PC-ABS (bottom)<\/p>\n<p>Peso 1.43 KG<\/p>\n<p>Certificaciones: MIL-STD-810H military test passed,EPEAT Silver,ENERGY STAR 8.0.ErP Lot 6-26,FSC certified carton,RoHS compliant,T\u00dcV Rheinland Low Blue Light<\/p>\n<p>Sistema Operativo NO<\/p>\n<p>Garant\u00eda 1 A\u00f1o Carry-in,\u00a0Bateria\u00a01\u00a0a\u00f1o<\/p>\n<p>EAN 0198153981243<\/p>\n<p>SKU 1422<\/p>\n","protected":false},"excerpt":{"rendered":"<p>El port\u00e1til Lenovo V14 de 4.\u00aa generaci\u00f3n, equipado con procesadores m\u00f3viles AMD Ryzen\u2122 y la tarjeta gr\u00e1fica AMD Radeon\u2122, te brinda la potencia necesaria para afrontar tu jornada laboral, tanto en la oficina, en el campus como en casa.<\/p>\n","protected":false},"featured_media":5638,"comment_status":"closed","ping_status":"closed","template":"","meta":{"inline_featured_image":false},"pwb-brand":[420],"product_brand":[],"product_cat":[888,894],"product_tag":[1339,577,499,226,1338,1337],"class_list":{"0":"post-5636","1":"product","2":"type-product","3":"status-publish","4":"has-post-thumbnail","6":"pwb-brand-lenovo","7":"product_cat-computo","8":"product_cat-portatiles-computo","9":"product_tag-7730u","10":"product_tag-g4","11":"product_tag-lenovo","12":"product_tag-portatil","13":"product_tag-ryzen-7","14":"product_tag-v14","16":"first","17":"outofstock","18":"sale","19":"taxable","20":"shipping-taxable","21":"purchasable","22":"product-type-simple"},"brands":[{"id":420,"name":"Lenovo","slug":"lenovo"}],"_links":{"self":[{"href":"https:\/\/compuimpresion.com.co\/portal\/wp-json\/wp\/v2\/product\/5636","targetHints":{"allow":["GET"]}}],"collection":[{"href":"https:\/\/compuimpresion.com.co\/portal\/wp-json\/wp\/v2\/product"}],"about":[{"href":"https:\/\/compuimpresion.com.co\/portal\/wp-json\/wp\/v2\/types\/product"}],"replies":[{"embeddable":true,"href":"https:\/\/compuimpresion.com.co\/portal\/wp-json\/wp\/v2\/comments?post=5636"}],"wp:featuredmedia":[{"embeddable":true,"href":"https:\/\/compuimpresion.com.co\/portal\/wp-json\/wp\/v2\/media\/5638"}],"wp:attachment":[{"href":"https:\/\/compuimpresion.com.co\/portal\/wp-json\/wp\/v2\/media?parent=5636"}],"wp:term":[{"taxonomy":"pwb-brand","embeddable":true,"href":"https:\/\/compuimpresion.com.co\/portal\/wp-json\/wp\/v2\/pwb-brand?post=5636"},{"taxonomy":"product_brand","embeddable":true,"href":"https:\/\/compuimpresion.com.co\/portal\/wp-json\/wp\/v2\/product_brand?post=5636"},{"taxonomy":"product_cat","embeddable":true,"href":"https:\/\/compuimpresion.com.co\/portal\/wp-json\/wp\/v2\/product_cat?post=5636"},{"taxonomy":"product_tag","embeddable":true,"href":"https:\/\/compuimpresion.com.co\/portal\/wp-json\/wp\/v2\/product_tag?post=5636"}],"curies":[{"name":"wp","href":"https:\/\/api.w.org\/{rel}","templated":true}]}}