{"id":5623,"date":"2024-08-15T18:16:40","date_gmt":"2024-08-15T23:16:40","guid":{"rendered":"https:\/\/compuimpresion.com.co\/portal\/?post_type=product&#038;p=5623"},"modified":"2025-03-17T10:17:56","modified_gmt":"2025-03-17T15:17:56","slug":"impresora-termica-tm-m30-ii-epson-de-recibo-pos","status":"publish","type":"product","link":"https:\/\/compuimpresion.com.co\/portal\/productos\/impresora-termica-tm-m30-ii-epson-de-recibo-pos\/","title":{"rendered":"IMPRESORA T\u00c9RMICA TM-M30 II EPSON  DE RECIBO POS"},"content":{"rendered":"<p><strong>IMPRESORA T\u00c9RMICA TM-M30 II EPSON\u00a0 DE RECIBO POS<\/strong><\/p>\n<p>&nbsp;<\/p>\n<p>Modernice su punto de venta con una m\u00e1quina estilizada con m\u00faltiples opciones de conectividad<\/p>\n<p>&nbsp;<\/p>\n<p>Dise\u00f1o industrial moderno: tecnolog\u00eda de impresi\u00f3n t\u00e9rmica de 3&#8243;; dise\u00f1o elegante y tama\u00f1o compacto, ideal para espacios de mostrador.<\/p>\n<p>Conectividad vers\u00e1til con m\u00faltiples interfaces: USB, Ethernet<\/p>\n<p>Alta velocidad de impresi\u00f3n: hasta 250 mm\/seg.<\/p>\n<p>Excelente confiabilidad y rendimiento: vida \u00fatil del cabezal de impresi\u00f3n de 150 km1 y vida \u00fatil del cortador autom\u00e1tico de hasta aprox \u00a0\u00a01,5 millones de cortes .<\/p>\n<p>Funciones de ahorro de papel: reducci\u00f3n de hasta un 30% de uso de papel.<\/p>\n<p>Garant\u00eda limitada de 2 a\u00f1os: servicio y soporte en los que puede confiar.<\/p>\n<p>&nbsp;<\/p>\n<p>Caracter\u00edsticas:<\/p>\n<p>&nbsp;<\/p>\n<p>-M\u00e9todo de impresi\u00f3n: \u00a0<strong>T\u00e9rmico<\/strong><\/p>\n<p>&#8211; Velocidad de impresi\u00f3n: \u00a0<strong>250 mm<\/strong>\/segundos<\/p>\n<p>-Resoluci\u00f3n de impresi\u00f3n: \u00a0203 dpi<\/p>\n<p>&#8211; Direcci\u00f3n de impresi\u00f3n: Vertical y horizontal<\/p>\n<p>&#8211; Fuentes\/capacidad de columna: Fuente A: 12 x 24 48 cpl (predeterminado); Fuente B: 10 x 24 57 cpl; Fuente C: 9 x 17 64 cpl<\/p>\n<p>&#8211; Tama\u00f1o de caracteres: Fuente A: 1,25 x 3,00 mm; Fuente B: 1,13 x 3,00 mm; Fuente C: 0,88 x 2,13 mm<\/p>\n<p>&#8211; Set de caracteres: 95 alfanum\u00e9ricos, 18 internacionales, 128 x 43 gr\u00e1ficos<\/p>\n<p>&#8211; C\u00f3digo de barras: UPC-A, UPC-E, JAN8\/EAN8, JAN13\/EAN13, Code39, Code93, Code128, ITF, CODABAR (NW-7), GS1-128, GS1 DataBar, Code 128 Auto<\/p>\n<p>&#8211; Impresi\u00f3n de s\u00edmbolos bidimensionales PDF417, QR Code, MaxiCode, DataMatrix, Aztec Code, Two-dimensional GS1 DataBar, Composite Symbology<\/p>\n<p>&#8211; Manejo papel Tipo: Rollo de papel t\u00e9rmico<\/p>\n<p>&#8211; M\u00e9todo de alimentaci\u00f3n: por fricci\u00f3n<\/p>\n<p>&#8211; Ancho: 3,12&#8243;\/79,5 mm<\/p>\n<p>&#8211; Carga de papel: \u00a0Directa (drop-in)<\/p>\n<p>&#8211; Di\u00e1metro del rollo (m\u00e1x.): 83 mm\/3,27&#8243;<\/p>\n<p>&#8211; Di\u00e1metro del n\u00facleo (m\u00ednimo): 0,71&#8243;\/18 mm<\/p>\n<p>&#8211; Gu\u00eda de papel: \u00a0S\u00ed<\/p>\n<p>&#8211; Cortador autom\u00e1tico: S\u00ed<\/p>\n<p>-Interfaz (modelo Ethernet) USB Tipo-B integrado (USB 2.0 de alta velocidad) + Ethernet 10\/100Base-T \/ TX<\/p>\n<p>-Sistemas operativos compatibles: \u00a0iOS , Android TM, WIndows , Mac OS X , GNU (Linux ) Funci\u00f3n de configuraci\u00f3n f\u00e1cil NFCTM3 , c\u00f3digo QR, Simple AP (solo modelo inal\u00e1mbrico)<\/p>\n<p>-Confiabilidad de la impresora: 17 millones de l\u00edneas de impresi\u00f3n MTBF 360.000 horas MCBF 65.000.000 l\u00edneas<\/p>\n<p>-Confiabilidad del cortador autom\u00e1tico: 1,5 millones de cortes<\/p>\n<p>-Memoria de imagen de bits NV 12 KB (m\u00e1x.); Gr\u00e1ficos NV 384 KB (m\u00e1x.); B\u00fafer de datos 4 KB o 45 byte<\/p>\n<p>-Kit de desarrollo: Epson ePOS TM SDK (iOSTM, AndroidTM, JavaScript), TM Print Assistant (iOS, Android ), OPOS ADK\/ OPOS ADK para .NET (Windows ), JavaPOS ADK (Windows , Linux<\/p>\n<p>-Controladores\/drivers: Epson Advanced Printer Driver (APD), TM Virtual Port Driver, Mac Printer Driver, CUPS Driver<\/p>\n<p>-Software: TM Utility (iOS, Android ), TM-m30II Utility (Windows Desktop), EpsonNet Config (Win, Mac ), Deployment Tool, Monitoring Tool<\/p>\n<p>-Apertura autom\u00e1tica del caj\u00f3n de dinero: \u00a0S\u00ed<\/p>\n<p>-Funci\u00f3n D.K.D.: S\u00ed<\/p>\n<p>-Est\u00e1ndares y aprobaciones EMI FCC Clase A, ICES003 Clase A, est\u00e1ndar de seguridad UL62368-1\/CSA C22.2 No.62368-1<\/p>\n<p>-Caracter\u00edsticas ecol\u00f3gicas: Modo de ahorro de energ\u00eda Calificaci\u00f3n ENERGY STAR (SKU selectos) ,RoHS conforme, Producto reciclable<\/p>\n<p>-Dimensiones (An x Pr x Al) : 12,7 cm x 12,7 cm x 13,5 cm<\/p>\n<p>-Peso: 1,3kg<\/p>\n<p>&nbsp;<\/p>\n<p>Sku: 0657<\/p>\n<p>Ean: 0010343980778<\/p>\n<p>N\/p: C31CJ27022<\/p>\n","protected":false},"excerpt":{"rendered":"<p>Dise\u00f1o industrial moderno: tecnolog\u00eda de impresi\u00f3n t\u00e9rmica de 3&#8243;; dise\u00f1o elegante y tama\u00f1o compacto, ideal para espacios de mostrador.<\/p>\n","protected":false},"featured_media":5624,"comment_status":"closed","ping_status":"closed","template":"","meta":{"inline_featured_image":false},"pwb-brand":[125],"product_brand":[],"product_cat":[1253],"product_tag":[1335,611,1336,158,1333,722,162,361,1334,185],"class_list":{"0":"post-5623","1":"product","2":"type-product","3":"status-publish","4":"has-post-thumbnail","6":"pwb-brand-epson","7":"product_cat-solucion-pos","8":"product_tag-80mm","9":"product_tag-ethernet","10":"product_tag-factura","11":"product_tag-pos","12":"product_tag-recibo","13":"product_tag-red","14":"product_tag-termica","15":"product_tag-tm","16":"product_tag-tm-m30","17":"product_tag-usb","19":"first","20":"outofstock","21":"sale","22":"taxable","23":"shipping-taxable","24":"purchasable","25":"product-type-simple"},"brands":[{"id":125,"name":"Epson","slug":"epson"}],"_links":{"self":[{"href":"https:\/\/compuimpresion.com.co\/portal\/wp-json\/wp\/v2\/product\/5623","targetHints":{"allow":["GET"]}}],"collection":[{"href":"https:\/\/compuimpresion.com.co\/portal\/wp-json\/wp\/v2\/product"}],"about":[{"href":"https:\/\/compuimpresion.com.co\/portal\/wp-json\/wp\/v2\/types\/product"}],"replies":[{"embeddable":true,"href":"https:\/\/compuimpresion.com.co\/portal\/wp-json\/wp\/v2\/comments?post=5623"}],"wp:featuredmedia":[{"embeddable":true,"href":"https:\/\/compuimpresion.com.co\/portal\/wp-json\/wp\/v2\/media\/5624"}],"wp:attachment":[{"href":"https:\/\/compuimpresion.com.co\/portal\/wp-json\/wp\/v2\/media?parent=5623"}],"wp:term":[{"taxonomy":"pwb-brand","embeddable":true,"href":"https:\/\/compuimpresion.com.co\/portal\/wp-json\/wp\/v2\/pwb-brand?post=5623"},{"taxonomy":"product_brand","embeddable":true,"href":"https:\/\/compuimpresion.com.co\/portal\/wp-json\/wp\/v2\/product_brand?post=5623"},{"taxonomy":"product_cat","embeddable":true,"href":"https:\/\/compuimpresion.com.co\/portal\/wp-json\/wp\/v2\/product_cat?post=5623"},{"taxonomy":"product_tag","embeddable":true,"href":"https:\/\/compuimpresion.com.co\/portal\/wp-json\/wp\/v2\/product_tag?post=5623"}],"curies":[{"name":"wp","href":"https:\/\/api.w.org\/{rel}","templated":true}]}}