{"id":5618,"date":"2024-08-15T12:06:11","date_gmt":"2024-08-15T17:06:11","guid":{"rendered":"https:\/\/compuimpresion.com.co\/portal\/?post_type=product&#038;p=5618"},"modified":"2024-10-21T16:04:50","modified_gmt":"2024-10-21T21:04:50","slug":"tp-link-router-inalambrico-banda-dual-ac750","status":"publish","type":"product","link":"https:\/\/compuimpresion.com.co\/portal\/productos\/tp-link-router-inalambrico-banda-dual-ac750\/","title":{"rendered":"TP-LINK Router Inal\u00e1mbrico Banda Dual AC750"},"content":{"rendered":"<p>El Archer C20 de TP-Link viene con est\u00e1ndar Wi-Fi de la pr\u00f3xima generaci\u00f3n \u2013 802.11ac, compatible con versiones anteriores de 802.11n and 3 veces m\u00e1s r\u00e1pido que las velocidades inal\u00e1mbricas N. Con mayor eficiencia energ\u00e9tica y una seguridad robusta, 802.11ac es la manera perfecta para acelerar una red multimedia en casa y solucionar la congesti\u00f3n que varios dispositivos pueden causar. Con velocidades inal\u00e1mbricas de 433Mbps a trav\u00e9s de la banda n\u00edtida de 5GHz y a trav\u00e9s de la banda de 2.4GHz, el Archer C20 le ofrece la flexibilidad de dos redes dedicadas y asegura un sorprendente desempe\u00f1o inal\u00e1mbrico. Las tareas simples como el env\u00edo de correos electr\u00f3nicos o la navegaci\u00f3n por internet pueden ser manejadas por la banda de 2.4GHz mientras que las tareas que requieren banda ancha intensa como los juegos en l\u00ednea o streaming de video en HD pueden ser procesadas por la banda de 5GHz &#8211; todas al mismo tiempo.<\/p>\n<p>ESPECIFICACIONES<\/p>\n<p>Standards\u00a0\u00a0\u00a0\u00a0\u00a0\u00a0\u00a0\u00a0\u00a0\u00a0\u00a0 Wi-Fi 5 IEEE 802.11ac\/n\/a 5 GHz\u00a0 IEEE 802.11n\/b\/g 2.4 GHz<\/p>\n<p>WiFi Speeds\u00a0\u00a0\u00a0\u00a0\u00a0\u00a0\u00a0 AC750\u00a0 5 GHz: 433 Mbps (802.11ac)\u00a0 2.4 GHz: 300 Mbps (802.11n)<\/p>\n<p>WiFi Range\u00a0\u00a0\u00a0\u00a0\u00a0\u00a0\u00a0\u00a0 2 Bedroom Houses 3\u00d7 Fixed Antennas<\/p>\n<p>Multiple antennas form a signal-boosting array to cover more directions and large areas<\/p>\n<p>WiFi Capacity\u00a0\u00a0\u00a0\u00a0 Medium Dual-Band Allocate devices to different bands for optimal performance<\/p>\n<p>Working Modes Router Mode Access Point Mode Range Extender Mode<\/p>\n<p>SEGURIDAD<\/p>\n<p>Network Security SPI Firewall Access Control IP &amp; MAC Binding Application Layer Gateway<\/p>\n<p>Guest Network\u00a0 1\u00d7 5 GHz Guest Network 1\u00d7 2.4 GHz Guest Network<\/p>\n<p>WiFi Encryption WEP WPA WPA2 WPA\/WPA2-Enterprise (802.1x)<\/p>\n<p>HARDWARE<\/p>\n<p>Processor\u00a0\u00a0\u00a0\u00a0\u00a0\u00a0\u00a0\u00a0\u00a0\u00a0\u00a0 Single-Core CPU<\/p>\n<p>Ethernet Ports\u00a0\u00a0 1\u00d7 10\/100 Mbps WAN Port 4\u00d7 10\/100 Mbps LAN Ports<\/p>\n<p>Botones\u00a0\u00a0\u00a0\u00a0\u00a0\u00a0\u00a0\u00a0\u00a0\u00a0\u00a0\u00a0\u00a0 WPS\/Wi-Fi Button Power On\/Off Button Reset Button<\/p>\n<p>Power\u00a0\u00a0 9 V \u2393 0.6 A<\/p>\n<p>SOFTWARE<\/p>\n<p>Protocols\u00a0\u00a0\u00a0\u00a0\u00a0\u00a0\u00a0\u00a0\u00a0\u00a0\u00a0 IPv4\u00a0 IPv6<\/p>\n<p>Parental Controls\u00a0\u00a0\u00a0\u00a0\u00a0\u00a0\u00a0\u00a0\u00a0\u00a0\u00a0 URL Filtering Time Controls<\/p>\n<p>WAN Types\u00a0\u00a0\u00a0\u00a0\u00a0\u00a0\u00a0 Dynamic IP Static IP PPPoE PPTP L2TP<\/p>\n<p>Quality of Service\u00a0\u00a0\u00a0\u00a0\u00a0\u00a0\u00a0\u00a0\u00a0\u00a0\u00a0 QoS by Device<\/p>\n<p>NAT Forwarding\u00a0\u00a0\u00a0\u00a0\u00a0\u00a0\u00a0\u00a0\u00a0\u00a0\u00a0\u00a0\u00a0\u00a0 Virtual Server Port Forwarding Port Triggering DMZ UPnP<\/p>\n<p>IPTV\u00a0\u00a0\u00a0\u00a0\u00a0\u00a0 IGMP Proxy IGMP Snooping<\/p>\n<p>DHCP\u00a0\u00a0\u00a0\u00a0 Address Reservation DHCP Client List Server<\/p>\n<p>DDNS\u00a0\u00a0\u00a0 NO-IP Comex DynDNS<\/p>\n<p>Management\u00a0\u00a0\u00a0\u00a0 Tether App Webpage Check Web Emulator&gt;<\/p>\n<p>OTHER<\/p>\n<p>System Requirements\u00a0\u00a0\u00a0\u00a0 Internet Explorer 11+, Firefox 12.0+, Chrome 20.0+, Safari 4.0+, or other JavaScript-enabled browser Cable or DSL Modem (if needed) Subscription with an internet service provider (for internet access)<\/p>\n<p>Certifications\u00a0\u00a0\u00a0\u00a0 FCC, CE, RoHS<\/p>\n<p>Environment\u00a0\u00a0\u00a0\u00a0\u00a0 Operating Temperature: 0\u2103~40\u2103 (32\u2109 ~104\u2109) Storage Temperature: -40\u2103~70\u2103 (-40\u2109 ~158\u2109) Operating Humidity: 10%~90% non-condensing Storage Humidity: 5%~90% non-condensing<\/p>\n<p>TEST DATA<\/p>\n<p>WiFi Transmission Power\u00a0\u00a0\u00a0\u00a0\u00a0\u00a0\u00a0\u00a0\u00a0\u00a0\u00a0\u00a0 CE: &lt;20dBm(2.4GHz) &lt;23dBm(5GHz)<\/p>\n<p>WiFi Reception Sensitivity\u00a0\u00a0\u00a0\u00a0\u00a0\u00a0\u00a0\u00a0\u00a0\u00a0\u00a0 5GHz: 11a 54M: -76dBm; 11ac VHT20 MCS8: -71dBm; 11ac VHT40 MCS9: -66dBm; 11ac VHT80 MCS9: -62dBm<\/p>\n<p>2.4GHz: 11g 54M: -76dBm11n; HT20 MCS7: -73dBm; 11n HT40 MCS7: -71dBm<\/p>\n<p>PHYSICAL<\/p>\n<p>Dimensions (W\u00d7D\u00d7H)\u00a0\u00a0\u00a0\u00a0 9.1 \u00d7 5.7 \u00d7 1.4 in (230 \u00d7 144 \u00d7 35 mm)<\/p>\n<p>Package Contents\u00a0\u00a0\u00a0\u00a0\u00a0\u00a0\u00a0\u00a0\u00a0\u00a0\u00a0 Wi-Fi Router Archer C20 Power Adapter RJ45 Ethernet Cable Quick Installation Guide<\/p>\n<p>EAN 7898544552481<\/p>\n","protected":false},"excerpt":{"rendered":"<p>El Archer C20 de TP-Link viene con est\u00e1ndar Wi-Fi de la pr\u00f3xima generaci\u00f3n \u2013 802.11ac, compatible con versiones anteriores de 802.11n and 3 veces m\u00e1s r\u00e1pido que las velocidades inal\u00e1mbricas<\/p>\n","protected":false},"featured_media":5619,"comment_status":"closed","ping_status":"closed","template":"","meta":{"inline_featured_image":false},"pwb-brand":[1327],"product_brand":[],"product_cat":[1268],"product_tag":[1331,1332,1329,1330,1328],"class_list":{"0":"post-5618","1":"product","2":"type-product","3":"status-publish","4":"has-post-thumbnail","6":"pwb-brand-tp-link","7":"product_cat-hogar-inteligente","8":"product_tag-1331","9":"product_tag-1332","10":"product_tag-archer","11":"product_tag-c20","12":"product_tag-tp-link","14":"first","15":"outofstock","16":"taxable","17":"shipping-taxable","18":"purchasable","19":"product-type-simple"},"brands":[{"id":1327,"name":"TP-LINK","slug":"tp-link"}],"_links":{"self":[{"href":"https:\/\/compuimpresion.com.co\/portal\/wp-json\/wp\/v2\/product\/5618","targetHints":{"allow":["GET"]}}],"collection":[{"href":"https:\/\/compuimpresion.com.co\/portal\/wp-json\/wp\/v2\/product"}],"about":[{"href":"https:\/\/compuimpresion.com.co\/portal\/wp-json\/wp\/v2\/types\/product"}],"replies":[{"embeddable":true,"href":"https:\/\/compuimpresion.com.co\/portal\/wp-json\/wp\/v2\/comments?post=5618"}],"wp:featuredmedia":[{"embeddable":true,"href":"https:\/\/compuimpresion.com.co\/portal\/wp-json\/wp\/v2\/media\/5619"}],"wp:attachment":[{"href":"https:\/\/compuimpresion.com.co\/portal\/wp-json\/wp\/v2\/media?parent=5618"}],"wp:term":[{"taxonomy":"pwb-brand","embeddable":true,"href":"https:\/\/compuimpresion.com.co\/portal\/wp-json\/wp\/v2\/pwb-brand?post=5618"},{"taxonomy":"product_brand","embeddable":true,"href":"https:\/\/compuimpresion.com.co\/portal\/wp-json\/wp\/v2\/product_brand?post=5618"},{"taxonomy":"product_cat","embeddable":true,"href":"https:\/\/compuimpresion.com.co\/portal\/wp-json\/wp\/v2\/product_cat?post=5618"},{"taxonomy":"product_tag","embeddable":true,"href":"https:\/\/compuimpresion.com.co\/portal\/wp-json\/wp\/v2\/product_tag?post=5618"}],"curies":[{"name":"wp","href":"https:\/\/api.w.org\/{rel}","templated":true}]}}