{"id":5589,"date":"2024-08-06T09:18:11","date_gmt":"2024-08-06T14:18:11","guid":{"rendered":"https:\/\/compuimpresion.com.co\/portal\/?post_type=product&#038;p=5589"},"modified":"2024-08-29T12:40:54","modified_gmt":"2024-08-29T17:40:54","slug":"asus-vivobook-x1504za-nj372-corei5-1235u-8gb-ram-512gb-ssd","status":"publish","type":"product","link":"https:\/\/compuimpresion.com.co\/portal\/productos\/asus-vivobook-x1504za-nj372-corei5-1235u-8gb-ram-512gb-ssd\/","title":{"rendered":"Asus Vivobook X1504za-nj372 Corei5 1235u 8gb Ram 512gb Ssd"},"content":{"rendered":"<p>El Vivobook 15 es tu herramienta esencial para hacer las cosas m\u00e1s f\u00e1cilmente, en cualquier lugar. Cuenta con una bisagra plana de 180\u00b0 y un protector f\u00edsico de la c\u00e1mara web. ASUS Antimicrobial Guard Plus protege las superficies que se tocan con frecuencia de bacterias da\u00f1inas, salvaguardando tu salud. Este equipo est\u00e1 siempre listo para realizar cualquier tarea cotidiana, ya sea trabajo, juego o entretenimiento. Cuenta con un procesador Intel de 12.\u00aa generaci\u00f3n\u00ae Core\u2122, 8GB de memoria r\u00e1pida, 512Gb de almacenamiento SSD r\u00e1pido y una amplia gama de conectividad inal\u00e1mbrica hasta WiFi 6E7. Adem\u00e1s, el Vivobook 15 admite carga r\u00e1pida, lo que te permite cargar una bater\u00eda baja al 60 % en tan solo 49 minutos.<\/p>\n<p>ESPECIFICACIONES<\/p>\n<p>Modelo X1504ZA-NJ372<\/p>\n<p>N\/P 90NB1021-M00WT0<\/p>\n<p>Marca ASUS<\/p>\n<p>Color AZUL TRANQUILO<\/p>\n<p>PROCESADOR:<\/p>\n<p>Intel\u00aeCore\u2122 i5-1235U<\/p>\n<p>10 NUCLEOS \/ 12 HILOS<\/p>\n<p>3.30 GHz \/ 4.40 GHz<\/p>\n<p>MEMORIA TOTAL: 8GB<\/p>\n<p>Memoria DDR4 de 4 GB DDR4 SO-DIMM<\/p>\n<p>ALMACENAMIENTO:<\/p>\n<p>512 GB SSD M.2 NVMe\u2122 PCIe\u00ae 3.0<\/p>\n<p>TARJETA DE V\u00cdDEO:<\/p>\n<p>gr\u00e1ficos Intel Iris X<\/p>\n<p>PANTALLA:<\/p>\n<p>15,6&#8243;, FHD (1920 x 1080) 16:9,<\/p>\n<p>Retroiluminaci\u00f3n LED, 60Hz , 250 nits, NTSC: 45 %, Pantalla antideslumbrante, T\u00dcV Rheinland-certified<\/p>\n<p>SISTEMA OPERATIVO:<\/p>\n<p>FREE-DOS<\/p>\n<p>PUERTOS:<\/p>\n<p>1x USB 2.0 Tipo A<\/p>\n<p>1x USB 3.2 Gen 1 Tipo C<\/p>\n<p>2x USB 3.2 Gen 1 Tipo A<\/p>\n<p>1x HDMI 1.4<\/p>\n<p>1x conector de audio combinado de 3,5 mm<\/p>\n<p>1x entrada CC<\/p>\n<p>Ranuras de expansi\u00f3n<\/p>\n<p>1x ranura DDR4 SO-DIMM<\/p>\n<p>1x M.2 2280 PCIe 4.0&#215;4<\/p>\n<p>DIMENSIONES:<\/p>\n<p>35.97 x 23.25 x 1.79<\/p>\n<p>Peso 1.70 kg (3.75 lbs)<\/p>\n<p>C\u00c1MARA:<\/p>\n<p>C\u00e1mara 720p HD<\/p>\n<p>Con bloqueo de seguridad<\/p>\n<p>AUDIO Y PARLANTES:<\/p>\n<p>SonicMaster<\/p>\n<p>Altavoz incorporado<\/p>\n<p>Matriz de micr\u00f3fono incorporada<\/p>\n<p>con compatibilidad de reconocimiento de voz de Cortana<\/p>\n<p>TECLADO:<\/p>\n<p>Teclado tipo chiclet, Precision Touchpad<\/p>\n<p>Sensor de huellas dactilares<\/p>\n<p>integrado con el panel t\u00e1ctil<\/p>\n<p>CONECTIVIDAD:<\/p>\n<p>Wi-Fi 6E (802.11ax) (Doble banda) 1*1 + Bluetooth\u00ae 5.3<\/p>\n<p>BATERIA PRINCIPAL:<\/p>\n<p>42 Wh, 3S1P, 3 celdas Li-ion<\/p>\n<p>Alimentaci\u00f3n<\/p>\n<p>Adaptador de CA de \u00f84,5, 45 W, Salida: 19 V CC, 2,37 A, 45 W, Entrada: 100-240 V CA 50\/60 Hz universal<\/p>\n<p>45W AC Adapter (included with ADL U series Processor)<\/p>\n<p>CERTIFICACIONES:<\/p>\n<p>Grado militar<\/p>\n<p>Est\u00e1ndar de grado militar US MIL-STD 810H<\/p>\n<p>Cumplimiento normativo<\/p>\n<p>EPEAT Silver<\/p>\n<p>Energy star 8.0<\/p>\n<p>RoHS<\/p>\n<p>REACH<\/p>\n<p>SKU 1529<\/p>\n","protected":false},"excerpt":{"rendered":"<p>El Vivobook 15 es tu herramienta esencial para hacer las cosas m\u00e1s f\u00e1cilmente, en cualquier lugar. Cuenta con una bisagra plana de 180\u00b0 y un protector f\u00edsico de la c\u00e1mara web.<\/p>\n","protected":false},"featured_media":5590,"comment_status":"closed","ping_status":"closed","template":"","meta":{"inline_featured_image":false},"pwb-brand":[177],"product_brand":[],"product_cat":[888,894],"product_tag":[494,226,1322,1323],"class_list":{"0":"post-5589","1":"product","2":"type-product","3":"status-publish","4":"has-post-thumbnail","6":"pwb-brand-asus","7":"product_cat-computo","8":"product_cat-portatiles-computo","9":"product_tag-asus","10":"product_tag-portatil","11":"product_tag-vivobook","12":"product_tag-x1504za-nj372","14":"first","15":"outofstock","16":"taxable","17":"shipping-taxable","18":"purchasable","19":"product-type-simple"},"brands":[{"id":177,"name":"ASUS","slug":"asus"}],"_links":{"self":[{"href":"https:\/\/compuimpresion.com.co\/portal\/wp-json\/wp\/v2\/product\/5589","targetHints":{"allow":["GET"]}}],"collection":[{"href":"https:\/\/compuimpresion.com.co\/portal\/wp-json\/wp\/v2\/product"}],"about":[{"href":"https:\/\/compuimpresion.com.co\/portal\/wp-json\/wp\/v2\/types\/product"}],"replies":[{"embeddable":true,"href":"https:\/\/compuimpresion.com.co\/portal\/wp-json\/wp\/v2\/comments?post=5589"}],"wp:featuredmedia":[{"embeddable":true,"href":"https:\/\/compuimpresion.com.co\/portal\/wp-json\/wp\/v2\/media\/5590"}],"wp:attachment":[{"href":"https:\/\/compuimpresion.com.co\/portal\/wp-json\/wp\/v2\/media?parent=5589"}],"wp:term":[{"taxonomy":"pwb-brand","embeddable":true,"href":"https:\/\/compuimpresion.com.co\/portal\/wp-json\/wp\/v2\/pwb-brand?post=5589"},{"taxonomy":"product_brand","embeddable":true,"href":"https:\/\/compuimpresion.com.co\/portal\/wp-json\/wp\/v2\/product_brand?post=5589"},{"taxonomy":"product_cat","embeddable":true,"href":"https:\/\/compuimpresion.com.co\/portal\/wp-json\/wp\/v2\/product_cat?post=5589"},{"taxonomy":"product_tag","embeddable":true,"href":"https:\/\/compuimpresion.com.co\/portal\/wp-json\/wp\/v2\/product_tag?post=5589"}],"curies":[{"name":"wp","href":"https:\/\/api.w.org\/{rel}","templated":true}]}}