{"id":5582,"date":"2024-08-02T17:43:21","date_gmt":"2024-08-02T22:43:21","guid":{"rendered":"https:\/\/compuimpresion.com.co\/portal\/?post_type=product&#038;p=5582"},"modified":"2025-11-20T10:35:19","modified_gmt":"2025-11-20T15:35:19","slug":"auriculares-intrauditivos-xiaomi-mi-in-ear-basic-con-microfono-jack-3-5","status":"publish","type":"product","link":"https:\/\/compuimpresion.com.co\/portal\/productos\/auriculares-intrauditivos-xiaomi-mi-in-ear-basic-con-microfono-jack-3-5\/","title":{"rendered":"Auriculares Intrauditivos Xiaomi Mi In Ear Basic con Micr\u00f3fono Jack 3.5"},"content":{"rendered":"<p>Dise\u00f1o elegante en aluminio. Ligera y resistente a rayones, la c\u00e1mara de aluminio anodizado est\u00e1 dise\u00f1ada con un elegante acabado y contiene un fino grabado con forma de CD para evitar su ca\u00edda. Elegantes detalles como el borde biselado que da una suave sensaci\u00f3n al tacto y a\u00f1ade un toque elegante.<br \/>\nUn sonido con el que reflejarse. La membrana utiliza una combinaci\u00f3n de metal aeroespacial y PET para crear un sonido balanceado y s\u00f3lido. Dise\u00f1ado y optimizado para diferentes estilos de m\u00fasica incluyendo pop, rock, dance y m\u00e1s.<br \/>\nSistema de amortiguaci\u00f3n de tercera generaci\u00f3n. Dise\u00f1ado de forma \u00fanica, el sistema de amortiguaci\u00f3n equilibrado de tercera generaci\u00f3n mejora el sonido y el flujo de aire. Separa el flujo de aire en la parte frontal de la c\u00e1mara y permite el paso del sonido a la parte trasera para crear un sonido melodioso y transparente.<br \/>\nDale al play. Pausa, reanuda, contesta y cuelgas llamadas simplemente pulsando un bot\u00f3n. Compatible con tel\u00e9fonos M\u00ed, Android y dispositivos iOS.<br \/>\nIncluso m\u00e1s f\u00e1cil de enchufar y usar. Aplanando una secci\u00f3n de la clavija de los auriculares, hemos creado un asa para tus dedos. Esto te permite enchufar y desenchufar los auriculares con un esfuerzo m\u00ednimo.<br \/>\nESPECIFICACIONES<br \/>\nMi In-Ear Headphones Basic<br \/>\nElegante c\u00e1mara de aluminio<br \/>\nMembrana de metal aeroespacial<br \/>\nIn-Ear<br \/>\nImpedancia de los altavoces: 32O<br \/>\nPeso: 14g<br \/>\nLongitud del cable: 1,25m<br \/>\nTipo de clavija: 3.5mm chapado en n\u00edquel<br \/>\nPotencia medida: 5mW<br \/>\nRango de Frecuencia de Respuesta: 20-20.000Hz<br \/>\nSKU 7636<\/p>\n","protected":false},"excerpt":{"rendered":"<p>Dise\u00f1o elegante en aluminio. Ligera y resistente a rayones, la c\u00e1mara de aluminio anodizado est\u00e1 dise\u00f1ada con un elegante acabado y contiene un fino grabado con forma de CD para evitar su ca\u00edda. Elegantes detalles como el borde biselado que da una suave sensaci\u00f3n al tacto y a\u00f1ade un toque elegante.<\/p>\n","protected":false},"featured_media":5583,"comment_status":"closed","ping_status":"closed","template":"","meta":{"inline_featured_image":false},"pwb-brand":[1265],"product_brand":[],"product_cat":[338,1266],"product_tag":[],"class_list":{"0":"post-5582","1":"product","2":"type-product","3":"status-publish","4":"has-post-thumbnail","6":"pwb-brand-xiaomi","7":"product_cat-accesorios","8":"product_cat-audifonos","10":"first","11":"outofstock","12":"taxable","13":"shipping-taxable","14":"purchasable","15":"product-type-simple"},"brands":[{"id":1265,"name":"Xiaomi","slug":"xiaomi"}],"_links":{"self":[{"href":"https:\/\/compuimpresion.com.co\/portal\/wp-json\/wp\/v2\/product\/5582","targetHints":{"allow":["GET"]}}],"collection":[{"href":"https:\/\/compuimpresion.com.co\/portal\/wp-json\/wp\/v2\/product"}],"about":[{"href":"https:\/\/compuimpresion.com.co\/portal\/wp-json\/wp\/v2\/types\/product"}],"replies":[{"embeddable":true,"href":"https:\/\/compuimpresion.com.co\/portal\/wp-json\/wp\/v2\/comments?post=5582"}],"wp:featuredmedia":[{"embeddable":true,"href":"https:\/\/compuimpresion.com.co\/portal\/wp-json\/wp\/v2\/media\/5583"}],"wp:attachment":[{"href":"https:\/\/compuimpresion.com.co\/portal\/wp-json\/wp\/v2\/media?parent=5582"}],"wp:term":[{"taxonomy":"pwb-brand","embeddable":true,"href":"https:\/\/compuimpresion.com.co\/portal\/wp-json\/wp\/v2\/pwb-brand?post=5582"},{"taxonomy":"product_brand","embeddable":true,"href":"https:\/\/compuimpresion.com.co\/portal\/wp-json\/wp\/v2\/product_brand?post=5582"},{"taxonomy":"product_cat","embeddable":true,"href":"https:\/\/compuimpresion.com.co\/portal\/wp-json\/wp\/v2\/product_cat?post=5582"},{"taxonomy":"product_tag","embeddable":true,"href":"https:\/\/compuimpresion.com.co\/portal\/wp-json\/wp\/v2\/product_tag?post=5582"}],"curies":[{"name":"wp","href":"https:\/\/api.w.org\/{rel}","templated":true}]}}