{"id":5568,"date":"2024-08-02T12:55:45","date_gmt":"2024-08-02T17:55:45","guid":{"rendered":"https:\/\/compuimpresion.com.co\/portal\/?post_type=product&#038;p=5568"},"modified":"2025-11-20T10:35:40","modified_gmt":"2025-11-20T15:35:40","slug":"kingston-canvas-select-plus-microsd-memory-card","status":"publish","type":"product","link":"https:\/\/compuimpresion.com.co\/portal\/productos\/kingston-canvas-select-plus-microsd-memory-card\/","title":{"rendered":"Kingston Canvas Select Plus microSD Memory Card"},"content":{"rendered":"<p>La tarjeta microSD Canvas Select Plus de Kingston es compatible con dispositivos Android y est\u00e1 dise\u00f1ada con un rendimiento de clasificaci\u00f3n A1. Ofrece una velocidad y una capacidad mejoradas para cargar aplicaciones m\u00e1s r\u00e1pido y capturar im\u00e1genes y videos en m\u00faltiples capacidades de hasta 512 GB 1 . Potente en rendimiento, velocidad y durabilidad, la tarjeta microSD Canvas Select Plus est\u00e1 dise\u00f1ada para brindar confiabilidad al tomar y revelar fotos de alta resoluci\u00f3n o filmar y editar videos en Full HD. Las tarjetas Canvas de Kingston est\u00e1n probadas para ser duraderas en los entornos y condiciones m\u00e1s hostiles, de modo que puede llevarlas a cualquier lugar con la confianza de que sus fotos, videos y archivos estar\u00e1n protegidos. Disponible con garant\u00eda de por vida.<br \/>\nESPECIFICACIONES<br \/>\nCapacidades 1\t64 GB, 128 GB, 256 GB, 512 GB<br \/>\nRendimiento 2\t100 MB\/s de lectura, clase de velocidad UHS-I, U1, V10 (64 GB-128 GB)<br \/>\n100\/85 MB\/s de lectura\/escritura, clase de velocidad UHS-I, U3, V30 (256 GB-512 GB)<br \/>\nDimensiones\t11 mm x 15 mm x 1 mm (microSD)<br \/>\n24 mm x 32 mm x 2,1 mm (con adaptador SD)<br \/>\nFormato\texFAT (64 GB-512 GB)<br \/>\nTemperatura de funcionamiento\t-25 \u00b0C ~ 85 \u00b0C<br \/>\nTemperatura de almacenamiento\t-40 \u00b0C ~ 85 \u00b0C<br \/>\nVoltaje\t3,3 V<br \/>\nSKU 64: 7632<br \/>\nSKU 128: 7633<\/p>\n","protected":false},"excerpt":{"rendered":"<p>La tarjeta microSD Canvas Select Plus de Kingston es compatible con dispositivos Android y est\u00e1 dise\u00f1ada con un rendimiento de clasificaci\u00f3n A1. <\/p>\n","protected":false},"featured_media":5571,"comment_status":"closed","ping_status":"closed","template":"","meta":{"inline_featured_image":false},"pwb-brand":[1313],"product_brand":[],"product_cat":[338,340],"product_tag":[1318,1314,695,1319,1317],"class_list":{"0":"post-5568","1":"product","2":"type-product","3":"status-publish","4":"has-post-thumbnail","6":"pwb-brand-kingston","7":"product_cat-accesorios","8":"product_cat-almacenamiento","9":"product_tag-canvas","10":"product_tag-kingston","11":"product_tag-memoria","12":"product_tag-micro","13":"product_tag-sd","15":"first","16":"outofstock","17":"taxable","18":"shipping-taxable","19":"purchasable","20":"product-type-variable"},"brands":[{"id":1313,"name":"Kingston","slug":"kingston"}],"_links":{"self":[{"href":"https:\/\/compuimpresion.com.co\/portal\/wp-json\/wp\/v2\/product\/5568","targetHints":{"allow":["GET"]}}],"collection":[{"href":"https:\/\/compuimpresion.com.co\/portal\/wp-json\/wp\/v2\/product"}],"about":[{"href":"https:\/\/compuimpresion.com.co\/portal\/wp-json\/wp\/v2\/types\/product"}],"replies":[{"embeddable":true,"href":"https:\/\/compuimpresion.com.co\/portal\/wp-json\/wp\/v2\/comments?post=5568"}],"wp:featuredmedia":[{"embeddable":true,"href":"https:\/\/compuimpresion.com.co\/portal\/wp-json\/wp\/v2\/media\/5571"}],"wp:attachment":[{"href":"https:\/\/compuimpresion.com.co\/portal\/wp-json\/wp\/v2\/media?parent=5568"}],"wp:term":[{"taxonomy":"pwb-brand","embeddable":true,"href":"https:\/\/compuimpresion.com.co\/portal\/wp-json\/wp\/v2\/pwb-brand?post=5568"},{"taxonomy":"product_brand","embeddable":true,"href":"https:\/\/compuimpresion.com.co\/portal\/wp-json\/wp\/v2\/product_brand?post=5568"},{"taxonomy":"product_cat","embeddable":true,"href":"https:\/\/compuimpresion.com.co\/portal\/wp-json\/wp\/v2\/product_cat?post=5568"},{"taxonomy":"product_tag","embeddable":true,"href":"https:\/\/compuimpresion.com.co\/portal\/wp-json\/wp\/v2\/product_tag?post=5568"}],"curies":[{"name":"wp","href":"https:\/\/api.w.org\/{rel}","templated":true}]}}