{"id":5562,"date":"2024-08-02T12:36:14","date_gmt":"2024-08-02T17:36:14","guid":{"rendered":"https:\/\/compuimpresion.com.co\/portal\/?post_type=product&#038;p=5562"},"modified":"2025-11-20T10:35:54","modified_gmt":"2025-11-20T15:35:54","slug":"kingston-unidad-de-estado-solido-m-2-nvme-pcie-4-0-nv2","status":"publish","type":"product","link":"https:\/\/compuimpresion.com.co\/portal\/productos\/kingston-unidad-de-estado-solido-m-2-nvme-pcie-4-0-nv2\/","title":{"rendered":"Kingston Unidad de estado s\u00f3lido M.2 NVMe PCIe 4.0 NV2"},"content":{"rendered":"<p>El SSD NV2 PCIe 4.0 NVMe de Kingston es una soluci\u00f3n de almacenamiento de \u00faltima generaci\u00f3n impulsada por un controlador NVMe Gen 4&#215;4. NV2 ofrece velocidades de lectura\/escritura de hasta 3500\/2800 MB\/s 1 con menores requisitos de energ\u00eda y menor generaci\u00f3n de calor para ayudar a optimizar el rendimiento de su sistema y ofrecer valor sin sacrificar nada. El dise\u00f1o compacto M.2 2280 (22 x 80 mm) de un solo lado expande el almacenamiento hasta 4 TB 2 mientras ahorra espacio para otros componentes, lo que hace que NV2 sea ideal para port\u00e1tiles m\u00e1s delgados, sistemas de formato peque\u00f1o (SFF) y placas base DIY. Disponible en capacidades de 250 GB a 4 TB 2 para brindarle todo el espacio que necesita para aplicaciones, documentos, fotos, videos y m\u00e1s.<br \/>\nESPECIFICACIONES<br \/>\nFactor de forma\tM.2 2280<br \/>\nInterfaz\tPCIe 4.0 x4 NVMe<br \/>\nCapacidades 2\t250 GB, 500 GB, 1 TB, 2 TB, 4 TB<br \/>\nLectura\/escritura secuencial 1\t250 GB: 3000\/1300 MB\/s<br \/>\n500 GB: 3500\/2100 MB\/s<br \/>\n1 TB: 3500\/2100 MB\/s<br \/>\n2 TB &#8211; 4 TB: 3500\/2800 MB\/s<br \/>\nNAND\t3D<br \/>\nResistencia (total de bytes escritos) 3\t250 GB \u2013 80 TB<br \/>\n500 GB \u2013 160 TB<br \/>\n1 TB \u2013 320 TB<br \/>\n2 TB \u2013 640 TB<br \/>\n4 TB \u2013 1280 TB<br \/>\nTemperatura de almacenamiento\t-40 \u00b0C ~ 85 \u00b0C<br \/>\nTemperatura de funcionamiento\t0 \u00b0C ~ 70 \u00b0C<br \/>\nDimensiones\t22 mm x 80 mm x 2,2 mm<br \/>\nPeso\t7g (todas las capacidades)<br \/>\nVibraci\u00f3n en funcionamiento\t2,17 G (7-800 Hz)<br \/>\nVibraci\u00f3n no operativa\t20 G (20-1000 Hz)<br \/>\nTiempo medio entre fallos\t2.000.000 horas<br \/>\nSKU 250: 7630<br \/>\nSKU 500: 7631<\/p>\n","protected":false},"excerpt":{"rendered":"<p>El SSD NV2 PCIe 4.0 NVMe de Kingston es una soluci\u00f3n de almacenamiento de \u00faltima generaci\u00f3n impulsada por un controlador NVMe Gen 4&#215;4. <\/p>\n","protected":false},"featured_media":5565,"comment_status":"closed","ping_status":"closed","template":"","meta":{"inline_featured_image":false},"pwb-brand":[1313],"product_brand":[],"product_cat":[338,340],"product_tag":[414,1312,1314,1316],"class_list":{"0":"post-5562","1":"product","2":"type-product","3":"status-publish","4":"has-post-thumbnail","6":"pwb-brand-kingston","7":"product_cat-accesorios","8":"product_cat-almacenamiento","9":"product_tag-disco","10":"product_tag-estado-solido","11":"product_tag-kingston","12":"product_tag-m2","14":"first","15":"outofstock","16":"taxable","17":"shipping-taxable","18":"purchasable","19":"product-type-variable"},"brands":[{"id":1313,"name":"Kingston","slug":"kingston"}],"_links":{"self":[{"href":"https:\/\/compuimpresion.com.co\/portal\/wp-json\/wp\/v2\/product\/5562","targetHints":{"allow":["GET"]}}],"collection":[{"href":"https:\/\/compuimpresion.com.co\/portal\/wp-json\/wp\/v2\/product"}],"about":[{"href":"https:\/\/compuimpresion.com.co\/portal\/wp-json\/wp\/v2\/types\/product"}],"replies":[{"embeddable":true,"href":"https:\/\/compuimpresion.com.co\/portal\/wp-json\/wp\/v2\/comments?post=5562"}],"wp:featuredmedia":[{"embeddable":true,"href":"https:\/\/compuimpresion.com.co\/portal\/wp-json\/wp\/v2\/media\/5565"}],"wp:attachment":[{"href":"https:\/\/compuimpresion.com.co\/portal\/wp-json\/wp\/v2\/media?parent=5562"}],"wp:term":[{"taxonomy":"pwb-brand","embeddable":true,"href":"https:\/\/compuimpresion.com.co\/portal\/wp-json\/wp\/v2\/pwb-brand?post=5562"},{"taxonomy":"product_brand","embeddable":true,"href":"https:\/\/compuimpresion.com.co\/portal\/wp-json\/wp\/v2\/product_brand?post=5562"},{"taxonomy":"product_cat","embeddable":true,"href":"https:\/\/compuimpresion.com.co\/portal\/wp-json\/wp\/v2\/product_cat?post=5562"},{"taxonomy":"product_tag","embeddable":true,"href":"https:\/\/compuimpresion.com.co\/portal\/wp-json\/wp\/v2\/product_tag?post=5562"}],"curies":[{"name":"wp","href":"https:\/\/api.w.org\/{rel}","templated":true}]}}