{"id":5543,"date":"2024-08-01T16:59:59","date_gmt":"2024-08-01T21:59:59","guid":{"rendered":"https:\/\/compuimpresion.com.co\/portal\/?post_type=product&#038;p=5543"},"modified":"2025-11-20T10:47:49","modified_gmt":"2025-11-20T15:47:49","slug":"samsung-monitor-led-de-27-lf27t350fhlxzl","status":"publish","type":"product","link":"https:\/\/compuimpresion.com.co\/portal\/productos\/samsung-monitor-led-de-27-lf27t350fhlxzl\/","title":{"rendered":"Samsung Monitor LED de 27&#8243; LF27T350FHLXZL"},"content":{"rendered":"<p>Dise\u00f1o minimalista, concentraci\u00f3n M\u00e1xima. En una configuraci\u00f3n de m\u00faltiples monitores, las pantallas se alinean a la perfecci\u00f3n para ofrecer una vista sin espacios ni distracciones. Si\u00e9ntate en cualquier lugar y disfruta de una experiencia completa en tecnicolor. El panel IPS conserva la intensidad y la claridad de los colores en cada pulgada de la pantalla. Incluso en una pantalla tan amplia, los tonos y las sombras se ven con total precisi\u00f3n desde pr\u00e1cticamente cualquier \u00e1ngulo, sin que se produzca un lavado de color.<br \/>\nESPECIFICACIONES<br \/>\nPantalla<br \/>\nTama\u00f1o de pantalla (clase) 27<br \/>\nPlano\/Curvo Plano<br \/>\nTama\u00f1o de pantalla activa (HxV) (mm) 597.888 \u00d7 336.312 mm<br \/>\nCurvatura de la pantalla N\/A<br \/>\nRelaci\u00f3n de aspecto 16:9<br \/>\nTipo de panel IPS<br \/>\nBrillo (T\u00edpico) 250cd\/\u33a1<br \/>\nBrillo m\u00e1ximo (t\u00edpico) N\/A<br \/>\nBrillo (Min) 200cd\/\u33a1<br \/>\nRadio de contraste est\u00e1tico 1000:1 (t\u00edpico)<br \/>\nContrast Ratio (Dynamic) Mega<br \/>\nHDR (alto rango din\u00e1mico) N\/A<br \/>\nResoluci\u00f3n FHD (1,920 x 1,080)<br \/>\nTiempo de respuesta 5 (GTG\uff09<br \/>\nAngulo de visi\u00f3n (H\/V) 178\u00b0\/178\u00b0<br \/>\nSoporte de color Max 16.7M<br \/>\nGama de colores (NTSC 1976) 72% (CIE 1931)<br \/>\nGama de colores (cobertura DCI) N\/A<br \/>\nCobertura Srgb N\/A<br \/>\nCobertura Adobe RGB N\/A<br \/>\nFrecuencia de actualizaci\u00f3n Max 75Hz<br \/>\nCaracter\u00edsticas generales<br \/>\nSamsung MagicRotation Auto N\/A<br \/>\nEco Saving Plus S\u00ed<br \/>\nEco Motion Sensor N\/A<br \/>\nSensor ecol\u00f3gico de luz N\/A<br \/>\n0.00 con modo Apagado N\/A<br \/>\nModo Protecci\u00f3n visual S\u00ed<br \/>\nFlicker Free S\u00ed<br \/>\nPicture-In-Picture N\/A<br \/>\nPicture-by-Picture N\/A<br \/>\nColor de punto Quantum N\/A<br \/>\nModo Juego S\u00ed<br \/>\nTama\u00f1o de la imagen S\u00ed<br \/>\nCarga mediante USB N\/A<br \/>\nConexi\u00f3n en cadena N\/A<br \/>\nCertificaci\u00f3n de Windows Windows 10<br \/>\nFreeSync S\u00ed<br \/>\nFreeSync Premium N\/A<br \/>\nFreeSync Premium Pro N\/A<br \/>\nG-Sync N\/A<br \/>\nOff Timer Plus S\u00ed<br \/>\nCarga inal\u00e1mbrica de tel\u00e9fono inteligente N\/A<br \/>\nOptimizador de tama\u00f1o de pantalla N\/A<br \/>\nEcualizador negro N\/A<br \/>\nModo Demora de entrada baja N\/A<br \/>\nOptimizador de frecuencia de actualizaci\u00f3n N\/A<br \/>\nClave personalizada N\/A<br \/>\nSuper Arena Gaming UX N\/A<br \/>\nHDMI-CEC N\/A<br \/>\nInterfaz<br \/>\nDisplay inal\u00e1mbrico No<br \/>\nD-Sub 1 EA<br \/>\nDVI No<br \/>\nEnlace dual DIV No<br \/>\nPuerto de pantalla No<br \/>\nVersi\u00f3n de puerto de pantalla No<br \/>\nPuerto de pantalla de salida No<br \/>\nVersi\u00f3n de puerto de pantalla de salida No<br \/>\nPuerto de minipantalla No<br \/>\nHDMI 1 EA<br \/>\nVersi\u00f3n HDMI 1.4<br \/>\nEntrada de Audio No<br \/>\nAud\u00edfono No<br \/>\nPuertos USB No<br \/>\nVersi\u00f3n de concentrador USB No<br \/>\nUSB-C No<br \/>\nPotencia de carga de USB-C No<br \/>\nThunderbolt 3 N\/A<br \/>\nPotencia de carga de Thunderbolt 3 (Puerto 1) N\/A<br \/>\nPotencia de carga de Thunderbolt 3 (Puerto 2) N\/A<br \/>\nEthernet (LAN) N\/A<br \/>\nAudio<br \/>\nAltavoz No<br \/>\nBarra de sonido USB (apto para usarlo) No<br \/>\nCondiciones de operaci\u00f3n<br \/>\nTemperatura 10\u2103~ 40\u2103<br \/>\nHumedad 10% ~ 80%, sin condensaci\u00f3n<br \/>\nCalibraci\u00f3n<br \/>\nSintonizador de f\u00e1brica N\/A<br \/>\nM\u00e1quina de calibraci\u00f3n incorporada N\/A<br \/>\nTabla de consulta (Look-up Table, LUT) de profundidad de bits N\/A<br \/>\nBalance de grises N\/A<br \/>\nCorrecci\u00f3n de uniformidad N\/A<br \/>\nModo Color N\/A<br \/>\nSoftware de gesti\u00f3n de color (Color Management Software, CMS)[\/ N\/A<br \/>\nInforme de calibraci\u00f3n de f\u00e1brica N\/A<br \/>\nDise\u00f1o<br \/>\nColor AZUL GRIS OSCURO<br \/>\n Tipo de soporte SIMPLE<br \/>\n Soporte de altura ajustable (HAS) N\/A<br \/>\n Inclinaci\u00f3n -2 ~ 20<br \/>\n Giratorio N\/A<br \/>\n Oscilante N\/A<br \/>\n Soporte de pared 100 x 100<br \/>\nEco ENERGY STAR N\/A<br \/>\n Pl\u00e1stico reciclado No<br \/>\nEnerg\u00eda<br \/>\nFuente de alimentaci\u00f3n AC 100~240V<br \/>\nConsumo de energ\u00eda (m\u00e1x.) N\/A<br \/>\n Consumo de energ\u00eda (t\u00edpico) N\/A<br \/>\n Consumo de energ\u00eda (DPMS) 0.5W<br \/>\n Consumo de energ\u00eda (modo apagado) 0.3W<br \/>\n Consumo de energ\u00eda (anual) N\/A<br \/>\n Tipo<br \/>\nAdaptador externo<br \/>\nDimensiones del producto<br \/>\nDimensi\u00f3n con soporte (anch. x alt. x prof.) 612.1 x 463.9 x 232.0 mm<\/p>\n<p>Dimensi\u00f3n sin soporte (anch. x alt. x prof.) 612.1 x 363.6 x 39.4 mm<br \/>\nDimensi\u00f3n del paquete (anch. x alt. x prof.) 753 x 125 x 428 mm<br \/>\nPeso<br \/>\nPeso del equipo con soporte 3.40 kg<br \/>\n Peso del equipo sin soporte 3.1 kg<br \/>\n Peso del paquete 4.90 kg<br \/>\nAccesorios<br \/>\nExtensi\u00f3n del cable de alimentaci\u00f3n 1.5 m<br \/>\nCable D-Sub N\/A<br \/>\nCable DVI N\/A<br \/>\nCable HDMI S\u00ed<br \/>\nCable HDMI a DVI N\/A<br \/>\nCable DP N\/A<br \/>\nCable USB Tipo C N\/A<br \/>\nCable Thunderbolt 3 N\/A<br \/>\nG\u00e9nero para minipantalla No<br \/>\nCD de instalaci\u00f3n N\/A<br \/>\nCable de audio N\/A<br \/>\nCable USB 2.0 N\/A<br \/>\nUSB 3.0 Cable N\/A<br \/>\nControlador remoto N\/A<br \/>\nEAN 08806090677618<br \/>\nSKU 7622<\/p>\n","protected":false},"excerpt":{"rendered":"<p>Dise\u00f1o minimalista, concentraci\u00f3n M\u00e1xima. En una configuraci\u00f3n de m\u00faltiples monitores, las pantallas se alinean a la perfecci\u00f3n para ofrecer una vista sin espacios ni distracciones. <\/p>\n","protected":false},"featured_media":5544,"comment_status":"closed","ping_status":"closed","template":"","meta":{"inline_featured_image":false},"pwb-brand":[127],"product_brand":[],"product_cat":[217,1256],"product_tag":[1305,1311,204,324],"class_list":{"0":"post-5543","1":"product","2":"type-product","3":"status-publish","4":"has-post-thumbnail","6":"pwb-brand-samsung","7":"product_cat-monitores","8":"product_cat-video","9":"product_tag-27-pulgadas","10":"product_tag-lf27t350fhlxzl","11":"product_tag-monitor","12":"product_tag-samsung","14":"first","15":"outofstock","16":"taxable","17":"shipping-taxable","18":"purchasable","19":"product-type-simple"},"brands":[{"id":127,"name":"Samsung","slug":"samsung"}],"_links":{"self":[{"href":"https:\/\/compuimpresion.com.co\/portal\/wp-json\/wp\/v2\/product\/5543","targetHints":{"allow":["GET"]}}],"collection":[{"href":"https:\/\/compuimpresion.com.co\/portal\/wp-json\/wp\/v2\/product"}],"about":[{"href":"https:\/\/compuimpresion.com.co\/portal\/wp-json\/wp\/v2\/types\/product"}],"replies":[{"embeddable":true,"href":"https:\/\/compuimpresion.com.co\/portal\/wp-json\/wp\/v2\/comments?post=5543"}],"wp:featuredmedia":[{"embeddable":true,"href":"https:\/\/compuimpresion.com.co\/portal\/wp-json\/wp\/v2\/media\/5544"}],"wp:attachment":[{"href":"https:\/\/compuimpresion.com.co\/portal\/wp-json\/wp\/v2\/media?parent=5543"}],"wp:term":[{"taxonomy":"pwb-brand","embeddable":true,"href":"https:\/\/compuimpresion.com.co\/portal\/wp-json\/wp\/v2\/pwb-brand?post=5543"},{"taxonomy":"product_brand","embeddable":true,"href":"https:\/\/compuimpresion.com.co\/portal\/wp-json\/wp\/v2\/product_brand?post=5543"},{"taxonomy":"product_cat","embeddable":true,"href":"https:\/\/compuimpresion.com.co\/portal\/wp-json\/wp\/v2\/product_cat?post=5543"},{"taxonomy":"product_tag","embeddable":true,"href":"https:\/\/compuimpresion.com.co\/portal\/wp-json\/wp\/v2\/product_tag?post=5543"}],"curies":[{"name":"wp","href":"https:\/\/api.w.org\/{rel}","templated":true}]}}