{"id":5539,"date":"2024-08-01T15:23:33","date_gmt":"2024-08-01T20:23:33","guid":{"rendered":"https:\/\/compuimpresion.com.co\/portal\/?post_type=product&#038;p=5539"},"modified":"2024-11-20T10:36:38","modified_gmt":"2024-11-20T15:36:38","slug":"samsung-monitor-led-de-24-lf24t452fqnxgo-pivot","status":"publish","type":"product","link":"https:\/\/compuimpresion.com.co\/portal\/productos\/samsung-monitor-led-de-24-lf24t452fqnxgo-pivot\/","title":{"rendered":"Samsung Monitor LED de 24&#8243; LF24T452FQNXGO PIVOT"},"content":{"rendered":"<p>Mira cada detalle de manera clara desde cualquier \u00e1ngulo. El panel IPS conserva la intensidad del color y los detalles en toda la pantalla. Ahora todos los equipos pueden trabajar c\u00f3modamente en una pantalla amplia para aumentar la productividad y ver tonos y sombras precisos a 178\u02da desde cualquier parte, sin lavado de color. El dise\u00f1o sin bordes maximiza la concentraci\u00f3n. Disfruta de todo con solo un vistazo en una pantalla que se ve casi sin espacios cuando se usa en una configuraci\u00f3n de monitor doble. Sin distracciones en tu camino, puedes trabajar en las secciones m\u00e1s grandes de tu lista de tareas sin tener que pasar m\u00e1s tiempo frente a la pantalla.<br \/>\nESPECIFICACIONES<br \/>\nPantalla<br \/>\nTama\u00f1o de pantalla (clase) 24<br \/>\nPlano\/Curvo Plano<br \/>\nTama\u00f1o de pantalla activa (HxV) (mm) 527.04 \u00d7 296.46 mm<br \/>\nCurvatura de la pantalla N\/A<br \/>\nRelaci\u00f3n de aspecto 16:9<br \/>\nTipo de panel IPS<br \/>\nBrillo (T\u00edpico) 250 cd\/\u33a1<br \/>\nBrillo m\u00e1ximo (t\u00edpico) N\/A<br \/>\nBrillo (Min) 200 cd\/\u33a1<br \/>\nRadio de contraste est\u00e1tico 1000:1(Tipo)<br \/>\nContrast Ratio (Dynamic) Mega<br \/>\nHDR (alto rango din\u00e1mico) N\/A<br \/>\nResoluci\u00f3n FHD (1,920 x 1,080)<br \/>\nTiempo de respuesta 5(GTG)<br \/>\nAngulo de visi\u00f3n (H\/V) 178\u00b0\/178\u00b0<br \/>\nSoporte de color Max 16.7M<br \/>\nGama de colores (NTSC 1976) 72% (CIE 1931)<br \/>\nGama de colores (cobertura DCI) N\/A<br \/>\nCobertura Srgb N\/A<br \/>\nCobertura Adobe RGB N\/A<br \/>\nFrecuencia de actualizaci\u00f3n Max 75Hz<br \/>\nCARACTER\u00cdSTICAS GENERALES<br \/>\nSamsung MagicRotation Auto N\/A<br \/>\nEco Saving Plus S\u00ed<br \/>\nEco Motion Sensor N\/A<br \/>\nSensor ecol\u00f3gico de luz N\/A<br \/>\n0.00 con modo Apagado N\/A<br \/>\nModo Protecci\u00f3n visual S\u00ed<br \/>\nFlicker Free S\u00ed<br \/>\nPicture-In-Picture N\/A<br \/>\nPicture-by-Picture N\/A<br \/>\nColor de punto Quantum N\/A<br \/>\nModo Juego Yes<br \/>\nTama\u00f1o de la imagen S\u00ed<br \/>\nCarga mediante USB N\/A<br \/>\nConexi\u00f3n en cadena N\/A<br \/>\nCertificaci\u00f3n de Windows Windows10<br \/>\nFreeSync S\u00ed<br \/>\nFreeSync Premium N\/A<br \/>\nFreeSync Premium Pro N\/A<br \/>\nG-Sync N\/A<br \/>\nOff Timer Plus S\u00ed<br \/>\nCarga inal\u00e1mbrica de tel\u00e9fono inteligente N\/A<br \/>\nOptimizador de tama\u00f1o de pantalla N\/A<br \/>\nEcualizador negro N\/A<br \/>\nModo Demora de entrada baja N\/A<br \/>\nOptimizador de frecuencia de actualizaci\u00f3n N\/A<br \/>\nClave personalizada N\/A<br \/>\nSuper Arena Gaming UX N\/A<br \/>\nHDMI-CEC No<br \/>\nINTERFAZ<br \/>\nDisplay inal\u00e1mbrico No<br \/>\nD-Sub No<br \/>\nDVI No<br \/>\nEnlace dual DIV No<br \/>\nPuerto de pantalla 1 EA<br \/>\nVersi\u00f3n de puerto de pantalla 1.2<br \/>\nPuerto de pantalla de salida No<br \/>\nVersi\u00f3n de puerto de pantalla de salida N\/A<br \/>\nPuerto de minipantalla No<br \/>\nHDMI 2 EA<br \/>\nVersi\u00f3n HDMI 1.4<br \/>\nEntrada de Audio No<br \/>\nAud\u00edfono S\u00ed<br \/>\nPuertos USB 2<br \/>\nVersi\u00f3n de concentrador USB<br \/>\nUSB2.0x2<br \/>\nUSB-C No<br \/>\nPotencia de carga de USB-C No<br \/>\nThunderbolt 3 N\/A<br \/>\nPotencia de carga de Thunderbolt 3 (Puerto 1) N\/A<br \/>\nPotencia de carga de Thunderbolt 3 (Puerto 2) N\/A<br \/>\nEthernet (LAN) N\/A<br \/>\nAudio<br \/>\nAltavoz No<br \/>\nBarra de sonido USB (apto para usarlo) No<br \/>\nCondiciones de operaci\u00f3n<br \/>\nTemperatura 10\u2103~ 40\u2103<br \/>\nHumedad 10% ~ 80%, sin condensaci\u00f3n<br \/>\nCalibraci\u00f3n<br \/>\nSintonizador de f\u00e1brica N\/A<br \/>\nM\u00e1quina de calibraci\u00f3n incorporada N\/A<br \/>\nTabla de consulta (Look-up Table, LUT) de profundidad de bits N\/A<br \/>\nBalance de grises N\/A<br \/>\nCorrecci\u00f3n de uniformidad N\/A<br \/>\nModo Color N\/A<br \/>\nSoftware de gesti\u00f3n de color (Color Management Software, CMS)[\/ N\/A<br \/>\nInforme de calibraci\u00f3n de f\u00e1brica N\/A<br \/>\nDise\u00f1o<br \/>\nColor NEGRO<br \/>\nTipo de soporte TIENE PIVOTE (M\u00c1S DE 100 MM)<br \/>\nSoporte de altura ajustable (HAS)<br \/>\n130.0mm(\u00b12.0mm)<br \/>\nInclinaci\u00f3n -3.0\u02da(\u00b12.0\u02da) ~ 25.0\u02da(\u00b12.0\u02da)<br \/>\nGiratorio -45\u02da(\u00b12.0\u02da) ~ 45(\u00b12.0\u02da)<br \/>\nOscilante Yes<br \/>\nSoporte de pared 100 x 100<br \/>\nEco<br \/>\nENERGY STAR (\u00daltima versi\u00f3n vigente) S\u00ed<br \/>\nPl\u00e1stico reciclado M\u00e1s del 3 %<br \/>\nEnerg\u00eda<br \/>\nFuente de alimentaci\u00f3n AC 100~240V<br \/>\nConsumo de energ\u00eda (m\u00e1x.) N\/A<br \/>\nConsumo de energ\u00eda (t\u00edpico) N\/A<br \/>\nConsumo de energ\u00eda (DPMS) N\/A<br \/>\nConsumo de energ\u00eda (modo apagado) N\/A<br \/>\nConsumo de energ\u00eda (anual) N\/A<br \/>\nTipo Alimentaci\u00f3n interna<br \/>\nDimensiones del producto<br \/>\nDimensi\u00f3n con soporte (anch. x alt. x prof.) 539.2 x 370.9 x 224.0 mm<br \/>\nDimensi\u00f3n sin soporte (anch. x alt. x prof.) 539.2 x 322.8 x 39.4 mm<br \/>\nDimensi\u00f3n del paquete (anch. x alt. x prof.) 604 x 147 x 385 mm<br \/>\nPeso<br \/>\nPeso del equipo con soporte 4.0 kg<br \/>\nPeso del equipo sin soporte 2.6 kg<br \/>\nPeso del paquete 5.5 kg<br \/>\nAccesorios<br \/>\nExtensi\u00f3n del cable de alimentaci\u00f3n 1.5 m<br \/>\nCable D-Sub N\/A<br \/>\nCable DVI N\/A<br \/>\nCable HDMI S\u00ed<br \/>\nCable HDMI a DVI S\u00ed<br \/>\nCable DP N\/A<br \/>\nCable USB Tipo C N\/A<br \/>\nCable Thunderbolt 3 N\/A<br \/>\nG\u00e9nero para minipantalla No<br \/>\nCD de instalaci\u00f3n S\u00ed<br \/>\nCable de audio N\/A<br \/>\nCable USB 2.0 N\/A<br \/>\nUSB 3.0 Cable N\/A<br \/>\nControlador remoto No<br \/>\nEAN 887276459042<br \/>\nSKU 7621<\/p>\n","protected":false},"excerpt":{"rendered":"<p>Mira cada detalle de manera clara desde cualquier \u00e1ngulo. El panel IPS conserva la intensidad del color y los detalles en toda la pantalla.<\/p>\n","protected":false},"featured_media":5540,"comment_status":"closed","ping_status":"closed","template":"","meta":{"inline_featured_image":false},"pwb-brand":[127],"product_brand":[],"product_cat":[217,1256],"product_tag":[1121,1310,204,1306,324],"class_list":{"0":"post-5539","1":"product","2":"type-product","3":"status-publish","4":"has-post-thumbnail","6":"pwb-brand-samsung","7":"product_cat-monitores","8":"product_cat-video","9":"product_tag-24-pulgadas","10":"product_tag-lf24t452fqnxgo","11":"product_tag-monitor","12":"product_tag-pivot","13":"product_tag-samsung","15":"first","16":"outofstock","17":"taxable","18":"shipping-taxable","19":"purchasable","20":"product-type-simple"},"brands":[{"id":127,"name":"Samsung","slug":"samsung"}],"_links":{"self":[{"href":"https:\/\/compuimpresion.com.co\/portal\/wp-json\/wp\/v2\/product\/5539","targetHints":{"allow":["GET"]}}],"collection":[{"href":"https:\/\/compuimpresion.com.co\/portal\/wp-json\/wp\/v2\/product"}],"about":[{"href":"https:\/\/compuimpresion.com.co\/portal\/wp-json\/wp\/v2\/types\/product"}],"replies":[{"embeddable":true,"href":"https:\/\/compuimpresion.com.co\/portal\/wp-json\/wp\/v2\/comments?post=5539"}],"wp:featuredmedia":[{"embeddable":true,"href":"https:\/\/compuimpresion.com.co\/portal\/wp-json\/wp\/v2\/media\/5540"}],"wp:attachment":[{"href":"https:\/\/compuimpresion.com.co\/portal\/wp-json\/wp\/v2\/media?parent=5539"}],"wp:term":[{"taxonomy":"pwb-brand","embeddable":true,"href":"https:\/\/compuimpresion.com.co\/portal\/wp-json\/wp\/v2\/pwb-brand?post=5539"},{"taxonomy":"product_brand","embeddable":true,"href":"https:\/\/compuimpresion.com.co\/portal\/wp-json\/wp\/v2\/product_brand?post=5539"},{"taxonomy":"product_cat","embeddable":true,"href":"https:\/\/compuimpresion.com.co\/portal\/wp-json\/wp\/v2\/product_cat?post=5539"},{"taxonomy":"product_tag","embeddable":true,"href":"https:\/\/compuimpresion.com.co\/portal\/wp-json\/wp\/v2\/product_tag?post=5539"}],"curies":[{"name":"wp","href":"https:\/\/api.w.org\/{rel}","templated":true}]}}