{"id":5535,"date":"2024-07-31T17:34:46","date_gmt":"2024-07-31T22:34:46","guid":{"rendered":"https:\/\/compuimpresion.com.co\/portal\/?post_type=product&#038;p=5535"},"modified":"2025-04-07T14:53:48","modified_gmt":"2025-04-07T19:53:48","slug":"samsung-monitor-led-de-24-lf24t350fhlxzl","status":"publish","type":"product","link":"https:\/\/compuimpresion.com.co\/portal\/productos\/samsung-monitor-led-de-24-lf24t350fhlxzl\/","title":{"rendered":"Samsung Monitor LED de 24&#8243; LF24T350FHLXZL"},"content":{"rendered":"<p>Si\u00e9ntate en cualquier lugar y disfruta de una experiencia completa en tecnicolor. El panel IPS conserva la intensidad y la claridad de los colores en cada pulgada de la pantalla. Incluso en una pantalla tan amplia, los tonos y las sombras se ven con total precisi\u00f3n desde pr\u00e1cticamente cualquier \u00e1ngulo, sin que se produzca un lavado de color. Disfruta del entretenimiento de manera continua. AMD Radeon FreeSync\u2122 mantiene la frecuencia de actualizaci\u00f3n del monitor y de la tarjeta gr\u00e1fica en sincronizaci\u00f3n para reducir la intermitencia de las im\u00e1genes. Mira pel\u00edculas y juega sin interrupciones. Incluso las escenas r\u00e1pidas se ven impecables y n\u00edtidas.<br \/>\nESPECIFICACIONES<br \/>\nTama\u00f1o de pantalla (clase) 24<br \/>\nPlano\/Curvo Plano<br \/>\nTama\u00f1o de pantalla activa (HxV) (mm) 527.04 \u00d7 296.46 mm<br \/>\nCurvatura de la pantalla N\/A<br \/>\nRelaci\u00f3n de aspecto 16:9<br \/>\nTipo de panel IPS<br \/>\nBrillo (T\u00edpico) 250 cd\/\u33a1<br \/>\nBrillo m\u00e1ximo (t\u00edpico) N\/A<br \/>\nBrillo (Min) 200 cd\/\u33a1<br \/>\nRadio de contraste est\u00e1tico 1000:1 (t\u00edpico)<br \/>\nContrast Ratio (Dynamic) Mega<br \/>\nHDR (alto rango din\u00e1mico) N\/A<br \/>\nResoluci\u00f3n FHD (1,920 x 1,080)<br \/>\nTiempo de respuesta 5 (GTG\uff09<br \/>\nAngulo de visi\u00f3n (H\/V) 178\u00b0\/178\u00b0<br \/>\nSoporte de color Max 16.7 M<br \/>\nGama de colores (NTSC 1976) 72% (CIE 1931)<br \/>\nGama de colores (cobertura DCI) N\/A<br \/>\nCobertura sRGB N\/A<br \/>\nCobertura Adobe RGB N\/A<br \/>\nFrecuencia de actualizaci\u00f3n Max 75 Hz<br \/>\nCARACTER\u00cdSTICAS GENERALES<br \/>\nSamsung MagicRotation Auto N\/A<br \/>\nEco Saving Plus S\u00ed<br \/>\nEco Motion Sensor N\/A<br \/>\nSensor ecol\u00f3gico de luz N\/A<br \/>\n0.00 con modo Apagadom N\/A<br \/>\nModo Protecci\u00f3n visual S\u00ed<br \/>\nFlicker Free S\u00ed<br \/>\nPicture-In-Picture N\/A<br \/>\nPicture-by-Picture N\/A<br \/>\nColor de punto Quantum N\/A<br \/>\nModo Juego S\u00ed<br \/>\nTama\u00f1o de la imagen S\u00ed<br \/>\nCarga mediante USB N\/A<br \/>\nConexi\u00f3n en cadena N\/A<br \/>\nCertificaci\u00f3n de Windows Windows 10<br \/>\nFreeSync S\u00ed<br \/>\nFreeSync Premium N\/A<br \/>\nFreeSync Premium Pro N\/A<br \/>\nG-Sync N\/A<br \/>\nOff Timer Plus S\u00ed<br \/>\nCarga inal\u00e1mbrica de tel\u00e9fono inteligente N\/A<br \/>\nOptimizador de tama\u00f1o de pantalla N\/A<br \/>\nEcualizador negro N\/A<br \/>\nModo Demora de entrada baja N\/A<br \/>\nOptimizador de frecuencia de actualizaci\u00f3n N\/A<br \/>\nClave personalizada N\/A<br \/>\nSuper Arena Gaming UX N\/A<br \/>\nHDMI-CEC N\/A<br \/>\nINTERFAZ<br \/>\nDisplay inal\u00e1mbrico No<br \/>\nD-S 1 EA<br \/>\nDVI No<br \/>\nEnlace dual DIV No<br \/>\nPuerto de pantalla No<br \/>\nVersi\u00f3n de puerto de pantalla No<br \/>\nPuerto de pantalla de salida No<br \/>\nVersi\u00f3n de puerto de pantalla de salida No<br \/>\nPuerto de mini pantalla No<br \/>\nHDMI 1 EA<br \/>\nVersi\u00f3n HDMI 1.4<br \/>\nEntrada de Audio No<br \/>\nAud\u00edfono No<br \/>\nPuertos USB No<br \/>\nVersi\u00f3n de concentrador USB No<br \/>\nUSB-C No<br \/>\nPotencia de carga de USB-C No<br \/>\nThunderbolt 3 N\/A<br \/>\nPotencia de carga de Thunderbolt 3 (Puerto 1) N\/A<br \/>\nPotencia de carga de Thunderbolt 3 (Puerto 2) N\/A<br \/>\nEthernet (LAN) N\/A<br \/>\nAltavoz No<br \/>\nBarra de sonido USB (apto para usarlo) No<br \/>\nCONDICIONES DE OPERACI\u00d3N<br \/>\nTemperatura 10\u2103~ 40\u2103<br \/>\nHumedad 10% ~ 80%, sin condensaci\u00f3n<br \/>\nCalibraci\u00f3n<br \/>\nSintonizador de f\u00e1brica N\/A<br \/>\nM\u00e1quina de calibraci\u00f3n incorporada N\/A<br \/>\nTabla de consulta (Look-up Table, LUT) de profundidad de bits N\/A<br \/>\nBalance de grises N\/A<br \/>\nCorrecci\u00f3n de uniformidad N\/A<br \/>\nModo Color N\/A<br \/>\nSoftware de gesti\u00f3n de color (Color Management Software, CMS) N\/A<br \/>\nInforme de calibraci\u00f3n de f\u00e1brica N\/A<br \/>\nDise\u00f1o<br \/>\nColor AZUL GRIS OSCURO<br \/>\nTipo de soporte SIMPLE<br \/>\nSoporte de altura ajustable (HAS) N\/A<br \/>\nInclinaci\u00f3n -2 ~ 20<br \/>\nGiratorio N\/A<br \/>\nOscilante N\/A<br \/>\nSoporte de pared 100 x 100<br \/>\nEco ENERGY STAR N\/A<br \/>\nPl\u00e1stico reciclado No<br \/>\nENERG\u00cdA<br \/>\nFuente de alimentaci\u00f3n AC 100~240V<br \/>\nConsumo de energ\u00eda (m\u00e1x.) N\/A<br \/>\nConsumo de energ\u00eda (t\u00edpico) N\/A<br \/>\nConsumo de energ\u00eda (DPMS) 0.5W<br \/>\nConsumo de energ\u00eda (modo apagado) 0.3W<br \/>\nConsumo de energ\u00eda (anual) N\/A<br \/>\nTipo<br \/>\nAdaptador externo<br \/>\nDimensiones del producto<br \/>\nDimensi\u00f3n con soporte (anch. x alt. x prof.) 539.2 x 425.3 x 232.0 mm<br \/>\nDimensi\u00f3n sin soporte (anch. x alt. x prof.) 539.2 x 322.8 x 39.4 mm<br \/>\nDimensi\u00f3n del paquete (anch. x alt. x prof.) 675 x 125 x 387 mm<br \/>\nPESO<br \/>\nPeso del equipo con soporte 2.7 kg<br \/>\nPeso del equipo sin soporte 2.4 kg<br \/>\nPeso del paquete 4.0 kg<br \/>\nAccesorios<br \/>\nExtensi\u00f3n del cable de alimentaci\u00f3n 1.5 m<br \/>\nCable D-Sub N\/A<br \/>\nCable DVI N\/A<br \/>\nCable HDMI S\u00ed<br \/>\nCable HDMI a DVI N\/A<br \/>\nCable DP N\/A<br \/>\nCable USB Tipo C N\/A<br \/>\nCable Thunderbolt 3 N\/A<br \/>\nG\u00e9nero para minipantalla No<br \/>\nCD de instalaci\u00f3n N\/A<br \/>\nCable de audio N\/A<br \/>\nCable USB 2.0 N\/A<br \/>\nUSB 3.0 Cable N\/A<br \/>\nControlador remoto N\/A<\/p>\n","protected":false},"excerpt":{"rendered":"<p>Si\u00e9ntate en cualquier lugar y disfruta de una experiencia completa en tecnicolor. El panel IPS conserva la intensidad y la claridad de los colores en cada pulgada de la pantalla.<\/p>\n","protected":false},"featured_media":5536,"comment_status":"closed","ping_status":"closed","template":"","meta":{"inline_featured_image":false},"pwb-brand":[127],"product_brand":[],"product_cat":[217,1256],"product_tag":[1121,1309,204,324],"class_list":{"0":"post-5535","1":"product","2":"type-product","3":"status-publish","4":"has-post-thumbnail","6":"pwb-brand-samsung","7":"product_cat-monitores","8":"product_cat-video","9":"product_tag-24-pulgadas","10":"product_tag-lf24t350fhlxzl","11":"product_tag-monitor","12":"product_tag-samsung","14":"first","15":"outofstock","16":"taxable","17":"shipping-taxable","18":"purchasable","19":"product-type-simple"},"brands":[{"id":127,"name":"Samsung","slug":"samsung"}],"_links":{"self":[{"href":"https:\/\/compuimpresion.com.co\/portal\/wp-json\/wp\/v2\/product\/5535","targetHints":{"allow":["GET"]}}],"collection":[{"href":"https:\/\/compuimpresion.com.co\/portal\/wp-json\/wp\/v2\/product"}],"about":[{"href":"https:\/\/compuimpresion.com.co\/portal\/wp-json\/wp\/v2\/types\/product"}],"replies":[{"embeddable":true,"href":"https:\/\/compuimpresion.com.co\/portal\/wp-json\/wp\/v2\/comments?post=5535"}],"wp:featuredmedia":[{"embeddable":true,"href":"https:\/\/compuimpresion.com.co\/portal\/wp-json\/wp\/v2\/media\/5536"}],"wp:attachment":[{"href":"https:\/\/compuimpresion.com.co\/portal\/wp-json\/wp\/v2\/media?parent=5535"}],"wp:term":[{"taxonomy":"pwb-brand","embeddable":true,"href":"https:\/\/compuimpresion.com.co\/portal\/wp-json\/wp\/v2\/pwb-brand?post=5535"},{"taxonomy":"product_brand","embeddable":true,"href":"https:\/\/compuimpresion.com.co\/portal\/wp-json\/wp\/v2\/product_brand?post=5535"},{"taxonomy":"product_cat","embeddable":true,"href":"https:\/\/compuimpresion.com.co\/portal\/wp-json\/wp\/v2\/product_cat?post=5535"},{"taxonomy":"product_tag","embeddable":true,"href":"https:\/\/compuimpresion.com.co\/portal\/wp-json\/wp\/v2\/product_tag?post=5535"}],"curies":[{"name":"wp","href":"https:\/\/api.w.org\/{rel}","templated":true}]}}