{"id":5525,"date":"2024-07-31T11:16:05","date_gmt":"2024-07-31T16:16:05","guid":{"rendered":"https:\/\/compuimpresion.com.co\/portal\/?post_type=product&#038;p=5525"},"modified":"2025-11-20T10:47:56","modified_gmt":"2025-11-20T15:47:56","slug":"lg-monitor-27-ultragear-ips-qhd-2k-165hz-1ms-pivot-27gr75q-b","status":"publish","type":"product","link":"https:\/\/compuimpresion.com.co\/portal\/productos\/lg-monitor-27-ultragear-ips-qhd-2k-165hz-1ms-pivot-27gr75q-b\/","title":{"rendered":"LG MONITOR 27&#8243; ULTRAGEAR IPS QHD 2K 165HZ 1MS PIVOT 27GR75Q-B"},"content":{"rendered":"<p>Mant\u00e9ngase concentrado en lo que est\u00e1 por delante con una impresionante tasa de respuesta de 165 Hz y una reducci\u00f3n de desenfoque de movimiento de 1 ms, que lo ayudan a mantenerse concentrado en el objetivo con una claridad innegable. Reimagina cada escena con una pantalla IPS v\u00edvida y con capacidad de respuesta. La pantalla IPS UltraGear\u2122 de 27&#8243; de LG ofrece colores vibrantes, contraste, claridad y detalle, a la vez que ofrece velocidades de respuesta ultrarr\u00e1pidas de 1 ms (GtG). Validado oficialmente por NVIDIA\u00ae como compatible con G-SYNC\u00ae 4. Esto se traduce en juegos m\u00e1s r\u00e1pidos y fluidos que han sido probados para reducir el corte y el parpadeo de la pantalla. No te pierdas ni un fotograma de la acci\u00f3n mientras logras tus victorias.<br \/>\nESPECIFICACIONES<br \/>\nRelaci\u00f3n de aspecto 16:9<br \/>\nBrillo (t\u00edpico, m\u00ednimo) (M\u00edn.) 240 cd\/m\u00b2 (T\u00edp.) 300 cd\/m\u00b2<br \/>\nProfundidad de color (n\u00famero de colores) 167<br \/>\nGama de colores (t\u00edp.) sRGB 99 % (CIE1931)<br \/>\nRelaci\u00f3n de contraste (T\u00edpica) 1000:1 (M\u00ednima) 700:1<br \/>\nTipo de visualizaci\u00f3n IPS<br \/>\nPaso de p\u00edxeles (mm) 0,2331 x 0,2331 mm<br \/>\nFrecuencia de actualizaci\u00f3n 165 Hz<br \/>\nResoluci\u00f3n 2560 x 1440<br \/>\nTiempo de respuesta (GTG) 1 ms (GtG en Faster)<br \/>\nTama\u00f1o de pantalla 27&#8243;<br \/>\n\u00c1ngulo de visi\u00f3n 178\u02da(der.\/izq.), 178\u02da(ext.\/pr.)<br \/>\nSincronizaci\u00f3n adaptativa AMD FreeSync\u2122 Premium<br \/>\nInterruptor de entrada autom\u00e1tico S\u00ed<br \/>\nEstabilizador negro\u00ae S\u00ed<br \/>\nPunto de mira\u00ae S\u00ed<br \/>\nSincronizaci\u00f3n de acci\u00f3n din\u00e1mica\u00ae S\u00ed<br \/>\nSeguro contra parpadeos S\u00ed<br \/>\nContador de FPS S\u00ed<br \/>\nHDR (alto rango din\u00e1mico) S\u00ed<br \/>\nEfecto HDR S\u00ed<br \/>\nTecnolog\u00eda de reducci\u00f3n del desenfoque de movimiento S\u00ed<br \/>\nNVIDIA G-Sync\u2122 S\u00ed<br \/>\nModo de lectura S\u00ed<br \/>\nAhorro de energ\u00eda inteligente S\u00ed<br \/>\nClave definida por el usuario SI<br \/>\nPuerto de visualizaci\u00f3n S\u00ed<br \/>\nHDMI S\u00ed<br \/>\nSalida de auriculares S\u00ed<br \/>\nAjustes de la posici\u00f3n de la pantalla Inclinaci\u00f3n\/Altura\/Pivote<br \/>\nTama\u00f1o del soporte de pared (mm) 100 x 100 mm<br \/>\nCC apagada (m\u00e1x.) Menos de 0,3 W<br \/>\nAporte 100-240 V CA, 50\/60 Hz<br \/>\nConsumo de energ\u00eda (m\u00e1x.) 48 W<br \/>\nConsumo de energ\u00eda (t\u00edpico) 45 W<br \/>\nModo de ahorro de energ\u00eda\/suspensi\u00f3n (m\u00e1ximo) Menos de 0,3 W<br \/>\nTipo Alimentaci\u00f3n externa (adaptador)<br \/>\nDimensiones de env\u00edo (An x Al x Pr) 27,2&#8243; x 20,2&#8243; x 7,3&#8243;<br \/>\nPeso del env\u00edo 18,8 libras<br \/>\nCon soporte (An. x Al. x Pr.) 24,2&#8243; x 22,4&#8243; x 11,5&#8243; (arriba), 24,2&#8243; x 18,1&#8243; x 11,5&#8243; (abajo)<br \/>\nCon soporte de peso 13,6 libras<br \/>\nSin soporte (An. x Al. x Pr.) 24,2&#8243; x 14,6&#8243; x 2&#8243;<br \/>\nSin peso de soporte 8,9 libras<br \/>\nCable de puerto de pantalla S\u00ed<br \/>\n EAN: 8806084013927<br \/>\nSKU 7618<\/p>\n","protected":false},"excerpt":{"rendered":"<p>Mant\u00e9ngase concentrado en lo que est\u00e1 por delante con una impresionante tasa de respuesta de 165 Hz y una reducci\u00f3n de desenfoque de movimiento de 1 ms, que lo ayudan a mantenerse concentrado en el objetivo con una claridad innegable. <\/p>\n","protected":false},"featured_media":5526,"comment_status":"closed","ping_status":"closed","template":"","meta":{"inline_featured_image":false},"pwb-brand":[899],"product_brand":[],"product_cat":[317,217,1256],"product_tag":[1305,1307,726,901,204,1306],"class_list":{"0":"post-5525","1":"product","2":"type-product","3":"status-publish","4":"has-post-thumbnail","6":"pwb-brand-lg","7":"product_cat-gaming","8":"product_cat-monitores","9":"product_cat-video","10":"product_tag-27-pulgadas","11":"product_tag-27gr75q-b","12":"product_tag-gamer","13":"product_tag-lg","14":"product_tag-monitor","15":"product_tag-pivot","17":"first","18":"outofstock","19":"taxable","20":"shipping-taxable","21":"purchasable","22":"product-type-simple"},"brands":[{"id":899,"name":"LG","slug":"lg"}],"_links":{"self":[{"href":"https:\/\/compuimpresion.com.co\/portal\/wp-json\/wp\/v2\/product\/5525","targetHints":{"allow":["GET"]}}],"collection":[{"href":"https:\/\/compuimpresion.com.co\/portal\/wp-json\/wp\/v2\/product"}],"about":[{"href":"https:\/\/compuimpresion.com.co\/portal\/wp-json\/wp\/v2\/types\/product"}],"replies":[{"embeddable":true,"href":"https:\/\/compuimpresion.com.co\/portal\/wp-json\/wp\/v2\/comments?post=5525"}],"wp:featuredmedia":[{"embeddable":true,"href":"https:\/\/compuimpresion.com.co\/portal\/wp-json\/wp\/v2\/media\/5526"}],"wp:attachment":[{"href":"https:\/\/compuimpresion.com.co\/portal\/wp-json\/wp\/v2\/media?parent=5525"}],"wp:term":[{"taxonomy":"pwb-brand","embeddable":true,"href":"https:\/\/compuimpresion.com.co\/portal\/wp-json\/wp\/v2\/pwb-brand?post=5525"},{"taxonomy":"product_brand","embeddable":true,"href":"https:\/\/compuimpresion.com.co\/portal\/wp-json\/wp\/v2\/product_brand?post=5525"},{"taxonomy":"product_cat","embeddable":true,"href":"https:\/\/compuimpresion.com.co\/portal\/wp-json\/wp\/v2\/product_cat?post=5525"},{"taxonomy":"product_tag","embeddable":true,"href":"https:\/\/compuimpresion.com.co\/portal\/wp-json\/wp\/v2\/product_tag?post=5525"}],"curies":[{"name":"wp","href":"https:\/\/api.w.org\/{rel}","templated":true}]}}