{"id":5516,"date":"2024-07-31T10:08:17","date_gmt":"2024-07-31T15:08:17","guid":{"rendered":"https:\/\/compuimpresion.com.co\/portal\/?post_type=product&#038;p=5516"},"modified":"2025-11-20T10:48:09","modified_gmt":"2025-11-20T15:48:09","slug":"lg-monitor-20-hd-22mr410-b","status":"publish","type":"product","link":"https:\/\/compuimpresion.com.co\/portal\/productos\/lg-monitor-20-hd-22mr410-b\/","title":{"rendered":"LG Monitor 20\u201d HD 22MR410-B"},"content":{"rendered":"<p>LG Monitor destaca el rendimiento de las pantallas de cristal l\u00edquido. La pantalla de 21,45 pulgadas con Full HD (1920&#215;1080) aumenta la productividad en el trabajo gracias a colores n\u00edtidos. Una velocidad de 100 Hz permite que los fotogramas se carguen sin problemas en varios programas. Adem\u00e1s, podr\u00e1s disfrutar de una experiencia de juego realista, con menos inestabilidad de pantalla y borrosidad de movimiento. El modo de lectura ajusta la temperatura de color y la luminosidad, lo que permite una experiencia visual adecuada al leer en un monitor. La funci\u00f3n sin parpadeo reduce el parpadeo invisible de la pantalla, y contribuye a mantener un entorno de trabajo c\u00f3modo durante mucho tiempo.<br \/>\nESPECIFICACIONES<br \/>\nCALIDAD DE IMAGEN<br \/>\nTama\u00f1o de pantalla 21,45&#8243;<br \/>\nTipo de pantalla VA<br \/>\nGama de colores (t\u00edp.) sRGB 99% (CIE1931)<br \/>\nProfundidad del color (n\u00famero de colores) 16,7 millones<br \/>\nPaso de p\u00edxeles (mm) 0,2493 x 0,241 mm<br \/>\nTiempo de respuesta (GTG) 5 ms (GtG a mayor velocidad)<br \/>\nFrecuencia de actualizaci\u00f3n 100Hz<br \/>\nRelaci\u00f3n de aspecto 16:9<br \/>\nResoluci\u00f3n 1920 x 1080<br \/>\nBrillo (T\u00edpico) 250 cd\/m\u00b2 (M\u00edn.) 220 cd\/m<br \/>\nRelaci\u00f3n de contraste (T\u00edpico) 3000:1 (M\u00edn.) 2000:1<br \/>\n\u00c1ngulo de visi\u00f3n 178\u02da(R\/L), 178\u02da(U\/D)<br \/>\nDE ENTRADA Y SALIDA<br \/>\nHDMI S\u00ed x 1<br \/>\nSub-D S\u00ed x 1<br \/>\nSalida de auriculares 3 polos (solo sonido)<br \/>\nFUERZA<br \/>\nTipo Alimentaci\u00f3n externa (adaptador)<br \/>\nEntrada 100~240V (50\/60Hz)<br \/>\nModo de ahorro de energ\u00eda\/suspensi\u00f3n (m\u00e1x.) Menos de 0,5W CC apagada (m\u00e1x.) Menos de 0,3W<br \/>\nConsumo de energ\u00eda (t\u00edpico) 20W<br \/>\nCARACTER\u00cdSTICAS ESPECIALES<br \/>\nModo de debilidad del color S\u00ed<br \/>\nSincronizaci\u00f3n adaptativa AMD FreeSync<br \/>\nEstabilizador negro S\u00ed<br \/>\nSincronizaci\u00f3n de acci\u00f3n din\u00e1mica S\u00ed<br \/>\nParpadeo seguro Si<br \/>\nModo lector S\u00ed<br \/>\nSuper Resoluci\u00f3n + S\u00ed<br \/>\nControl en pantalla (OSC) S\u00ed<br \/>\nInterruptor de entrada autom\u00e1tica S\u00ed<br \/>\nSONIDO<br \/>\nVocero Sin altavoz incorporado<br \/>\nDIMENSIONES\/PESOS<br \/>\nCon soporte (ancho x alto x profundidad) 19,4&#8243; x 14,9&#8243; x 7,9&#8243;<br \/>\nSin soporte (AnxAlxPr) 19,4&#8243; x 11,2&#8243; x 2,0&#8243;<br \/>\nDimensiones de env\u00edo (AnchoxAltoxLargo) 22,3&#8243; x 14,6&#8243; x 5,0&#8243;<br \/>\nCon peso de 5,4 libras<br \/>\nSoporte Sin peso de 4,5 libras<br \/>\nSoporte Peso de 7,7 libras<br \/>\nAjustes de posici\u00f3n de pantalla Inclinaci\u00f3n<br \/>\nARMARIO\/ACCESORIOS<br \/>\nTama\u00f1o de montaje en pared (mm) 100 x 100mm<br \/>\nCable HDMI S\u00ed<br \/>\nEAN: 8806084644749<br \/>\nSKU 7616<\/p>\n","protected":false},"excerpt":{"rendered":"<p>LG Monitor destaca el rendimiento de las pantallas de cristal l\u00edquido. La pantalla de 21,45 pulgadas con Full HD (1920&#215;1080) aumenta la productividad en el trabajo gracias a colores n\u00edtidos. <\/p>\n","protected":false},"featured_media":5517,"comment_status":"closed","ping_status":"closed","template":"","meta":{"inline_featured_image":false},"pwb-brand":[899],"product_brand":[],"product_cat":[217,1256],"product_tag":[1288,1303,901,204],"class_list":{"0":"post-5516","1":"product","2":"type-product","3":"status-publish","4":"has-post-thumbnail","6":"pwb-brand-lg","7":"product_cat-monitores","8":"product_cat-video","9":"product_tag-22-pulgadas","10":"product_tag-22mr410-b","11":"product_tag-lg","12":"product_tag-monitor","14":"first","15":"outofstock","16":"taxable","17":"shipping-taxable","18":"purchasable","19":"product-type-simple"},"brands":[{"id":899,"name":"LG","slug":"lg"}],"_links":{"self":[{"href":"https:\/\/compuimpresion.com.co\/portal\/wp-json\/wp\/v2\/product\/5516","targetHints":{"allow":["GET"]}}],"collection":[{"href":"https:\/\/compuimpresion.com.co\/portal\/wp-json\/wp\/v2\/product"}],"about":[{"href":"https:\/\/compuimpresion.com.co\/portal\/wp-json\/wp\/v2\/types\/product"}],"replies":[{"embeddable":true,"href":"https:\/\/compuimpresion.com.co\/portal\/wp-json\/wp\/v2\/comments?post=5516"}],"wp:featuredmedia":[{"embeddable":true,"href":"https:\/\/compuimpresion.com.co\/portal\/wp-json\/wp\/v2\/media\/5517"}],"wp:attachment":[{"href":"https:\/\/compuimpresion.com.co\/portal\/wp-json\/wp\/v2\/media?parent=5516"}],"wp:term":[{"taxonomy":"pwb-brand","embeddable":true,"href":"https:\/\/compuimpresion.com.co\/portal\/wp-json\/wp\/v2\/pwb-brand?post=5516"},{"taxonomy":"product_brand","embeddable":true,"href":"https:\/\/compuimpresion.com.co\/portal\/wp-json\/wp\/v2\/product_brand?post=5516"},{"taxonomy":"product_cat","embeddable":true,"href":"https:\/\/compuimpresion.com.co\/portal\/wp-json\/wp\/v2\/product_cat?post=5516"},{"taxonomy":"product_tag","embeddable":true,"href":"https:\/\/compuimpresion.com.co\/portal\/wp-json\/wp\/v2\/product_tag?post=5516"}],"curies":[{"name":"wp","href":"https:\/\/api.w.org\/{rel}","templated":true}]}}