{"id":5511,"date":"2024-07-30T17:36:05","date_gmt":"2024-07-30T22:36:05","guid":{"rendered":"https:\/\/compuimpresion.com.co\/portal\/?post_type=product&#038;p=5511"},"modified":"2024-08-15T14:53:59","modified_gmt":"2024-08-15T19:53:59","slug":"logitech-mouse-gamer-g502","status":"publish","type":"product","link":"https:\/\/compuimpresion.com.co\/portal\/productos\/logitech-mouse-gamer-g502\/","title":{"rendered":"Logitech Mouse Gamer G502"},"content":{"rendered":"<p>Dise\u00f1ado para un desempe\u00f1o avanzado en los juegos. G502 HERO cuenta con un sensor de juegos HERO 25K con seguimiento de precisi\u00f3n submicrom\u00e9trica, LIGHTSYNC RGB personalizable, perfiles integrados, pesos reposicionables y mucho m\u00e1s.<br \/>\nESPECIFICACIONES<br \/>\nDIMENSIONES<br \/>\nAltura: 290 mm<br \/>\nAncho: 75 mm<br \/>\nProfundidad: 40 mm<br \/>\nPeso: 121 g, s\u00f3lo mouse<br \/>\nPesa opcional adicional: hasta 18 g (5 x 3.6 g)<br \/>\nLongitud del cable: 2,1 m<br \/>\nEspecificaciones t\u00e9cnicas<br \/>\nSEGUIMIENTO<br \/>\nSensor: HERO<br \/>\nResoluci\u00f3n: 100 \u2013 25.600 dpi<br \/>\nCero suavizado\/aceleraci\u00f3n\/filtros<br \/>\nAceleraci\u00f3n m\u00e1x.: &gt;40 G 1Pruebas realizadas en Logitech G240 Gaming Mouse Pad<br \/>\nVelocidad m\u00e1x.: &gt;400 IPS 2Pruebas realizadas en Logitech G240 Gaming Mouse Pad<br \/>\nRESPUESTA<br \/>\nFormato de datos USB: 16 bits\/eje<br \/>\nVelocidad de respuesta USB: 1000 Hz (1 ms)<br \/>\nMicroprocesador: ARM de 32 bits<br \/>\nDURABILIDAD<br \/>\nPies de PTFE: 250 kil\u00f3metros 3Pruebas realizadas en Logitech G240 Gaming Mouse Pad<br \/>\nOTRAS FUNCIONES<br \/>\nMemoria integrada: Hasta 5 perfiles (requiere firmware 127.1.7)<br \/>\nRGB LIGHTSYNC: 1 zonas<br \/>\nInformaci\u00f3n de garant\u00eda<br \/>\nDos a\u00f1os de garant\u00eda de hardware limitada<br \/>\nEAN 097855141996<br \/>\nSKU 7615<\/p>\n","protected":false},"excerpt":{"rendered":"<p>Dise\u00f1ado para un desempe\u00f1o avanzado en los juegos. G502 HERO cuenta con un sensor de juegos HERO 25K con seguimiento de precisi\u00f3n submicrom\u00e9trica, LIGHTSYNC RGB personalizable, perfiles integrados, pesos reposicionables y mucho m\u00e1s.<\/p>\n","protected":false},"featured_media":5512,"comment_status":"closed","ping_status":"closed","template":"","meta":{"inline_featured_image":false},"pwb-brand":[559],"product_brand":[],"product_cat":[338,317,1254],"product_tag":[1302,726,561,201],"class_list":{"0":"post-5511","1":"product","2":"type-product","3":"status-publish","4":"has-post-thumbnail","6":"pwb-brand-logitech","7":"product_cat-accesorios","8":"product_cat-gaming","9":"product_cat-perifericos-de-computo","10":"product_tag-g502","11":"product_tag-gamer","12":"product_tag-logitech","13":"product_tag-mouse","15":"first","16":"outofstock","17":"taxable","18":"shipping-taxable","19":"purchasable","20":"product-type-simple"},"brands":[{"id":559,"name":"Logitech","slug":"logitech"}],"_links":{"self":[{"href":"https:\/\/compuimpresion.com.co\/portal\/wp-json\/wp\/v2\/product\/5511","targetHints":{"allow":["GET"]}}],"collection":[{"href":"https:\/\/compuimpresion.com.co\/portal\/wp-json\/wp\/v2\/product"}],"about":[{"href":"https:\/\/compuimpresion.com.co\/portal\/wp-json\/wp\/v2\/types\/product"}],"replies":[{"embeddable":true,"href":"https:\/\/compuimpresion.com.co\/portal\/wp-json\/wp\/v2\/comments?post=5511"}],"wp:featuredmedia":[{"embeddable":true,"href":"https:\/\/compuimpresion.com.co\/portal\/wp-json\/wp\/v2\/media\/5512"}],"wp:attachment":[{"href":"https:\/\/compuimpresion.com.co\/portal\/wp-json\/wp\/v2\/media?parent=5511"}],"wp:term":[{"taxonomy":"pwb-brand","embeddable":true,"href":"https:\/\/compuimpresion.com.co\/portal\/wp-json\/wp\/v2\/pwb-brand?post=5511"},{"taxonomy":"product_brand","embeddable":true,"href":"https:\/\/compuimpresion.com.co\/portal\/wp-json\/wp\/v2\/product_brand?post=5511"},{"taxonomy":"product_cat","embeddable":true,"href":"https:\/\/compuimpresion.com.co\/portal\/wp-json\/wp\/v2\/product_cat?post=5511"},{"taxonomy":"product_tag","embeddable":true,"href":"https:\/\/compuimpresion.com.co\/portal\/wp-json\/wp\/v2\/product_tag?post=5511"}],"curies":[{"name":"wp","href":"https:\/\/api.w.org\/{rel}","templated":true}]}}