{"id":5507,"date":"2024-07-30T16:51:54","date_gmt":"2024-07-30T21:51:54","guid":{"rendered":"https:\/\/compuimpresion.com.co\/portal\/?post_type=product&#038;p=5507"},"modified":"2025-11-20T10:37:38","modified_gmt":"2025-11-20T15:37:38","slug":"logitech-mouse-gamer-g203","status":"publish","type":"product","link":"https:\/\/compuimpresion.com.co\/portal\/productos\/logitech-mouse-gamer-g203\/","title":{"rendered":"Logitech Mouse Gamer G203"},"content":{"rendered":"<p>Aprovecha al m\u00e1ximo tu tiempo de juego con el G203, un mouse para juegos disponible en una variedad de vibrantes colores. Con la tecnolog\u00eda LIGHTSYNC, un sensor para juegos y un dise\u00f1o cl\u00e1sico de 6 botones, animar\u00e1s tu acci\u00f3n y tu espacio.<br \/>\nESPECIFICACIONES<br \/>\nDIMENSIONES<br \/>\nAltura: 116,6 mm<br \/>\nAncho: 62,15 mm<br \/>\nProfundidad: 38,2 mm<br \/>\nPeso: 85 g (s\u00f3lo mouse)<br \/>\nLongitud del cable: 2,1 m<br \/>\nEspecificaciones t\u00e9cnicas<br \/>\nIluminaci\u00f3n RGB LIGHTSYNC<br \/>\n6 botones programables<br \/>\nResoluci\u00f3n: 200 \u2013 8.000 dpi<br \/>\nRESPUESTA<br \/>\nFormato de datos USB: 16 bits\/eje<br \/>\nVelocidad de respuesta USB: 1000 Hz (1 ms)<br \/>\nMicroprocesador: ARM de 32 bits<br \/>\nInformaci\u00f3n de garant\u00eda<br \/>\nDos a\u00f1os de garant\u00eda de hardware limitada<br \/>\nN\u00famero de referencia<br \/>\nNegro : 910-005790<br \/>\nEAN 097855155948<br \/>\nSKU 7614<\/p>\n","protected":false},"excerpt":{"rendered":"<p>Aprovecha al m\u00e1ximo tu tiempo de juego con el G203, un mouse para juegos disponible en una variedad de vibrantes colores. Con la tecnolog\u00eda LIGHTSYNC, un sensor para juegos y un dise\u00f1o cl\u00e1sico de 6 botones, animar\u00e1s tu acci\u00f3n y tu espacio.<\/p>\n","protected":false},"featured_media":5508,"comment_status":"closed","ping_status":"closed","template":"","meta":{"inline_featured_image":false},"pwb-brand":[559],"product_brand":[],"product_cat":[338,317,1254],"product_tag":[1301,726,561,201,389],"class_list":{"0":"post-5507","1":"product","2":"type-product","3":"status-publish","4":"has-post-thumbnail","6":"pwb-brand-logitech","7":"product_cat-accesorios","8":"product_cat-gaming","9":"product_cat-perifericos-de-computo","10":"product_tag-g203","11":"product_tag-gamer","12":"product_tag-logitech","13":"product_tag-mouse","14":"product_tag-negro","16":"first","17":"outofstock","18":"taxable","19":"shipping-taxable","20":"purchasable","21":"product-type-simple"},"brands":[{"id":559,"name":"Logitech","slug":"logitech"}],"_links":{"self":[{"href":"https:\/\/compuimpresion.com.co\/portal\/wp-json\/wp\/v2\/product\/5507","targetHints":{"allow":["GET"]}}],"collection":[{"href":"https:\/\/compuimpresion.com.co\/portal\/wp-json\/wp\/v2\/product"}],"about":[{"href":"https:\/\/compuimpresion.com.co\/portal\/wp-json\/wp\/v2\/types\/product"}],"replies":[{"embeddable":true,"href":"https:\/\/compuimpresion.com.co\/portal\/wp-json\/wp\/v2\/comments?post=5507"}],"wp:featuredmedia":[{"embeddable":true,"href":"https:\/\/compuimpresion.com.co\/portal\/wp-json\/wp\/v2\/media\/5508"}],"wp:attachment":[{"href":"https:\/\/compuimpresion.com.co\/portal\/wp-json\/wp\/v2\/media?parent=5507"}],"wp:term":[{"taxonomy":"pwb-brand","embeddable":true,"href":"https:\/\/compuimpresion.com.co\/portal\/wp-json\/wp\/v2\/pwb-brand?post=5507"},{"taxonomy":"product_brand","embeddable":true,"href":"https:\/\/compuimpresion.com.co\/portal\/wp-json\/wp\/v2\/product_brand?post=5507"},{"taxonomy":"product_cat","embeddable":true,"href":"https:\/\/compuimpresion.com.co\/portal\/wp-json\/wp\/v2\/product_cat?post=5507"},{"taxonomy":"product_tag","embeddable":true,"href":"https:\/\/compuimpresion.com.co\/portal\/wp-json\/wp\/v2\/product_tag?post=5507"}],"curies":[{"name":"wp","href":"https:\/\/api.w.org\/{rel}","templated":true}]}}