{"id":5502,"date":"2024-07-30T15:28:08","date_gmt":"2024-07-30T20:28:08","guid":{"rendered":"https:\/\/compuimpresion.com.co\/portal\/?post_type=product&#038;p=5502"},"modified":"2025-11-20T10:37:28","modified_gmt":"2025-11-20T15:37:28","slug":"logitech-audifonos-g335-gamer","status":"publish","type":"product","link":"https:\/\/compuimpresion.com.co\/portal\/productos\/logitech-audifonos-g335-gamer\/","title":{"rendered":"Logitech Aud\u00edfonos G335 Gamer"},"content":{"rendered":"<p>Unos aud\u00edfonos con cable ligeros y modernos, con un dise\u00f1o de diadema con suspensi\u00f3n y una cinta ajustable para un ajuste personalizado. Pr\u00e1ctico Plug and Play y controles integrados. Elige el color que vaya mejor con tu incre\u00edble estilo.<br \/>\nESPECIFICACIONES<br \/>\nLongitud: 189 mm<br \/>\nAncho: 180 mm<br \/>\nProfundidad: 79 mm<br \/>\nPeso: 240 g (con cable incluido)<br \/>\nESPECIFICACIONES T\u00c9CNICAS<br \/>\nAud\u00edfono<br \/>\nTransductor: 40 mm<br \/>\nRespuesta de frecuencia: 20 Hz &#8211; 20 kHz<br \/>\nImpedancia: 36 Ohms Sensibilidad: 87,5 dB SPL\/mW<br \/>\nMicr\u00f3fono (varilla)<br \/>\nPatr\u00f3n de captaci\u00f3n de micr\u00f3fono: Cardioide (unidireccional)<br \/>\nRespuesta de frecuencia: 100 Hz-10 KHz<br \/>\nInformaci\u00f3n de garant\u00eda<br \/>\nDos a\u00f1os de garant\u00eda de hardware limitada<br \/>\nN\u00famero de referencia<br \/>\nNegro : 981-000977<br \/>\nEAN 097855165459<br \/>\nSKU 7613<\/p>\n","protected":false},"excerpt":{"rendered":"<p>Unos aud\u00edfonos con cable ligeros y modernos, con un dise\u00f1o de diadema con suspensi\u00f3n y una cinta ajustable para un ajuste personalizado. Pr\u00e1ctico Plug and Play y controles integrados. Elige el color que vaya mejor con tu incre\u00edble estilo.<\/p>\n","protected":false},"featured_media":5504,"comment_status":"closed","ping_status":"closed","template":"","meta":{"inline_featured_image":false},"pwb-brand":[559],"product_brand":[],"product_cat":[338,1266,317,1254],"product_tag":[824,1300,726,561,389],"class_list":{"0":"post-5502","1":"product","2":"type-product","3":"status-publish","4":"has-post-thumbnail","6":"pwb-brand-logitech","7":"product_cat-accesorios","8":"product_cat-audifonos","9":"product_cat-gaming","10":"product_cat-perifericos-de-computo","11":"product_tag-audifonos","12":"product_tag-g335","13":"product_tag-gamer","14":"product_tag-logitech","15":"product_tag-negro","17":"first","18":"outofstock","19":"taxable","20":"shipping-taxable","21":"purchasable","22":"product-type-simple"},"brands":[{"id":559,"name":"Logitech","slug":"logitech"}],"_links":{"self":[{"href":"https:\/\/compuimpresion.com.co\/portal\/wp-json\/wp\/v2\/product\/5502","targetHints":{"allow":["GET"]}}],"collection":[{"href":"https:\/\/compuimpresion.com.co\/portal\/wp-json\/wp\/v2\/product"}],"about":[{"href":"https:\/\/compuimpresion.com.co\/portal\/wp-json\/wp\/v2\/types\/product"}],"replies":[{"embeddable":true,"href":"https:\/\/compuimpresion.com.co\/portal\/wp-json\/wp\/v2\/comments?post=5502"}],"wp:featuredmedia":[{"embeddable":true,"href":"https:\/\/compuimpresion.com.co\/portal\/wp-json\/wp\/v2\/media\/5504"}],"wp:attachment":[{"href":"https:\/\/compuimpresion.com.co\/portal\/wp-json\/wp\/v2\/media?parent=5502"}],"wp:term":[{"taxonomy":"pwb-brand","embeddable":true,"href":"https:\/\/compuimpresion.com.co\/portal\/wp-json\/wp\/v2\/pwb-brand?post=5502"},{"taxonomy":"product_brand","embeddable":true,"href":"https:\/\/compuimpresion.com.co\/portal\/wp-json\/wp\/v2\/product_brand?post=5502"},{"taxonomy":"product_cat","embeddable":true,"href":"https:\/\/compuimpresion.com.co\/portal\/wp-json\/wp\/v2\/product_cat?post=5502"},{"taxonomy":"product_tag","embeddable":true,"href":"https:\/\/compuimpresion.com.co\/portal\/wp-json\/wp\/v2\/product_tag?post=5502"}],"curies":[{"name":"wp","href":"https:\/\/api.w.org\/{rel}","templated":true}]}}