{"id":5496,"date":"2024-07-30T11:34:55","date_gmt":"2024-07-30T16:34:55","guid":{"rendered":"https:\/\/compuimpresion.com.co\/portal\/?post_type=product&#038;p=5496"},"modified":"2024-10-04T11:11:36","modified_gmt":"2024-10-04T16:11:36","slug":"logitech-mk540-combo-teclado-inalambrico","status":"publish","type":"product","link":"https:\/\/compuimpresion.com.co\/portal\/productos\/logitech-mk540-combo-teclado-inalambrico\/","title":{"rendered":"Logitech MK540 Combo Teclado Inal\u00e1mbrico"},"content":{"rendered":"<p>MK540 Advanced es una combinaci\u00f3n inal\u00e1mbrica de teclado y mouse que ofrece precisi\u00f3n, confort y confiabilidad<br \/>\nESPECIFICACIONES<br \/>\nDIMENSIONES<br \/>\nTeclado Altura: 193,5 mm Ancho: 457,3 mm Profundidad: 24 mm Peso (sin bater\u00edas): 633 g<br \/>\nMouse Altura: 111,5 mm Ancho: 61,8 mm Profundidad: 39,2 mm Peso: 73,5 g<br \/>\nESPECIFICACIONES T\u00c9CNICAS<br \/>\nRadio de acci\u00f3n Wi-Fi (en metros): 10 metros 1El radio de acci\u00f3n inal\u00e1mbrico depende de las condiciones del entorno y de los dispositivos.<br \/>\nTECLADO<br \/>\nDise\u00f1o resistente a salpicaduras 2Pruebas realizadas en condiciones limitadas (m\u00e1ximo de 60 ml de l\u00edquido). No sumerjas el teclado en ning\u00fan l\u00edquido.<br \/>\nForma y sensaci\u00f3n de teclas familiar, silencioso<br \/>\nAltura ajustable: Tres posiciones de inclinaci\u00f3n (natural, 4\u00b0 y 8\u00b0)<br \/>\nBotones\/Teclas especiales: Controles de m\u00fasica, teclas programables<br \/>\nReposamanos<br \/>\nEstampado de teclas resistente a la abrasi\u00f3n<br \/>\nTeclado num\u00e9rico con 10 teclas<br \/>\nTipo de teclas: Teclas c\u00f3ncavas<br \/>\nConmutador de encendido\/apagado<br \/>\nIndicador luminoso de bloqueo de may\u00fasculas<br \/>\nIndicador de carga de bater\u00edas<br \/>\n2 bater\u00edas AA (alcalinas)<br \/>\nBater\u00eda: 36 meses 3La duraci\u00f3n de las bater\u00edas depende del uso y de los dispositivos.<br \/>\nMOUSE<br \/>\nTecnolog\u00eda de sensor: Seguimiento \u00f3ptico uniforme<br \/>\nN\u00famero de botones: 3 (click izquierdo\/derecho, click de bot\u00f3n central)<br \/>\nDesplazamiento: l\u00ednea a l\u00ednea<br \/>\nRueda de desplazamiento: S\u00ed, 2D, \u00f3ptico<br \/>\nConexi\u00f3n\/alimentaci\u00f3n: Bot\u00f3n de encendido\/apagado<br \/>\n1 bater\u00eda AA (alcalina)<br \/>\nBater\u00eda: 18 meses 4La duraci\u00f3n de las bater\u00edas depende del uso y de los dispositivos.<br \/>\nAplicaci\u00f3n de personalizaci\u00f3n<br \/>\nCompatibilidad con Logi Options+ para Windows y macOS 5Disponible para Windows y macOS en logitech.com\/optionsplus<br \/>\nInformaci\u00f3n de garant\u00eda<br \/>\nUn a\u00f1o de garant\u00eda de hardware limitada<br \/>\nN\u00famero de referencia 920-008673<br \/>\nEAN 097855137289<br \/>\nSKU 7612<\/p>\n","protected":false},"excerpt":{"rendered":"<p>MK540 Advanced es una combinaci\u00f3n inal\u00e1mbrica de teclado y mouse que ofrece precisi\u00f3n, confort y confiabilidad<\/p>\n","protected":false},"featured_media":5497,"comment_status":"closed","ping_status":"closed","template":"","meta":{"inline_featured_image":false},"pwb-brand":[559],"product_brand":[],"product_cat":[338,1254],"product_tag":[1295,561,1299],"class_list":{"0":"post-5496","1":"product","2":"type-product","3":"status-publish","4":"has-post-thumbnail","6":"pwb-brand-logitech","7":"product_cat-accesorios","8":"product_cat-perifericos-de-computo","9":"product_tag-combo-teclado","10":"product_tag-logitech","11":"product_tag-mk540","13":"first","14":"outofstock","15":"taxable","16":"shipping-taxable","17":"purchasable","18":"product-type-simple"},"brands":[{"id":559,"name":"Logitech","slug":"logitech"}],"_links":{"self":[{"href":"https:\/\/compuimpresion.com.co\/portal\/wp-json\/wp\/v2\/product\/5496","targetHints":{"allow":["GET"]}}],"collection":[{"href":"https:\/\/compuimpresion.com.co\/portal\/wp-json\/wp\/v2\/product"}],"about":[{"href":"https:\/\/compuimpresion.com.co\/portal\/wp-json\/wp\/v2\/types\/product"}],"replies":[{"embeddable":true,"href":"https:\/\/compuimpresion.com.co\/portal\/wp-json\/wp\/v2\/comments?post=5496"}],"wp:featuredmedia":[{"embeddable":true,"href":"https:\/\/compuimpresion.com.co\/portal\/wp-json\/wp\/v2\/media\/5497"}],"wp:attachment":[{"href":"https:\/\/compuimpresion.com.co\/portal\/wp-json\/wp\/v2\/media?parent=5496"}],"wp:term":[{"taxonomy":"pwb-brand","embeddable":true,"href":"https:\/\/compuimpresion.com.co\/portal\/wp-json\/wp\/v2\/pwb-brand?post=5496"},{"taxonomy":"product_brand","embeddable":true,"href":"https:\/\/compuimpresion.com.co\/portal\/wp-json\/wp\/v2\/product_brand?post=5496"},{"taxonomy":"product_cat","embeddable":true,"href":"https:\/\/compuimpresion.com.co\/portal\/wp-json\/wp\/v2\/product_cat?post=5496"},{"taxonomy":"product_tag","embeddable":true,"href":"https:\/\/compuimpresion.com.co\/portal\/wp-json\/wp\/v2\/product_tag?post=5496"}],"curies":[{"name":"wp","href":"https:\/\/api.w.org\/{rel}","templated":true}]}}