{"id":5492,"date":"2024-07-30T11:12:48","date_gmt":"2024-07-30T16:12:48","guid":{"rendered":"https:\/\/compuimpresion.com.co\/portal\/?post_type=product&#038;p=5492"},"modified":"2025-09-11T17:59:20","modified_gmt":"2025-09-11T22:59:20","slug":"logitech-mk270-combo-teclado-inalambrico-2","status":"publish","type":"product","link":"https:\/\/compuimpresion.com.co\/portal\/productos\/logitech-mk270-combo-teclado-inalambrico-2\/","title":{"rendered":"Logitech MK270 Combo Teclado Inal\u00e1mbrico"},"content":{"rendered":"<p>La combinaci\u00f3n inal\u00e1mbrica Logitech MK345 se compone de un confortable teclado de tama\u00f1o normal y un mouse para la mano derecha. Su conectividad inal\u00e1mbrica te da la confiabilidad de una conexi\u00f3n con cable y la conveniencia y libertad de una conexi\u00f3n inal\u00e1mbrica.<br \/>\nESPECIFICACIONES<br \/>\nDimensiones<br \/>\nTeclado Altura: 186,7 mm Ancho: 447,2 mm Profundidad: 21,4 mm Peso (con bater\u00edas): 603 g<br \/>\nMouse Altura: 105.4 mm Ancho: 67.9 mm Profundidad: 38.4 mm Peso (con bater\u00edas): 78 g<br \/>\nReceptor USB Altura: 14,4 mm Ancho: 18,7 mm Profundidad: 6,1 mm Peso: 1,8 g<br \/>\nTECLADO<br \/>\nDise\u00f1o resistente a salpicaduras 1Pruebas realizadas en condiciones limitadas (m\u00e1ximo de 60 ml de l\u00edquido). No sumerjas el teclado en ning\u00fan l\u00edquido.<br \/>\nPatas inclinables con altura ajustable<br \/>\nTeclas especiales: Controles de m\u00fasica<br \/>\nReposamanos<br \/>\nTeclado num\u00e9rico con 10 teclas<br \/>\nTipo de teclas: Teclas c\u00f3ncavas<br \/>\nConmutador de encendido\/apagado<br \/>\nDos bater\u00edas AAA<br \/>\nDuraci\u00f3n de bater\u00edas: 36 meses 2La duraci\u00f3n de las pilas\/bater\u00edas depende del uso y de los dispositivos.<br \/>\nMOUSE<br \/>\nTecnolog\u00eda de sensores: Seguimiento \u00f3ptico uniforme<br \/>\nN\u00famero de botones: 3 (click izquierdo\/derecho, click de bot\u00f3n central)<br \/>\nDesplazamiento: l\u00ednea a l\u00ednea<br \/>\nBot\u00f3n rueda: S\u00ed, 2D, mec\u00e1nico<br \/>\nConexi\u00f3n\/alimentaci\u00f3n: Bot\u00f3n de encendido\/apagado<br \/>\n1 pila AA<br \/>\nDuraci\u00f3n de bater\u00edas: 18 meses 3La duraci\u00f3n de las pilas\/bater\u00edas depende del uso y de los dispositivos.<br \/>\nRadio de acci\u00f3n inal\u00e1mbrico<br \/>\n10 metros 4El radio de acci\u00f3n inal\u00e1mbrico depende del usuario, las condiciones del entorno y de los dispositivos.<br \/>\nSOSTENIBILIDAD<br \/>\nPl\u00e1sticos reciclados<br \/>\nContenido de pl\u00e1stico del rat\u00f3n: m\u00ednimo 76% de pl\u00e1stico reciclado posconsumo 5Excluye receptor, conjunto de cableado impreso (PWA) y empaque.<br \/>\nContenido de pl\u00e1stico del teclado: m\u00ednimo 28% de pl\u00e1stico reciclado posconsumo 6Excluye receptor, conjunto de cableado impreso (PWA) y empaque.<br \/>\nCon certificaci\u00f3n de neutralidad de carbono<br \/>\nInformaci\u00f3n de garant\u00eda<br \/>\nUn a\u00f1o de garant\u00eda de hardware limitada<br \/>\nN\u00famero de referencia 920-007820<br \/>\nEAN 097855117991<br \/>\nSKU 7611<\/p>\n","protected":false},"excerpt":{"rendered":"<p>La combinaci\u00f3n inal\u00e1mbrica Logitech MK345 se compone de un confortable teclado de tama\u00f1o normal y un mouse para la mano derecha. Su conectividad inal\u00e1mbrica te da la confiabilidad de una conexi\u00f3n con cable y la conveniencia y libertad de una conexi\u00f3n inal\u00e1mbrica.<\/p>\n","protected":false},"featured_media":5493,"comment_status":"closed","ping_status":"closed","template":"","meta":{"inline_featured_image":false},"pwb-brand":[559],"product_brand":[],"product_cat":[338,1254],"product_tag":[1295,561,1298],"class_list":{"0":"post-5492","1":"product","2":"type-product","3":"status-publish","4":"has-post-thumbnail","6":"pwb-brand-logitech","7":"product_cat-accesorios","8":"product_cat-perifericos-de-computo","9":"product_tag-combo-teclado","10":"product_tag-logitech","11":"product_tag-mk345","13":"first","14":"outofstock","15":"taxable","16":"shipping-taxable","17":"purchasable","18":"product-type-simple"},"brands":[{"id":559,"name":"Logitech","slug":"logitech"}],"_links":{"self":[{"href":"https:\/\/compuimpresion.com.co\/portal\/wp-json\/wp\/v2\/product\/5492","targetHints":{"allow":["GET"]}}],"collection":[{"href":"https:\/\/compuimpresion.com.co\/portal\/wp-json\/wp\/v2\/product"}],"about":[{"href":"https:\/\/compuimpresion.com.co\/portal\/wp-json\/wp\/v2\/types\/product"}],"replies":[{"embeddable":true,"href":"https:\/\/compuimpresion.com.co\/portal\/wp-json\/wp\/v2\/comments?post=5492"}],"wp:featuredmedia":[{"embeddable":true,"href":"https:\/\/compuimpresion.com.co\/portal\/wp-json\/wp\/v2\/media\/5493"}],"wp:attachment":[{"href":"https:\/\/compuimpresion.com.co\/portal\/wp-json\/wp\/v2\/media?parent=5492"}],"wp:term":[{"taxonomy":"pwb-brand","embeddable":true,"href":"https:\/\/compuimpresion.com.co\/portal\/wp-json\/wp\/v2\/pwb-brand?post=5492"},{"taxonomy":"product_brand","embeddable":true,"href":"https:\/\/compuimpresion.com.co\/portal\/wp-json\/wp\/v2\/product_brand?post=5492"},{"taxonomy":"product_cat","embeddable":true,"href":"https:\/\/compuimpresion.com.co\/portal\/wp-json\/wp\/v2\/product_cat?post=5492"},{"taxonomy":"product_tag","embeddable":true,"href":"https:\/\/compuimpresion.com.co\/portal\/wp-json\/wp\/v2\/product_tag?post=5492"}],"curies":[{"name":"wp","href":"https:\/\/api.w.org\/{rel}","templated":true}]}}