{"id":5487,"date":"2024-07-30T10:47:44","date_gmt":"2024-07-30T15:47:44","guid":{"rendered":"https:\/\/compuimpresion.com.co\/portal\/?post_type=product&#038;p=5487"},"modified":"2025-09-11T17:59:33","modified_gmt":"2025-09-11T22:59:33","slug":"logitech-mk270-combo-teclado-inalambrico","status":"publish","type":"product","link":"https:\/\/compuimpresion.com.co\/portal\/productos\/logitech-mk270-combo-teclado-inalambrico\/","title":{"rendered":"Logitech MK270 Combo Teclado Inal\u00e1mbrico"},"content":{"rendered":"<p>La combinaci\u00f3n inal\u00e1mbrica MK270 combina la conveniencia y el confort de un teclado de tama\u00f1o normal con un compacto mouse contorneado. Con teclas multimedia, teclado num\u00e9rico y preciso control del cursor, el trabajo puede ser mucho m\u00e1s fluido.<br \/>\nESPECIFICACIONES<br \/>\nDIMENSIONES<br \/>\nTeclado Altura: 149 mm Ancho: 441 mm Profundidad: 18 mm Peso: 498 g<br \/>\nMouse Altura: 99 mm Ancho: 60 mm Profundidad: 39 mm Peso: 75,2 g<br \/>\nNano receptor Altura: 18,7 mm Ancho: 14,4 mm Profundidad: 6,6 mm Peso: 2,0 g<br \/>\nESPECIFICACIONES T\u00c9CNICAS<br \/>\nRadio de acci\u00f3n inal\u00e1mbrico: 10 metros 1El radio de acci\u00f3n inal\u00e1mbrico depende de las condiciones del entorno y de los dispositivos.<br \/>\nTECLADO<br \/>\nDise\u00f1o resistente a salpicaduras 2Pruebas realizadas en condiciones limitadas (m\u00e1ximo de 60 ml de l\u00edquido). No sumerjas el teclado en ning\u00fan l\u00edquido.<br \/>\nAltura de teclado ajustable<br \/>\nTeclado num\u00e9rico con 10 teclas<br \/>\nTipo de teclas: c\u00f3ncavas<br \/>\nIndicador luminoso de bloqueo de may\u00fasculas<br \/>\nBot\u00f3n de encendido\/apagado<br \/>\n2 bater\u00edas AAA (alcalinas)<br \/>\nDuraci\u00f3n de las bater\u00edas: 36 meses 3Duraci\u00f3n de bater\u00edas de teclado calculada seg\u00fan una estimaci\u00f3n de dos millones de pulsaciones al a\u00f1o en un entorno empresarial. No se garantiza la misma experiencia. La duraci\u00f3n de las bater\u00edas del mouse depende del uso y de los dispositivos.<br \/>\nMOUSE<br \/>\nTecnolog\u00eda del sensor: Seguimiento \u00f3ptico uniforme<br \/>\nN\u00famero de botones: 3 (click izquierdo\/derecho, click de bot\u00f3n central)<br \/>\nDesplazamiento: l\u00ednea a l\u00ednea<br \/>\nRueda de desplazamiento: S\u00ed, 2D, \u00f3ptico<br \/>\nConexi\u00f3n\/alimentaci\u00f3n: Bot\u00f3n de encendido\/apagado<br \/>\n1 bater\u00eda AA (alcalina)<br \/>\nDuraci\u00f3n de pilas: 12 meses 4Duraci\u00f3n de bater\u00edas de teclado calculada seg\u00fan una estimaci\u00f3n de dos millones de pulsaciones al a\u00f1o en un entorno empresarial. No se garantiza la misma experiencia. La duraci\u00f3n de las bater\u00edas del mouse depende del uso y de los dispositivos.<br \/>\nSOSTENIBILIDAD<br \/>\nPl\u00e1stico del mouse: 49% de material reciclado posconsumo 5No incluye pl\u00e1stico en conjunto de cableado impreso (PWA), receptor y embalaje.<br \/>\nPl\u00e1stico del teclado: 54% de material reciclado posconsumo 6No incluye pl\u00e1stico en conjunto de cableado impreso (PWA), receptor y embalaje.<br \/>\nCon certificaci\u00f3n de carbono neutral<br \/>\nN\u00famero de referencia 920-004432<br \/>\n EAN 097855088857<br \/>\nSKU 7610<\/p>\n","protected":false},"excerpt":{"rendered":"<p>La combinaci\u00f3n inal\u00e1mbrica MK270 combina la conveniencia y el confort de un teclado de tama\u00f1o normal con un compacto mouse contorneado. Con teclas multimedia, teclado num\u00e9rico y preciso control del cursor, el trabajo puede ser mucho m\u00e1s fluido.<\/p>\n","protected":false},"featured_media":5488,"comment_status":"closed","ping_status":"closed","template":"","meta":{"inline_featured_image":false},"pwb-brand":[559],"product_brand":[],"product_cat":[338,1254],"product_tag":[1295,239,561,1297],"class_list":{"0":"post-5487","1":"product","2":"type-product","3":"status-publish","4":"has-post-thumbnail","6":"pwb-brand-logitech","7":"product_cat-accesorios","8":"product_cat-perifericos-de-computo","9":"product_tag-combo-teclado","10":"product_tag-inalambrico","11":"product_tag-logitech","12":"product_tag-mk270","14":"first","15":"outofstock","16":"taxable","17":"shipping-taxable","18":"purchasable","19":"product-type-simple"},"brands":[{"id":559,"name":"Logitech","slug":"logitech"}],"_links":{"self":[{"href":"https:\/\/compuimpresion.com.co\/portal\/wp-json\/wp\/v2\/product\/5487","targetHints":{"allow":["GET"]}}],"collection":[{"href":"https:\/\/compuimpresion.com.co\/portal\/wp-json\/wp\/v2\/product"}],"about":[{"href":"https:\/\/compuimpresion.com.co\/portal\/wp-json\/wp\/v2\/types\/product"}],"replies":[{"embeddable":true,"href":"https:\/\/compuimpresion.com.co\/portal\/wp-json\/wp\/v2\/comments?post=5487"}],"wp:featuredmedia":[{"embeddable":true,"href":"https:\/\/compuimpresion.com.co\/portal\/wp-json\/wp\/v2\/media\/5488"}],"wp:attachment":[{"href":"https:\/\/compuimpresion.com.co\/portal\/wp-json\/wp\/v2\/media?parent=5487"}],"wp:term":[{"taxonomy":"pwb-brand","embeddable":true,"href":"https:\/\/compuimpresion.com.co\/portal\/wp-json\/wp\/v2\/pwb-brand?post=5487"},{"taxonomy":"product_brand","embeddable":true,"href":"https:\/\/compuimpresion.com.co\/portal\/wp-json\/wp\/v2\/product_brand?post=5487"},{"taxonomy":"product_cat","embeddable":true,"href":"https:\/\/compuimpresion.com.co\/portal\/wp-json\/wp\/v2\/product_cat?post=5487"},{"taxonomy":"product_tag","embeddable":true,"href":"https:\/\/compuimpresion.com.co\/portal\/wp-json\/wp\/v2\/product_tag?post=5487"}],"curies":[{"name":"wp","href":"https:\/\/api.w.org\/{rel}","templated":true}]}}