{"id":5483,"date":"2024-07-30T10:14:15","date_gmt":"2024-07-30T15:14:15","guid":{"rendered":"https:\/\/compuimpresion.com.co\/portal\/?post_type=product&#038;p=5483"},"modified":"2025-11-20T10:37:18","modified_gmt":"2025-11-20T15:37:18","slug":"logitech-mk120-combo-teclado-alambrico","status":"publish","type":"product","link":"https:\/\/compuimpresion.com.co\/portal\/productos\/logitech-mk120-combo-teclado-alambrico\/","title":{"rendered":"Logitech MK120 Combo Teclado Al\u00e1mbrico"},"content":{"rendered":"<p> Este duradero d\u00fao ofrece simplicidad, comodidad y seguridad con cable. Un teclado y un rat\u00f3n de tama\u00f1o normal para uso ambidiestro cuyo dise\u00f1o familiar y f\u00e1cil de usar agiliza la puesta en marcha. Ideal para Usuarios que quieren facilidad de uso con cable en una combinaci\u00f3n tradicional de rat\u00f3n y teclado.<br \/>\nESPECIFICACIONES<br \/>\nTECLADO<br \/>\nTeclado de tama\u00f1o normal, con teclado num\u00e9rico y teclas de direcci\u00f3n<br \/>\nDise\u00f1o resistente a salpicaduras1 de hasta 60 ml de l\u00edquido<br \/>\nTeclas duraderas y f\u00e1ciles de leer<br \/>\nDos opciones de ajuste de altura<br \/>\nTeclado num\u00e9rico con 10 teclas<br \/>\nIndicador luminoso de bloqueo de may\u00fasculas<br \/>\nTeclas c\u00f3ncavas<br \/>\nLas piezas de pl\u00e1stico se componen de un 54% de pl\u00e1stico reciclado posconsumo2<br \/>\nRAT\u00d3N<br \/>\nRat\u00f3n de tama\u00f1o normal para uso ambidiestro<br \/>\n3 botones (clic izquierdo\/derecho\/central)<br \/>\nSensor de seguimiento \u00f3ptico de 1000 dpi<br \/>\nDesplazamiento l\u00ednea a l\u00ednea<br \/>\nLas piezas de pl\u00e1stico se componen de un 72% de pl\u00e1stico reciclado posconsumo2<br \/>\nTECLADO Y RAT\u00d3N<br \/>\nConectividad con cable<br \/>\nCertificaci\u00f3n Global (lista disponible previa solicitud)<br \/>\nCompatibilidad Windows\u00ae 7, 8, 10 o posteriores<br \/>\nConectividad Cable, USB<br \/>\nRadio de acci\u00f3n inal\u00e1mbrico N\/A (con cable)<br \/>\nDuraci\u00f3n 10 millones de clics<br \/>\nFiabilidad MTTF &gt;150.000 horas<br \/>\nMean Time To Failure (tiempo medio entre fallos) de componentes el\u00e9ctricos<br \/>\nPilas del teclado N\/A (con cable)<br \/>\nIndicador de estado de carga del teclado N\/A (con cable)<br \/>\nDistribuciones de teclado Se indica en la base<br \/>\nTama\u00f1o del teclado Normal<br \/>\nN\u00famero de teclas 105<br \/>\nTeclado num\u00e9rico S\u00ed (10 teclas)<br \/>\nEscritura \u00c9mbolo<br \/>\nPatas inclinables S\u00ed<br \/>\n\u00c1ngulos de inclinaci\u00f3n Plano 0\u00b0 e inclinado 8\u00b0<br \/>\nTeclas con retroiluminaci\u00f3n No<br \/>\nBloqueo de may\u00fasculas iluminado S\u00ed<br \/>\nBloqueo num\u00e9rico iluminado S\u00ed<br \/>\nTeclado Easy-Switch No<br \/>\nPilas del rat\u00f3n N\/A (con cable)<br \/>\nIndicador de estado de carga del rat\u00f3n N\/A (con cable)<br \/>\nSeguimiento de rat\u00f3n LED rojo de seguimiento \u00f3ptico<br \/>\ndpi de seguimiento de rat\u00f3n 1000<br \/>\nDesplazamiento de rat\u00f3n Control giratorio 1D<br \/>\nLateralidad manual de rat\u00f3n Ambidiestro<br \/>\nRat\u00f3n Easy-Switch No<br \/>\nLogitech Options No<br \/>\nLogitech Flow No<br \/>\nPeso del producto Teclado 550 g, rat\u00f3n 90 g<br \/>\nDimensiones del producto Teclado: 155 mm (Al) \u00d7 450 mm (An) \u00d7<br \/>\n23,5 mm (Pr)<br \/>\nRat\u00f3n: 113 mm (Al) \u00d7 62 mm (An) \u00d7<br \/>\n38 mm (Pr)<br \/>\nPeso total con embalaje 810 g<br \/>\nDimensiones de paquete 49 mm (Al) \u00d7 163 mm (An) \u00d7 252 mm (Pr)<br \/>\nSostenibilidad Rat\u00f3n: 72% de material reciclado<br \/>\nposconsumo con certificaci\u00f3n2<br \/>\nTeclado: 54% de material reciclado<br \/>\nposconsumo con certificaci\u00f3n2<br \/>\nUnidades de paquete maestro 4<br \/>\nTemperatura de almacenamiento -5\u00b0C a 45\u00b0C<br \/>\nTemperatura de funcionamiento 0\u00b0C a 40\u00b0C<br \/>\nSoftware N\/A<br \/>\nUbicaci\u00f3n de instrucciones de uso N\/A (con cable)<br \/>\nImplementaci\u00f3n masiva por<br \/>\nadministrador de TI<br \/>\nN\/A (con cable)<br \/>\nEAN 097855088802<br \/>\nSKU 7609<\/p>\n","protected":false},"excerpt":{"rendered":"<p>Este duradero d\u00fao ofrece simplicidad, comodidad y seguridad con cable. Un teclado y un rat\u00f3n de tama\u00f1o normal para uso ambidiestro cuyo dise\u00f1o familiar y f\u00e1cil de usar agiliza la puesta en marcha. <\/p>\n","protected":false},"featured_media":5484,"comment_status":"closed","ping_status":"closed","template":"","meta":{"inline_featured_image":false},"pwb-brand":[559],"product_brand":[],"product_cat":[338,1254],"product_tag":[1295,561,1296],"class_list":{"0":"post-5483","1":"product","2":"type-product","3":"status-publish","4":"has-post-thumbnail","6":"pwb-brand-logitech","7":"product_cat-accesorios","8":"product_cat-perifericos-de-computo","9":"product_tag-combo-teclado","10":"product_tag-logitech","11":"product_tag-mk120","13":"first","14":"outofstock","15":"taxable","16":"shipping-taxable","17":"purchasable","18":"product-type-simple"},"brands":[{"id":559,"name":"Logitech","slug":"logitech"}],"_links":{"self":[{"href":"https:\/\/compuimpresion.com.co\/portal\/wp-json\/wp\/v2\/product\/5483","targetHints":{"allow":["GET"]}}],"collection":[{"href":"https:\/\/compuimpresion.com.co\/portal\/wp-json\/wp\/v2\/product"}],"about":[{"href":"https:\/\/compuimpresion.com.co\/portal\/wp-json\/wp\/v2\/types\/product"}],"replies":[{"embeddable":true,"href":"https:\/\/compuimpresion.com.co\/portal\/wp-json\/wp\/v2\/comments?post=5483"}],"wp:featuredmedia":[{"embeddable":true,"href":"https:\/\/compuimpresion.com.co\/portal\/wp-json\/wp\/v2\/media\/5484"}],"wp:attachment":[{"href":"https:\/\/compuimpresion.com.co\/portal\/wp-json\/wp\/v2\/media?parent=5483"}],"wp:term":[{"taxonomy":"pwb-brand","embeddable":true,"href":"https:\/\/compuimpresion.com.co\/portal\/wp-json\/wp\/v2\/pwb-brand?post=5483"},{"taxonomy":"product_brand","embeddable":true,"href":"https:\/\/compuimpresion.com.co\/portal\/wp-json\/wp\/v2\/product_brand?post=5483"},{"taxonomy":"product_cat","embeddable":true,"href":"https:\/\/compuimpresion.com.co\/portal\/wp-json\/wp\/v2\/product_cat?post=5483"},{"taxonomy":"product_tag","embeddable":true,"href":"https:\/\/compuimpresion.com.co\/portal\/wp-json\/wp\/v2\/product_tag?post=5483"}],"curies":[{"name":"wp","href":"https:\/\/api.w.org\/{rel}","templated":true}]}}