{"id":5479,"date":"2024-07-30T09:49:34","date_gmt":"2024-07-30T14:49:34","guid":{"rendered":"https:\/\/compuimpresion.com.co\/portal\/?post_type=product&#038;p=5479"},"modified":"2025-11-20T10:37:10","modified_gmt":"2025-11-20T15:37:10","slug":"mouse-inalambrico-logitech-m350-bluetooth","status":"publish","type":"product","link":"https:\/\/compuimpresion.com.co\/portal\/productos\/mouse-inalambrico-logitech-m350-bluetooth\/","title":{"rendered":"Mouse Inal\u00e1mbrico Logitech M350 Bluetooth"},"content":{"rendered":"<p>Convierte cualquier entorno en un espacio minimalista, moderno y silencioso con Logitech Pebble: el mouse port\u00e1til que se adapta a tu estilo de vida y va contigo a donde tengas que ir. Con forma natural, cabe en un bolsillo o una bolsa y se adapta perfectamente a la mano. Las acciones de click y desplazamiento se realizan silenciosamente, para que trabajes a tu aire sin importunar a nadie a tu alrededor.<br \/>\nESPECIFICACIONES<br \/>\nMarca Logitech<br \/>\nModelo M350<br \/>\nTipo Mouse Inalambrico<br \/>\nN\/P 910-005770<br \/>\nColor Blanco<br \/>\nCondici\u00f3n Producto Nuevo<br \/>\nTecnolog\u00eda de sensor: Seguimiento \u00f3ptico de alta precisi\u00f3n<br \/>\nResoluci\u00f3n de sensor: 1000 dpi<br \/>\nN\u00famero de botones: 3<br \/>\nDistancia de funcionamiento inal\u00e1mbrico: 10 m<br \/>\nBot\u00f3n rueda: S\u00ed &#8211; Mec\u00e1nico<br \/>\nBotones de desplazamiento: Bot\u00f3n central<br \/>\nUNIFYING<br \/>\nMouse apto para Unifying: S\u00ed<br \/>\nReceptor apto para Unifying: No<br \/>\nBATER\u00cdAS<br \/>\nDuraci\u00f3n de bater\u00edas: 18 meses<br \/>\nTipo de bater\u00edas: Una bater\u00eda AA preinstalada<br \/>\nTECNOLOG\u00cdA INAL\u00c1MBRICA<br \/>\nReceptor Logitech Unifying<br \/>\nTecnolog\u00eda Bluetooth de bajo consumo<br \/>\nREQUISITOS DEL SISTEMA<br \/>\nWindows\u00ae | Mac | Chrome\u00ae OS | Linux\u00ae | iPadOs | Funciona con Surface\u2122<\/p>\n<p>Receptor<br \/>\nRequiere: Puerto USB disponible<br \/>\nWindows 10 o posteriores, Windows 8, Windows 7 macOS 10.10 o posteriores Chrome OS\u2122 Linux Kernel 2.6+<br \/>\nBLUETOOTH<br \/>\nRequiere: Tecnolog\u00eda Bluetooth de bajo consumo<br \/>\nWindows 10 o posteriores, Windows 8 macOS 10.10 o posteriores Chrome OS Android\u2122 5.0 o posteriores Linux Kernel 2.6+ iPadOS 13.1 o posteriores<br \/>\nDIMENSIONES (H x W x D)<br \/>\nMouse 26,5 mm x 59 mm x 107 mm<br \/>\nPeso (con bater\u00edas): 100 g<br \/>\nNano receptor 14,4 mm x 18,7 mm x 6,1 mm<br \/>\nPeso: 1,8 g<br \/>\nCONTENIDO DE LA CAJA<br \/>\nMouse inal\u00e1mbrico<br \/>\nNano receptor<br \/>\nUna bater\u00eda AA (preinstalada)<br \/>\nDocumentaci\u00f3n del usuario<br \/>\nEAN: 2210003607726<br \/>\nSKAU 7608<\/p>\n","protected":false},"excerpt":{"rendered":"<p>Convierte cualquier entorno en un espacio minimalista, moderno y silencioso con Logitech Pebble: el mouse port\u00e1til que se adapta a tu estilo de vida y va contigo a donde tengas que ir.<\/p>\n","protected":false},"featured_media":5480,"comment_status":"closed","ping_status":"closed","template":"","meta":{"inline_featured_image":false},"pwb-brand":[559],"product_brand":[],"product_cat":[338,1254],"product_tag":[1045,561,1294,201],"class_list":{"0":"post-5479","1":"product","2":"type-product","3":"status-publish","4":"has-post-thumbnail","6":"pwb-brand-logitech","7":"product_cat-accesorios","8":"product_cat-perifericos-de-computo","9":"product_tag-blanco","10":"product_tag-logitech","11":"product_tag-m350","12":"product_tag-mouse","14":"first","15":"outofstock","16":"taxable","17":"shipping-taxable","18":"purchasable","19":"product-type-simple"},"brands":[{"id":559,"name":"Logitech","slug":"logitech"}],"_links":{"self":[{"href":"https:\/\/compuimpresion.com.co\/portal\/wp-json\/wp\/v2\/product\/5479","targetHints":{"allow":["GET"]}}],"collection":[{"href":"https:\/\/compuimpresion.com.co\/portal\/wp-json\/wp\/v2\/product"}],"about":[{"href":"https:\/\/compuimpresion.com.co\/portal\/wp-json\/wp\/v2\/types\/product"}],"replies":[{"embeddable":true,"href":"https:\/\/compuimpresion.com.co\/portal\/wp-json\/wp\/v2\/comments?post=5479"}],"wp:featuredmedia":[{"embeddable":true,"href":"https:\/\/compuimpresion.com.co\/portal\/wp-json\/wp\/v2\/media\/5480"}],"wp:attachment":[{"href":"https:\/\/compuimpresion.com.co\/portal\/wp-json\/wp\/v2\/media?parent=5479"}],"wp:term":[{"taxonomy":"pwb-brand","embeddable":true,"href":"https:\/\/compuimpresion.com.co\/portal\/wp-json\/wp\/v2\/pwb-brand?post=5479"},{"taxonomy":"product_brand","embeddable":true,"href":"https:\/\/compuimpresion.com.co\/portal\/wp-json\/wp\/v2\/product_brand?post=5479"},{"taxonomy":"product_cat","embeddable":true,"href":"https:\/\/compuimpresion.com.co\/portal\/wp-json\/wp\/v2\/product_cat?post=5479"},{"taxonomy":"product_tag","embeddable":true,"href":"https:\/\/compuimpresion.com.co\/portal\/wp-json\/wp\/v2\/product_tag?post=5479"}],"curies":[{"name":"wp","href":"https:\/\/api.w.org\/{rel}","templated":true}]}}