{"id":5475,"date":"2024-07-30T09:24:19","date_gmt":"2024-07-30T14:24:19","guid":{"rendered":"https:\/\/compuimpresion.com.co\/portal\/?post_type=product&#038;p=5475"},"modified":"2025-11-20T10:37:02","modified_gmt":"2025-11-20T15:37:02","slug":"logitech-mouse-inalambrico-m185","status":"publish","type":"product","link":"https:\/\/compuimpresion.com.co\/portal\/productos\/logitech-mouse-inalambrico-m185\/","title":{"rendered":"Logitech Mouse Inal\u00e1mbrico M185"},"content":{"rendered":"<p>Confortable, compacto y f\u00e1cil de usar, el mouse inal\u00e1mbrico M185 permite trabajar en cualquier lugar. El mouse M185 est\u00e1 listo a la vez que t\u00fa. Solo conecta el receptor en un puerto USB de tu dispositivo para comenzar a trabajar en cuesti\u00f3n de segundos. Con su peque\u00f1o tama\u00f1o y el fluido control del cursor, es fant\u00e1stico para espacios de trabajo reducidos y mesas llenas de cosas.<br \/>\nESPECIFICACIONES<br \/>\nDIMENSIONES<br \/>\nMouse<br \/>\nAltura: 99 mm<br \/>\nAncho: 60 mm<br \/>\nProfundidad: 39 mm<br \/>\nPeso (con bater\u00edas): 75,2 g<br \/>\nTecnolog\u00eda de sensor Seguimiento \u00f3ptico uniforme<br \/>\nDPI (m\u00edn.\/m\u00e1x.) 1000\u00b1<br \/>\nBOTONES<br \/>\nN\u00famero de botones: 3 (click izquierdo\/derecho, click de bot\u00f3n central)<br \/>\nAplicaci\u00f3n de personalizaci\u00f3n<br \/>\nCompatibilidad con Logi Options+ para Windows y macOS 1Disponible para Windows y macOS en logitech.com\/optionsplus<br \/>\nDESPLAZAMIENTO<br \/>\nDesplazamiento l\u00ednea a l\u00ednea<br \/>\nRueda de desplazamiento: S\u00ed, 2D, \u00f3ptico<br \/>\nBATER\u00cdA<br \/>\nBater\u00eda: 12 meses 2La duraci\u00f3n de las bater\u00edas depende del uso y de los dispositivos<br \/>\nDetalles de bater\u00eda: 1 x AA (incluida)<br \/>\nCONECTIVIDAD<br \/>\nTipo de conexi\u00f3n: Conexi\u00f3n inal\u00e1mbrica de 2.4 GHz<br \/>\nRadio de acci\u00f3n inal\u00e1mbrico: 10 metros<br \/>\nConexi\u00f3n \/ Encendido: S\u00ed, interruptor de encendido\/apagado<br \/>\nSOSTENIBILIDAD<br \/>\nPl\u00e1stico carb\u00f3n\/gris brillante: 49% de material reciclado posconsumo 3Excluye pl\u00e1stico del receptor, conjunto de cableado impreso (PWA) y empaque.<br \/>\nPl\u00e1stico negro\/azul brillante: 49% de material reciclado posconsumo 4Excluye pl\u00e1stico del receptor, conjunto de cableado impreso (PWA) y empaque.<br \/>\nPl\u00e1stico negro\/rojo brillante: 49% de material reciclado posconsumo 5Excluye pl\u00e1stico del receptor, conjunto de cableado impreso (PWA) y empaque.<br \/>\nHuella de carbono del producto: 3.97 kg CO2e<br \/>\nCon certificaci\u00f3n Carb\u00f3n Neutral<br \/>\nINFORMACI\u00d3N DE GARANT\u00cdA<br \/>\nTres a\u00f1os de garant\u00eda de hardware limitada.<br \/>\nN\u00famero de referencia<br \/>\n910-003636<br \/>\nEAN: 2210003551272<br \/>\nSKU 7607<\/p>\n","protected":false},"excerpt":{"rendered":"<p>Confortable, compacto y f\u00e1cil de usar, el mouse inal\u00e1mbrico M185 permite trabajar en cualquier lugar. El mouse M185 est\u00e1 listo a la vez que t\u00fa. <\/p>\n","protected":false},"featured_media":5476,"comment_status":"closed","ping_status":"closed","template":"","meta":{"inline_featured_image":false},"pwb-brand":[559],"product_brand":[],"product_cat":[338,1254],"product_tag":[561,1292,201,389,1293],"class_list":{"0":"post-5475","1":"product","2":"type-product","3":"status-publish","4":"has-post-thumbnail","6":"pwb-brand-logitech","7":"product_cat-accesorios","8":"product_cat-perifericos-de-computo","9":"product_tag-logitech","10":"product_tag-m185","11":"product_tag-mouse","12":"product_tag-negro","13":"product_tag-optico","15":"first","16":"outofstock","17":"taxable","18":"shipping-taxable","19":"purchasable","20":"product-type-simple"},"brands":[{"id":559,"name":"Logitech","slug":"logitech"}],"_links":{"self":[{"href":"https:\/\/compuimpresion.com.co\/portal\/wp-json\/wp\/v2\/product\/5475","targetHints":{"allow":["GET"]}}],"collection":[{"href":"https:\/\/compuimpresion.com.co\/portal\/wp-json\/wp\/v2\/product"}],"about":[{"href":"https:\/\/compuimpresion.com.co\/portal\/wp-json\/wp\/v2\/types\/product"}],"replies":[{"embeddable":true,"href":"https:\/\/compuimpresion.com.co\/portal\/wp-json\/wp\/v2\/comments?post=5475"}],"wp:featuredmedia":[{"embeddable":true,"href":"https:\/\/compuimpresion.com.co\/portal\/wp-json\/wp\/v2\/media\/5476"}],"wp:attachment":[{"href":"https:\/\/compuimpresion.com.co\/portal\/wp-json\/wp\/v2\/media?parent=5475"}],"wp:term":[{"taxonomy":"pwb-brand","embeddable":true,"href":"https:\/\/compuimpresion.com.co\/portal\/wp-json\/wp\/v2\/pwb-brand?post=5475"},{"taxonomy":"product_brand","embeddable":true,"href":"https:\/\/compuimpresion.com.co\/portal\/wp-json\/wp\/v2\/product_brand?post=5475"},{"taxonomy":"product_cat","embeddable":true,"href":"https:\/\/compuimpresion.com.co\/portal\/wp-json\/wp\/v2\/product_cat?post=5475"},{"taxonomy":"product_tag","embeddable":true,"href":"https:\/\/compuimpresion.com.co\/portal\/wp-json\/wp\/v2\/product_tag?post=5475"}],"curies":[{"name":"wp","href":"https:\/\/api.w.org\/{rel}","templated":true}]}}