{"id":5470,"date":"2024-07-29T16:44:54","date_gmt":"2024-07-29T21:44:54","guid":{"rendered":"https:\/\/compuimpresion.com.co\/portal\/?post_type=product&#038;p=5470"},"modified":"2024-10-22T11:17:19","modified_gmt":"2024-10-22T16:17:19","slug":"xkim-hf-868u-diadema-qsb-microf-usb-negra","status":"publish","type":"product","link":"https:\/\/compuimpresion.com.co\/portal\/productos\/xkim-hf-868u-diadema-qsb-microf-usb-negra\/","title":{"rendered":"Xkim HF-868U Diadema QSB\/MICROF USB Negra"},"content":{"rendered":"<p>Aud\u00edfono QSB Micr\u00f3fono USB XKIM, C\u00f3moda diadema, recubierto en material resistente similar al cuero, realce en bajos de alta potencia, control de volumen en el cable, micr\u00f3fono silenciador de ruidos y f\u00e1cil ubicaci\u00f3n. Color en negro<br \/>\nESPECIFICACIONES<br \/>\nOpciones de Conectividad USB<br \/>\nSistema Operativo Compatible con Cualquier Sistema Operativo<br \/>\nResistencia al Agua No<br \/>\nRango de Frecuencia 20-20<br \/>\nImpedancia -1 Omnhios<br \/>\nCARACTER\u00cdSTICAS F\u00cdSICAS<br \/>\nTonalidad de Color Negro<br \/>\nUso Audio<br \/>\nTipo de Audifonos Call Center On Ear<br \/>\nConexi\u00f3n Al\u00e1mbrica<br \/>\nLongitud del Cable 100 Cent\u00edmetros<br \/>\nINFORMACI\u00d3N ADICIONAL RELEVANTE<br \/>\nLinea Modelo Referencia HF-868U<br \/>\nGarant\u00eda 12 Meses<br \/>\nObservaciones Adicionales<br \/>\nCompatible con todos los dispositivos con conexi\u00f3n USB<br \/>\nEAN: 7707322893213<br \/>\nSKU 7606<\/p>\n","protected":false},"excerpt":{"rendered":"<p>Aud\u00edfono QSB Micr\u00f3fono USB XKIM, C\u00f3moda diadema, recubierto en material resistente similar al cuero, realce en bajos de alta potencia, control de volumen en el cable, micr\u00f3fono silenciador de ruidos y f\u00e1cil ubicaci\u00f3n. Color en negro<\/p>\n","protected":false},"featured_media":5471,"comment_status":"closed","ping_status":"closed","template":"","meta":{"inline_featured_image":false},"pwb-brand":[1285],"product_brand":[],"product_cat":[338,1266,1254],"product_tag":[824,847,185],"class_list":{"0":"post-5470","1":"product","2":"type-product","3":"status-publish","4":"has-post-thumbnail","6":"pwb-brand-xkim","7":"product_cat-accesorios","8":"product_cat-audifonos","9":"product_cat-perifericos-de-computo","10":"product_tag-audifonos","11":"product_tag-microfono","12":"product_tag-usb","14":"first","15":"outofstock","16":"taxable","17":"shipping-taxable","18":"purchasable","19":"product-type-simple"},"brands":[{"id":1285,"name":"Xkim","slug":"xkim"}],"_links":{"self":[{"href":"https:\/\/compuimpresion.com.co\/portal\/wp-json\/wp\/v2\/product\/5470","targetHints":{"allow":["GET"]}}],"collection":[{"href":"https:\/\/compuimpresion.com.co\/portal\/wp-json\/wp\/v2\/product"}],"about":[{"href":"https:\/\/compuimpresion.com.co\/portal\/wp-json\/wp\/v2\/types\/product"}],"replies":[{"embeddable":true,"href":"https:\/\/compuimpresion.com.co\/portal\/wp-json\/wp\/v2\/comments?post=5470"}],"wp:featuredmedia":[{"embeddable":true,"href":"https:\/\/compuimpresion.com.co\/portal\/wp-json\/wp\/v2\/media\/5471"}],"wp:attachment":[{"href":"https:\/\/compuimpresion.com.co\/portal\/wp-json\/wp\/v2\/media?parent=5470"}],"wp:term":[{"taxonomy":"pwb-brand","embeddable":true,"href":"https:\/\/compuimpresion.com.co\/portal\/wp-json\/wp\/v2\/pwb-brand?post=5470"},{"taxonomy":"product_brand","embeddable":true,"href":"https:\/\/compuimpresion.com.co\/portal\/wp-json\/wp\/v2\/product_brand?post=5470"},{"taxonomy":"product_cat","embeddable":true,"href":"https:\/\/compuimpresion.com.co\/portal\/wp-json\/wp\/v2\/product_cat?post=5470"},{"taxonomy":"product_tag","embeddable":true,"href":"https:\/\/compuimpresion.com.co\/portal\/wp-json\/wp\/v2\/product_tag?post=5470"}],"curies":[{"name":"wp","href":"https:\/\/api.w.org\/{rel}","templated":true}]}}